{"id":226698,"date":"2024-09-23T16:34:40","date_gmt":"2024-09-23T14:34:40","guid":{"rendered":"https:\/\/pachia.eu\/premium-tento-60x45-cm\/"},"modified":"2024-11-04T12:35:49","modified_gmt":"2024-11-04T11:35:49","slug":"premium-tento-60x45-cm","status":"publish","type":"product","link":"https:\/\/pachia.eu\/de\/premium-tento-60x45-cm\/","title":{"rendered":"Premium Tento 60&#215;45 cm"},"content":{"rendered":"<p>Diese Kollektion ist eine sch\u00f6ne Mischung aus hochwertigen Papierlampen in verschiedenen Formen und Gr\u00f6\u00dfen mit derselben sanften Rundung. Sie k\u00f6nnen vorteilhaft kreuzweise und quer kombiniert werden, wenn Sie beispielsweise ein Spiel von Lampen \u00fcber einem Esstisch w\u00fcnschen.<\/p>\n<p><strong>Spezifikationen:<\/strong><\/p>\n<ul>\n<li>Ma\u00dfe: 60 cm Durchmesser, 45 cm H\u00f6he<\/li>\n<li>Hergestellt aus Reispapier und Metall<\/li>\n<li>Kann mit allen unseren Fassungen\/Aufh\u00e4ngungen verwendet werden<\/li>\n<li>Fassung und Gl\u00fchbirne sind nicht im Lieferumfang enthalten<\/li>\n<\/ul>\n","protected":false},"excerpt":{"rendered":"<p>Diese Kollektion ist eine sch\u00f6ne Mischung aus hochwertigen Papierlampen in verschiedenen Formen und Gr\u00f6\u00dfen mit derselben sanften Rundung. Sie k\u00f6nnen vorteilhaft kreuzweise und quer kombiniert werden, wenn Sie beispielsweise ein Spiel von Lampen \u00fcber einem Esstisch w\u00fcnschen. Spezifikationen: Ma\u00dfe: 60 cm Durchmesser, 45 cm H\u00f6he Hergestellt aus Reispapier und Metall Kann mit allen unseren Fassungen\/Aufh\u00e4ngungen [&hellip;]<\/p>\n","protected":false},"featured_media":226125,"template":"","meta":{"_lmt_disableupdate":"","_lmt_disable":""},"product_brand":[],"product_cat":[306,187,174,176,159,165],"product_tag":[271],"mersalg-tag":[],"class_list":{"0":"post-226698","1":"product","2":"type-product","3":"status-publish","4":"has-post-thumbnail","6":"product_cat-messe-de","7":"product_cat-an-dem-schlafzimmer","8":"product_cat-papierlampen","9":"product_cat-pendelleuchten","10":"product_cat-premium-collection-de","11":"product_cat-produkte","12":"product_tag-presale-de","14":"first","15":"instock","16":"taxable","17":"shipping-taxable","18":"purchasable","19":"product-type-simple"},"yoast_head":"<!-- This site is optimized with the Yoast SEO plugin v27.3 - https:\/\/yoast.com\/product\/yoast-seo-wordpress\/ -->\n<title>Premium Tento 60x45 cm | Pendelleuchten | - Pachia<\/title>\n<meta name=\"robots\" content=\"index, follow, max-snippet:-1, max-image-preview:large, max-video-preview:-1\" \/>\n<link rel=\"canonical\" href=\"https:\/\/pachia.eu\/de\/premium-tento-60x45-cm\/\" \/>\n<meta property=\"og:locale\" content=\"de_DE\" \/>\n<meta property=\"og:type\" content=\"article\" \/>\n<meta property=\"og:title\" content=\"Premium Tento 60x45 cm | Pendelleuchten | - Pachia\" \/>\n<meta property=\"og:description\" content=\"Diese Kollektion ist eine sch\u00f6ne Mischung aus hochwertigen Papierlampen in verschiedenen Formen und Gr\u00f6\u00dfen mit derselben sanften Rundung. Sie k\u00f6nnen vorteilhaft kreuzweise und quer kombiniert werden, wenn Sie beispielsweise ein Spiel von Lampen \u00fcber einem Esstisch w\u00fcnschen. Spezifikationen: Ma\u00dfe: 60 cm Durchmesser, 45 cm H\u00f6he Hergestellt aus Reispapier und Metall Kann mit allen unseren Fassungen\/Aufh\u00e4ngungen [&hellip;]\" \/>\n<meta property=\"og:url\" content=\"https:\/\/pachia.eu\/de\/premium-tento-60x45-cm\/\" \/>\n<meta property=\"og:site_name\" content=\"Pachia\" \/>\n<meta property=\"article:publisher\" content=\"https:\/\/www.facebook.com\/pachia.shop\" \/>\n<meta property=\"article:modified_time\" content=\"2024-11-04T11:35:49+00:00\" \/>\n<meta property=\"og:image\" content=\"https:\/\/pachia.eu\/wp-content\/uploads\/2024\/09\/tento-60x45-1-1024x1024.png\" \/>\n\t<meta property=\"og:image:width\" content=\"1024\" \/>\n\t<meta property=\"og:image:height\" content=\"1024\" \/>\n\t<meta property=\"og:image:type\" content=\"image\/png\" \/>\n<meta name=\"twitter:card\" content=\"summary_large_image\" \/>\n<script type=\"application\/ld+json\" class=\"yoast-schema-graph\">{\"@context\":\"https:\\\/\\\/schema.org\",\"@graph\":[{\"@type\":\"WebPage\",\"@id\":\"https:\\\/\\\/pachia.eu\\\/de\\\/premium-tento-60x45-cm\\\/\",\"url\":\"https:\\\/\\\/pachia.eu\\\/de\\\/premium-tento-60x45-cm\\\/\",\"name\":\"Premium Tento 60x45 cm | Pendelleuchten | - Pachia\",\"isPartOf\":{\"@id\":\"https:\\\/\\\/pachia.eu\\\/de\\\/#website\"},\"primaryImageOfPage\":{\"@id\":\"https:\\\/\\\/pachia.eu\\\/de\\\/premium-tento-60x45-cm\\\/#primaryimage\"},\"image\":{\"@id\":\"https:\\\/\\\/pachia.eu\\\/de\\\/premium-tento-60x45-cm\\\/#primaryimage\"},\"thumbnailUrl\":\"https:\\\/\\\/pachia.eu\\\/wp-content\\\/uploads\\\/2024\\\/09\\\/tento-60x45-1.png\",\"datePublished\":\"2024-09-23T14:34:40+00:00\",\"dateModified\":\"2024-11-04T11:35:49+00:00\",\"breadcrumb\":{\"@id\":\"https:\\\/\\\/pachia.eu\\\/de\\\/premium-tento-60x45-cm\\\/#breadcrumb\"},\"inLanguage\":\"de\",\"potentialAction\":[{\"@type\":\"ReadAction\",\"target\":[\"https:\\\/\\\/pachia.eu\\\/de\\\/premium-tento-60x45-cm\\\/\"]}]},{\"@type\":\"ImageObject\",\"inLanguage\":\"de\",\"@id\":\"https:\\\/\\\/pachia.eu\\\/de\\\/premium-tento-60x45-cm\\\/#primaryimage\",\"url\":\"https:\\\/\\\/pachia.eu\\\/wp-content\\\/uploads\\\/2024\\\/09\\\/tento-60x45-1.png\",\"contentUrl\":\"https:\\\/\\\/pachia.eu\\\/wp-content\\\/uploads\\\/2024\\\/09\\\/tento-60x45-1.png\",\"width\":2500,\"height\":2500},{\"@type\":\"BreadcrumbList\",\"@id\":\"https:\\\/\\\/pachia.eu\\\/de\\\/premium-tento-60x45-cm\\\/#breadcrumb\",\"itemListElement\":[{\"@type\":\"ListItem\",\"position\":1,\"name\":\"Titelseite\",\"item\":\"https:\\\/\\\/pachia.eu\\\/de\\\/\"},{\"@type\":\"ListItem\",\"position\":2,\"name\":\"Shop\",\"item\":\"https:\\\/\\\/pachia.eu\\\/de\\\/shop-2\\\/\"},{\"@type\":\"ListItem\",\"position\":3,\"name\":\"Premium Tento 60&#215;45 cm\"}]},{\"@type\":\"WebSite\",\"@id\":\"https:\\\/\\\/pachia.eu\\\/de\\\/#website\",\"url\":\"https:\\\/\\\/pachia.eu\\\/de\\\/\",\"name\":\"Pachia\",\"description\":\"\",\"publisher\":{\"@id\":\"https:\\\/\\\/pachia.eu\\\/de\\\/#organization\"},\"potentialAction\":[{\"@type\":\"SearchAction\",\"target\":{\"@type\":\"EntryPoint\",\"urlTemplate\":\"https:\\\/\\\/pachia.eu\\\/de\\\/?s={search_term_string}\"},\"query-input\":{\"@type\":\"PropertyValueSpecification\",\"valueRequired\":true,\"valueName\":\"search_term_string\"}}],\"inLanguage\":\"de\"},{\"@type\":\"Organization\",\"@id\":\"https:\\\/\\\/pachia.eu\\\/de\\\/#organization\",\"name\":\"Pachia ApS\",\"url\":\"https:\\\/\\\/pachia.eu\\\/de\\\/\",\"logo\":{\"@type\":\"ImageObject\",\"inLanguage\":\"de\",\"@id\":\"https:\\\/\\\/pachia.eu\\\/de\\\/#\\\/schema\\\/logo\\\/image\\\/\",\"url\":\"https:\\\/\\\/jocaonline.dk\\\/wp-content\\\/uploads\\\/2020\\\/10\\\/decoration-logo-small.png\",\"contentUrl\":\"https:\\\/\\\/jocaonline.dk\\\/wp-content\\\/uploads\\\/2020\\\/10\\\/decoration-logo-small.png\",\"width\":301,\"height\":100,\"caption\":\"Pachia ApS\"},\"image\":{\"@id\":\"https:\\\/\\\/pachia.eu\\\/de\\\/#\\\/schema\\\/logo\\\/image\\\/\"},\"sameAs\":[\"https:\\\/\\\/www.facebook.com\\\/pachia.shop\",\"https:\\\/\\\/www.instagram.com\\\/pachia.eu\"]}]}<\/script>\n<!-- \/ Yoast SEO plugin. -->","yoast_head_json":{"title":"Premium Tento 60x45 cm | Pendelleuchten | - Pachia","robots":{"index":"index","follow":"follow","max-snippet":"max-snippet:-1","max-image-preview":"max-image-preview:large","max-video-preview":"max-video-preview:-1"},"canonical":"https:\/\/pachia.eu\/de\/premium-tento-60x45-cm\/","og_locale":"de_DE","og_type":"article","og_title":"Premium Tento 60x45 cm | Pendelleuchten | - Pachia","og_description":"Diese Kollektion ist eine sch\u00f6ne Mischung aus hochwertigen Papierlampen in verschiedenen Formen und Gr\u00f6\u00dfen mit derselben sanften Rundung. Sie k\u00f6nnen vorteilhaft kreuzweise und quer kombiniert werden, wenn Sie beispielsweise ein Spiel von Lampen \u00fcber einem Esstisch w\u00fcnschen. Spezifikationen: Ma\u00dfe: 60 cm Durchmesser, 45 cm H\u00f6he Hergestellt aus Reispapier und Metall Kann mit allen unseren Fassungen\/Aufh\u00e4ngungen [&hellip;]","og_url":"https:\/\/pachia.eu\/de\/premium-tento-60x45-cm\/","og_site_name":"Pachia","article_publisher":"https:\/\/www.facebook.com\/pachia.shop","article_modified_time":"2024-11-04T11:35:49+00:00","og_image":[{"width":1024,"height":1024,"url":"https:\/\/pachia.eu\/wp-content\/uploads\/2024\/09\/tento-60x45-1-1024x1024.png","type":"image\/png"}],"twitter_card":"summary_large_image","schema":{"@context":"https:\/\/schema.org","@graph":[{"@type":"WebPage","@id":"https:\/\/pachia.eu\/de\/premium-tento-60x45-cm\/","url":"https:\/\/pachia.eu\/de\/premium-tento-60x45-cm\/","name":"Premium Tento 60x45 cm | Pendelleuchten | - Pachia","isPartOf":{"@id":"https:\/\/pachia.eu\/de\/#website"},"primaryImageOfPage":{"@id":"https:\/\/pachia.eu\/de\/premium-tento-60x45-cm\/#primaryimage"},"image":{"@id":"https:\/\/pachia.eu\/de\/premium-tento-60x45-cm\/#primaryimage"},"thumbnailUrl":"https:\/\/pachia.eu\/wp-content\/uploads\/2024\/09\/tento-60x45-1.png","datePublished":"2024-09-23T14:34:40+00:00","dateModified":"2024-11-04T11:35:49+00:00","breadcrumb":{"@id":"https:\/\/pachia.eu\/de\/premium-tento-60x45-cm\/#breadcrumb"},"inLanguage":"de","potentialAction":[{"@type":"ReadAction","target":["https:\/\/pachia.eu\/de\/premium-tento-60x45-cm\/"]}]},{"@type":"ImageObject","inLanguage":"de","@id":"https:\/\/pachia.eu\/de\/premium-tento-60x45-cm\/#primaryimage","url":"https:\/\/pachia.eu\/wp-content\/uploads\/2024\/09\/tento-60x45-1.png","contentUrl":"https:\/\/pachia.eu\/wp-content\/uploads\/2024\/09\/tento-60x45-1.png","width":2500,"height":2500},{"@type":"BreadcrumbList","@id":"https:\/\/pachia.eu\/de\/premium-tento-60x45-cm\/#breadcrumb","itemListElement":[{"@type":"ListItem","position":1,"name":"Titelseite","item":"https:\/\/pachia.eu\/de\/"},{"@type":"ListItem","position":2,"name":"Shop","item":"https:\/\/pachia.eu\/de\/shop-2\/"},{"@type":"ListItem","position":3,"name":"Premium Tento 60&#215;45 cm"}]},{"@type":"WebSite","@id":"https:\/\/pachia.eu\/de\/#website","url":"https:\/\/pachia.eu\/de\/","name":"Pachia","description":"","publisher":{"@id":"https:\/\/pachia.eu\/de\/#organization"},"potentialAction":[{"@type":"SearchAction","target":{"@type":"EntryPoint","urlTemplate":"https:\/\/pachia.eu\/de\/?s={search_term_string}"},"query-input":{"@type":"PropertyValueSpecification","valueRequired":true,"valueName":"search_term_string"}}],"inLanguage":"de"},{"@type":"Organization","@id":"https:\/\/pachia.eu\/de\/#organization","name":"Pachia ApS","url":"https:\/\/pachia.eu\/de\/","logo":{"@type":"ImageObject","inLanguage":"de","@id":"https:\/\/pachia.eu\/de\/#\/schema\/logo\/image\/","url":"https:\/\/jocaonline.dk\/wp-content\/uploads\/2020\/10\/decoration-logo-small.png","contentUrl":"https:\/\/jocaonline.dk\/wp-content\/uploads\/2020\/10\/decoration-logo-small.png","width":301,"height":100,"caption":"Pachia ApS"},"image":{"@id":"https:\/\/pachia.eu\/de\/#\/schema\/logo\/image\/"},"sameAs":["https:\/\/www.facebook.com\/pachia.shop","https:\/\/www.instagram.com\/pachia.eu"]}]}},"_links":{"self":[{"href":"https:\/\/pachia.eu\/de\/wp-json\/wp\/v2\/product\/226698","targetHints":{"allow":["GET"]}}],"collection":[{"href":"https:\/\/pachia.eu\/de\/wp-json\/wp\/v2\/product"}],"about":[{"href":"https:\/\/pachia.eu\/de\/wp-json\/wp\/v2\/types\/product"}],"version-history":[{"count":0,"href":"https:\/\/pachia.eu\/de\/wp-json\/wp\/v2\/product\/226698\/revisions"}],"wp:featuredmedia":[{"embeddable":true,"href":"https:\/\/pachia.eu\/de\/wp-json\/wp\/v2\/media\/226125"}],"wp:attachment":[{"href":"https:\/\/pachia.eu\/de\/wp-json\/wp\/v2\/media?parent=226698"}],"wp:term":[{"taxonomy":"product_brand","embeddable":true,"href":"https:\/\/pachia.eu\/de\/wp-json\/wp\/v2\/product_brand?post=226698"},{"taxonomy":"product_cat","embeddable":true,"href":"https:\/\/pachia.eu\/de\/wp-json\/wp\/v2\/product_cat?post=226698"},{"taxonomy":"product_tag","embeddable":true,"href":"https:\/\/pachia.eu\/de\/wp-json\/wp\/v2\/product_tag?post=226698"},{"taxonomy":"mersalg-tag","embeddable":true,"href":"https:\/\/pachia.eu\/de\/wp-json\/wp\/v2\/mersalg-tag?post=226698"}],"curies":[{"name":"wp","href":"https:\/\/api.w.org\/{rel}","templated":true}]}}