{"id":871,"date":"2021-06-15T10:38:45","date_gmt":"2021-06-15T08:38:45","guid":{"rendered":"https:\/\/smplay.dk\/?post_type=product&#038;p=871"},"modified":"2026-02-25T23:41:40","modified_gmt":"2026-02-25T22:41:40","slug":"irregulaer-rund-rispapirlampe","status":"publish","type":"product","link":"https:\/\/pachia.eu\/da\/irregulaer-rund-rispapirlampe\/","title":{"rendered":"Hvid irregul\u00e6r rund rispapirlampe"},"content":{"rendered":"<p>Klassisk flot hvid rispapirlampe med irregul\u00e6r tr\u00e5d.<\/p>\n<p><strong>Specifikationer:<\/strong><\/p>\n<ul>\n<li>F\u00e5s i st\u00f8rrelser fra 20-60cm<\/li>\n<li>Kan kombineres med alle vores fatninger\/oph\u00e6ng<\/li>\n<li>Fatning\/ledning medf\u00f8lger ikke<\/li>\n<\/ul>\n","protected":false},"excerpt":{"rendered":"<p>Klassisk flot hvid rispapirlampe med irregul\u00e6r tr\u00e5d. Specifikationer: F\u00e5s i st\u00f8rrelser fra 20-60cm Kan kombineres med alle vores fatninger\/oph\u00e6ng Fatning\/ledning medf\u00f8lger ikke<\/p>\n","protected":false},"featured_media":1441,"template":"","meta":{"_lmt_disableupdate":"no","_lmt_disable":""},"product_brand":[],"product_cat":[40,124,137],"product_tag":[],"mersalg-tag":[],"class_list":{"0":"post-871","1":"product","2":"type-product","3":"status-publish","4":"has-post-thumbnail","6":"product_cat-produkter","7":"product_cat-rislamper","8":"product_cat-papirlamper","10":"first","11":"instock","12":"taxable","13":"shipping-taxable","14":"purchasable","15":"product-type-variable"},"yoast_head":"<!-- This site is optimized with the Yoast SEO plugin v26.2 - https:\/\/yoast.com\/wordpress\/plugins\/seo\/ -->\n<title>Hvid irregul\u00e6r rund rispapirlampe | Papirlamper | - Pachia<\/title>\n<meta name=\"robots\" content=\"index, follow, max-snippet:-1, max-image-preview:large, max-video-preview:-1\" \/>\n<link rel=\"canonical\" href=\"https:\/\/pachia.eu\/da\/irregulaer-rund-rispapirlampe\/\" \/>\n<meta property=\"og:locale\" content=\"da_DK\" \/>\n<meta property=\"og:type\" content=\"article\" \/>\n<meta property=\"og:title\" content=\"Hvid irregul\u00e6r rund rispapirlampe | Papirlamper | - Pachia\" \/>\n<meta property=\"og:description\" content=\"Klassisk flot hvid rispapirlampe med irregul\u00e6r tr\u00e5d. Specifikationer: F\u00e5s i st\u00f8rrelser fra 20-60cm Kan kombineres med alle vores fatninger\/oph\u00e6ng Fatning\/ledning medf\u00f8lger ikke\" \/>\n<meta property=\"og:url\" content=\"https:\/\/pachia.eu\/da\/irregulaer-rund-rispapirlampe\/\" \/>\n<meta property=\"og:site_name\" content=\"Pachia\" \/>\n<meta property=\"article:publisher\" content=\"https:\/\/www.facebook.com\/pachia.shop\" \/>\n<meta property=\"article:modified_time\" content=\"2026-02-25T22:41:40+00:00\" \/>\n<meta property=\"og:image\" content=\"https:\/\/pachia.eu\/wp-content\/uploads\/2021\/06\/irregulaer-hvid-rispapirlampe.jpg\" \/>\n\t<meta property=\"og:image:width\" content=\"2000\" \/>\n\t<meta property=\"og:image:height\" content=\"2000\" \/>\n\t<meta property=\"og:image:type\" content=\"image\/jpeg\" \/>\n<meta name=\"twitter:card\" content=\"summary_large_image\" \/>\n<meta name=\"twitter:label1\" content=\"Estimeret l\u00e6setid\" \/>\n\t<meta name=\"twitter:data1\" content=\"1 minut\" \/>\n<script type=\"application\/ld+json\" class=\"yoast-schema-graph\">{\"@context\":\"https:\/\/schema.org\",\"@graph\":[{\"@type\":\"WebPage\",\"@id\":\"https:\/\/pachia.eu\/da\/irregulaer-rund-rispapirlampe\/\",\"url\":\"https:\/\/pachia.eu\/da\/irregulaer-rund-rispapirlampe\/\",\"name\":\"Hvid irregul\u00e6r rund rispapirlampe | Papirlamper | - Pachia\",\"isPartOf\":{\"@id\":\"https:\/\/pachia.eu\/da\/#website\"},\"primaryImageOfPage\":{\"@id\":\"https:\/\/pachia.eu\/da\/irregulaer-rund-rispapirlampe\/#primaryimage\"},\"image\":{\"@id\":\"https:\/\/pachia.eu\/da\/irregulaer-rund-rispapirlampe\/#primaryimage\"},\"thumbnailUrl\":\"https:\/\/pachia.eu\/wp-content\/uploads\/2021\/06\/irregulaer-hvid-rispapirlampe.jpg\",\"datePublished\":\"2021-06-15T08:38:45+00:00\",\"dateModified\":\"2026-02-25T22:41:40+00:00\",\"breadcrumb\":{\"@id\":\"https:\/\/pachia.eu\/da\/irregulaer-rund-rispapirlampe\/#breadcrumb\"},\"inLanguage\":\"da-DK\",\"potentialAction\":[{\"@type\":\"ReadAction\",\"target\":[\"https:\/\/pachia.eu\/da\/irregulaer-rund-rispapirlampe\/\"]}]},{\"@type\":\"ImageObject\",\"inLanguage\":\"da-DK\",\"@id\":\"https:\/\/pachia.eu\/da\/irregulaer-rund-rispapirlampe\/#primaryimage\",\"url\":\"https:\/\/pachia.eu\/wp-content\/uploads\/2021\/06\/irregulaer-hvid-rispapirlampe.jpg\",\"contentUrl\":\"https:\/\/pachia.eu\/wp-content\/uploads\/2021\/06\/irregulaer-hvid-rispapirlampe.jpg\",\"width\":2000,\"height\":2000},{\"@type\":\"BreadcrumbList\",\"@id\":\"https:\/\/pachia.eu\/da\/irregulaer-rund-rispapirlampe\/#breadcrumb\",\"itemListElement\":[{\"@type\":\"ListItem\",\"position\":1,\"name\":\"Forside\",\"item\":\"https:\/\/pachia.eu\/da\/\"},{\"@type\":\"ListItem\",\"position\":2,\"name\":\"Shop\",\"item\":\"https:\/\/pachia.eu\/da\/shop-2\/\"},{\"@type\":\"ListItem\",\"position\":3,\"name\":\"Hvid irregul\u00e6r rund rispapirlampe\"}]},{\"@type\":\"WebSite\",\"@id\":\"https:\/\/pachia.eu\/da\/#website\",\"url\":\"https:\/\/pachia.eu\/da\/\",\"name\":\"Pachia\",\"description\":\"\",\"publisher\":{\"@id\":\"https:\/\/pachia.eu\/da\/#organization\"},\"potentialAction\":[{\"@type\":\"SearchAction\",\"target\":{\"@type\":\"EntryPoint\",\"urlTemplate\":\"https:\/\/pachia.eu\/da\/?s={search_term_string}\"},\"query-input\":{\"@type\":\"PropertyValueSpecification\",\"valueRequired\":true,\"valueName\":\"search_term_string\"}}],\"inLanguage\":\"da-DK\"},{\"@type\":\"Organization\",\"@id\":\"https:\/\/pachia.eu\/da\/#organization\",\"name\":\"Pachia ApS\",\"url\":\"https:\/\/pachia.eu\/da\/\",\"logo\":{\"@type\":\"ImageObject\",\"inLanguage\":\"da-DK\",\"@id\":\"https:\/\/pachia.eu\/da\/#\/schema\/logo\/image\/\",\"url\":\"https:\/\/jocaonline.dk\/wp-content\/uploads\/2020\/10\/decoration-logo-small.png\",\"contentUrl\":\"https:\/\/jocaonline.dk\/wp-content\/uploads\/2020\/10\/decoration-logo-small.png\",\"width\":301,\"height\":100,\"caption\":\"Pachia ApS\"},\"image\":{\"@id\":\"https:\/\/pachia.eu\/da\/#\/schema\/logo\/image\/\"},\"sameAs\":[\"https:\/\/www.facebook.com\/pachia.shop\",\"https:\/\/www.instagram.com\/pachia.eu\"]}]}<\/script>\n<!-- \/ Yoast SEO plugin. -->","yoast_head_json":{"title":"Hvid irregul\u00e6r rund rispapirlampe | Papirlamper | - Pachia","robots":{"index":"index","follow":"follow","max-snippet":"max-snippet:-1","max-image-preview":"max-image-preview:large","max-video-preview":"max-video-preview:-1"},"canonical":"https:\/\/pachia.eu\/da\/irregulaer-rund-rispapirlampe\/","og_locale":"da_DK","og_type":"article","og_title":"Hvid irregul\u00e6r rund rispapirlampe | Papirlamper | - Pachia","og_description":"Klassisk flot hvid rispapirlampe med irregul\u00e6r tr\u00e5d. Specifikationer: F\u00e5s i st\u00f8rrelser fra 20-60cm Kan kombineres med alle vores fatninger\/oph\u00e6ng Fatning\/ledning medf\u00f8lger ikke","og_url":"https:\/\/pachia.eu\/da\/irregulaer-rund-rispapirlampe\/","og_site_name":"Pachia","article_publisher":"https:\/\/www.facebook.com\/pachia.shop","article_modified_time":"2026-02-25T22:41:40+00:00","og_image":[{"width":2000,"height":2000,"url":"https:\/\/pachia.eu\/wp-content\/uploads\/2021\/06\/irregulaer-hvid-rispapirlampe.jpg","type":"image\/jpeg"}],"twitter_card":"summary_large_image","twitter_misc":{"Estimeret l\u00e6setid":"1 minut"},"schema":{"@context":"https:\/\/schema.org","@graph":[{"@type":"WebPage","@id":"https:\/\/pachia.eu\/da\/irregulaer-rund-rispapirlampe\/","url":"https:\/\/pachia.eu\/da\/irregulaer-rund-rispapirlampe\/","name":"Hvid irregul\u00e6r rund rispapirlampe | Papirlamper | - Pachia","isPartOf":{"@id":"https:\/\/pachia.eu\/da\/#website"},"primaryImageOfPage":{"@id":"https:\/\/pachia.eu\/da\/irregulaer-rund-rispapirlampe\/#primaryimage"},"image":{"@id":"https:\/\/pachia.eu\/da\/irregulaer-rund-rispapirlampe\/#primaryimage"},"thumbnailUrl":"https:\/\/pachia.eu\/wp-content\/uploads\/2021\/06\/irregulaer-hvid-rispapirlampe.jpg","datePublished":"2021-06-15T08:38:45+00:00","dateModified":"2026-02-25T22:41:40+00:00","breadcrumb":{"@id":"https:\/\/pachia.eu\/da\/irregulaer-rund-rispapirlampe\/#breadcrumb"},"inLanguage":"da-DK","potentialAction":[{"@type":"ReadAction","target":["https:\/\/pachia.eu\/da\/irregulaer-rund-rispapirlampe\/"]}]},{"@type":"ImageObject","inLanguage":"da-DK","@id":"https:\/\/pachia.eu\/da\/irregulaer-rund-rispapirlampe\/#primaryimage","url":"https:\/\/pachia.eu\/wp-content\/uploads\/2021\/06\/irregulaer-hvid-rispapirlampe.jpg","contentUrl":"https:\/\/pachia.eu\/wp-content\/uploads\/2021\/06\/irregulaer-hvid-rispapirlampe.jpg","width":2000,"height":2000},{"@type":"BreadcrumbList","@id":"https:\/\/pachia.eu\/da\/irregulaer-rund-rispapirlampe\/#breadcrumb","itemListElement":[{"@type":"ListItem","position":1,"name":"Forside","item":"https:\/\/pachia.eu\/da\/"},{"@type":"ListItem","position":2,"name":"Shop","item":"https:\/\/pachia.eu\/da\/shop-2\/"},{"@type":"ListItem","position":3,"name":"Hvid irregul\u00e6r rund rispapirlampe"}]},{"@type":"WebSite","@id":"https:\/\/pachia.eu\/da\/#website","url":"https:\/\/pachia.eu\/da\/","name":"Pachia","description":"","publisher":{"@id":"https:\/\/pachia.eu\/da\/#organization"},"potentialAction":[{"@type":"SearchAction","target":{"@type":"EntryPoint","urlTemplate":"https:\/\/pachia.eu\/da\/?s={search_term_string}"},"query-input":{"@type":"PropertyValueSpecification","valueRequired":true,"valueName":"search_term_string"}}],"inLanguage":"da-DK"},{"@type":"Organization","@id":"https:\/\/pachia.eu\/da\/#organization","name":"Pachia ApS","url":"https:\/\/pachia.eu\/da\/","logo":{"@type":"ImageObject","inLanguage":"da-DK","@id":"https:\/\/pachia.eu\/da\/#\/schema\/logo\/image\/","url":"https:\/\/jocaonline.dk\/wp-content\/uploads\/2020\/10\/decoration-logo-small.png","contentUrl":"https:\/\/jocaonline.dk\/wp-content\/uploads\/2020\/10\/decoration-logo-small.png","width":301,"height":100,"caption":"Pachia ApS"},"image":{"@id":"https:\/\/pachia.eu\/da\/#\/schema\/logo\/image\/"},"sameAs":["https:\/\/www.facebook.com\/pachia.shop","https:\/\/www.instagram.com\/pachia.eu"]}]}},"_links":{"self":[{"href":"https:\/\/pachia.eu\/da\/wp-json\/wp\/v2\/product\/871","targetHints":{"allow":["GET"]}}],"collection":[{"href":"https:\/\/pachia.eu\/da\/wp-json\/wp\/v2\/product"}],"about":[{"href":"https:\/\/pachia.eu\/da\/wp-json\/wp\/v2\/types\/product"}],"version-history":[{"count":0,"href":"https:\/\/pachia.eu\/da\/wp-json\/wp\/v2\/product\/871\/revisions"}],"wp:featuredmedia":[{"embeddable":true,"href":"https:\/\/pachia.eu\/da\/wp-json\/wp\/v2\/media\/1441"}],"wp:attachment":[{"href":"https:\/\/pachia.eu\/da\/wp-json\/wp\/v2\/media?parent=871"}],"wp:term":[{"taxonomy":"product_brand","embeddable":true,"href":"https:\/\/pachia.eu\/da\/wp-json\/wp\/v2\/product_brand?post=871"},{"taxonomy":"product_cat","embeddable":true,"href":"https:\/\/pachia.eu\/da\/wp-json\/wp\/v2\/product_cat?post=871"},{"taxonomy":"product_tag","embeddable":true,"href":"https:\/\/pachia.eu\/da\/wp-json\/wp\/v2\/product_tag?post=871"},{"taxonomy":"mersalg-tag","embeddable":true,"href":"https:\/\/pachia.eu\/da\/wp-json\/wp\/v2\/mersalg-tag?post=871"}],"curies":[{"name":"wp","href":"https:\/\/api.w.org\/{rel}","templated":true}]}}