{"id":790,"date":"2021-06-08T14:57:45","date_gmt":"2021-06-08T12:57:45","guid":{"rendered":"https:\/\/smplay.dk\/?post_type=product&#038;p=790"},"modified":"2025-01-06T12:52:41","modified_gmt":"2025-01-06T11:52:41","slug":"fjernbetjent-led-lys-10-dioder","status":"publish","type":"product","link":"https:\/\/pachia.eu\/da\/fjernbetjent-led-lys-10-dioder\/","title":{"rendered":"Fjernbetjent LED lys &#8211; 10 dioder"},"content":{"rendered":"<p>Dette er vores store version af vores fjernbetjente LED lys. Lampen har 10 dioder og er velegnet til vores st\u00f8rre rispapirlamper, da den giver et kraftigere lys. Det g\u00f8r det super nemt at pynte op til fest eller lignende, hvor man gerne vil have pynt mm. klart i god tid. Med denne fjernbetjente lampe kan du vente med at t\u00e6nde lysene indtil dine g\u00e6ster kommer.<\/p>\n<p>Lampen giver et kraftigt varmt lys og kan t\u00e5le at ligge i vand &#8211; s\u00e5 hvis du har en pool eller lignende, kan lampen bruges til andre form\u00e5l ogs\u00e5.<\/p>\n<p><strong>Specifikationer:<\/strong><\/p>\n<ul>\n<li>LED lampe med 10 dioder og varmt lys<\/li>\n<li>Bruger 3 stk. AAA batterier (medf\u00f8lger ikke)<\/li>\n<li>Der medf\u00f8lger en plastik strip, s\u00e5 lysene kan monteres i rispapirlamperne<\/li>\n<li>Fjernbetjening medf\u00f8lger<\/li>\n<\/ul>\n","protected":false},"excerpt":{"rendered":"<p>Dette er vores store version af vores fjernbetjente LED lys. Lampen har 10 dioder og er velegnet til vores st\u00f8rre rispapirlamper, da den giver et kraftigere lys. Det g\u00f8r det super nemt at pynte op til fest eller lignende, hvor man gerne vil have pynt mm. klart i god tid. Med denne fjernbetjente lampe kan [&hellip;]<\/p>\n","protected":false},"featured_media":777,"template":"","meta":{"_lmt_disableupdate":"no","_lmt_disable":""},"product_brand":[],"product_cat":[40,130,132],"product_tag":[],"mersalg-tag":[118],"class_list":{"0":"post-790","1":"product","2":"type-product","3":"status-publish","4":"has-post-thumbnail","6":"product_cat-produkter","7":"product_cat-led-paerer","8":"product_cat-festartikler","9":"mersalg-tag-paere","11":"first","12":"outofstock","13":"taxable","14":"shipping-taxable","15":"purchasable","16":"product-type-simple"},"yoast_head":"<!-- This site is optimized with the Yoast SEO plugin v27.3 - https:\/\/yoast.com\/product\/yoast-seo-wordpress\/ -->\n<title>Fjernbetjent LED lys - 10 dioder | LED p\u00e6rer &amp; lyskilder | - Pachia<\/title>\n<meta name=\"robots\" content=\"index, follow, max-snippet:-1, max-image-preview:large, max-video-preview:-1\" \/>\n<link rel=\"canonical\" href=\"https:\/\/pachia.eu\/da\/fjernbetjent-led-lys-10-dioder\/\" \/>\n<meta property=\"og:locale\" content=\"da_DK\" \/>\n<meta property=\"og:type\" content=\"article\" \/>\n<meta property=\"og:title\" content=\"Fjernbetjent LED lys - 10 dioder | LED p\u00e6rer &amp; lyskilder | - Pachia\" \/>\n<meta property=\"og:description\" content=\"Dette er vores store version af vores fjernbetjente LED lys. Lampen har 10 dioder og er velegnet til vores st\u00f8rre rispapirlamper, da den giver et kraftigere lys. Det g\u00f8r det super nemt at pynte op til fest eller lignende, hvor man gerne vil have pynt mm. klart i god tid. Med denne fjernbetjente lampe kan [&hellip;]\" \/>\n<meta property=\"og:url\" content=\"https:\/\/pachia.eu\/da\/fjernbetjent-led-lys-10-dioder\/\" \/>\n<meta property=\"og:site_name\" content=\"Pachia\" \/>\n<meta property=\"article:publisher\" content=\"https:\/\/www.facebook.com\/pachia.shop\" \/>\n<meta property=\"article:modified_time\" content=\"2025-01-06T11:52:41+00:00\" \/>\n<meta property=\"og:image\" content=\"https:\/\/pachia.eu\/wp-content\/uploads\/2021\/06\/remote10-led.png\" \/>\n\t<meta property=\"og:image:width\" content=\"1000\" \/>\n\t<meta property=\"og:image:height\" content=\"1000\" \/>\n\t<meta property=\"og:image:type\" content=\"image\/png\" \/>\n<meta name=\"twitter:card\" content=\"summary_large_image\" \/>\n<meta name=\"twitter:label1\" content=\"Estimeret l\u00e6setid\" \/>\n\t<meta name=\"twitter:data1\" content=\"1 minut\" \/>\n<script type=\"application\/ld+json\" class=\"yoast-schema-graph\">{\"@context\":\"https:\\\/\\\/schema.org\",\"@graph\":[{\"@type\":\"WebPage\",\"@id\":\"https:\\\/\\\/pachia.eu\\\/da\\\/fjernbetjent-led-lys-10-dioder\\\/\",\"url\":\"https:\\\/\\\/pachia.eu\\\/da\\\/fjernbetjent-led-lys-10-dioder\\\/\",\"name\":\"Fjernbetjent LED lys - 10 dioder | LED p\u00e6rer &amp; lyskilder | - Pachia\",\"isPartOf\":{\"@id\":\"https:\\\/\\\/pachia.eu\\\/da\\\/#website\"},\"primaryImageOfPage\":{\"@id\":\"https:\\\/\\\/pachia.eu\\\/da\\\/fjernbetjent-led-lys-10-dioder\\\/#primaryimage\"},\"image\":{\"@id\":\"https:\\\/\\\/pachia.eu\\\/da\\\/fjernbetjent-led-lys-10-dioder\\\/#primaryimage\"},\"thumbnailUrl\":\"https:\\\/\\\/pachia.eu\\\/wp-content\\\/uploads\\\/2021\\\/06\\\/remote10-led.png\",\"datePublished\":\"2021-06-08T12:57:45+00:00\",\"dateModified\":\"2025-01-06T11:52:41+00:00\",\"breadcrumb\":{\"@id\":\"https:\\\/\\\/pachia.eu\\\/da\\\/fjernbetjent-led-lys-10-dioder\\\/#breadcrumb\"},\"inLanguage\":\"da-DK\",\"potentialAction\":[{\"@type\":\"ReadAction\",\"target\":[\"https:\\\/\\\/pachia.eu\\\/da\\\/fjernbetjent-led-lys-10-dioder\\\/\"]}]},{\"@type\":\"ImageObject\",\"inLanguage\":\"da-DK\",\"@id\":\"https:\\\/\\\/pachia.eu\\\/da\\\/fjernbetjent-led-lys-10-dioder\\\/#primaryimage\",\"url\":\"https:\\\/\\\/pachia.eu\\\/wp-content\\\/uploads\\\/2021\\\/06\\\/remote10-led.png\",\"contentUrl\":\"https:\\\/\\\/pachia.eu\\\/wp-content\\\/uploads\\\/2021\\\/06\\\/remote10-led.png\",\"width\":1000,\"height\":1000},{\"@type\":\"BreadcrumbList\",\"@id\":\"https:\\\/\\\/pachia.eu\\\/da\\\/fjernbetjent-led-lys-10-dioder\\\/#breadcrumb\",\"itemListElement\":[{\"@type\":\"ListItem\",\"position\":1,\"name\":\"Forside\",\"item\":\"https:\\\/\\\/pachia.eu\\\/da\\\/\"},{\"@type\":\"ListItem\",\"position\":2,\"name\":\"Shop\",\"item\":\"https:\\\/\\\/pachia.eu\\\/da\\\/shop-2\\\/\"},{\"@type\":\"ListItem\",\"position\":3,\"name\":\"Fjernbetjent LED lys &#8211; 10 dioder\"}]},{\"@type\":\"WebSite\",\"@id\":\"https:\\\/\\\/pachia.eu\\\/da\\\/#website\",\"url\":\"https:\\\/\\\/pachia.eu\\\/da\\\/\",\"name\":\"Pachia\",\"description\":\"\",\"publisher\":{\"@id\":\"https:\\\/\\\/pachia.eu\\\/da\\\/#organization\"},\"potentialAction\":[{\"@type\":\"SearchAction\",\"target\":{\"@type\":\"EntryPoint\",\"urlTemplate\":\"https:\\\/\\\/pachia.eu\\\/da\\\/?s={search_term_string}\"},\"query-input\":{\"@type\":\"PropertyValueSpecification\",\"valueRequired\":true,\"valueName\":\"search_term_string\"}}],\"inLanguage\":\"da-DK\"},{\"@type\":\"Organization\",\"@id\":\"https:\\\/\\\/pachia.eu\\\/da\\\/#organization\",\"name\":\"Pachia ApS\",\"url\":\"https:\\\/\\\/pachia.eu\\\/da\\\/\",\"logo\":{\"@type\":\"ImageObject\",\"inLanguage\":\"da-DK\",\"@id\":\"https:\\\/\\\/pachia.eu\\\/da\\\/#\\\/schema\\\/logo\\\/image\\\/\",\"url\":\"https:\\\/\\\/jocaonline.dk\\\/wp-content\\\/uploads\\\/2020\\\/10\\\/decoration-logo-small.png\",\"contentUrl\":\"https:\\\/\\\/jocaonline.dk\\\/wp-content\\\/uploads\\\/2020\\\/10\\\/decoration-logo-small.png\",\"width\":301,\"height\":100,\"caption\":\"Pachia ApS\"},\"image\":{\"@id\":\"https:\\\/\\\/pachia.eu\\\/da\\\/#\\\/schema\\\/logo\\\/image\\\/\"},\"sameAs\":[\"https:\\\/\\\/www.facebook.com\\\/pachia.shop\",\"https:\\\/\\\/www.instagram.com\\\/pachia.eu\"]}]}<\/script>\n<!-- \/ Yoast SEO plugin. -->","yoast_head_json":{"title":"Fjernbetjent LED lys - 10 dioder | LED p\u00e6rer &amp; lyskilder | - Pachia","robots":{"index":"index","follow":"follow","max-snippet":"max-snippet:-1","max-image-preview":"max-image-preview:large","max-video-preview":"max-video-preview:-1"},"canonical":"https:\/\/pachia.eu\/da\/fjernbetjent-led-lys-10-dioder\/","og_locale":"da_DK","og_type":"article","og_title":"Fjernbetjent LED lys - 10 dioder | LED p\u00e6rer &amp; lyskilder | - Pachia","og_description":"Dette er vores store version af vores fjernbetjente LED lys. Lampen har 10 dioder og er velegnet til vores st\u00f8rre rispapirlamper, da den giver et kraftigere lys. Det g\u00f8r det super nemt at pynte op til fest eller lignende, hvor man gerne vil have pynt mm. klart i god tid. Med denne fjernbetjente lampe kan [&hellip;]","og_url":"https:\/\/pachia.eu\/da\/fjernbetjent-led-lys-10-dioder\/","og_site_name":"Pachia","article_publisher":"https:\/\/www.facebook.com\/pachia.shop","article_modified_time":"2025-01-06T11:52:41+00:00","og_image":[{"width":1000,"height":1000,"url":"https:\/\/pachia.eu\/wp-content\/uploads\/2021\/06\/remote10-led.png","type":"image\/png"}],"twitter_card":"summary_large_image","twitter_misc":{"Estimeret l\u00e6setid":"1 minut"},"schema":{"@context":"https:\/\/schema.org","@graph":[{"@type":"WebPage","@id":"https:\/\/pachia.eu\/da\/fjernbetjent-led-lys-10-dioder\/","url":"https:\/\/pachia.eu\/da\/fjernbetjent-led-lys-10-dioder\/","name":"Fjernbetjent LED lys - 10 dioder | LED p\u00e6rer &amp; lyskilder | - Pachia","isPartOf":{"@id":"https:\/\/pachia.eu\/da\/#website"},"primaryImageOfPage":{"@id":"https:\/\/pachia.eu\/da\/fjernbetjent-led-lys-10-dioder\/#primaryimage"},"image":{"@id":"https:\/\/pachia.eu\/da\/fjernbetjent-led-lys-10-dioder\/#primaryimage"},"thumbnailUrl":"https:\/\/pachia.eu\/wp-content\/uploads\/2021\/06\/remote10-led.png","datePublished":"2021-06-08T12:57:45+00:00","dateModified":"2025-01-06T11:52:41+00:00","breadcrumb":{"@id":"https:\/\/pachia.eu\/da\/fjernbetjent-led-lys-10-dioder\/#breadcrumb"},"inLanguage":"da-DK","potentialAction":[{"@type":"ReadAction","target":["https:\/\/pachia.eu\/da\/fjernbetjent-led-lys-10-dioder\/"]}]},{"@type":"ImageObject","inLanguage":"da-DK","@id":"https:\/\/pachia.eu\/da\/fjernbetjent-led-lys-10-dioder\/#primaryimage","url":"https:\/\/pachia.eu\/wp-content\/uploads\/2021\/06\/remote10-led.png","contentUrl":"https:\/\/pachia.eu\/wp-content\/uploads\/2021\/06\/remote10-led.png","width":1000,"height":1000},{"@type":"BreadcrumbList","@id":"https:\/\/pachia.eu\/da\/fjernbetjent-led-lys-10-dioder\/#breadcrumb","itemListElement":[{"@type":"ListItem","position":1,"name":"Forside","item":"https:\/\/pachia.eu\/da\/"},{"@type":"ListItem","position":2,"name":"Shop","item":"https:\/\/pachia.eu\/da\/shop-2\/"},{"@type":"ListItem","position":3,"name":"Fjernbetjent LED lys &#8211; 10 dioder"}]},{"@type":"WebSite","@id":"https:\/\/pachia.eu\/da\/#website","url":"https:\/\/pachia.eu\/da\/","name":"Pachia","description":"","publisher":{"@id":"https:\/\/pachia.eu\/da\/#organization"},"potentialAction":[{"@type":"SearchAction","target":{"@type":"EntryPoint","urlTemplate":"https:\/\/pachia.eu\/da\/?s={search_term_string}"},"query-input":{"@type":"PropertyValueSpecification","valueRequired":true,"valueName":"search_term_string"}}],"inLanguage":"da-DK"},{"@type":"Organization","@id":"https:\/\/pachia.eu\/da\/#organization","name":"Pachia ApS","url":"https:\/\/pachia.eu\/da\/","logo":{"@type":"ImageObject","inLanguage":"da-DK","@id":"https:\/\/pachia.eu\/da\/#\/schema\/logo\/image\/","url":"https:\/\/jocaonline.dk\/wp-content\/uploads\/2020\/10\/decoration-logo-small.png","contentUrl":"https:\/\/jocaonline.dk\/wp-content\/uploads\/2020\/10\/decoration-logo-small.png","width":301,"height":100,"caption":"Pachia ApS"},"image":{"@id":"https:\/\/pachia.eu\/da\/#\/schema\/logo\/image\/"},"sameAs":["https:\/\/www.facebook.com\/pachia.shop","https:\/\/www.instagram.com\/pachia.eu"]}]}},"_links":{"self":[{"href":"https:\/\/pachia.eu\/da\/wp-json\/wp\/v2\/product\/790","targetHints":{"allow":["GET"]}}],"collection":[{"href":"https:\/\/pachia.eu\/da\/wp-json\/wp\/v2\/product"}],"about":[{"href":"https:\/\/pachia.eu\/da\/wp-json\/wp\/v2\/types\/product"}],"version-history":[{"count":0,"href":"https:\/\/pachia.eu\/da\/wp-json\/wp\/v2\/product\/790\/revisions"}],"wp:featuredmedia":[{"embeddable":true,"href":"https:\/\/pachia.eu\/da\/wp-json\/wp\/v2\/media\/777"}],"wp:attachment":[{"href":"https:\/\/pachia.eu\/da\/wp-json\/wp\/v2\/media?parent=790"}],"wp:term":[{"taxonomy":"product_brand","embeddable":true,"href":"https:\/\/pachia.eu\/da\/wp-json\/wp\/v2\/product_brand?post=790"},{"taxonomy":"product_cat","embeddable":true,"href":"https:\/\/pachia.eu\/da\/wp-json\/wp\/v2\/product_cat?post=790"},{"taxonomy":"product_tag","embeddable":true,"href":"https:\/\/pachia.eu\/da\/wp-json\/wp\/v2\/product_tag?post=790"},{"taxonomy":"mersalg-tag","embeddable":true,"href":"https:\/\/pachia.eu\/da\/wp-json\/wp\/v2\/mersalg-tag?post=790"}],"curies":[{"name":"wp","href":"https:\/\/api.w.org\/{rel}","templated":true}]}}