{"id":772,"date":"2021-06-08T14:54:57","date_gmt":"2021-06-08T12:54:57","guid":{"rendered":"https:\/\/smplay.dk\/?post_type=product&#038;p=772"},"modified":"2026-01-05T15:57:09","modified_gmt":"2026-01-05T14:57:09","slug":"fjernbetjent-led-lys-3-dioder","status":"publish","type":"product","link":"https:\/\/pachia.eu\/da\/fjernbetjent-led-lys-3-dioder\/","title":{"rendered":"Fjernbetjent LED lys &#8211; 3 dioder"},"content":{"rendered":"<p><strong>NB &#8211; Fjernbetjening medf\u00f8lger ikke<\/strong><\/p>\n<p>Dette smarte LED lys kan bruges med en fjernbetjening, hvilket g\u00f8r det super nemt at t\u00e6nde og slukke lyset fra afstand. Eksempelvis kan LED lyset bruges sammen med vores rislamper eller harmonika lanterner, hvor alt kan h\u00e6nges op i god tid inden arrangementet begynder og derefter t\u00e6nde lysene n\u00e5r g\u00e6sterne kommer. P\u00e5 den m\u00e5de holder lysene l\u00e6ngere og g\u00f8r det nemmere at pyte op p\u00e5 forh\u00e5nd.<\/p>\n<p>LED lysene er vandt\u00e6tte og kan derfor ogs\u00e5 bruges til bordekorationer eller lignende, hvor man \u00f8nsker at have lys i vandet.<\/p>\n<p><strong>Specifikationer:<\/strong><\/p>\n<ul>\n<li>LED lysene har 3 dioder med varmt lys der lyser i cirka 36 timer. Lyset bliver svagere jo l\u00e6ngere tid de er t\u00e6ndte.<\/li>\n<li>OBS: Standbytiden er cirka 48 timer. Dvs. at lysene bruger en lille smule str\u00f8m selvom man har slukket for dem med fjernbetjeningen.<\/li>\n<li>Kan bruges sammen med vores fjernbetjeninger<\/li>\n<li>Der medf\u00f8lger en plastik strip, s\u00e5 lysene kan monteres i rispapirlamperne<\/li>\n<li>Fjernbetjening k\u00f8bes ved siden af<\/li>\n<\/ul>\n","protected":false},"excerpt":{"rendered":"<p>NB &#8211; Fjernbetjening medf\u00f8lger ikke Dette smarte LED lys kan bruges med en fjernbetjening, hvilket g\u00f8r det super nemt at t\u00e6nde og slukke lyset fra afstand. Eksempelvis kan LED lyset bruges sammen med vores rislamper eller harmonika lanterner, hvor alt kan h\u00e6nges op i god tid inden arrangementet begynder og derefter t\u00e6nde lysene n\u00e5r g\u00e6sterne [&hellip;]<\/p>\n","protected":false},"featured_media":785,"template":"","meta":{"_lmt_disableupdate":"no","_lmt_disable":""},"product_brand":[],"product_cat":[40,130,132],"product_tag":[],"mersalg-tag":[118],"class_list":{"0":"post-772","1":"product","2":"type-product","3":"status-publish","4":"has-post-thumbnail","6":"product_cat-produkter","7":"product_cat-led-paerer","8":"product_cat-festartikler","9":"mersalg-tag-paere","11":"first","12":"instock","13":"taxable","14":"shipping-taxable","15":"purchasable","16":"product-type-simple"},"yoast_head":"<!-- This site is optimized with the Yoast SEO plugin v27.3 - https:\/\/yoast.com\/product\/yoast-seo-wordpress\/ -->\n<title>Fjernbetjent LED lys - 3 dioder | LED p\u00e6rer &amp; lyskilder | - Pachia<\/title>\n<meta name=\"robots\" content=\"index, follow, max-snippet:-1, max-image-preview:large, max-video-preview:-1\" \/>\n<link rel=\"canonical\" href=\"https:\/\/pachia.eu\/da\/fjernbetjent-led-lys-3-dioder\/\" \/>\n<meta property=\"og:locale\" content=\"da_DK\" \/>\n<meta property=\"og:type\" content=\"article\" \/>\n<meta property=\"og:title\" content=\"Fjernbetjent LED lys - 3 dioder | LED p\u00e6rer &amp; lyskilder | - Pachia\" \/>\n<meta property=\"og:description\" content=\"NB &#8211; Fjernbetjening medf\u00f8lger ikke Dette smarte LED lys kan bruges med en fjernbetjening, hvilket g\u00f8r det super nemt at t\u00e6nde og slukke lyset fra afstand. Eksempelvis kan LED lyset bruges sammen med vores rislamper eller harmonika lanterner, hvor alt kan h\u00e6nges op i god tid inden arrangementet begynder og derefter t\u00e6nde lysene n\u00e5r g\u00e6sterne [&hellip;]\" \/>\n<meta property=\"og:url\" content=\"https:\/\/pachia.eu\/da\/fjernbetjent-led-lys-3-dioder\/\" \/>\n<meta property=\"og:site_name\" content=\"Pachia\" \/>\n<meta property=\"article:publisher\" content=\"https:\/\/www.facebook.com\/pachia.shop\" \/>\n<meta property=\"article:modified_time\" content=\"2026-01-05T14:57:09+00:00\" \/>\n<meta property=\"og:image\" content=\"https:\/\/pachia.eu\/wp-content\/uploads\/2021\/06\/remote-3LED.png\" \/>\n\t<meta property=\"og:image:width\" content=\"1000\" \/>\n\t<meta property=\"og:image:height\" content=\"1000\" \/>\n\t<meta property=\"og:image:type\" content=\"image\/png\" \/>\n<meta name=\"twitter:card\" content=\"summary_large_image\" \/>\n<meta name=\"twitter:label1\" content=\"Estimeret l\u00e6setid\" \/>\n\t<meta name=\"twitter:data1\" content=\"2 minutter\" \/>\n<script type=\"application\/ld+json\" class=\"yoast-schema-graph\">{\"@context\":\"https:\\\/\\\/schema.org\",\"@graph\":[{\"@type\":\"WebPage\",\"@id\":\"https:\\\/\\\/pachia.eu\\\/da\\\/fjernbetjent-led-lys-3-dioder\\\/\",\"url\":\"https:\\\/\\\/pachia.eu\\\/da\\\/fjernbetjent-led-lys-3-dioder\\\/\",\"name\":\"Fjernbetjent LED lys - 3 dioder | LED p\u00e6rer &amp; lyskilder | - Pachia\",\"isPartOf\":{\"@id\":\"https:\\\/\\\/pachia.eu\\\/da\\\/#website\"},\"primaryImageOfPage\":{\"@id\":\"https:\\\/\\\/pachia.eu\\\/da\\\/fjernbetjent-led-lys-3-dioder\\\/#primaryimage\"},\"image\":{\"@id\":\"https:\\\/\\\/pachia.eu\\\/da\\\/fjernbetjent-led-lys-3-dioder\\\/#primaryimage\"},\"thumbnailUrl\":\"https:\\\/\\\/pachia.eu\\\/wp-content\\\/uploads\\\/2021\\\/06\\\/remote-3LED.png\",\"datePublished\":\"2021-06-08T12:54:57+00:00\",\"dateModified\":\"2026-01-05T14:57:09+00:00\",\"breadcrumb\":{\"@id\":\"https:\\\/\\\/pachia.eu\\\/da\\\/fjernbetjent-led-lys-3-dioder\\\/#breadcrumb\"},\"inLanguage\":\"da-DK\",\"potentialAction\":[{\"@type\":\"ReadAction\",\"target\":[\"https:\\\/\\\/pachia.eu\\\/da\\\/fjernbetjent-led-lys-3-dioder\\\/\"]}]},{\"@type\":\"ImageObject\",\"inLanguage\":\"da-DK\",\"@id\":\"https:\\\/\\\/pachia.eu\\\/da\\\/fjernbetjent-led-lys-3-dioder\\\/#primaryimage\",\"url\":\"https:\\\/\\\/pachia.eu\\\/wp-content\\\/uploads\\\/2021\\\/06\\\/remote-3LED.png\",\"contentUrl\":\"https:\\\/\\\/pachia.eu\\\/wp-content\\\/uploads\\\/2021\\\/06\\\/remote-3LED.png\",\"width\":1000,\"height\":1000},{\"@type\":\"BreadcrumbList\",\"@id\":\"https:\\\/\\\/pachia.eu\\\/da\\\/fjernbetjent-led-lys-3-dioder\\\/#breadcrumb\",\"itemListElement\":[{\"@type\":\"ListItem\",\"position\":1,\"name\":\"Forside\",\"item\":\"https:\\\/\\\/pachia.eu\\\/da\\\/\"},{\"@type\":\"ListItem\",\"position\":2,\"name\":\"Shop\",\"item\":\"https:\\\/\\\/pachia.eu\\\/da\\\/shop-2\\\/\"},{\"@type\":\"ListItem\",\"position\":3,\"name\":\"Fjernbetjent LED lys &#8211; 3 dioder\"}]},{\"@type\":\"WebSite\",\"@id\":\"https:\\\/\\\/pachia.eu\\\/da\\\/#website\",\"url\":\"https:\\\/\\\/pachia.eu\\\/da\\\/\",\"name\":\"Pachia\",\"description\":\"\",\"publisher\":{\"@id\":\"https:\\\/\\\/pachia.eu\\\/da\\\/#organization\"},\"potentialAction\":[{\"@type\":\"SearchAction\",\"target\":{\"@type\":\"EntryPoint\",\"urlTemplate\":\"https:\\\/\\\/pachia.eu\\\/da\\\/?s={search_term_string}\"},\"query-input\":{\"@type\":\"PropertyValueSpecification\",\"valueRequired\":true,\"valueName\":\"search_term_string\"}}],\"inLanguage\":\"da-DK\"},{\"@type\":\"Organization\",\"@id\":\"https:\\\/\\\/pachia.eu\\\/da\\\/#organization\",\"name\":\"Pachia ApS\",\"url\":\"https:\\\/\\\/pachia.eu\\\/da\\\/\",\"logo\":{\"@type\":\"ImageObject\",\"inLanguage\":\"da-DK\",\"@id\":\"https:\\\/\\\/pachia.eu\\\/da\\\/#\\\/schema\\\/logo\\\/image\\\/\",\"url\":\"https:\\\/\\\/jocaonline.dk\\\/wp-content\\\/uploads\\\/2020\\\/10\\\/decoration-logo-small.png\",\"contentUrl\":\"https:\\\/\\\/jocaonline.dk\\\/wp-content\\\/uploads\\\/2020\\\/10\\\/decoration-logo-small.png\",\"width\":301,\"height\":100,\"caption\":\"Pachia ApS\"},\"image\":{\"@id\":\"https:\\\/\\\/pachia.eu\\\/da\\\/#\\\/schema\\\/logo\\\/image\\\/\"},\"sameAs\":[\"https:\\\/\\\/www.facebook.com\\\/pachia.shop\",\"https:\\\/\\\/www.instagram.com\\\/pachia.eu\"]}]}<\/script>\n<!-- \/ Yoast SEO plugin. -->","yoast_head_json":{"title":"Fjernbetjent LED lys - 3 dioder | LED p\u00e6rer &amp; lyskilder | - Pachia","robots":{"index":"index","follow":"follow","max-snippet":"max-snippet:-1","max-image-preview":"max-image-preview:large","max-video-preview":"max-video-preview:-1"},"canonical":"https:\/\/pachia.eu\/da\/fjernbetjent-led-lys-3-dioder\/","og_locale":"da_DK","og_type":"article","og_title":"Fjernbetjent LED lys - 3 dioder | LED p\u00e6rer &amp; lyskilder | - Pachia","og_description":"NB &#8211; Fjernbetjening medf\u00f8lger ikke Dette smarte LED lys kan bruges med en fjernbetjening, hvilket g\u00f8r det super nemt at t\u00e6nde og slukke lyset fra afstand. Eksempelvis kan LED lyset bruges sammen med vores rislamper eller harmonika lanterner, hvor alt kan h\u00e6nges op i god tid inden arrangementet begynder og derefter t\u00e6nde lysene n\u00e5r g\u00e6sterne [&hellip;]","og_url":"https:\/\/pachia.eu\/da\/fjernbetjent-led-lys-3-dioder\/","og_site_name":"Pachia","article_publisher":"https:\/\/www.facebook.com\/pachia.shop","article_modified_time":"2026-01-05T14:57:09+00:00","og_image":[{"width":1000,"height":1000,"url":"https:\/\/pachia.eu\/wp-content\/uploads\/2021\/06\/remote-3LED.png","type":"image\/png"}],"twitter_card":"summary_large_image","twitter_misc":{"Estimeret l\u00e6setid":"2 minutter"},"schema":{"@context":"https:\/\/schema.org","@graph":[{"@type":"WebPage","@id":"https:\/\/pachia.eu\/da\/fjernbetjent-led-lys-3-dioder\/","url":"https:\/\/pachia.eu\/da\/fjernbetjent-led-lys-3-dioder\/","name":"Fjernbetjent LED lys - 3 dioder | LED p\u00e6rer &amp; lyskilder | - Pachia","isPartOf":{"@id":"https:\/\/pachia.eu\/da\/#website"},"primaryImageOfPage":{"@id":"https:\/\/pachia.eu\/da\/fjernbetjent-led-lys-3-dioder\/#primaryimage"},"image":{"@id":"https:\/\/pachia.eu\/da\/fjernbetjent-led-lys-3-dioder\/#primaryimage"},"thumbnailUrl":"https:\/\/pachia.eu\/wp-content\/uploads\/2021\/06\/remote-3LED.png","datePublished":"2021-06-08T12:54:57+00:00","dateModified":"2026-01-05T14:57:09+00:00","breadcrumb":{"@id":"https:\/\/pachia.eu\/da\/fjernbetjent-led-lys-3-dioder\/#breadcrumb"},"inLanguage":"da-DK","potentialAction":[{"@type":"ReadAction","target":["https:\/\/pachia.eu\/da\/fjernbetjent-led-lys-3-dioder\/"]}]},{"@type":"ImageObject","inLanguage":"da-DK","@id":"https:\/\/pachia.eu\/da\/fjernbetjent-led-lys-3-dioder\/#primaryimage","url":"https:\/\/pachia.eu\/wp-content\/uploads\/2021\/06\/remote-3LED.png","contentUrl":"https:\/\/pachia.eu\/wp-content\/uploads\/2021\/06\/remote-3LED.png","width":1000,"height":1000},{"@type":"BreadcrumbList","@id":"https:\/\/pachia.eu\/da\/fjernbetjent-led-lys-3-dioder\/#breadcrumb","itemListElement":[{"@type":"ListItem","position":1,"name":"Forside","item":"https:\/\/pachia.eu\/da\/"},{"@type":"ListItem","position":2,"name":"Shop","item":"https:\/\/pachia.eu\/da\/shop-2\/"},{"@type":"ListItem","position":3,"name":"Fjernbetjent LED lys &#8211; 3 dioder"}]},{"@type":"WebSite","@id":"https:\/\/pachia.eu\/da\/#website","url":"https:\/\/pachia.eu\/da\/","name":"Pachia","description":"","publisher":{"@id":"https:\/\/pachia.eu\/da\/#organization"},"potentialAction":[{"@type":"SearchAction","target":{"@type":"EntryPoint","urlTemplate":"https:\/\/pachia.eu\/da\/?s={search_term_string}"},"query-input":{"@type":"PropertyValueSpecification","valueRequired":true,"valueName":"search_term_string"}}],"inLanguage":"da-DK"},{"@type":"Organization","@id":"https:\/\/pachia.eu\/da\/#organization","name":"Pachia ApS","url":"https:\/\/pachia.eu\/da\/","logo":{"@type":"ImageObject","inLanguage":"da-DK","@id":"https:\/\/pachia.eu\/da\/#\/schema\/logo\/image\/","url":"https:\/\/jocaonline.dk\/wp-content\/uploads\/2020\/10\/decoration-logo-small.png","contentUrl":"https:\/\/jocaonline.dk\/wp-content\/uploads\/2020\/10\/decoration-logo-small.png","width":301,"height":100,"caption":"Pachia ApS"},"image":{"@id":"https:\/\/pachia.eu\/da\/#\/schema\/logo\/image\/"},"sameAs":["https:\/\/www.facebook.com\/pachia.shop","https:\/\/www.instagram.com\/pachia.eu"]}]}},"_links":{"self":[{"href":"https:\/\/pachia.eu\/da\/wp-json\/wp\/v2\/product\/772","targetHints":{"allow":["GET"]}}],"collection":[{"href":"https:\/\/pachia.eu\/da\/wp-json\/wp\/v2\/product"}],"about":[{"href":"https:\/\/pachia.eu\/da\/wp-json\/wp\/v2\/types\/product"}],"version-history":[{"count":0,"href":"https:\/\/pachia.eu\/da\/wp-json\/wp\/v2\/product\/772\/revisions"}],"wp:featuredmedia":[{"embeddable":true,"href":"https:\/\/pachia.eu\/da\/wp-json\/wp\/v2\/media\/785"}],"wp:attachment":[{"href":"https:\/\/pachia.eu\/da\/wp-json\/wp\/v2\/media?parent=772"}],"wp:term":[{"taxonomy":"product_brand","embeddable":true,"href":"https:\/\/pachia.eu\/da\/wp-json\/wp\/v2\/product_brand?post=772"},{"taxonomy":"product_cat","embeddable":true,"href":"https:\/\/pachia.eu\/da\/wp-json\/wp\/v2\/product_cat?post=772"},{"taxonomy":"product_tag","embeddable":true,"href":"https:\/\/pachia.eu\/da\/wp-json\/wp\/v2\/product_tag?post=772"},{"taxonomy":"mersalg-tag","embeddable":true,"href":"https:\/\/pachia.eu\/da\/wp-json\/wp\/v2\/mersalg-tag?post=772"}],"curies":[{"name":"wp","href":"https:\/\/api.w.org\/{rel}","templated":true}]}}