{"id":759,"date":"2021-06-08T14:47:43","date_gmt":"2021-06-08T12:47:43","guid":{"rendered":"https:\/\/smplay.dk\/?post_type=product&#038;p=759"},"modified":"2025-08-18T15:49:24","modified_gmt":"2025-08-18T13:49:24","slug":"stor-lyskaede-10-led-paerer-10-meter","status":"publish","type":"product","link":"https:\/\/pachia.eu\/da\/stor-lyskaede-10-led-paerer-10-meter\/","title":{"rendered":"Stor lysk\u00e6de 10 meter"},"content":{"rendered":"<p>Denne store lysk\u00e6de med 10 LED p\u00e6rer er 10 meter lang og kan bruges som den er eller kombineret med vores rispapirlamper. Alle lamper i st\u00f8rrelserne 30-60cm er velegnede til denne lysk\u00e6de. Du kan endda bruge lysk\u00e6den til de st\u00f8rre lamper i st\u00f8rrelserne 76-90cm, men dette fungerer bedst, hvis man varierer forskellige st\u00f8rrelser, da det ellers kan se lidt tungt ud.<\/p>\n<p>Lysk\u00e6den er designet s\u00e5ledes at den kan kobles sammen med sig selv. Det vil sige at den let kan forl\u00e6nges og blive helt op til 100 meter lang, hvis du k\u00f8ber flere lysk\u00e6der.<\/p>\n<p><strong>Specifikationer:<\/strong><\/p>\n<ul>\n<li>10 LED E27 p\u00e6rer<\/li>\n<li>10 meter lang &#8211; afstand mellem p\u00e6rer: 1 m<\/li>\n<li>Kan sammenkobles til en l\u00e6ngere k\u00e6de (op til 100 meter)<\/li>\n<\/ul>\n","protected":false},"excerpt":{"rendered":"<p>Denne store lysk\u00e6de med 10 LED p\u00e6rer er 10 meter lang og kan bruges som den er eller kombineret med vores rispapirlamper. Alle lamper i st\u00f8rrelserne 30-60cm er velegnede til denne lysk\u00e6de. Du kan endda bruge lysk\u00e6den til de st\u00f8rre lamper i st\u00f8rrelserne 76-90cm, men dette fungerer bedst, hvis man varierer forskellige st\u00f8rrelser, da det [&hellip;]<\/p>\n","protected":false},"featured_media":760,"template":"","meta":{"_lmt_disableupdate":"no","_lmt_disable":""},"product_brand":[],"product_cat":[40,33,130,132],"product_tag":[],"mersalg-tag":[],"class_list":{"0":"post-759","1":"product","2":"type-product","3":"status-publish","4":"has-post-thumbnail","6":"product_cat-produkter","7":"product_cat-rispapirlamper","8":"product_cat-led-paerer","9":"product_cat-festartikler","11":"first","12":"instock","13":"taxable","14":"shipping-taxable","15":"purchasable","16":"product-type-variable"},"yoast_head":"<!-- This site is optimized with the Yoast SEO plugin v27.3 - https:\/\/yoast.com\/product\/yoast-seo-wordpress\/ -->\n<title>Stor lysk\u00e6de 10 meter | LED p\u00e6rer &amp; lyskilder | - Pachia<\/title>\n<meta name=\"robots\" content=\"index, follow, max-snippet:-1, max-image-preview:large, max-video-preview:-1\" \/>\n<link rel=\"canonical\" href=\"https:\/\/pachia.eu\/da\/stor-lyskaede-10-led-paerer-10-meter\/\" \/>\n<meta property=\"og:locale\" content=\"da_DK\" \/>\n<meta property=\"og:type\" content=\"article\" \/>\n<meta property=\"og:title\" content=\"Stor lysk\u00e6de 10 meter | LED p\u00e6rer &amp; lyskilder | - Pachia\" \/>\n<meta property=\"og:description\" content=\"Denne store lysk\u00e6de med 10 LED p\u00e6rer er 10 meter lang og kan bruges som den er eller kombineret med vores rispapirlamper. Alle lamper i st\u00f8rrelserne 30-60cm er velegnede til denne lysk\u00e6de. Du kan endda bruge lysk\u00e6den til de st\u00f8rre lamper i st\u00f8rrelserne 76-90cm, men dette fungerer bedst, hvis man varierer forskellige st\u00f8rrelser, da det [&hellip;]\" \/>\n<meta property=\"og:url\" content=\"https:\/\/pachia.eu\/da\/stor-lyskaede-10-led-paerer-10-meter\/\" \/>\n<meta property=\"og:site_name\" content=\"Pachia\" \/>\n<meta property=\"article:publisher\" content=\"https:\/\/www.facebook.com\/pachia.shop\" \/>\n<meta property=\"article:modified_time\" content=\"2025-08-18T13:49:24+00:00\" \/>\n<meta property=\"og:image\" content=\"https:\/\/pachia.eu\/wp-content\/uploads\/2021\/06\/stor-lyskaede-stemning-scaled.jpg\" \/>\n\t<meta property=\"og:image:width\" content=\"2386\" \/>\n\t<meta property=\"og:image:height\" content=\"2560\" \/>\n\t<meta property=\"og:image:type\" content=\"image\/jpeg\" \/>\n<meta name=\"twitter:card\" content=\"summary_large_image\" \/>\n<meta name=\"twitter:label1\" content=\"Estimeret l\u00e6setid\" \/>\n\t<meta name=\"twitter:data1\" content=\"1 minut\" \/>\n<script type=\"application\/ld+json\" class=\"yoast-schema-graph\">{\"@context\":\"https:\\\/\\\/schema.org\",\"@graph\":[{\"@type\":\"WebPage\",\"@id\":\"https:\\\/\\\/pachia.eu\\\/da\\\/stor-lyskaede-10-led-paerer-10-meter\\\/\",\"url\":\"https:\\\/\\\/pachia.eu\\\/da\\\/stor-lyskaede-10-led-paerer-10-meter\\\/\",\"name\":\"Stor lysk\u00e6de 10 meter | LED p\u00e6rer &amp; lyskilder | - Pachia\",\"isPartOf\":{\"@id\":\"https:\\\/\\\/pachia.eu\\\/da\\\/#website\"},\"primaryImageOfPage\":{\"@id\":\"https:\\\/\\\/pachia.eu\\\/da\\\/stor-lyskaede-10-led-paerer-10-meter\\\/#primaryimage\"},\"image\":{\"@id\":\"https:\\\/\\\/pachia.eu\\\/da\\\/stor-lyskaede-10-led-paerer-10-meter\\\/#primaryimage\"},\"thumbnailUrl\":\"https:\\\/\\\/pachia.eu\\\/wp-content\\\/uploads\\\/2021\\\/06\\\/stor-lyskaede-stemning-scaled.jpg\",\"datePublished\":\"2021-06-08T12:47:43+00:00\",\"dateModified\":\"2025-08-18T13:49:24+00:00\",\"breadcrumb\":{\"@id\":\"https:\\\/\\\/pachia.eu\\\/da\\\/stor-lyskaede-10-led-paerer-10-meter\\\/#breadcrumb\"},\"inLanguage\":\"da-DK\",\"potentialAction\":[{\"@type\":\"ReadAction\",\"target\":[\"https:\\\/\\\/pachia.eu\\\/da\\\/stor-lyskaede-10-led-paerer-10-meter\\\/\"]}]},{\"@type\":\"ImageObject\",\"inLanguage\":\"da-DK\",\"@id\":\"https:\\\/\\\/pachia.eu\\\/da\\\/stor-lyskaede-10-led-paerer-10-meter\\\/#primaryimage\",\"url\":\"https:\\\/\\\/pachia.eu\\\/wp-content\\\/uploads\\\/2021\\\/06\\\/stor-lyskaede-stemning-scaled.jpg\",\"contentUrl\":\"https:\\\/\\\/pachia.eu\\\/wp-content\\\/uploads\\\/2021\\\/06\\\/stor-lyskaede-stemning-scaled.jpg\",\"width\":2386,\"height\":2560},{\"@type\":\"BreadcrumbList\",\"@id\":\"https:\\\/\\\/pachia.eu\\\/da\\\/stor-lyskaede-10-led-paerer-10-meter\\\/#breadcrumb\",\"itemListElement\":[{\"@type\":\"ListItem\",\"position\":1,\"name\":\"Forside\",\"item\":\"https:\\\/\\\/pachia.eu\\\/da\\\/\"},{\"@type\":\"ListItem\",\"position\":2,\"name\":\"Shop\",\"item\":\"https:\\\/\\\/pachia.eu\\\/da\\\/shop-2\\\/\"},{\"@type\":\"ListItem\",\"position\":3,\"name\":\"Stor lysk\u00e6de 10 meter\"}]},{\"@type\":\"WebSite\",\"@id\":\"https:\\\/\\\/pachia.eu\\\/da\\\/#website\",\"url\":\"https:\\\/\\\/pachia.eu\\\/da\\\/\",\"name\":\"Pachia\",\"description\":\"\",\"publisher\":{\"@id\":\"https:\\\/\\\/pachia.eu\\\/da\\\/#organization\"},\"potentialAction\":[{\"@type\":\"SearchAction\",\"target\":{\"@type\":\"EntryPoint\",\"urlTemplate\":\"https:\\\/\\\/pachia.eu\\\/da\\\/?s={search_term_string}\"},\"query-input\":{\"@type\":\"PropertyValueSpecification\",\"valueRequired\":true,\"valueName\":\"search_term_string\"}}],\"inLanguage\":\"da-DK\"},{\"@type\":\"Organization\",\"@id\":\"https:\\\/\\\/pachia.eu\\\/da\\\/#organization\",\"name\":\"Pachia ApS\",\"url\":\"https:\\\/\\\/pachia.eu\\\/da\\\/\",\"logo\":{\"@type\":\"ImageObject\",\"inLanguage\":\"da-DK\",\"@id\":\"https:\\\/\\\/pachia.eu\\\/da\\\/#\\\/schema\\\/logo\\\/image\\\/\",\"url\":\"https:\\\/\\\/jocaonline.dk\\\/wp-content\\\/uploads\\\/2020\\\/10\\\/decoration-logo-small.png\",\"contentUrl\":\"https:\\\/\\\/jocaonline.dk\\\/wp-content\\\/uploads\\\/2020\\\/10\\\/decoration-logo-small.png\",\"width\":301,\"height\":100,\"caption\":\"Pachia ApS\"},\"image\":{\"@id\":\"https:\\\/\\\/pachia.eu\\\/da\\\/#\\\/schema\\\/logo\\\/image\\\/\"},\"sameAs\":[\"https:\\\/\\\/www.facebook.com\\\/pachia.shop\",\"https:\\\/\\\/www.instagram.com\\\/pachia.eu\"]}]}<\/script>\n<!-- \/ Yoast SEO plugin. -->","yoast_head_json":{"title":"Stor lysk\u00e6de 10 meter | LED p\u00e6rer &amp; lyskilder | - Pachia","robots":{"index":"index","follow":"follow","max-snippet":"max-snippet:-1","max-image-preview":"max-image-preview:large","max-video-preview":"max-video-preview:-1"},"canonical":"https:\/\/pachia.eu\/da\/stor-lyskaede-10-led-paerer-10-meter\/","og_locale":"da_DK","og_type":"article","og_title":"Stor lysk\u00e6de 10 meter | LED p\u00e6rer &amp; lyskilder | - Pachia","og_description":"Denne store lysk\u00e6de med 10 LED p\u00e6rer er 10 meter lang og kan bruges som den er eller kombineret med vores rispapirlamper. Alle lamper i st\u00f8rrelserne 30-60cm er velegnede til denne lysk\u00e6de. Du kan endda bruge lysk\u00e6den til de st\u00f8rre lamper i st\u00f8rrelserne 76-90cm, men dette fungerer bedst, hvis man varierer forskellige st\u00f8rrelser, da det [&hellip;]","og_url":"https:\/\/pachia.eu\/da\/stor-lyskaede-10-led-paerer-10-meter\/","og_site_name":"Pachia","article_publisher":"https:\/\/www.facebook.com\/pachia.shop","article_modified_time":"2025-08-18T13:49:24+00:00","og_image":[{"width":2386,"height":2560,"url":"https:\/\/pachia.eu\/wp-content\/uploads\/2021\/06\/stor-lyskaede-stemning-scaled.jpg","type":"image\/jpeg"}],"twitter_card":"summary_large_image","twitter_misc":{"Estimeret l\u00e6setid":"1 minut"},"schema":{"@context":"https:\/\/schema.org","@graph":[{"@type":"WebPage","@id":"https:\/\/pachia.eu\/da\/stor-lyskaede-10-led-paerer-10-meter\/","url":"https:\/\/pachia.eu\/da\/stor-lyskaede-10-led-paerer-10-meter\/","name":"Stor lysk\u00e6de 10 meter | LED p\u00e6rer &amp; lyskilder | - Pachia","isPartOf":{"@id":"https:\/\/pachia.eu\/da\/#website"},"primaryImageOfPage":{"@id":"https:\/\/pachia.eu\/da\/stor-lyskaede-10-led-paerer-10-meter\/#primaryimage"},"image":{"@id":"https:\/\/pachia.eu\/da\/stor-lyskaede-10-led-paerer-10-meter\/#primaryimage"},"thumbnailUrl":"https:\/\/pachia.eu\/wp-content\/uploads\/2021\/06\/stor-lyskaede-stemning-scaled.jpg","datePublished":"2021-06-08T12:47:43+00:00","dateModified":"2025-08-18T13:49:24+00:00","breadcrumb":{"@id":"https:\/\/pachia.eu\/da\/stor-lyskaede-10-led-paerer-10-meter\/#breadcrumb"},"inLanguage":"da-DK","potentialAction":[{"@type":"ReadAction","target":["https:\/\/pachia.eu\/da\/stor-lyskaede-10-led-paerer-10-meter\/"]}]},{"@type":"ImageObject","inLanguage":"da-DK","@id":"https:\/\/pachia.eu\/da\/stor-lyskaede-10-led-paerer-10-meter\/#primaryimage","url":"https:\/\/pachia.eu\/wp-content\/uploads\/2021\/06\/stor-lyskaede-stemning-scaled.jpg","contentUrl":"https:\/\/pachia.eu\/wp-content\/uploads\/2021\/06\/stor-lyskaede-stemning-scaled.jpg","width":2386,"height":2560},{"@type":"BreadcrumbList","@id":"https:\/\/pachia.eu\/da\/stor-lyskaede-10-led-paerer-10-meter\/#breadcrumb","itemListElement":[{"@type":"ListItem","position":1,"name":"Forside","item":"https:\/\/pachia.eu\/da\/"},{"@type":"ListItem","position":2,"name":"Shop","item":"https:\/\/pachia.eu\/da\/shop-2\/"},{"@type":"ListItem","position":3,"name":"Stor lysk\u00e6de 10 meter"}]},{"@type":"WebSite","@id":"https:\/\/pachia.eu\/da\/#website","url":"https:\/\/pachia.eu\/da\/","name":"Pachia","description":"","publisher":{"@id":"https:\/\/pachia.eu\/da\/#organization"},"potentialAction":[{"@type":"SearchAction","target":{"@type":"EntryPoint","urlTemplate":"https:\/\/pachia.eu\/da\/?s={search_term_string}"},"query-input":{"@type":"PropertyValueSpecification","valueRequired":true,"valueName":"search_term_string"}}],"inLanguage":"da-DK"},{"@type":"Organization","@id":"https:\/\/pachia.eu\/da\/#organization","name":"Pachia ApS","url":"https:\/\/pachia.eu\/da\/","logo":{"@type":"ImageObject","inLanguage":"da-DK","@id":"https:\/\/pachia.eu\/da\/#\/schema\/logo\/image\/","url":"https:\/\/jocaonline.dk\/wp-content\/uploads\/2020\/10\/decoration-logo-small.png","contentUrl":"https:\/\/jocaonline.dk\/wp-content\/uploads\/2020\/10\/decoration-logo-small.png","width":301,"height":100,"caption":"Pachia ApS"},"image":{"@id":"https:\/\/pachia.eu\/da\/#\/schema\/logo\/image\/"},"sameAs":["https:\/\/www.facebook.com\/pachia.shop","https:\/\/www.instagram.com\/pachia.eu"]}]}},"_links":{"self":[{"href":"https:\/\/pachia.eu\/da\/wp-json\/wp\/v2\/product\/759","targetHints":{"allow":["GET"]}}],"collection":[{"href":"https:\/\/pachia.eu\/da\/wp-json\/wp\/v2\/product"}],"about":[{"href":"https:\/\/pachia.eu\/da\/wp-json\/wp\/v2\/types\/product"}],"version-history":[{"count":0,"href":"https:\/\/pachia.eu\/da\/wp-json\/wp\/v2\/product\/759\/revisions"}],"wp:featuredmedia":[{"embeddable":true,"href":"https:\/\/pachia.eu\/da\/wp-json\/wp\/v2\/media\/760"}],"wp:attachment":[{"href":"https:\/\/pachia.eu\/da\/wp-json\/wp\/v2\/media?parent=759"}],"wp:term":[{"taxonomy":"product_brand","embeddable":true,"href":"https:\/\/pachia.eu\/da\/wp-json\/wp\/v2\/product_brand?post=759"},{"taxonomy":"product_cat","embeddable":true,"href":"https:\/\/pachia.eu\/da\/wp-json\/wp\/v2\/product_cat?post=759"},{"taxonomy":"product_tag","embeddable":true,"href":"https:\/\/pachia.eu\/da\/wp-json\/wp\/v2\/product_tag?post=759"},{"taxonomy":"mersalg-tag","embeddable":true,"href":"https:\/\/pachia.eu\/da\/wp-json\/wp\/v2\/mersalg-tag?post=759"}],"curies":[{"name":"wp","href":"https:\/\/api.w.org\/{rel}","templated":true}]}}