{"id":758,"date":"2021-06-08T14:44:49","date_gmt":"2021-06-08T12:44:49","guid":{"rendered":"https:\/\/smplay.dk\/?post_type=product&#038;p=758"},"modified":"2026-01-03T11:19:52","modified_gmt":"2026-01-03T10:19:52","slug":"edison-led-paere-spiral-design","status":"publish","type":"product","link":"https:\/\/pachia.eu\/da\/edison-led-paere-spiral-design\/","title":{"rendered":"Edison LED p\u00e6re &#8211; spiral design"},"content":{"rendered":"<p>Edison LED p\u00e6re med en spiralformet LED-tr\u00e5d. Yderst dekorativ p\u00e6re, der g\u00f8r sig godt sammen med en flot fatning. P\u00e6ren giver et dejligt varmt lys, der g\u00f8r sig godt over spisebordet, k\u00f8kkenbordet, i sofaregionen eller lignedne. Bland med fordel flere forskellige p\u00e6rer og fatninger og skab en klynge med lamper &#8211; det giver et fantastisk flot resultat med dybde og variation.<\/p>\n<p>LED p\u00e6ren er b\u00e5de d\u00e6mpbar og energivenlig.<\/p>\n<p><strong>Specifikationer<\/strong>:<\/p>\n<ul>\n<li>E27 sokkel<\/li>\n<li>D\u00e6mpbar sammen med en lysd\u00e6mper<\/li>\n<li>Varm\/varmhvidt lys<\/li>\n<li>Farvetemperatur: 2200K<\/li>\n<li>Effekt: 4 Watt<\/li>\n<li>Lumen: 280lm<\/li>\n<li>H\u00f8jde:15cm, Diameter: 6cm<\/li>\n<\/ul>\n","protected":false},"excerpt":{"rendered":"<p>Edison LED p\u00e6re med en spiralformet LED-tr\u00e5d. Yderst dekorativ p\u00e6re, der g\u00f8r sig godt sammen med en flot fatning. P\u00e6ren giver et dejligt varmt lys, der g\u00f8r sig godt over spisebordet, k\u00f8kkenbordet, i sofaregionen eller lignedne. Bland med fordel flere forskellige p\u00e6rer og fatninger og skab en klynge med lamper &#8211; det giver et fantastisk [&hellip;]<\/p>\n","protected":false},"featured_media":750,"template":"","meta":{"_lmt_disableupdate":"","_lmt_disable":""},"product_brand":[],"product_cat":[40,130],"product_tag":[],"mersalg-tag":[118],"class_list":{"0":"post-758","1":"product","2":"type-product","3":"status-publish","4":"has-post-thumbnail","6":"product_cat-produkter","7":"product_cat-led-paerer","8":"mersalg-tag-paere","10":"first","11":"instock","12":"taxable","13":"shipping-taxable","14":"purchasable","15":"product-type-simple"},"yoast_head":"<!-- This site is optimized with the Yoast SEO plugin v27.3 - https:\/\/yoast.com\/product\/yoast-seo-wordpress\/ -->\n<title>Edison LED p\u00e6re - spiral design | LED p\u00e6rer &amp; lyskilder | - Pachia<\/title>\n<meta name=\"robots\" content=\"index, follow, max-snippet:-1, max-image-preview:large, max-video-preview:-1\" \/>\n<link rel=\"canonical\" href=\"https:\/\/pachia.eu\/da\/edison-led-paere-spiral-design\/\" \/>\n<meta property=\"og:locale\" content=\"da_DK\" \/>\n<meta property=\"og:type\" content=\"article\" \/>\n<meta property=\"og:title\" content=\"Edison LED p\u00e6re - spiral design | LED p\u00e6rer &amp; lyskilder | - Pachia\" \/>\n<meta property=\"og:description\" content=\"Edison LED p\u00e6re med en spiralformet LED-tr\u00e5d. Yderst dekorativ p\u00e6re, der g\u00f8r sig godt sammen med en flot fatning. P\u00e6ren giver et dejligt varmt lys, der g\u00f8r sig godt over spisebordet, k\u00f8kkenbordet, i sofaregionen eller lignedne. Bland med fordel flere forskellige p\u00e6rer og fatninger og skab en klynge med lamper &#8211; det giver et fantastisk [&hellip;]\" \/>\n<meta property=\"og:url\" content=\"https:\/\/pachia.eu\/da\/edison-led-paere-spiral-design\/\" \/>\n<meta property=\"og:site_name\" content=\"Pachia\" \/>\n<meta property=\"article:publisher\" content=\"https:\/\/www.facebook.com\/pachia.shop\" \/>\n<meta property=\"article:modified_time\" content=\"2026-01-03T10:19:52+00:00\" \/>\n<meta property=\"og:image\" content=\"https:\/\/pachia.eu\/wp-content\/uploads\/2021\/06\/led-paere-edison-spiral.png\" \/>\n\t<meta property=\"og:image:width\" content=\"2000\" \/>\n\t<meta property=\"og:image:height\" content=\"2000\" \/>\n\t<meta property=\"og:image:type\" content=\"image\/png\" \/>\n<meta name=\"twitter:card\" content=\"summary_large_image\" \/>\n<meta name=\"twitter:label1\" content=\"Estimeret l\u00e6setid\" \/>\n\t<meta name=\"twitter:data1\" content=\"1 minut\" \/>\n<script type=\"application\/ld+json\" class=\"yoast-schema-graph\">{\"@context\":\"https:\\\/\\\/schema.org\",\"@graph\":[{\"@type\":\"WebPage\",\"@id\":\"https:\\\/\\\/pachia.eu\\\/da\\\/edison-led-paere-spiral-design\\\/\",\"url\":\"https:\\\/\\\/pachia.eu\\\/da\\\/edison-led-paere-spiral-design\\\/\",\"name\":\"Edison LED p\u00e6re - spiral design | LED p\u00e6rer &amp; lyskilder | - Pachia\",\"isPartOf\":{\"@id\":\"https:\\\/\\\/pachia.eu\\\/da\\\/#website\"},\"primaryImageOfPage\":{\"@id\":\"https:\\\/\\\/pachia.eu\\\/da\\\/edison-led-paere-spiral-design\\\/#primaryimage\"},\"image\":{\"@id\":\"https:\\\/\\\/pachia.eu\\\/da\\\/edison-led-paere-spiral-design\\\/#primaryimage\"},\"thumbnailUrl\":\"https:\\\/\\\/pachia.eu\\\/wp-content\\\/uploads\\\/2021\\\/06\\\/led-paere-edison-spiral.png\",\"datePublished\":\"2021-06-08T12:44:49+00:00\",\"dateModified\":\"2026-01-03T10:19:52+00:00\",\"breadcrumb\":{\"@id\":\"https:\\\/\\\/pachia.eu\\\/da\\\/edison-led-paere-spiral-design\\\/#breadcrumb\"},\"inLanguage\":\"da-DK\",\"potentialAction\":[{\"@type\":\"ReadAction\",\"target\":[\"https:\\\/\\\/pachia.eu\\\/da\\\/edison-led-paere-spiral-design\\\/\"]}]},{\"@type\":\"ImageObject\",\"inLanguage\":\"da-DK\",\"@id\":\"https:\\\/\\\/pachia.eu\\\/da\\\/edison-led-paere-spiral-design\\\/#primaryimage\",\"url\":\"https:\\\/\\\/pachia.eu\\\/wp-content\\\/uploads\\\/2021\\\/06\\\/led-paere-edison-spiral.png\",\"contentUrl\":\"https:\\\/\\\/pachia.eu\\\/wp-content\\\/uploads\\\/2021\\\/06\\\/led-paere-edison-spiral.png\",\"width\":2000,\"height\":2000},{\"@type\":\"BreadcrumbList\",\"@id\":\"https:\\\/\\\/pachia.eu\\\/da\\\/edison-led-paere-spiral-design\\\/#breadcrumb\",\"itemListElement\":[{\"@type\":\"ListItem\",\"position\":1,\"name\":\"Forside\",\"item\":\"https:\\\/\\\/pachia.eu\\\/da\\\/\"},{\"@type\":\"ListItem\",\"position\":2,\"name\":\"Shop\",\"item\":\"https:\\\/\\\/pachia.eu\\\/da\\\/shop-2\\\/\"},{\"@type\":\"ListItem\",\"position\":3,\"name\":\"Edison LED p\u00e6re &#8211; spiral design\"}]},{\"@type\":\"WebSite\",\"@id\":\"https:\\\/\\\/pachia.eu\\\/da\\\/#website\",\"url\":\"https:\\\/\\\/pachia.eu\\\/da\\\/\",\"name\":\"Pachia\",\"description\":\"\",\"publisher\":{\"@id\":\"https:\\\/\\\/pachia.eu\\\/da\\\/#organization\"},\"potentialAction\":[{\"@type\":\"SearchAction\",\"target\":{\"@type\":\"EntryPoint\",\"urlTemplate\":\"https:\\\/\\\/pachia.eu\\\/da\\\/?s={search_term_string}\"},\"query-input\":{\"@type\":\"PropertyValueSpecification\",\"valueRequired\":true,\"valueName\":\"search_term_string\"}}],\"inLanguage\":\"da-DK\"},{\"@type\":\"Organization\",\"@id\":\"https:\\\/\\\/pachia.eu\\\/da\\\/#organization\",\"name\":\"Pachia ApS\",\"url\":\"https:\\\/\\\/pachia.eu\\\/da\\\/\",\"logo\":{\"@type\":\"ImageObject\",\"inLanguage\":\"da-DK\",\"@id\":\"https:\\\/\\\/pachia.eu\\\/da\\\/#\\\/schema\\\/logo\\\/image\\\/\",\"url\":\"https:\\\/\\\/jocaonline.dk\\\/wp-content\\\/uploads\\\/2020\\\/10\\\/decoration-logo-small.png\",\"contentUrl\":\"https:\\\/\\\/jocaonline.dk\\\/wp-content\\\/uploads\\\/2020\\\/10\\\/decoration-logo-small.png\",\"width\":301,\"height\":100,\"caption\":\"Pachia ApS\"},\"image\":{\"@id\":\"https:\\\/\\\/pachia.eu\\\/da\\\/#\\\/schema\\\/logo\\\/image\\\/\"},\"sameAs\":[\"https:\\\/\\\/www.facebook.com\\\/pachia.shop\",\"https:\\\/\\\/www.instagram.com\\\/pachia.eu\"]}]}<\/script>\n<!-- \/ Yoast SEO plugin. -->","yoast_head_json":{"title":"Edison LED p\u00e6re - spiral design | LED p\u00e6rer &amp; lyskilder | - Pachia","robots":{"index":"index","follow":"follow","max-snippet":"max-snippet:-1","max-image-preview":"max-image-preview:large","max-video-preview":"max-video-preview:-1"},"canonical":"https:\/\/pachia.eu\/da\/edison-led-paere-spiral-design\/","og_locale":"da_DK","og_type":"article","og_title":"Edison LED p\u00e6re - spiral design | LED p\u00e6rer &amp; lyskilder | - Pachia","og_description":"Edison LED p\u00e6re med en spiralformet LED-tr\u00e5d. Yderst dekorativ p\u00e6re, der g\u00f8r sig godt sammen med en flot fatning. P\u00e6ren giver et dejligt varmt lys, der g\u00f8r sig godt over spisebordet, k\u00f8kkenbordet, i sofaregionen eller lignedne. Bland med fordel flere forskellige p\u00e6rer og fatninger og skab en klynge med lamper &#8211; det giver et fantastisk [&hellip;]","og_url":"https:\/\/pachia.eu\/da\/edison-led-paere-spiral-design\/","og_site_name":"Pachia","article_publisher":"https:\/\/www.facebook.com\/pachia.shop","article_modified_time":"2026-01-03T10:19:52+00:00","og_image":[{"width":2000,"height":2000,"url":"https:\/\/pachia.eu\/wp-content\/uploads\/2021\/06\/led-paere-edison-spiral.png","type":"image\/png"}],"twitter_card":"summary_large_image","twitter_misc":{"Estimeret l\u00e6setid":"1 minut"},"schema":{"@context":"https:\/\/schema.org","@graph":[{"@type":"WebPage","@id":"https:\/\/pachia.eu\/da\/edison-led-paere-spiral-design\/","url":"https:\/\/pachia.eu\/da\/edison-led-paere-spiral-design\/","name":"Edison LED p\u00e6re - spiral design | LED p\u00e6rer &amp; lyskilder | - Pachia","isPartOf":{"@id":"https:\/\/pachia.eu\/da\/#website"},"primaryImageOfPage":{"@id":"https:\/\/pachia.eu\/da\/edison-led-paere-spiral-design\/#primaryimage"},"image":{"@id":"https:\/\/pachia.eu\/da\/edison-led-paere-spiral-design\/#primaryimage"},"thumbnailUrl":"https:\/\/pachia.eu\/wp-content\/uploads\/2021\/06\/led-paere-edison-spiral.png","datePublished":"2021-06-08T12:44:49+00:00","dateModified":"2026-01-03T10:19:52+00:00","breadcrumb":{"@id":"https:\/\/pachia.eu\/da\/edison-led-paere-spiral-design\/#breadcrumb"},"inLanguage":"da-DK","potentialAction":[{"@type":"ReadAction","target":["https:\/\/pachia.eu\/da\/edison-led-paere-spiral-design\/"]}]},{"@type":"ImageObject","inLanguage":"da-DK","@id":"https:\/\/pachia.eu\/da\/edison-led-paere-spiral-design\/#primaryimage","url":"https:\/\/pachia.eu\/wp-content\/uploads\/2021\/06\/led-paere-edison-spiral.png","contentUrl":"https:\/\/pachia.eu\/wp-content\/uploads\/2021\/06\/led-paere-edison-spiral.png","width":2000,"height":2000},{"@type":"BreadcrumbList","@id":"https:\/\/pachia.eu\/da\/edison-led-paere-spiral-design\/#breadcrumb","itemListElement":[{"@type":"ListItem","position":1,"name":"Forside","item":"https:\/\/pachia.eu\/da\/"},{"@type":"ListItem","position":2,"name":"Shop","item":"https:\/\/pachia.eu\/da\/shop-2\/"},{"@type":"ListItem","position":3,"name":"Edison LED p\u00e6re &#8211; spiral design"}]},{"@type":"WebSite","@id":"https:\/\/pachia.eu\/da\/#website","url":"https:\/\/pachia.eu\/da\/","name":"Pachia","description":"","publisher":{"@id":"https:\/\/pachia.eu\/da\/#organization"},"potentialAction":[{"@type":"SearchAction","target":{"@type":"EntryPoint","urlTemplate":"https:\/\/pachia.eu\/da\/?s={search_term_string}"},"query-input":{"@type":"PropertyValueSpecification","valueRequired":true,"valueName":"search_term_string"}}],"inLanguage":"da-DK"},{"@type":"Organization","@id":"https:\/\/pachia.eu\/da\/#organization","name":"Pachia ApS","url":"https:\/\/pachia.eu\/da\/","logo":{"@type":"ImageObject","inLanguage":"da-DK","@id":"https:\/\/pachia.eu\/da\/#\/schema\/logo\/image\/","url":"https:\/\/jocaonline.dk\/wp-content\/uploads\/2020\/10\/decoration-logo-small.png","contentUrl":"https:\/\/jocaonline.dk\/wp-content\/uploads\/2020\/10\/decoration-logo-small.png","width":301,"height":100,"caption":"Pachia ApS"},"image":{"@id":"https:\/\/pachia.eu\/da\/#\/schema\/logo\/image\/"},"sameAs":["https:\/\/www.facebook.com\/pachia.shop","https:\/\/www.instagram.com\/pachia.eu"]}]}},"_links":{"self":[{"href":"https:\/\/pachia.eu\/da\/wp-json\/wp\/v2\/product\/758","targetHints":{"allow":["GET"]}}],"collection":[{"href":"https:\/\/pachia.eu\/da\/wp-json\/wp\/v2\/product"}],"about":[{"href":"https:\/\/pachia.eu\/da\/wp-json\/wp\/v2\/types\/product"}],"version-history":[{"count":0,"href":"https:\/\/pachia.eu\/da\/wp-json\/wp\/v2\/product\/758\/revisions"}],"wp:featuredmedia":[{"embeddable":true,"href":"https:\/\/pachia.eu\/da\/wp-json\/wp\/v2\/media\/750"}],"wp:attachment":[{"href":"https:\/\/pachia.eu\/da\/wp-json\/wp\/v2\/media?parent=758"}],"wp:term":[{"taxonomy":"product_brand","embeddable":true,"href":"https:\/\/pachia.eu\/da\/wp-json\/wp\/v2\/product_brand?post=758"},{"taxonomy":"product_cat","embeddable":true,"href":"https:\/\/pachia.eu\/da\/wp-json\/wp\/v2\/product_cat?post=758"},{"taxonomy":"product_tag","embeddable":true,"href":"https:\/\/pachia.eu\/da\/wp-json\/wp\/v2\/product_tag?post=758"},{"taxonomy":"mersalg-tag","embeddable":true,"href":"https:\/\/pachia.eu\/da\/wp-json\/wp\/v2\/mersalg-tag?post=758"}],"curies":[{"name":"wp","href":"https:\/\/api.w.org\/{rel}","templated":true}]}}