{"id":741,"date":"2021-06-08T14:32:39","date_gmt":"2021-06-08T12:32:39","guid":{"rendered":"https:\/\/smplay.dk\/?post_type=product&#038;p=741"},"modified":"2021-06-09T16:18:56","modified_gmt":"2021-06-09T14:18:56","slug":"globe-led-paere-95cm-spiral","status":"publish","type":"product","link":"https:\/\/pachia.eu\/da\/globe-led-paere-95cm-spiral\/","title":{"rendered":"Globe LED p\u00e6re 9,5cm spiral"},"content":{"rendered":"<p>Mellemstor LED p\u00e6re med spiralformet LED-tr\u00e5d. P\u00e6ren er enormt dekorativ i sig selv, og g\u00f8r sig godt sammen med en af vores designer fatninger i kobber, beton eller messing. P\u00e6ren er d\u00e6mpbar og kan derfor skabe forskellige belysnings-stemninger. Fra koncentreret lys til en mere afd\u00e6mpet belysning.<\/p>\n<p><strong>Specifikationer<\/strong>:<\/p>\n<ul>\n<li>E27 sokkel<\/li>\n<li>D\u00e6mpbar sammen med en lysd\u00e6mper<\/li>\n<li>Varm\/varmhvidt lys<\/li>\n<li>9,5cm i diameter<\/li>\n<\/ul>\n","protected":false},"excerpt":{"rendered":"<p>Mellemstor LED p\u00e6re med spiralformet LED-tr\u00e5d. P\u00e6ren er enormt dekorativ i sig selv, og g\u00f8r sig godt sammen med en af vores designer fatninger i kobber, beton eller messing. P\u00e6ren er d\u00e6mpbar og kan derfor skabe forskellige belysnings-stemninger. Fra koncentreret lys til en mere afd\u00e6mpet belysning. Specifikationer: E27 sokkel D\u00e6mpbar sammen med en lysd\u00e6mper Varm\/varmhvidt [&hellip;]<\/p>\n","protected":false},"featured_media":754,"template":"","meta":{"_lmt_disableupdate":"no","_lmt_disable":""},"product_brand":[],"product_cat":[40,130],"product_tag":[],"mersalg-tag":[118],"class_list":{"0":"post-741","1":"product","2":"type-product","3":"status-publish","4":"has-post-thumbnail","6":"product_cat-produkter","7":"product_cat-led-paerer","8":"mersalg-tag-paere","10":"first","11":"instock","12":"taxable","13":"shipping-taxable","14":"purchasable","15":"product-type-simple"},"yoast_head":"<!-- This site is optimized with the Yoast SEO plugin v27.3 - https:\/\/yoast.com\/product\/yoast-seo-wordpress\/ -->\n<title>Globe LED p\u00e6re 9,5cm spiral | LED p\u00e6rer &amp; lyskilder | - Pachia<\/title>\n<meta name=\"robots\" content=\"index, follow, max-snippet:-1, max-image-preview:large, max-video-preview:-1\" \/>\n<link rel=\"canonical\" href=\"https:\/\/pachia.eu\/da\/globe-led-paere-95cm-spiral\/\" \/>\n<meta property=\"og:locale\" content=\"da_DK\" \/>\n<meta property=\"og:type\" content=\"article\" \/>\n<meta property=\"og:title\" content=\"Globe LED p\u00e6re 9,5cm spiral | LED p\u00e6rer &amp; lyskilder | - Pachia\" \/>\n<meta property=\"og:description\" content=\"Mellemstor LED p\u00e6re med spiralformet LED-tr\u00e5d. P\u00e6ren er enormt dekorativ i sig selv, og g\u00f8r sig godt sammen med en af vores designer fatninger i kobber, beton eller messing. P\u00e6ren er d\u00e6mpbar og kan derfor skabe forskellige belysnings-stemninger. Fra koncentreret lys til en mere afd\u00e6mpet belysning. Specifikationer: E27 sokkel D\u00e6mpbar sammen med en lysd\u00e6mper Varm\/varmhvidt [&hellip;]\" \/>\n<meta property=\"og:url\" content=\"https:\/\/pachia.eu\/da\/globe-led-paere-95cm-spiral\/\" \/>\n<meta property=\"og:site_name\" content=\"Pachia\" \/>\n<meta property=\"article:publisher\" content=\"https:\/\/www.facebook.com\/pachia.shop\" \/>\n<meta property=\"article:modified_time\" content=\"2021-06-09T14:18:56+00:00\" \/>\n<meta property=\"og:image\" content=\"https:\/\/pachia.eu\/wp-content\/uploads\/2021\/06\/led-paere-spiral-95mm.png\" \/>\n\t<meta property=\"og:image:width\" content=\"2000\" \/>\n\t<meta property=\"og:image:height\" content=\"2000\" \/>\n\t<meta property=\"og:image:type\" content=\"image\/png\" \/>\n<meta name=\"twitter:card\" content=\"summary_large_image\" \/>\n<meta name=\"twitter:label1\" content=\"Estimeret l\u00e6setid\" \/>\n\t<meta name=\"twitter:data1\" content=\"1 minut\" \/>\n<script type=\"application\/ld+json\" class=\"yoast-schema-graph\">{\"@context\":\"https:\\\/\\\/schema.org\",\"@graph\":[{\"@type\":\"WebPage\",\"@id\":\"https:\\\/\\\/pachia.eu\\\/da\\\/globe-led-paere-95cm-spiral\\\/\",\"url\":\"https:\\\/\\\/pachia.eu\\\/da\\\/globe-led-paere-95cm-spiral\\\/\",\"name\":\"Globe LED p\u00e6re 9,5cm spiral | LED p\u00e6rer &amp; lyskilder | - Pachia\",\"isPartOf\":{\"@id\":\"https:\\\/\\\/pachia.eu\\\/da\\\/#website\"},\"primaryImageOfPage\":{\"@id\":\"https:\\\/\\\/pachia.eu\\\/da\\\/globe-led-paere-95cm-spiral\\\/#primaryimage\"},\"image\":{\"@id\":\"https:\\\/\\\/pachia.eu\\\/da\\\/globe-led-paere-95cm-spiral\\\/#primaryimage\"},\"thumbnailUrl\":\"https:\\\/\\\/pachia.eu\\\/wp-content\\\/uploads\\\/2021\\\/06\\\/led-paere-spiral-95mm.png\",\"datePublished\":\"2021-06-08T12:32:39+00:00\",\"dateModified\":\"2021-06-09T14:18:56+00:00\",\"breadcrumb\":{\"@id\":\"https:\\\/\\\/pachia.eu\\\/da\\\/globe-led-paere-95cm-spiral\\\/#breadcrumb\"},\"inLanguage\":\"da-DK\",\"potentialAction\":[{\"@type\":\"ReadAction\",\"target\":[\"https:\\\/\\\/pachia.eu\\\/da\\\/globe-led-paere-95cm-spiral\\\/\"]}]},{\"@type\":\"ImageObject\",\"inLanguage\":\"da-DK\",\"@id\":\"https:\\\/\\\/pachia.eu\\\/da\\\/globe-led-paere-95cm-spiral\\\/#primaryimage\",\"url\":\"https:\\\/\\\/pachia.eu\\\/wp-content\\\/uploads\\\/2021\\\/06\\\/led-paere-spiral-95mm.png\",\"contentUrl\":\"https:\\\/\\\/pachia.eu\\\/wp-content\\\/uploads\\\/2021\\\/06\\\/led-paere-spiral-95mm.png\",\"width\":2000,\"height\":2000},{\"@type\":\"BreadcrumbList\",\"@id\":\"https:\\\/\\\/pachia.eu\\\/da\\\/globe-led-paere-95cm-spiral\\\/#breadcrumb\",\"itemListElement\":[{\"@type\":\"ListItem\",\"position\":1,\"name\":\"Forside\",\"item\":\"https:\\\/\\\/pachia.eu\\\/da\\\/\"},{\"@type\":\"ListItem\",\"position\":2,\"name\":\"Shop\",\"item\":\"https:\\\/\\\/pachia.eu\\\/da\\\/shop-2\\\/\"},{\"@type\":\"ListItem\",\"position\":3,\"name\":\"Globe LED p\u00e6re 9,5cm spiral\"}]},{\"@type\":\"WebSite\",\"@id\":\"https:\\\/\\\/pachia.eu\\\/da\\\/#website\",\"url\":\"https:\\\/\\\/pachia.eu\\\/da\\\/\",\"name\":\"Pachia\",\"description\":\"\",\"publisher\":{\"@id\":\"https:\\\/\\\/pachia.eu\\\/da\\\/#organization\"},\"potentialAction\":[{\"@type\":\"SearchAction\",\"target\":{\"@type\":\"EntryPoint\",\"urlTemplate\":\"https:\\\/\\\/pachia.eu\\\/da\\\/?s={search_term_string}\"},\"query-input\":{\"@type\":\"PropertyValueSpecification\",\"valueRequired\":true,\"valueName\":\"search_term_string\"}}],\"inLanguage\":\"da-DK\"},{\"@type\":\"Organization\",\"@id\":\"https:\\\/\\\/pachia.eu\\\/da\\\/#organization\",\"name\":\"Pachia ApS\",\"url\":\"https:\\\/\\\/pachia.eu\\\/da\\\/\",\"logo\":{\"@type\":\"ImageObject\",\"inLanguage\":\"da-DK\",\"@id\":\"https:\\\/\\\/pachia.eu\\\/da\\\/#\\\/schema\\\/logo\\\/image\\\/\",\"url\":\"https:\\\/\\\/jocaonline.dk\\\/wp-content\\\/uploads\\\/2020\\\/10\\\/decoration-logo-small.png\",\"contentUrl\":\"https:\\\/\\\/jocaonline.dk\\\/wp-content\\\/uploads\\\/2020\\\/10\\\/decoration-logo-small.png\",\"width\":301,\"height\":100,\"caption\":\"Pachia ApS\"},\"image\":{\"@id\":\"https:\\\/\\\/pachia.eu\\\/da\\\/#\\\/schema\\\/logo\\\/image\\\/\"},\"sameAs\":[\"https:\\\/\\\/www.facebook.com\\\/pachia.shop\",\"https:\\\/\\\/www.instagram.com\\\/pachia.eu\"]}]}<\/script>\n<!-- \/ Yoast SEO plugin. -->","yoast_head_json":{"title":"Globe LED p\u00e6re 9,5cm spiral | LED p\u00e6rer &amp; lyskilder | - Pachia","robots":{"index":"index","follow":"follow","max-snippet":"max-snippet:-1","max-image-preview":"max-image-preview:large","max-video-preview":"max-video-preview:-1"},"canonical":"https:\/\/pachia.eu\/da\/globe-led-paere-95cm-spiral\/","og_locale":"da_DK","og_type":"article","og_title":"Globe LED p\u00e6re 9,5cm spiral | LED p\u00e6rer &amp; lyskilder | - Pachia","og_description":"Mellemstor LED p\u00e6re med spiralformet LED-tr\u00e5d. P\u00e6ren er enormt dekorativ i sig selv, og g\u00f8r sig godt sammen med en af vores designer fatninger i kobber, beton eller messing. P\u00e6ren er d\u00e6mpbar og kan derfor skabe forskellige belysnings-stemninger. Fra koncentreret lys til en mere afd\u00e6mpet belysning. Specifikationer: E27 sokkel D\u00e6mpbar sammen med en lysd\u00e6mper Varm\/varmhvidt [&hellip;]","og_url":"https:\/\/pachia.eu\/da\/globe-led-paere-95cm-spiral\/","og_site_name":"Pachia","article_publisher":"https:\/\/www.facebook.com\/pachia.shop","article_modified_time":"2021-06-09T14:18:56+00:00","og_image":[{"width":2000,"height":2000,"url":"https:\/\/pachia.eu\/wp-content\/uploads\/2021\/06\/led-paere-spiral-95mm.png","type":"image\/png"}],"twitter_card":"summary_large_image","twitter_misc":{"Estimeret l\u00e6setid":"1 minut"},"schema":{"@context":"https:\/\/schema.org","@graph":[{"@type":"WebPage","@id":"https:\/\/pachia.eu\/da\/globe-led-paere-95cm-spiral\/","url":"https:\/\/pachia.eu\/da\/globe-led-paere-95cm-spiral\/","name":"Globe LED p\u00e6re 9,5cm spiral | LED p\u00e6rer &amp; lyskilder | - Pachia","isPartOf":{"@id":"https:\/\/pachia.eu\/da\/#website"},"primaryImageOfPage":{"@id":"https:\/\/pachia.eu\/da\/globe-led-paere-95cm-spiral\/#primaryimage"},"image":{"@id":"https:\/\/pachia.eu\/da\/globe-led-paere-95cm-spiral\/#primaryimage"},"thumbnailUrl":"https:\/\/pachia.eu\/wp-content\/uploads\/2021\/06\/led-paere-spiral-95mm.png","datePublished":"2021-06-08T12:32:39+00:00","dateModified":"2021-06-09T14:18:56+00:00","breadcrumb":{"@id":"https:\/\/pachia.eu\/da\/globe-led-paere-95cm-spiral\/#breadcrumb"},"inLanguage":"da-DK","potentialAction":[{"@type":"ReadAction","target":["https:\/\/pachia.eu\/da\/globe-led-paere-95cm-spiral\/"]}]},{"@type":"ImageObject","inLanguage":"da-DK","@id":"https:\/\/pachia.eu\/da\/globe-led-paere-95cm-spiral\/#primaryimage","url":"https:\/\/pachia.eu\/wp-content\/uploads\/2021\/06\/led-paere-spiral-95mm.png","contentUrl":"https:\/\/pachia.eu\/wp-content\/uploads\/2021\/06\/led-paere-spiral-95mm.png","width":2000,"height":2000},{"@type":"BreadcrumbList","@id":"https:\/\/pachia.eu\/da\/globe-led-paere-95cm-spiral\/#breadcrumb","itemListElement":[{"@type":"ListItem","position":1,"name":"Forside","item":"https:\/\/pachia.eu\/da\/"},{"@type":"ListItem","position":2,"name":"Shop","item":"https:\/\/pachia.eu\/da\/shop-2\/"},{"@type":"ListItem","position":3,"name":"Globe LED p\u00e6re 9,5cm spiral"}]},{"@type":"WebSite","@id":"https:\/\/pachia.eu\/da\/#website","url":"https:\/\/pachia.eu\/da\/","name":"Pachia","description":"","publisher":{"@id":"https:\/\/pachia.eu\/da\/#organization"},"potentialAction":[{"@type":"SearchAction","target":{"@type":"EntryPoint","urlTemplate":"https:\/\/pachia.eu\/da\/?s={search_term_string}"},"query-input":{"@type":"PropertyValueSpecification","valueRequired":true,"valueName":"search_term_string"}}],"inLanguage":"da-DK"},{"@type":"Organization","@id":"https:\/\/pachia.eu\/da\/#organization","name":"Pachia ApS","url":"https:\/\/pachia.eu\/da\/","logo":{"@type":"ImageObject","inLanguage":"da-DK","@id":"https:\/\/pachia.eu\/da\/#\/schema\/logo\/image\/","url":"https:\/\/jocaonline.dk\/wp-content\/uploads\/2020\/10\/decoration-logo-small.png","contentUrl":"https:\/\/jocaonline.dk\/wp-content\/uploads\/2020\/10\/decoration-logo-small.png","width":301,"height":100,"caption":"Pachia ApS"},"image":{"@id":"https:\/\/pachia.eu\/da\/#\/schema\/logo\/image\/"},"sameAs":["https:\/\/www.facebook.com\/pachia.shop","https:\/\/www.instagram.com\/pachia.eu"]}]}},"_links":{"self":[{"href":"https:\/\/pachia.eu\/da\/wp-json\/wp\/v2\/product\/741","targetHints":{"allow":["GET"]}}],"collection":[{"href":"https:\/\/pachia.eu\/da\/wp-json\/wp\/v2\/product"}],"about":[{"href":"https:\/\/pachia.eu\/da\/wp-json\/wp\/v2\/types\/product"}],"version-history":[{"count":0,"href":"https:\/\/pachia.eu\/da\/wp-json\/wp\/v2\/product\/741\/revisions"}],"wp:featuredmedia":[{"embeddable":true,"href":"https:\/\/pachia.eu\/da\/wp-json\/wp\/v2\/media\/754"}],"wp:attachment":[{"href":"https:\/\/pachia.eu\/da\/wp-json\/wp\/v2\/media?parent=741"}],"wp:term":[{"taxonomy":"product_brand","embeddable":true,"href":"https:\/\/pachia.eu\/da\/wp-json\/wp\/v2\/product_brand?post=741"},{"taxonomy":"product_cat","embeddable":true,"href":"https:\/\/pachia.eu\/da\/wp-json\/wp\/v2\/product_cat?post=741"},{"taxonomy":"product_tag","embeddable":true,"href":"https:\/\/pachia.eu\/da\/wp-json\/wp\/v2\/product_tag?post=741"},{"taxonomy":"mersalg-tag","embeddable":true,"href":"https:\/\/pachia.eu\/da\/wp-json\/wp\/v2\/mersalg-tag?post=741"}],"curies":[{"name":"wp","href":"https:\/\/api.w.org\/{rel}","templated":true}]}}