{"id":715,"date":"2021-06-08T13:28:07","date_gmt":"2021-06-08T11:28:07","guid":{"rendered":"https:\/\/smplay.dk\/?post_type=product&#038;p=715"},"modified":"2025-03-17T20:14:33","modified_gmt":"2025-03-17T19:14:33","slug":"vintage-fatningssaet-aluminium","status":"publish","type":"product","link":"https:\/\/pachia.eu\/da\/vintage-fatningssaet-aluminium\/","title":{"rendered":"Vintage fatningss\u00e6t aluminium"},"content":{"rendered":"<p>Retro fatningss\u00e6t med en fatning i aluminium og tilh\u00f8rende brun stofledning. Fatningens drejepind har en t\u00e6nd\/slukke fukntion, s\u00e5 man kan styre p\u00e6ren direkte fra fatningen.<\/p>\n<p>Vores kollektion af vintage fatninger g\u00f8r sig utrolig godt i hjemmet, i cafeen eller i butiksvinduet, hvor man vil skabe en hyggelig stemning med sj\u00e6l og varme. Find en p\u00e6re der passer til &#8211; evt. vores store globep\u00e6rer, som findes i forskellige designs.<\/p>\n<p><strong>Specifikationer:\u00a0<\/strong><\/p>\n<ul>\n<li>E27 fatning<\/li>\n<li>1,5 meter stofledning<\/li>\n<li>Pakken indeholder: fatning, ledning, baldakin, skruer og ravplugs til montering<\/li>\n<li>P\u00e6re medf\u00f8lger ikke<\/li>\n<\/ul>\n","protected":false},"excerpt":{"rendered":"<p>Retro fatningss\u00e6t med en fatning i aluminium og tilh\u00f8rende brun stofledning. Fatningens drejepind har en t\u00e6nd\/slukke fukntion, s\u00e5 man kan styre p\u00e6ren direkte fra fatningen. Vores kollektion af vintage fatninger g\u00f8r sig utrolig godt i hjemmet, i cafeen eller i butiksvinduet, hvor man vil skabe en hyggelig stemning med sj\u00e6l og varme. Find en p\u00e6re [&hellip;]<\/p>\n","protected":false},"featured_media":675,"template":"","meta":{"_lmt_disableupdate":"no","_lmt_disable":""},"product_brand":[],"product_cat":[40,37],"product_tag":[],"mersalg-tag":[117],"class_list":{"0":"post-715","1":"product","2":"type-product","3":"status-publish","4":"has-post-thumbnail","6":"product_cat-produkter","7":"product_cat-fatninger-ledninger","8":"mersalg-tag-fatning","10":"first","11":"instock","12":"taxable","13":"shipping-taxable","14":"purchasable","15":"product-type-simple"},"yoast_head":"<!-- This site is optimized with the Yoast SEO plugin v27.3 - https:\/\/yoast.com\/product\/yoast-seo-wordpress\/ -->\n<title>Vintage fatningss\u00e6t aluminium | Fatninger &amp; ledninger | - Pachia<\/title>\n<meta name=\"robots\" content=\"index, follow, max-snippet:-1, max-image-preview:large, max-video-preview:-1\" \/>\n<link rel=\"canonical\" href=\"https:\/\/pachia.eu\/da\/vintage-fatningssaet-aluminium\/\" \/>\n<meta property=\"og:locale\" content=\"da_DK\" \/>\n<meta property=\"og:type\" content=\"article\" \/>\n<meta property=\"og:title\" content=\"Vintage fatningss\u00e6t aluminium | Fatninger &amp; ledninger | - Pachia\" \/>\n<meta property=\"og:description\" content=\"Retro fatningss\u00e6t med en fatning i aluminium og tilh\u00f8rende brun stofledning. Fatningens drejepind har en t\u00e6nd\/slukke fukntion, s\u00e5 man kan styre p\u00e6ren direkte fra fatningen. Vores kollektion af vintage fatninger g\u00f8r sig utrolig godt i hjemmet, i cafeen eller i butiksvinduet, hvor man vil skabe en hyggelig stemning med sj\u00e6l og varme. Find en p\u00e6re [&hellip;]\" \/>\n<meta property=\"og:url\" content=\"https:\/\/pachia.eu\/da\/vintage-fatningssaet-aluminium\/\" \/>\n<meta property=\"og:site_name\" content=\"Pachia\" \/>\n<meta property=\"article:publisher\" content=\"https:\/\/www.facebook.com\/pachia.shop\" \/>\n<meta property=\"article:modified_time\" content=\"2025-03-17T19:14:33+00:00\" \/>\n<meta property=\"og:image\" content=\"https:\/\/pachia.eu\/wp-content\/uploads\/2021\/06\/vintage-aluminium.png\" \/>\n\t<meta property=\"og:image:width\" content=\"3000\" \/>\n\t<meta property=\"og:image:height\" content=\"2999\" \/>\n\t<meta property=\"og:image:type\" content=\"image\/png\" \/>\n<meta name=\"twitter:card\" content=\"summary_large_image\" \/>\n<meta name=\"twitter:label1\" content=\"Estimeret l\u00e6setid\" \/>\n\t<meta name=\"twitter:data1\" content=\"1 minut\" \/>\n<script type=\"application\/ld+json\" class=\"yoast-schema-graph\">{\"@context\":\"https:\\\/\\\/schema.org\",\"@graph\":[{\"@type\":\"WebPage\",\"@id\":\"https:\\\/\\\/pachia.eu\\\/da\\\/vintage-fatningssaet-aluminium\\\/\",\"url\":\"https:\\\/\\\/pachia.eu\\\/da\\\/vintage-fatningssaet-aluminium\\\/\",\"name\":\"Vintage fatningss\u00e6t aluminium | Fatninger &amp; ledninger | - Pachia\",\"isPartOf\":{\"@id\":\"https:\\\/\\\/pachia.eu\\\/da\\\/#website\"},\"primaryImageOfPage\":{\"@id\":\"https:\\\/\\\/pachia.eu\\\/da\\\/vintage-fatningssaet-aluminium\\\/#primaryimage\"},\"image\":{\"@id\":\"https:\\\/\\\/pachia.eu\\\/da\\\/vintage-fatningssaet-aluminium\\\/#primaryimage\"},\"thumbnailUrl\":\"https:\\\/\\\/pachia.eu\\\/wp-content\\\/uploads\\\/2021\\\/06\\\/vintage-aluminium.png\",\"datePublished\":\"2021-06-08T11:28:07+00:00\",\"dateModified\":\"2025-03-17T19:14:33+00:00\",\"breadcrumb\":{\"@id\":\"https:\\\/\\\/pachia.eu\\\/da\\\/vintage-fatningssaet-aluminium\\\/#breadcrumb\"},\"inLanguage\":\"da-DK\",\"potentialAction\":[{\"@type\":\"ReadAction\",\"target\":[\"https:\\\/\\\/pachia.eu\\\/da\\\/vintage-fatningssaet-aluminium\\\/\"]}]},{\"@type\":\"ImageObject\",\"inLanguage\":\"da-DK\",\"@id\":\"https:\\\/\\\/pachia.eu\\\/da\\\/vintage-fatningssaet-aluminium\\\/#primaryimage\",\"url\":\"https:\\\/\\\/pachia.eu\\\/wp-content\\\/uploads\\\/2021\\\/06\\\/vintage-aluminium.png\",\"contentUrl\":\"https:\\\/\\\/pachia.eu\\\/wp-content\\\/uploads\\\/2021\\\/06\\\/vintage-aluminium.png\",\"width\":3000,\"height\":2999},{\"@type\":\"BreadcrumbList\",\"@id\":\"https:\\\/\\\/pachia.eu\\\/da\\\/vintage-fatningssaet-aluminium\\\/#breadcrumb\",\"itemListElement\":[{\"@type\":\"ListItem\",\"position\":1,\"name\":\"Forside\",\"item\":\"https:\\\/\\\/pachia.eu\\\/da\\\/\"},{\"@type\":\"ListItem\",\"position\":2,\"name\":\"Shop\",\"item\":\"https:\\\/\\\/pachia.eu\\\/da\\\/shop-2\\\/\"},{\"@type\":\"ListItem\",\"position\":3,\"name\":\"Vintage fatningss\u00e6t aluminium\"}]},{\"@type\":\"WebSite\",\"@id\":\"https:\\\/\\\/pachia.eu\\\/da\\\/#website\",\"url\":\"https:\\\/\\\/pachia.eu\\\/da\\\/\",\"name\":\"Pachia\",\"description\":\"\",\"publisher\":{\"@id\":\"https:\\\/\\\/pachia.eu\\\/da\\\/#organization\"},\"potentialAction\":[{\"@type\":\"SearchAction\",\"target\":{\"@type\":\"EntryPoint\",\"urlTemplate\":\"https:\\\/\\\/pachia.eu\\\/da\\\/?s={search_term_string}\"},\"query-input\":{\"@type\":\"PropertyValueSpecification\",\"valueRequired\":true,\"valueName\":\"search_term_string\"}}],\"inLanguage\":\"da-DK\"},{\"@type\":\"Organization\",\"@id\":\"https:\\\/\\\/pachia.eu\\\/da\\\/#organization\",\"name\":\"Pachia ApS\",\"url\":\"https:\\\/\\\/pachia.eu\\\/da\\\/\",\"logo\":{\"@type\":\"ImageObject\",\"inLanguage\":\"da-DK\",\"@id\":\"https:\\\/\\\/pachia.eu\\\/da\\\/#\\\/schema\\\/logo\\\/image\\\/\",\"url\":\"https:\\\/\\\/jocaonline.dk\\\/wp-content\\\/uploads\\\/2020\\\/10\\\/decoration-logo-small.png\",\"contentUrl\":\"https:\\\/\\\/jocaonline.dk\\\/wp-content\\\/uploads\\\/2020\\\/10\\\/decoration-logo-small.png\",\"width\":301,\"height\":100,\"caption\":\"Pachia ApS\"},\"image\":{\"@id\":\"https:\\\/\\\/pachia.eu\\\/da\\\/#\\\/schema\\\/logo\\\/image\\\/\"},\"sameAs\":[\"https:\\\/\\\/www.facebook.com\\\/pachia.shop\",\"https:\\\/\\\/www.instagram.com\\\/pachia.eu\"]}]}<\/script>\n<!-- \/ Yoast SEO plugin. -->","yoast_head_json":{"title":"Vintage fatningss\u00e6t aluminium | Fatninger &amp; ledninger | - Pachia","robots":{"index":"index","follow":"follow","max-snippet":"max-snippet:-1","max-image-preview":"max-image-preview:large","max-video-preview":"max-video-preview:-1"},"canonical":"https:\/\/pachia.eu\/da\/vintage-fatningssaet-aluminium\/","og_locale":"da_DK","og_type":"article","og_title":"Vintage fatningss\u00e6t aluminium | Fatninger &amp; ledninger | - Pachia","og_description":"Retro fatningss\u00e6t med en fatning i aluminium og tilh\u00f8rende brun stofledning. Fatningens drejepind har en t\u00e6nd\/slukke fukntion, s\u00e5 man kan styre p\u00e6ren direkte fra fatningen. Vores kollektion af vintage fatninger g\u00f8r sig utrolig godt i hjemmet, i cafeen eller i butiksvinduet, hvor man vil skabe en hyggelig stemning med sj\u00e6l og varme. Find en p\u00e6re [&hellip;]","og_url":"https:\/\/pachia.eu\/da\/vintage-fatningssaet-aluminium\/","og_site_name":"Pachia","article_publisher":"https:\/\/www.facebook.com\/pachia.shop","article_modified_time":"2025-03-17T19:14:33+00:00","og_image":[{"width":3000,"height":2999,"url":"https:\/\/pachia.eu\/wp-content\/uploads\/2021\/06\/vintage-aluminium.png","type":"image\/png"}],"twitter_card":"summary_large_image","twitter_misc":{"Estimeret l\u00e6setid":"1 minut"},"schema":{"@context":"https:\/\/schema.org","@graph":[{"@type":"WebPage","@id":"https:\/\/pachia.eu\/da\/vintage-fatningssaet-aluminium\/","url":"https:\/\/pachia.eu\/da\/vintage-fatningssaet-aluminium\/","name":"Vintage fatningss\u00e6t aluminium | Fatninger &amp; ledninger | - Pachia","isPartOf":{"@id":"https:\/\/pachia.eu\/da\/#website"},"primaryImageOfPage":{"@id":"https:\/\/pachia.eu\/da\/vintage-fatningssaet-aluminium\/#primaryimage"},"image":{"@id":"https:\/\/pachia.eu\/da\/vintage-fatningssaet-aluminium\/#primaryimage"},"thumbnailUrl":"https:\/\/pachia.eu\/wp-content\/uploads\/2021\/06\/vintage-aluminium.png","datePublished":"2021-06-08T11:28:07+00:00","dateModified":"2025-03-17T19:14:33+00:00","breadcrumb":{"@id":"https:\/\/pachia.eu\/da\/vintage-fatningssaet-aluminium\/#breadcrumb"},"inLanguage":"da-DK","potentialAction":[{"@type":"ReadAction","target":["https:\/\/pachia.eu\/da\/vintage-fatningssaet-aluminium\/"]}]},{"@type":"ImageObject","inLanguage":"da-DK","@id":"https:\/\/pachia.eu\/da\/vintage-fatningssaet-aluminium\/#primaryimage","url":"https:\/\/pachia.eu\/wp-content\/uploads\/2021\/06\/vintage-aluminium.png","contentUrl":"https:\/\/pachia.eu\/wp-content\/uploads\/2021\/06\/vintage-aluminium.png","width":3000,"height":2999},{"@type":"BreadcrumbList","@id":"https:\/\/pachia.eu\/da\/vintage-fatningssaet-aluminium\/#breadcrumb","itemListElement":[{"@type":"ListItem","position":1,"name":"Forside","item":"https:\/\/pachia.eu\/da\/"},{"@type":"ListItem","position":2,"name":"Shop","item":"https:\/\/pachia.eu\/da\/shop-2\/"},{"@type":"ListItem","position":3,"name":"Vintage fatningss\u00e6t aluminium"}]},{"@type":"WebSite","@id":"https:\/\/pachia.eu\/da\/#website","url":"https:\/\/pachia.eu\/da\/","name":"Pachia","description":"","publisher":{"@id":"https:\/\/pachia.eu\/da\/#organization"},"potentialAction":[{"@type":"SearchAction","target":{"@type":"EntryPoint","urlTemplate":"https:\/\/pachia.eu\/da\/?s={search_term_string}"},"query-input":{"@type":"PropertyValueSpecification","valueRequired":true,"valueName":"search_term_string"}}],"inLanguage":"da-DK"},{"@type":"Organization","@id":"https:\/\/pachia.eu\/da\/#organization","name":"Pachia ApS","url":"https:\/\/pachia.eu\/da\/","logo":{"@type":"ImageObject","inLanguage":"da-DK","@id":"https:\/\/pachia.eu\/da\/#\/schema\/logo\/image\/","url":"https:\/\/jocaonline.dk\/wp-content\/uploads\/2020\/10\/decoration-logo-small.png","contentUrl":"https:\/\/jocaonline.dk\/wp-content\/uploads\/2020\/10\/decoration-logo-small.png","width":301,"height":100,"caption":"Pachia ApS"},"image":{"@id":"https:\/\/pachia.eu\/da\/#\/schema\/logo\/image\/"},"sameAs":["https:\/\/www.facebook.com\/pachia.shop","https:\/\/www.instagram.com\/pachia.eu"]}]}},"_links":{"self":[{"href":"https:\/\/pachia.eu\/da\/wp-json\/wp\/v2\/product\/715","targetHints":{"allow":["GET"]}}],"collection":[{"href":"https:\/\/pachia.eu\/da\/wp-json\/wp\/v2\/product"}],"about":[{"href":"https:\/\/pachia.eu\/da\/wp-json\/wp\/v2\/types\/product"}],"version-history":[{"count":0,"href":"https:\/\/pachia.eu\/da\/wp-json\/wp\/v2\/product\/715\/revisions"}],"wp:featuredmedia":[{"embeddable":true,"href":"https:\/\/pachia.eu\/da\/wp-json\/wp\/v2\/media\/675"}],"wp:attachment":[{"href":"https:\/\/pachia.eu\/da\/wp-json\/wp\/v2\/media?parent=715"}],"wp:term":[{"taxonomy":"product_brand","embeddable":true,"href":"https:\/\/pachia.eu\/da\/wp-json\/wp\/v2\/product_brand?post=715"},{"taxonomy":"product_cat","embeddable":true,"href":"https:\/\/pachia.eu\/da\/wp-json\/wp\/v2\/product_cat?post=715"},{"taxonomy":"product_tag","embeddable":true,"href":"https:\/\/pachia.eu\/da\/wp-json\/wp\/v2\/product_tag?post=715"},{"taxonomy":"mersalg-tag","embeddable":true,"href":"https:\/\/pachia.eu\/da\/wp-json\/wp\/v2\/mersalg-tag?post=715"}],"curies":[{"name":"wp","href":"https:\/\/api.w.org\/{rel}","templated":true}]}}