{"id":642,"date":"2021-06-08T12:41:53","date_gmt":"2021-06-08T10:41:53","guid":{"rendered":"https:\/\/smplay.dk\/?post_type=product&#038;p=642"},"modified":"2024-04-22T15:38:17","modified_gmt":"2024-04-22T13:38:17","slug":"nud-kobber-beton-fatning","status":"publish","type":"product","link":"https:\/\/pachia.eu\/da\/nud-kobber-beton-fatning\/","title":{"rendered":"NUD kobber beton fatning"},"content":{"rendered":"<div class=\"box-collateral box-description\">\n<div class=\"std\">\n<p>Betonfatning med tilh\u00f8rende kobber stofledning. De popul\u00e6re betonfatninger giver en helt speciel stil til dit hjem. S\u00e6t to eller flere fatninger sammen gerne i forskellige farver, for at give dit hjem et personligt pr\u00e6g. Betonfatningen giver et rustikt look og et trendy touch til dit hjem.<\/p>\n<p>Fatningen kr\u00e6ver en standard E27 p\u00e6re, og kan med fordel s\u00e6ttes sammen med de originale NUD elp\u00e6rer, der er designede i forskellige udformninger. Elp\u00e6re medf\u00f8lger ikke.<\/p>\n<p>Kabell\u00e6ngde: 3 meter<br \/>\nLyskilde: E27 elp\u00e6re (medf\u00f8lger ikke)<\/p>\n<\/div>\n<\/div>\n","protected":false},"excerpt":{"rendered":"<p>Betonfatning med tilh\u00f8rende kobber stofledning. De popul\u00e6re betonfatninger giver en helt speciel stil til dit hjem. S\u00e6t to eller flere fatninger sammen gerne i forskellige farver, for at give dit hjem et personligt pr\u00e6g. Betonfatningen giver et rustikt look og et trendy touch til dit hjem. Fatningen kr\u00e6ver en standard E27 p\u00e6re, og kan med [&hellip;]<\/p>\n","protected":false},"featured_media":643,"template":"","meta":{"_lmt_disableupdate":"no","_lmt_disable":""},"product_brand":[],"product_cat":[40,37],"product_tag":[],"mersalg-tag":[117],"class_list":{"0":"post-642","1":"product","2":"type-product","3":"status-publish","4":"has-post-thumbnail","6":"product_cat-produkter","7":"product_cat-fatninger-ledninger","8":"mersalg-tag-fatning","10":"first","11":"outofstock","12":"taxable","13":"shipping-taxable","14":"purchasable","15":"product-type-simple"},"yoast_head":"<!-- This site is optimized with the Yoast SEO plugin v27.3 - https:\/\/yoast.com\/product\/yoast-seo-wordpress\/ -->\n<title>NUD kobber beton fatning | Fatninger &amp; ledninger | - Pachia<\/title>\n<meta name=\"robots\" content=\"index, follow, max-snippet:-1, max-image-preview:large, max-video-preview:-1\" \/>\n<link rel=\"canonical\" href=\"https:\/\/pachia.eu\/da\/nud-kobber-beton-fatning\/\" \/>\n<meta property=\"og:locale\" content=\"da_DK\" \/>\n<meta property=\"og:type\" content=\"article\" \/>\n<meta property=\"og:title\" content=\"NUD kobber beton fatning | Fatninger &amp; ledninger | - Pachia\" \/>\n<meta property=\"og:description\" content=\"Betonfatning med tilh\u00f8rende kobber stofledning. De popul\u00e6re betonfatninger giver en helt speciel stil til dit hjem. S\u00e6t to eller flere fatninger sammen gerne i forskellige farver, for at give dit hjem et personligt pr\u00e6g. Betonfatningen giver et rustikt look og et trendy touch til dit hjem. Fatningen kr\u00e6ver en standard E27 p\u00e6re, og kan med [&hellip;]\" \/>\n<meta property=\"og:url\" content=\"https:\/\/pachia.eu\/da\/nud-kobber-beton-fatning\/\" \/>\n<meta property=\"og:site_name\" content=\"Pachia\" \/>\n<meta property=\"article:publisher\" content=\"https:\/\/www.facebook.com\/pachia.shop\" \/>\n<meta property=\"article:modified_time\" content=\"2024-04-22T13:38:17+00:00\" \/>\n<meta property=\"og:image\" content=\"https:\/\/pachia.eu\/wp-content\/uploads\/2021\/06\/nud-beton-fatning-kobber.png\" \/>\n\t<meta property=\"og:image:width\" content=\"2000\" \/>\n\t<meta property=\"og:image:height\" content=\"2000\" \/>\n\t<meta property=\"og:image:type\" content=\"image\/png\" \/>\n<meta name=\"twitter:card\" content=\"summary_large_image\" \/>\n<meta name=\"twitter:label1\" content=\"Estimeret l\u00e6setid\" \/>\n\t<meta name=\"twitter:data1\" content=\"1 minut\" \/>\n<script type=\"application\/ld+json\" class=\"yoast-schema-graph\">{\"@context\":\"https:\\\/\\\/schema.org\",\"@graph\":[{\"@type\":\"WebPage\",\"@id\":\"https:\\\/\\\/pachia.eu\\\/da\\\/nud-kobber-beton-fatning\\\/\",\"url\":\"https:\\\/\\\/pachia.eu\\\/da\\\/nud-kobber-beton-fatning\\\/\",\"name\":\"NUD kobber beton fatning | Fatninger &amp; ledninger | - Pachia\",\"isPartOf\":{\"@id\":\"https:\\\/\\\/pachia.eu\\\/da\\\/#website\"},\"primaryImageOfPage\":{\"@id\":\"https:\\\/\\\/pachia.eu\\\/da\\\/nud-kobber-beton-fatning\\\/#primaryimage\"},\"image\":{\"@id\":\"https:\\\/\\\/pachia.eu\\\/da\\\/nud-kobber-beton-fatning\\\/#primaryimage\"},\"thumbnailUrl\":\"https:\\\/\\\/pachia.eu\\\/wp-content\\\/uploads\\\/2021\\\/06\\\/nud-beton-fatning-kobber.png\",\"datePublished\":\"2021-06-08T10:41:53+00:00\",\"dateModified\":\"2024-04-22T13:38:17+00:00\",\"breadcrumb\":{\"@id\":\"https:\\\/\\\/pachia.eu\\\/da\\\/nud-kobber-beton-fatning\\\/#breadcrumb\"},\"inLanguage\":\"da-DK\",\"potentialAction\":[{\"@type\":\"ReadAction\",\"target\":[\"https:\\\/\\\/pachia.eu\\\/da\\\/nud-kobber-beton-fatning\\\/\"]}]},{\"@type\":\"ImageObject\",\"inLanguage\":\"da-DK\",\"@id\":\"https:\\\/\\\/pachia.eu\\\/da\\\/nud-kobber-beton-fatning\\\/#primaryimage\",\"url\":\"https:\\\/\\\/pachia.eu\\\/wp-content\\\/uploads\\\/2021\\\/06\\\/nud-beton-fatning-kobber.png\",\"contentUrl\":\"https:\\\/\\\/pachia.eu\\\/wp-content\\\/uploads\\\/2021\\\/06\\\/nud-beton-fatning-kobber.png\",\"width\":2000,\"height\":2000},{\"@type\":\"BreadcrumbList\",\"@id\":\"https:\\\/\\\/pachia.eu\\\/da\\\/nud-kobber-beton-fatning\\\/#breadcrumb\",\"itemListElement\":[{\"@type\":\"ListItem\",\"position\":1,\"name\":\"Forside\",\"item\":\"https:\\\/\\\/pachia.eu\\\/da\\\/\"},{\"@type\":\"ListItem\",\"position\":2,\"name\":\"Shop\",\"item\":\"https:\\\/\\\/pachia.eu\\\/da\\\/shop-2\\\/\"},{\"@type\":\"ListItem\",\"position\":3,\"name\":\"NUD kobber beton fatning\"}]},{\"@type\":\"WebSite\",\"@id\":\"https:\\\/\\\/pachia.eu\\\/da\\\/#website\",\"url\":\"https:\\\/\\\/pachia.eu\\\/da\\\/\",\"name\":\"Pachia\",\"description\":\"\",\"publisher\":{\"@id\":\"https:\\\/\\\/pachia.eu\\\/da\\\/#organization\"},\"potentialAction\":[{\"@type\":\"SearchAction\",\"target\":{\"@type\":\"EntryPoint\",\"urlTemplate\":\"https:\\\/\\\/pachia.eu\\\/da\\\/?s={search_term_string}\"},\"query-input\":{\"@type\":\"PropertyValueSpecification\",\"valueRequired\":true,\"valueName\":\"search_term_string\"}}],\"inLanguage\":\"da-DK\"},{\"@type\":\"Organization\",\"@id\":\"https:\\\/\\\/pachia.eu\\\/da\\\/#organization\",\"name\":\"Pachia ApS\",\"url\":\"https:\\\/\\\/pachia.eu\\\/da\\\/\",\"logo\":{\"@type\":\"ImageObject\",\"inLanguage\":\"da-DK\",\"@id\":\"https:\\\/\\\/pachia.eu\\\/da\\\/#\\\/schema\\\/logo\\\/image\\\/\",\"url\":\"https:\\\/\\\/jocaonline.dk\\\/wp-content\\\/uploads\\\/2020\\\/10\\\/decoration-logo-small.png\",\"contentUrl\":\"https:\\\/\\\/jocaonline.dk\\\/wp-content\\\/uploads\\\/2020\\\/10\\\/decoration-logo-small.png\",\"width\":301,\"height\":100,\"caption\":\"Pachia ApS\"},\"image\":{\"@id\":\"https:\\\/\\\/pachia.eu\\\/da\\\/#\\\/schema\\\/logo\\\/image\\\/\"},\"sameAs\":[\"https:\\\/\\\/www.facebook.com\\\/pachia.shop\",\"https:\\\/\\\/www.instagram.com\\\/pachia.eu\"]}]}<\/script>\n<!-- \/ Yoast SEO plugin. -->","yoast_head_json":{"title":"NUD kobber beton fatning | Fatninger &amp; ledninger | - Pachia","robots":{"index":"index","follow":"follow","max-snippet":"max-snippet:-1","max-image-preview":"max-image-preview:large","max-video-preview":"max-video-preview:-1"},"canonical":"https:\/\/pachia.eu\/da\/nud-kobber-beton-fatning\/","og_locale":"da_DK","og_type":"article","og_title":"NUD kobber beton fatning | Fatninger &amp; ledninger | - Pachia","og_description":"Betonfatning med tilh\u00f8rende kobber stofledning. De popul\u00e6re betonfatninger giver en helt speciel stil til dit hjem. S\u00e6t to eller flere fatninger sammen gerne i forskellige farver, for at give dit hjem et personligt pr\u00e6g. Betonfatningen giver et rustikt look og et trendy touch til dit hjem. Fatningen kr\u00e6ver en standard E27 p\u00e6re, og kan med [&hellip;]","og_url":"https:\/\/pachia.eu\/da\/nud-kobber-beton-fatning\/","og_site_name":"Pachia","article_publisher":"https:\/\/www.facebook.com\/pachia.shop","article_modified_time":"2024-04-22T13:38:17+00:00","og_image":[{"width":2000,"height":2000,"url":"https:\/\/pachia.eu\/wp-content\/uploads\/2021\/06\/nud-beton-fatning-kobber.png","type":"image\/png"}],"twitter_card":"summary_large_image","twitter_misc":{"Estimeret l\u00e6setid":"1 minut"},"schema":{"@context":"https:\/\/schema.org","@graph":[{"@type":"WebPage","@id":"https:\/\/pachia.eu\/da\/nud-kobber-beton-fatning\/","url":"https:\/\/pachia.eu\/da\/nud-kobber-beton-fatning\/","name":"NUD kobber beton fatning | Fatninger &amp; ledninger | - Pachia","isPartOf":{"@id":"https:\/\/pachia.eu\/da\/#website"},"primaryImageOfPage":{"@id":"https:\/\/pachia.eu\/da\/nud-kobber-beton-fatning\/#primaryimage"},"image":{"@id":"https:\/\/pachia.eu\/da\/nud-kobber-beton-fatning\/#primaryimage"},"thumbnailUrl":"https:\/\/pachia.eu\/wp-content\/uploads\/2021\/06\/nud-beton-fatning-kobber.png","datePublished":"2021-06-08T10:41:53+00:00","dateModified":"2024-04-22T13:38:17+00:00","breadcrumb":{"@id":"https:\/\/pachia.eu\/da\/nud-kobber-beton-fatning\/#breadcrumb"},"inLanguage":"da-DK","potentialAction":[{"@type":"ReadAction","target":["https:\/\/pachia.eu\/da\/nud-kobber-beton-fatning\/"]}]},{"@type":"ImageObject","inLanguage":"da-DK","@id":"https:\/\/pachia.eu\/da\/nud-kobber-beton-fatning\/#primaryimage","url":"https:\/\/pachia.eu\/wp-content\/uploads\/2021\/06\/nud-beton-fatning-kobber.png","contentUrl":"https:\/\/pachia.eu\/wp-content\/uploads\/2021\/06\/nud-beton-fatning-kobber.png","width":2000,"height":2000},{"@type":"BreadcrumbList","@id":"https:\/\/pachia.eu\/da\/nud-kobber-beton-fatning\/#breadcrumb","itemListElement":[{"@type":"ListItem","position":1,"name":"Forside","item":"https:\/\/pachia.eu\/da\/"},{"@type":"ListItem","position":2,"name":"Shop","item":"https:\/\/pachia.eu\/da\/shop-2\/"},{"@type":"ListItem","position":3,"name":"NUD kobber beton fatning"}]},{"@type":"WebSite","@id":"https:\/\/pachia.eu\/da\/#website","url":"https:\/\/pachia.eu\/da\/","name":"Pachia","description":"","publisher":{"@id":"https:\/\/pachia.eu\/da\/#organization"},"potentialAction":[{"@type":"SearchAction","target":{"@type":"EntryPoint","urlTemplate":"https:\/\/pachia.eu\/da\/?s={search_term_string}"},"query-input":{"@type":"PropertyValueSpecification","valueRequired":true,"valueName":"search_term_string"}}],"inLanguage":"da-DK"},{"@type":"Organization","@id":"https:\/\/pachia.eu\/da\/#organization","name":"Pachia ApS","url":"https:\/\/pachia.eu\/da\/","logo":{"@type":"ImageObject","inLanguage":"da-DK","@id":"https:\/\/pachia.eu\/da\/#\/schema\/logo\/image\/","url":"https:\/\/jocaonline.dk\/wp-content\/uploads\/2020\/10\/decoration-logo-small.png","contentUrl":"https:\/\/jocaonline.dk\/wp-content\/uploads\/2020\/10\/decoration-logo-small.png","width":301,"height":100,"caption":"Pachia ApS"},"image":{"@id":"https:\/\/pachia.eu\/da\/#\/schema\/logo\/image\/"},"sameAs":["https:\/\/www.facebook.com\/pachia.shop","https:\/\/www.instagram.com\/pachia.eu"]}]}},"_links":{"self":[{"href":"https:\/\/pachia.eu\/da\/wp-json\/wp\/v2\/product\/642","targetHints":{"allow":["GET"]}}],"collection":[{"href":"https:\/\/pachia.eu\/da\/wp-json\/wp\/v2\/product"}],"about":[{"href":"https:\/\/pachia.eu\/da\/wp-json\/wp\/v2\/types\/product"}],"version-history":[{"count":0,"href":"https:\/\/pachia.eu\/da\/wp-json\/wp\/v2\/product\/642\/revisions"}],"wp:featuredmedia":[{"embeddable":true,"href":"https:\/\/pachia.eu\/da\/wp-json\/wp\/v2\/media\/643"}],"wp:attachment":[{"href":"https:\/\/pachia.eu\/da\/wp-json\/wp\/v2\/media?parent=642"}],"wp:term":[{"taxonomy":"product_brand","embeddable":true,"href":"https:\/\/pachia.eu\/da\/wp-json\/wp\/v2\/product_brand?post=642"},{"taxonomy":"product_cat","embeddable":true,"href":"https:\/\/pachia.eu\/da\/wp-json\/wp\/v2\/product_cat?post=642"},{"taxonomy":"product_tag","embeddable":true,"href":"https:\/\/pachia.eu\/da\/wp-json\/wp\/v2\/product_tag?post=642"},{"taxonomy":"mersalg-tag","embeddable":true,"href":"https:\/\/pachia.eu\/da\/wp-json\/wp\/v2\/mersalg-tag?post=642"}],"curies":[{"name":"wp","href":"https:\/\/api.w.org\/{rel}","templated":true}]}}