{"id":607,"date":"2021-06-08T12:16:57","date_gmt":"2021-06-08T10:16:57","guid":{"rendered":"https:\/\/smplay.dk\/?post_type=product&#038;p=607"},"modified":"2025-03-17T12:24:17","modified_gmt":"2025-03-17T11:24:17","slug":"nud-aqua-kobber-fatning-zebra","status":"publish","type":"product","link":"https:\/\/pachia.eu\/da\/nud-aqua-kobber-fatning-zebra\/","title":{"rendered":"NUD Aqua kobber fatning zebra"},"content":{"rendered":"<p>Kobberfatning med zebra-m\u00f8nstret tekstilledning. Denne flotte lampe st\u00e5r flot alene, men kan med fordel mixes med andre fatninger der s\u00e6ttes sammen i en klynge. Det giver et trendy og personligt pr\u00e6g til dit hjem.<\/p>\n<p>Kabell\u00e6ngde: 3 meter<br \/>\nLyskilde: E27 elp\u00e6re (medf\u00f8lger ikke)<\/p>\n","protected":false},"excerpt":{"rendered":"<p>Kobberfatning med zebra-m\u00f8nstret tekstilledning. Denne flotte lampe st\u00e5r flot alene, men kan med fordel mixes med andre fatninger der s\u00e6ttes sammen i en klynge. Det giver et trendy og personligt pr\u00e6g til dit hjem. Kabell\u00e6ngde: 3 meter Lyskilde: E27 elp\u00e6re (medf\u00f8lger ikke)<\/p>\n","protected":false},"featured_media":608,"template":"","meta":{"_lmt_disableupdate":"no","_lmt_disable":""},"product_brand":[],"product_cat":[40,37],"product_tag":[],"mersalg-tag":[117],"class_list":{"0":"post-607","1":"product","2":"type-product","3":"status-publish","4":"has-post-thumbnail","6":"product_cat-produkter","7":"product_cat-fatninger-ledninger","8":"mersalg-tag-fatning","10":"first","11":"instock","12":"taxable","13":"shipping-taxable","14":"purchasable","15":"product-type-simple"},"yoast_head":"<!-- This site is optimized with the Yoast SEO plugin v27.3 - https:\/\/yoast.com\/product\/yoast-seo-wordpress\/ -->\n<title>NUD Aqua kobber fatning zebra | Fatninger &amp; ledninger | - Pachia<\/title>\n<meta name=\"robots\" content=\"index, follow, max-snippet:-1, max-image-preview:large, max-video-preview:-1\" \/>\n<link rel=\"canonical\" href=\"https:\/\/pachia.eu\/da\/nud-aqua-kobber-fatning-zebra\/\" \/>\n<meta property=\"og:locale\" content=\"da_DK\" \/>\n<meta property=\"og:type\" content=\"article\" \/>\n<meta property=\"og:title\" content=\"NUD Aqua kobber fatning zebra | Fatninger &amp; ledninger | - Pachia\" \/>\n<meta property=\"og:description\" content=\"Kobberfatning med zebra-m\u00f8nstret tekstilledning. Denne flotte lampe st\u00e5r flot alene, men kan med fordel mixes med andre fatninger der s\u00e6ttes sammen i en klynge. Det giver et trendy og personligt pr\u00e6g til dit hjem. Kabell\u00e6ngde: 3 meter Lyskilde: E27 elp\u00e6re (medf\u00f8lger ikke)\" \/>\n<meta property=\"og:url\" content=\"https:\/\/pachia.eu\/da\/nud-aqua-kobber-fatning-zebra\/\" \/>\n<meta property=\"og:site_name\" content=\"Pachia\" \/>\n<meta property=\"article:publisher\" content=\"https:\/\/www.facebook.com\/pachia.shop\" \/>\n<meta property=\"article:modified_time\" content=\"2025-03-17T11:24:17+00:00\" \/>\n<meta property=\"og:image\" content=\"https:\/\/pachia.eu\/wp-content\/uploads\/2021\/06\/aqua-zebra.png\" \/>\n\t<meta property=\"og:image:width\" content=\"1600\" \/>\n\t<meta property=\"og:image:height\" content=\"1600\" \/>\n\t<meta property=\"og:image:type\" content=\"image\/png\" \/>\n<meta name=\"twitter:card\" content=\"summary_large_image\" \/>\n<meta name=\"twitter:label1\" content=\"Estimeret l\u00e6setid\" \/>\n\t<meta name=\"twitter:data1\" content=\"1 minut\" \/>\n<script type=\"application\/ld+json\" class=\"yoast-schema-graph\">{\"@context\":\"https:\\\/\\\/schema.org\",\"@graph\":[{\"@type\":\"WebPage\",\"@id\":\"https:\\\/\\\/pachia.eu\\\/da\\\/nud-aqua-kobber-fatning-zebra\\\/\",\"url\":\"https:\\\/\\\/pachia.eu\\\/da\\\/nud-aqua-kobber-fatning-zebra\\\/\",\"name\":\"NUD Aqua kobber fatning zebra | Fatninger &amp; ledninger | - Pachia\",\"isPartOf\":{\"@id\":\"https:\\\/\\\/pachia.eu\\\/da\\\/#website\"},\"primaryImageOfPage\":{\"@id\":\"https:\\\/\\\/pachia.eu\\\/da\\\/nud-aqua-kobber-fatning-zebra\\\/#primaryimage\"},\"image\":{\"@id\":\"https:\\\/\\\/pachia.eu\\\/da\\\/nud-aqua-kobber-fatning-zebra\\\/#primaryimage\"},\"thumbnailUrl\":\"https:\\\/\\\/pachia.eu\\\/wp-content\\\/uploads\\\/2021\\\/06\\\/aqua-zebra.png\",\"datePublished\":\"2021-06-08T10:16:57+00:00\",\"dateModified\":\"2025-03-17T11:24:17+00:00\",\"breadcrumb\":{\"@id\":\"https:\\\/\\\/pachia.eu\\\/da\\\/nud-aqua-kobber-fatning-zebra\\\/#breadcrumb\"},\"inLanguage\":\"da-DK\",\"potentialAction\":[{\"@type\":\"ReadAction\",\"target\":[\"https:\\\/\\\/pachia.eu\\\/da\\\/nud-aqua-kobber-fatning-zebra\\\/\"]}]},{\"@type\":\"ImageObject\",\"inLanguage\":\"da-DK\",\"@id\":\"https:\\\/\\\/pachia.eu\\\/da\\\/nud-aqua-kobber-fatning-zebra\\\/#primaryimage\",\"url\":\"https:\\\/\\\/pachia.eu\\\/wp-content\\\/uploads\\\/2021\\\/06\\\/aqua-zebra.png\",\"contentUrl\":\"https:\\\/\\\/pachia.eu\\\/wp-content\\\/uploads\\\/2021\\\/06\\\/aqua-zebra.png\",\"width\":1600,\"height\":1600},{\"@type\":\"BreadcrumbList\",\"@id\":\"https:\\\/\\\/pachia.eu\\\/da\\\/nud-aqua-kobber-fatning-zebra\\\/#breadcrumb\",\"itemListElement\":[{\"@type\":\"ListItem\",\"position\":1,\"name\":\"Forside\",\"item\":\"https:\\\/\\\/pachia.eu\\\/da\\\/\"},{\"@type\":\"ListItem\",\"position\":2,\"name\":\"Shop\",\"item\":\"https:\\\/\\\/pachia.eu\\\/da\\\/shop-2\\\/\"},{\"@type\":\"ListItem\",\"position\":3,\"name\":\"NUD Aqua kobber fatning zebra\"}]},{\"@type\":\"WebSite\",\"@id\":\"https:\\\/\\\/pachia.eu\\\/da\\\/#website\",\"url\":\"https:\\\/\\\/pachia.eu\\\/da\\\/\",\"name\":\"Pachia\",\"description\":\"\",\"publisher\":{\"@id\":\"https:\\\/\\\/pachia.eu\\\/da\\\/#organization\"},\"potentialAction\":[{\"@type\":\"SearchAction\",\"target\":{\"@type\":\"EntryPoint\",\"urlTemplate\":\"https:\\\/\\\/pachia.eu\\\/da\\\/?s={search_term_string}\"},\"query-input\":{\"@type\":\"PropertyValueSpecification\",\"valueRequired\":true,\"valueName\":\"search_term_string\"}}],\"inLanguage\":\"da-DK\"},{\"@type\":\"Organization\",\"@id\":\"https:\\\/\\\/pachia.eu\\\/da\\\/#organization\",\"name\":\"Pachia ApS\",\"url\":\"https:\\\/\\\/pachia.eu\\\/da\\\/\",\"logo\":{\"@type\":\"ImageObject\",\"inLanguage\":\"da-DK\",\"@id\":\"https:\\\/\\\/pachia.eu\\\/da\\\/#\\\/schema\\\/logo\\\/image\\\/\",\"url\":\"https:\\\/\\\/jocaonline.dk\\\/wp-content\\\/uploads\\\/2020\\\/10\\\/decoration-logo-small.png\",\"contentUrl\":\"https:\\\/\\\/jocaonline.dk\\\/wp-content\\\/uploads\\\/2020\\\/10\\\/decoration-logo-small.png\",\"width\":301,\"height\":100,\"caption\":\"Pachia ApS\"},\"image\":{\"@id\":\"https:\\\/\\\/pachia.eu\\\/da\\\/#\\\/schema\\\/logo\\\/image\\\/\"},\"sameAs\":[\"https:\\\/\\\/www.facebook.com\\\/pachia.shop\",\"https:\\\/\\\/www.instagram.com\\\/pachia.eu\"]}]}<\/script>\n<!-- \/ Yoast SEO plugin. -->","yoast_head_json":{"title":"NUD Aqua kobber fatning zebra | Fatninger &amp; ledninger | - Pachia","robots":{"index":"index","follow":"follow","max-snippet":"max-snippet:-1","max-image-preview":"max-image-preview:large","max-video-preview":"max-video-preview:-1"},"canonical":"https:\/\/pachia.eu\/da\/nud-aqua-kobber-fatning-zebra\/","og_locale":"da_DK","og_type":"article","og_title":"NUD Aqua kobber fatning zebra | Fatninger &amp; ledninger | - Pachia","og_description":"Kobberfatning med zebra-m\u00f8nstret tekstilledning. Denne flotte lampe st\u00e5r flot alene, men kan med fordel mixes med andre fatninger der s\u00e6ttes sammen i en klynge. Det giver et trendy og personligt pr\u00e6g til dit hjem. Kabell\u00e6ngde: 3 meter Lyskilde: E27 elp\u00e6re (medf\u00f8lger ikke)","og_url":"https:\/\/pachia.eu\/da\/nud-aqua-kobber-fatning-zebra\/","og_site_name":"Pachia","article_publisher":"https:\/\/www.facebook.com\/pachia.shop","article_modified_time":"2025-03-17T11:24:17+00:00","og_image":[{"width":1600,"height":1600,"url":"https:\/\/pachia.eu\/wp-content\/uploads\/2021\/06\/aqua-zebra.png","type":"image\/png"}],"twitter_card":"summary_large_image","twitter_misc":{"Estimeret l\u00e6setid":"1 minut"},"schema":{"@context":"https:\/\/schema.org","@graph":[{"@type":"WebPage","@id":"https:\/\/pachia.eu\/da\/nud-aqua-kobber-fatning-zebra\/","url":"https:\/\/pachia.eu\/da\/nud-aqua-kobber-fatning-zebra\/","name":"NUD Aqua kobber fatning zebra | Fatninger &amp; ledninger | - Pachia","isPartOf":{"@id":"https:\/\/pachia.eu\/da\/#website"},"primaryImageOfPage":{"@id":"https:\/\/pachia.eu\/da\/nud-aqua-kobber-fatning-zebra\/#primaryimage"},"image":{"@id":"https:\/\/pachia.eu\/da\/nud-aqua-kobber-fatning-zebra\/#primaryimage"},"thumbnailUrl":"https:\/\/pachia.eu\/wp-content\/uploads\/2021\/06\/aqua-zebra.png","datePublished":"2021-06-08T10:16:57+00:00","dateModified":"2025-03-17T11:24:17+00:00","breadcrumb":{"@id":"https:\/\/pachia.eu\/da\/nud-aqua-kobber-fatning-zebra\/#breadcrumb"},"inLanguage":"da-DK","potentialAction":[{"@type":"ReadAction","target":["https:\/\/pachia.eu\/da\/nud-aqua-kobber-fatning-zebra\/"]}]},{"@type":"ImageObject","inLanguage":"da-DK","@id":"https:\/\/pachia.eu\/da\/nud-aqua-kobber-fatning-zebra\/#primaryimage","url":"https:\/\/pachia.eu\/wp-content\/uploads\/2021\/06\/aqua-zebra.png","contentUrl":"https:\/\/pachia.eu\/wp-content\/uploads\/2021\/06\/aqua-zebra.png","width":1600,"height":1600},{"@type":"BreadcrumbList","@id":"https:\/\/pachia.eu\/da\/nud-aqua-kobber-fatning-zebra\/#breadcrumb","itemListElement":[{"@type":"ListItem","position":1,"name":"Forside","item":"https:\/\/pachia.eu\/da\/"},{"@type":"ListItem","position":2,"name":"Shop","item":"https:\/\/pachia.eu\/da\/shop-2\/"},{"@type":"ListItem","position":3,"name":"NUD Aqua kobber fatning zebra"}]},{"@type":"WebSite","@id":"https:\/\/pachia.eu\/da\/#website","url":"https:\/\/pachia.eu\/da\/","name":"Pachia","description":"","publisher":{"@id":"https:\/\/pachia.eu\/da\/#organization"},"potentialAction":[{"@type":"SearchAction","target":{"@type":"EntryPoint","urlTemplate":"https:\/\/pachia.eu\/da\/?s={search_term_string}"},"query-input":{"@type":"PropertyValueSpecification","valueRequired":true,"valueName":"search_term_string"}}],"inLanguage":"da-DK"},{"@type":"Organization","@id":"https:\/\/pachia.eu\/da\/#organization","name":"Pachia ApS","url":"https:\/\/pachia.eu\/da\/","logo":{"@type":"ImageObject","inLanguage":"da-DK","@id":"https:\/\/pachia.eu\/da\/#\/schema\/logo\/image\/","url":"https:\/\/jocaonline.dk\/wp-content\/uploads\/2020\/10\/decoration-logo-small.png","contentUrl":"https:\/\/jocaonline.dk\/wp-content\/uploads\/2020\/10\/decoration-logo-small.png","width":301,"height":100,"caption":"Pachia ApS"},"image":{"@id":"https:\/\/pachia.eu\/da\/#\/schema\/logo\/image\/"},"sameAs":["https:\/\/www.facebook.com\/pachia.shop","https:\/\/www.instagram.com\/pachia.eu"]}]}},"_links":{"self":[{"href":"https:\/\/pachia.eu\/da\/wp-json\/wp\/v2\/product\/607","targetHints":{"allow":["GET"]}}],"collection":[{"href":"https:\/\/pachia.eu\/da\/wp-json\/wp\/v2\/product"}],"about":[{"href":"https:\/\/pachia.eu\/da\/wp-json\/wp\/v2\/types\/product"}],"version-history":[{"count":0,"href":"https:\/\/pachia.eu\/da\/wp-json\/wp\/v2\/product\/607\/revisions"}],"wp:featuredmedia":[{"embeddable":true,"href":"https:\/\/pachia.eu\/da\/wp-json\/wp\/v2\/media\/608"}],"wp:attachment":[{"href":"https:\/\/pachia.eu\/da\/wp-json\/wp\/v2\/media?parent=607"}],"wp:term":[{"taxonomy":"product_brand","embeddable":true,"href":"https:\/\/pachia.eu\/da\/wp-json\/wp\/v2\/product_brand?post=607"},{"taxonomy":"product_cat","embeddable":true,"href":"https:\/\/pachia.eu\/da\/wp-json\/wp\/v2\/product_cat?post=607"},{"taxonomy":"product_tag","embeddable":true,"href":"https:\/\/pachia.eu\/da\/wp-json\/wp\/v2\/product_tag?post=607"},{"taxonomy":"mersalg-tag","embeddable":true,"href":"https:\/\/pachia.eu\/da\/wp-json\/wp\/v2\/mersalg-tag?post=607"}],"curies":[{"name":"wp","href":"https:\/\/api.w.org\/{rel}","templated":true}]}}