{"id":252,"date":"2021-02-24T13:18:12","date_gmt":"2021-02-24T12:18:12","guid":{"rendered":"https:\/\/pachia.eu\/?post_type=product&#038;p=252"},"modified":"2026-04-20T12:11:28","modified_gmt":"2026-04-20T10:11:28","slug":"sort-fatning-med-ledning","status":"publish","type":"product","link":"https:\/\/pachia.eu\/da\/sort-fatning-med-ledning\/","title":{"rendered":"Sort fatningss\u00e6t"},"content":{"rendered":"<p>Vores fatningss\u00e6t er det perfekte valg, n\u00e5r du \u00f8nsker en funktionel og stilfuld l\u00f8sning, der b\u00e5de passer til vores rispapirlamper og mange andre lamper. S\u00e6ttet inkluderer en E27 fatning med en silikonek\u00e5be, der giver et moderne og minimalistisk udseende til dine lamper.<\/p>\n<p><strong>Indhold i s\u00e6t:<\/strong><\/p>\n<ul>\n<li><strong>E27 fatning med silikonek\u00e5be<\/strong> \u2013 Passer til de fleste standard E27 p\u00e6rer og giver et elegant udtryk.<\/li>\n<li><strong>Silikone baldakin<\/strong> \u2013 Enkel at montere og skaber et rent, stilfuldt look i dit hjem.<\/li>\n<li><strong>Ledning i tekstil eller plastik<\/strong> \u2013 V\u00e6lg mellem 2, 3, 5 eller 8 meter ledning alt efter, hvor du \u00f8nsker at placere din lampe.<\/li>\n<li><strong>P\u00e6re medf\u00f8lger ikke<\/strong> \u2013 S\u00e6ttet leveres uden p\u00e6re, s\u00e5 du kan v\u00e6lge den, der passer bedst til dit behov og design.<\/li>\n<\/ul>\n<p>Dette fatningss\u00e6t er ideelt til b\u00e5de pendellamper og loftslamper og kan nemt tilpasses dit hjem eller kontor. Designet er b\u00e5de funktionelt og \u00e6stetisk, og den fleksible ledning g\u00f8r det muligt at tilpasse l\u00e6ngden afh\u00e6ngigt af rummet. Giv dit hjem et moderne touch med vores fatningss\u00e6t og skab den perfekte belysning til dit rum.<\/p>\n","protected":false},"excerpt":{"rendered":"<p>Vores fatningss\u00e6t er det perfekte valg, n\u00e5r du \u00f8nsker en funktionel og stilfuld l\u00f8sning, der b\u00e5de passer til vores rispapirlamper og mange andre lamper. S\u00e6ttet inkluderer en E27 fatning med en silikonek\u00e5be, der giver et moderne og minimalistisk udseende til dine lamper. Indhold i s\u00e6t: E27 fatning med silikonek\u00e5be \u2013 Passer til de fleste standard [&hellip;]<\/p>\n","protected":false},"featured_media":430,"template":"","meta":{"_lmt_disableupdate":"no","_lmt_disable":""},"product_brand":[],"product_cat":[268,40,37],"product_tag":[92,91,96],"mersalg-tag":[117],"class_list":{"0":"post-252","1":"product","2":"type-product","3":"status-publish","4":"has-post-thumbnail","6":"product_cat-messe","7":"product_cat-produkter","8":"product_cat-fatninger-ledninger","9":"product_tag-e14-fatning","10":"product_tag-e27-fatning","11":"product_tag-fatning","12":"mersalg-tag-fatning","14":"first","15":"instock","16":"taxable","17":"shipping-taxable","18":"purchasable","19":"product-type-variable","20":"has-default-attributes"},"yoast_head":"<!-- This site is optimized with the Yoast SEO plugin v27.3 - https:\/\/yoast.com\/product\/yoast-seo-wordpress\/ -->\n<title>Sort silekone fatning med ledning - Fatning og oph\u00e6ng til lamper<\/title>\n<meta name=\"description\" content=\"Vores sorte fatning med stofledning kan bruges til oph\u00e6ng af lamper. Fatningen bruger en standard E27 p\u00e6re og har en max effekt p\u00e5 60W.\" \/>\n<meta name=\"robots\" content=\"index, follow, max-snippet:-1, max-image-preview:large, max-video-preview:-1\" \/>\n<link rel=\"canonical\" href=\"https:\/\/pachia.eu\/da\/sort-fatning-med-ledning\/\" \/>\n<meta property=\"og:locale\" content=\"da_DK\" \/>\n<meta property=\"og:type\" content=\"article\" \/>\n<meta property=\"og:title\" content=\"Sort silekone fatning med ledning - Fatning og oph\u00e6ng til lamper\" \/>\n<meta property=\"og:description\" content=\"Vores sorte fatning med stofledning kan bruges til oph\u00e6ng af lamper. Fatningen bruger en standard E27 p\u00e6re og har en max effekt p\u00e5 60W.\" \/>\n<meta property=\"og:url\" content=\"https:\/\/pachia.eu\/da\/sort-fatning-med-ledning\/\" \/>\n<meta property=\"og:site_name\" content=\"Pachia\" \/>\n<meta property=\"article:publisher\" content=\"https:\/\/www.facebook.com\/pachia.shop\" \/>\n<meta property=\"article:modified_time\" content=\"2026-04-20T10:11:28+00:00\" \/>\n<meta property=\"og:image\" content=\"https:\/\/pachia.eu\/wp-content\/uploads\/2021\/02\/sort-fatning-ledning-closeup.png\" \/>\n\t<meta property=\"og:image:width\" content=\"2000\" \/>\n\t<meta property=\"og:image:height\" content=\"2000\" \/>\n\t<meta property=\"og:image:type\" content=\"image\/png\" \/>\n<meta name=\"twitter:card\" content=\"summary_large_image\" \/>\n<meta name=\"twitter:label1\" content=\"Estimeret l\u00e6setid\" \/>\n\t<meta name=\"twitter:data1\" content=\"2 minutter\" \/>\n<script type=\"application\/ld+json\" class=\"yoast-schema-graph\">{\"@context\":\"https:\\\/\\\/schema.org\",\"@graph\":[{\"@type\":\"WebPage\",\"@id\":\"https:\\\/\\\/pachia.eu\\\/da\\\/sort-fatning-med-ledning\\\/\",\"url\":\"https:\\\/\\\/pachia.eu\\\/da\\\/sort-fatning-med-ledning\\\/\",\"name\":\"Sort silekone fatning med ledning - Fatning og oph\u00e6ng til lamper\",\"isPartOf\":{\"@id\":\"https:\\\/\\\/pachia.eu\\\/da\\\/#website\"},\"primaryImageOfPage\":{\"@id\":\"https:\\\/\\\/pachia.eu\\\/da\\\/sort-fatning-med-ledning\\\/#primaryimage\"},\"image\":{\"@id\":\"https:\\\/\\\/pachia.eu\\\/da\\\/sort-fatning-med-ledning\\\/#primaryimage\"},\"thumbnailUrl\":\"https:\\\/\\\/pachia.eu\\\/wp-content\\\/uploads\\\/2021\\\/02\\\/sort-fatning-ledning-closeup.png\",\"datePublished\":\"2021-02-24T12:18:12+00:00\",\"dateModified\":\"2026-04-20T10:11:28+00:00\",\"description\":\"Vores sorte fatning med stofledning kan bruges til oph\u00e6ng af lamper. Fatningen bruger en standard E27 p\u00e6re og har en max effekt p\u00e5 60W.\",\"breadcrumb\":{\"@id\":\"https:\\\/\\\/pachia.eu\\\/da\\\/sort-fatning-med-ledning\\\/#breadcrumb\"},\"inLanguage\":\"da-DK\",\"potentialAction\":[{\"@type\":\"ReadAction\",\"target\":[\"https:\\\/\\\/pachia.eu\\\/da\\\/sort-fatning-med-ledning\\\/\"]}]},{\"@type\":\"ImageObject\",\"inLanguage\":\"da-DK\",\"@id\":\"https:\\\/\\\/pachia.eu\\\/da\\\/sort-fatning-med-ledning\\\/#primaryimage\",\"url\":\"https:\\\/\\\/pachia.eu\\\/wp-content\\\/uploads\\\/2021\\\/02\\\/sort-fatning-ledning-closeup.png\",\"contentUrl\":\"https:\\\/\\\/pachia.eu\\\/wp-content\\\/uploads\\\/2021\\\/02\\\/sort-fatning-ledning-closeup.png\",\"width\":2000,\"height\":2000},{\"@type\":\"BreadcrumbList\",\"@id\":\"https:\\\/\\\/pachia.eu\\\/da\\\/sort-fatning-med-ledning\\\/#breadcrumb\",\"itemListElement\":[{\"@type\":\"ListItem\",\"position\":1,\"name\":\"Forside\",\"item\":\"https:\\\/\\\/pachia.eu\\\/da\\\/\"},{\"@type\":\"ListItem\",\"position\":2,\"name\":\"Shop\",\"item\":\"https:\\\/\\\/pachia.eu\\\/da\\\/shop-2\\\/\"},{\"@type\":\"ListItem\",\"position\":3,\"name\":\"Sort fatningss\u00e6t\"}]},{\"@type\":\"WebSite\",\"@id\":\"https:\\\/\\\/pachia.eu\\\/da\\\/#website\",\"url\":\"https:\\\/\\\/pachia.eu\\\/da\\\/\",\"name\":\"Pachia\",\"description\":\"\",\"publisher\":{\"@id\":\"https:\\\/\\\/pachia.eu\\\/da\\\/#organization\"},\"potentialAction\":[{\"@type\":\"SearchAction\",\"target\":{\"@type\":\"EntryPoint\",\"urlTemplate\":\"https:\\\/\\\/pachia.eu\\\/da\\\/?s={search_term_string}\"},\"query-input\":{\"@type\":\"PropertyValueSpecification\",\"valueRequired\":true,\"valueName\":\"search_term_string\"}}],\"inLanguage\":\"da-DK\"},{\"@type\":\"Organization\",\"@id\":\"https:\\\/\\\/pachia.eu\\\/da\\\/#organization\",\"name\":\"Pachia ApS\",\"url\":\"https:\\\/\\\/pachia.eu\\\/da\\\/\",\"logo\":{\"@type\":\"ImageObject\",\"inLanguage\":\"da-DK\",\"@id\":\"https:\\\/\\\/pachia.eu\\\/da\\\/#\\\/schema\\\/logo\\\/image\\\/\",\"url\":\"https:\\\/\\\/jocaonline.dk\\\/wp-content\\\/uploads\\\/2020\\\/10\\\/decoration-logo-small.png\",\"contentUrl\":\"https:\\\/\\\/jocaonline.dk\\\/wp-content\\\/uploads\\\/2020\\\/10\\\/decoration-logo-small.png\",\"width\":301,\"height\":100,\"caption\":\"Pachia ApS\"},\"image\":{\"@id\":\"https:\\\/\\\/pachia.eu\\\/da\\\/#\\\/schema\\\/logo\\\/image\\\/\"},\"sameAs\":[\"https:\\\/\\\/www.facebook.com\\\/pachia.shop\",\"https:\\\/\\\/www.instagram.com\\\/pachia.eu\"]}]}<\/script>\n<!-- \/ Yoast SEO plugin. -->","yoast_head_json":{"title":"Sort silekone fatning med ledning - Fatning og oph\u00e6ng til lamper","description":"Vores sorte fatning med stofledning kan bruges til oph\u00e6ng af lamper. Fatningen bruger en standard E27 p\u00e6re og har en max effekt p\u00e5 60W.","robots":{"index":"index","follow":"follow","max-snippet":"max-snippet:-1","max-image-preview":"max-image-preview:large","max-video-preview":"max-video-preview:-1"},"canonical":"https:\/\/pachia.eu\/da\/sort-fatning-med-ledning\/","og_locale":"da_DK","og_type":"article","og_title":"Sort silekone fatning med ledning - Fatning og oph\u00e6ng til lamper","og_description":"Vores sorte fatning med stofledning kan bruges til oph\u00e6ng af lamper. Fatningen bruger en standard E27 p\u00e6re og har en max effekt p\u00e5 60W.","og_url":"https:\/\/pachia.eu\/da\/sort-fatning-med-ledning\/","og_site_name":"Pachia","article_publisher":"https:\/\/www.facebook.com\/pachia.shop","article_modified_time":"2026-04-20T10:11:28+00:00","og_image":[{"width":2000,"height":2000,"url":"https:\/\/pachia.eu\/wp-content\/uploads\/2021\/02\/sort-fatning-ledning-closeup.png","type":"image\/png"}],"twitter_card":"summary_large_image","twitter_misc":{"Estimeret l\u00e6setid":"2 minutter"},"schema":{"@context":"https:\/\/schema.org","@graph":[{"@type":"WebPage","@id":"https:\/\/pachia.eu\/da\/sort-fatning-med-ledning\/","url":"https:\/\/pachia.eu\/da\/sort-fatning-med-ledning\/","name":"Sort silekone fatning med ledning - Fatning og oph\u00e6ng til lamper","isPartOf":{"@id":"https:\/\/pachia.eu\/da\/#website"},"primaryImageOfPage":{"@id":"https:\/\/pachia.eu\/da\/sort-fatning-med-ledning\/#primaryimage"},"image":{"@id":"https:\/\/pachia.eu\/da\/sort-fatning-med-ledning\/#primaryimage"},"thumbnailUrl":"https:\/\/pachia.eu\/wp-content\/uploads\/2021\/02\/sort-fatning-ledning-closeup.png","datePublished":"2021-02-24T12:18:12+00:00","dateModified":"2026-04-20T10:11:28+00:00","description":"Vores sorte fatning med stofledning kan bruges til oph\u00e6ng af lamper. Fatningen bruger en standard E27 p\u00e6re og har en max effekt p\u00e5 60W.","breadcrumb":{"@id":"https:\/\/pachia.eu\/da\/sort-fatning-med-ledning\/#breadcrumb"},"inLanguage":"da-DK","potentialAction":[{"@type":"ReadAction","target":["https:\/\/pachia.eu\/da\/sort-fatning-med-ledning\/"]}]},{"@type":"ImageObject","inLanguage":"da-DK","@id":"https:\/\/pachia.eu\/da\/sort-fatning-med-ledning\/#primaryimage","url":"https:\/\/pachia.eu\/wp-content\/uploads\/2021\/02\/sort-fatning-ledning-closeup.png","contentUrl":"https:\/\/pachia.eu\/wp-content\/uploads\/2021\/02\/sort-fatning-ledning-closeup.png","width":2000,"height":2000},{"@type":"BreadcrumbList","@id":"https:\/\/pachia.eu\/da\/sort-fatning-med-ledning\/#breadcrumb","itemListElement":[{"@type":"ListItem","position":1,"name":"Forside","item":"https:\/\/pachia.eu\/da\/"},{"@type":"ListItem","position":2,"name":"Shop","item":"https:\/\/pachia.eu\/da\/shop-2\/"},{"@type":"ListItem","position":3,"name":"Sort fatningss\u00e6t"}]},{"@type":"WebSite","@id":"https:\/\/pachia.eu\/da\/#website","url":"https:\/\/pachia.eu\/da\/","name":"Pachia","description":"","publisher":{"@id":"https:\/\/pachia.eu\/da\/#organization"},"potentialAction":[{"@type":"SearchAction","target":{"@type":"EntryPoint","urlTemplate":"https:\/\/pachia.eu\/da\/?s={search_term_string}"},"query-input":{"@type":"PropertyValueSpecification","valueRequired":true,"valueName":"search_term_string"}}],"inLanguage":"da-DK"},{"@type":"Organization","@id":"https:\/\/pachia.eu\/da\/#organization","name":"Pachia ApS","url":"https:\/\/pachia.eu\/da\/","logo":{"@type":"ImageObject","inLanguage":"da-DK","@id":"https:\/\/pachia.eu\/da\/#\/schema\/logo\/image\/","url":"https:\/\/jocaonline.dk\/wp-content\/uploads\/2020\/10\/decoration-logo-small.png","contentUrl":"https:\/\/jocaonline.dk\/wp-content\/uploads\/2020\/10\/decoration-logo-small.png","width":301,"height":100,"caption":"Pachia ApS"},"image":{"@id":"https:\/\/pachia.eu\/da\/#\/schema\/logo\/image\/"},"sameAs":["https:\/\/www.facebook.com\/pachia.shop","https:\/\/www.instagram.com\/pachia.eu"]}]}},"_links":{"self":[{"href":"https:\/\/pachia.eu\/da\/wp-json\/wp\/v2\/product\/252","targetHints":{"allow":["GET"]}}],"collection":[{"href":"https:\/\/pachia.eu\/da\/wp-json\/wp\/v2\/product"}],"about":[{"href":"https:\/\/pachia.eu\/da\/wp-json\/wp\/v2\/types\/product"}],"version-history":[{"count":0,"href":"https:\/\/pachia.eu\/da\/wp-json\/wp\/v2\/product\/252\/revisions"}],"wp:featuredmedia":[{"embeddable":true,"href":"https:\/\/pachia.eu\/da\/wp-json\/wp\/v2\/media\/430"}],"wp:attachment":[{"href":"https:\/\/pachia.eu\/da\/wp-json\/wp\/v2\/media?parent=252"}],"wp:term":[{"taxonomy":"product_brand","embeddable":true,"href":"https:\/\/pachia.eu\/da\/wp-json\/wp\/v2\/product_brand?post=252"},{"taxonomy":"product_cat","embeddable":true,"href":"https:\/\/pachia.eu\/da\/wp-json\/wp\/v2\/product_cat?post=252"},{"taxonomy":"product_tag","embeddable":true,"href":"https:\/\/pachia.eu\/da\/wp-json\/wp\/v2\/product_tag?post=252"},{"taxonomy":"mersalg-tag","embeddable":true,"href":"https:\/\/pachia.eu\/da\/wp-json\/wp\/v2\/mersalg-tag?post=252"}],"curies":[{"name":"wp","href":"https:\/\/api.w.org\/{rel}","templated":true}]}}