{"id":230103,"date":"2025-06-19T16:00:50","date_gmt":"2025-06-19T14:00:50","guid":{"rendered":"https:\/\/pachia.eu\/?post_type=product&#038;p=230103"},"modified":"2025-10-16T23:15:24","modified_gmt":"2025-10-16T21:15:24","slug":"kraftig-paere-til-store-lamper-philips-corepro-23w","status":"publish","type":"product","link":"https:\/\/pachia.eu\/da\/kraftig-paere-til-store-lamper-philips-corepro-23w\/","title":{"rendered":"Kraftig p\u00e6re til store lamper &#8211; Varm Hvid 23W"},"content":{"rendered":"<p>Denne kraftige LED p\u00e6re fra Philips er specielt velegnet til vores st\u00f8rste lamper &#8211; herunder vores 120 cm lamper, der kr\u00e6ver ekstra meget lys. Med sin varmhvide farve giver den et sk\u00f8nt naturligt lys, der passer ind i alle hjem, hvor man \u00f8nsker et varmt og behageligt lys.<\/p>\n<p><strong>Specifikationer:<\/strong><\/p>\n<ul>\n<li><strong>Lysstyrke<\/strong>: 3452 lm<\/li>\n<li><strong>Farve temperatur:<\/strong> 2700 Kelvin<\/li>\n<li><strong>Watt:<\/strong> 23 (svarer til 200 w p\u00e5 gl\u00f8dep\u00e6re skalaen)<\/li>\n<li><strong>Fatning:<\/strong> E27<\/li>\n<li><strong>Farvegengivelse Ra<\/strong>: 80-89<\/li>\n<li><strong>P\u00e6ren er ikke d\u00e6mpbar<\/strong><\/li>\n<\/ul>\n<p>&nbsp;<\/p>\n","protected":false},"excerpt":{"rendered":"<p>Denne kraftige LED p\u00e6re fra Philips er specielt velegnet til vores st\u00f8rste lamper &#8211; herunder vores 120 cm lamper, der kr\u00e6ver ekstra meget lys. Med sin varmhvide farve giver den et sk\u00f8nt naturligt lys, der passer ind i alle hjem, hvor man \u00f8nsker et varmt og behageligt lys. Specifikationer: Lysstyrke: 3452 lm Farve temperatur: 2700 [&hellip;]<\/p>\n","protected":false},"featured_media":230104,"template":"","meta":{"_lmt_disableupdate":"no","_lmt_disable":""},"product_brand":[],"product_cat":[40,129,130],"product_tag":[],"mersalg-tag":[118],"class_list":{"0":"post-230103","1":"product","2":"type-product","3":"status-publish","4":"has-post-thumbnail","6":"product_cat-produkter","7":"product_cat-tilbehoer","8":"product_cat-led-paerer","9":"mersalg-tag-paere","11":"first","12":"instock","13":"taxable","14":"shipping-taxable","15":"purchasable","16":"product-type-simple"},"yoast_head":"<!-- This site is optimized with the Yoast SEO plugin v27.3 - https:\/\/yoast.com\/product\/yoast-seo-wordpress\/ -->\n<title>Kraftig p\u00e6re til store lamper - Varm Hvid 23W | LED p\u00e6rer &amp; lyskilder | - Pachia<\/title>\n<meta name=\"robots\" content=\"index, follow, max-snippet:-1, max-image-preview:large, max-video-preview:-1\" \/>\n<link rel=\"canonical\" href=\"https:\/\/pachia.eu\/da\/kraftig-paere-til-store-lamper-philips-corepro-23w\/\" \/>\n<meta property=\"og:locale\" content=\"da_DK\" \/>\n<meta property=\"og:type\" content=\"article\" \/>\n<meta property=\"og:title\" content=\"Kraftig p\u00e6re til store lamper - Varm Hvid 23W | LED p\u00e6rer &amp; lyskilder | - Pachia\" \/>\n<meta property=\"og:description\" content=\"Denne kraftige LED p\u00e6re fra Philips er specielt velegnet til vores st\u00f8rste lamper &#8211; herunder vores 120 cm lamper, der kr\u00e6ver ekstra meget lys. Med sin varmhvide farve giver den et sk\u00f8nt naturligt lys, der passer ind i alle hjem, hvor man \u00f8nsker et varmt og behageligt lys. Specifikationer: Lysstyrke: 3452 lm Farve temperatur: 2700 [&hellip;]\" \/>\n<meta property=\"og:url\" content=\"https:\/\/pachia.eu\/da\/kraftig-paere-til-store-lamper-philips-corepro-23w\/\" \/>\n<meta property=\"og:site_name\" content=\"Pachia\" \/>\n<meta property=\"article:publisher\" content=\"https:\/\/www.facebook.com\/pachia.shop\" \/>\n<meta property=\"article:modified_time\" content=\"2025-10-16T21:15:24+00:00\" \/>\n<meta property=\"og:image\" content=\"https:\/\/pachia.eu\/wp-content\/uploads\/2025\/06\/stor-paere.png\" \/>\n\t<meta property=\"og:image:width\" content=\"960\" \/>\n\t<meta property=\"og:image:height\" content=\"960\" \/>\n\t<meta property=\"og:image:type\" content=\"image\/png\" \/>\n<meta name=\"twitter:card\" content=\"summary_large_image\" \/>\n<meta name=\"twitter:label1\" content=\"Estimeret l\u00e6setid\" \/>\n\t<meta name=\"twitter:data1\" content=\"1 minut\" \/>\n<script type=\"application\/ld+json\" class=\"yoast-schema-graph\">{\"@context\":\"https:\\\/\\\/schema.org\",\"@graph\":[{\"@type\":\"WebPage\",\"@id\":\"https:\\\/\\\/pachia.eu\\\/da\\\/kraftig-paere-til-store-lamper-philips-corepro-23w\\\/\",\"url\":\"https:\\\/\\\/pachia.eu\\\/da\\\/kraftig-paere-til-store-lamper-philips-corepro-23w\\\/\",\"name\":\"Kraftig p\u00e6re til store lamper - Varm Hvid 23W | LED p\u00e6rer &amp; lyskilder | - Pachia\",\"isPartOf\":{\"@id\":\"https:\\\/\\\/pachia.eu\\\/da\\\/#website\"},\"primaryImageOfPage\":{\"@id\":\"https:\\\/\\\/pachia.eu\\\/da\\\/kraftig-paere-til-store-lamper-philips-corepro-23w\\\/#primaryimage\"},\"image\":{\"@id\":\"https:\\\/\\\/pachia.eu\\\/da\\\/kraftig-paere-til-store-lamper-philips-corepro-23w\\\/#primaryimage\"},\"thumbnailUrl\":\"https:\\\/\\\/pachia.eu\\\/wp-content\\\/uploads\\\/2025\\\/06\\\/stor-paere.png\",\"datePublished\":\"2025-06-19T14:00:50+00:00\",\"dateModified\":\"2025-10-16T21:15:24+00:00\",\"breadcrumb\":{\"@id\":\"https:\\\/\\\/pachia.eu\\\/da\\\/kraftig-paere-til-store-lamper-philips-corepro-23w\\\/#breadcrumb\"},\"inLanguage\":\"da-DK\",\"potentialAction\":[{\"@type\":\"ReadAction\",\"target\":[\"https:\\\/\\\/pachia.eu\\\/da\\\/kraftig-paere-til-store-lamper-philips-corepro-23w\\\/\"]}]},{\"@type\":\"ImageObject\",\"inLanguage\":\"da-DK\",\"@id\":\"https:\\\/\\\/pachia.eu\\\/da\\\/kraftig-paere-til-store-lamper-philips-corepro-23w\\\/#primaryimage\",\"url\":\"https:\\\/\\\/pachia.eu\\\/wp-content\\\/uploads\\\/2025\\\/06\\\/stor-paere.png\",\"contentUrl\":\"https:\\\/\\\/pachia.eu\\\/wp-content\\\/uploads\\\/2025\\\/06\\\/stor-paere.png\",\"width\":960,\"height\":960},{\"@type\":\"BreadcrumbList\",\"@id\":\"https:\\\/\\\/pachia.eu\\\/da\\\/kraftig-paere-til-store-lamper-philips-corepro-23w\\\/#breadcrumb\",\"itemListElement\":[{\"@type\":\"ListItem\",\"position\":1,\"name\":\"Forside\",\"item\":\"https:\\\/\\\/pachia.eu\\\/da\\\/\"},{\"@type\":\"ListItem\",\"position\":2,\"name\":\"Shop\",\"item\":\"https:\\\/\\\/pachia.eu\\\/da\\\/shop-2\\\/\"},{\"@type\":\"ListItem\",\"position\":3,\"name\":\"Kraftig p\u00e6re til store lamper &#8211; Varm Hvid 23W\"}]},{\"@type\":\"WebSite\",\"@id\":\"https:\\\/\\\/pachia.eu\\\/da\\\/#website\",\"url\":\"https:\\\/\\\/pachia.eu\\\/da\\\/\",\"name\":\"Pachia\",\"description\":\"\",\"publisher\":{\"@id\":\"https:\\\/\\\/pachia.eu\\\/da\\\/#organization\"},\"potentialAction\":[{\"@type\":\"SearchAction\",\"target\":{\"@type\":\"EntryPoint\",\"urlTemplate\":\"https:\\\/\\\/pachia.eu\\\/da\\\/?s={search_term_string}\"},\"query-input\":{\"@type\":\"PropertyValueSpecification\",\"valueRequired\":true,\"valueName\":\"search_term_string\"}}],\"inLanguage\":\"da-DK\"},{\"@type\":\"Organization\",\"@id\":\"https:\\\/\\\/pachia.eu\\\/da\\\/#organization\",\"name\":\"Pachia ApS\",\"url\":\"https:\\\/\\\/pachia.eu\\\/da\\\/\",\"logo\":{\"@type\":\"ImageObject\",\"inLanguage\":\"da-DK\",\"@id\":\"https:\\\/\\\/pachia.eu\\\/da\\\/#\\\/schema\\\/logo\\\/image\\\/\",\"url\":\"https:\\\/\\\/jocaonline.dk\\\/wp-content\\\/uploads\\\/2020\\\/10\\\/decoration-logo-small.png\",\"contentUrl\":\"https:\\\/\\\/jocaonline.dk\\\/wp-content\\\/uploads\\\/2020\\\/10\\\/decoration-logo-small.png\",\"width\":301,\"height\":100,\"caption\":\"Pachia ApS\"},\"image\":{\"@id\":\"https:\\\/\\\/pachia.eu\\\/da\\\/#\\\/schema\\\/logo\\\/image\\\/\"},\"sameAs\":[\"https:\\\/\\\/www.facebook.com\\\/pachia.shop\",\"https:\\\/\\\/www.instagram.com\\\/pachia.eu\"]}]}<\/script>\n<!-- \/ Yoast SEO plugin. -->","yoast_head_json":{"title":"Kraftig p\u00e6re til store lamper - Varm Hvid 23W | LED p\u00e6rer &amp; lyskilder | - Pachia","robots":{"index":"index","follow":"follow","max-snippet":"max-snippet:-1","max-image-preview":"max-image-preview:large","max-video-preview":"max-video-preview:-1"},"canonical":"https:\/\/pachia.eu\/da\/kraftig-paere-til-store-lamper-philips-corepro-23w\/","og_locale":"da_DK","og_type":"article","og_title":"Kraftig p\u00e6re til store lamper - Varm Hvid 23W | LED p\u00e6rer &amp; lyskilder | - Pachia","og_description":"Denne kraftige LED p\u00e6re fra Philips er specielt velegnet til vores st\u00f8rste lamper &#8211; herunder vores 120 cm lamper, der kr\u00e6ver ekstra meget lys. Med sin varmhvide farve giver den et sk\u00f8nt naturligt lys, der passer ind i alle hjem, hvor man \u00f8nsker et varmt og behageligt lys. Specifikationer: Lysstyrke: 3452 lm Farve temperatur: 2700 [&hellip;]","og_url":"https:\/\/pachia.eu\/da\/kraftig-paere-til-store-lamper-philips-corepro-23w\/","og_site_name":"Pachia","article_publisher":"https:\/\/www.facebook.com\/pachia.shop","article_modified_time":"2025-10-16T21:15:24+00:00","og_image":[{"width":960,"height":960,"url":"https:\/\/pachia.eu\/wp-content\/uploads\/2025\/06\/stor-paere.png","type":"image\/png"}],"twitter_card":"summary_large_image","twitter_misc":{"Estimeret l\u00e6setid":"1 minut"},"schema":{"@context":"https:\/\/schema.org","@graph":[{"@type":"WebPage","@id":"https:\/\/pachia.eu\/da\/kraftig-paere-til-store-lamper-philips-corepro-23w\/","url":"https:\/\/pachia.eu\/da\/kraftig-paere-til-store-lamper-philips-corepro-23w\/","name":"Kraftig p\u00e6re til store lamper - Varm Hvid 23W | LED p\u00e6rer &amp; lyskilder | - Pachia","isPartOf":{"@id":"https:\/\/pachia.eu\/da\/#website"},"primaryImageOfPage":{"@id":"https:\/\/pachia.eu\/da\/kraftig-paere-til-store-lamper-philips-corepro-23w\/#primaryimage"},"image":{"@id":"https:\/\/pachia.eu\/da\/kraftig-paere-til-store-lamper-philips-corepro-23w\/#primaryimage"},"thumbnailUrl":"https:\/\/pachia.eu\/wp-content\/uploads\/2025\/06\/stor-paere.png","datePublished":"2025-06-19T14:00:50+00:00","dateModified":"2025-10-16T21:15:24+00:00","breadcrumb":{"@id":"https:\/\/pachia.eu\/da\/kraftig-paere-til-store-lamper-philips-corepro-23w\/#breadcrumb"},"inLanguage":"da-DK","potentialAction":[{"@type":"ReadAction","target":["https:\/\/pachia.eu\/da\/kraftig-paere-til-store-lamper-philips-corepro-23w\/"]}]},{"@type":"ImageObject","inLanguage":"da-DK","@id":"https:\/\/pachia.eu\/da\/kraftig-paere-til-store-lamper-philips-corepro-23w\/#primaryimage","url":"https:\/\/pachia.eu\/wp-content\/uploads\/2025\/06\/stor-paere.png","contentUrl":"https:\/\/pachia.eu\/wp-content\/uploads\/2025\/06\/stor-paere.png","width":960,"height":960},{"@type":"BreadcrumbList","@id":"https:\/\/pachia.eu\/da\/kraftig-paere-til-store-lamper-philips-corepro-23w\/#breadcrumb","itemListElement":[{"@type":"ListItem","position":1,"name":"Forside","item":"https:\/\/pachia.eu\/da\/"},{"@type":"ListItem","position":2,"name":"Shop","item":"https:\/\/pachia.eu\/da\/shop-2\/"},{"@type":"ListItem","position":3,"name":"Kraftig p\u00e6re til store lamper &#8211; Varm Hvid 23W"}]},{"@type":"WebSite","@id":"https:\/\/pachia.eu\/da\/#website","url":"https:\/\/pachia.eu\/da\/","name":"Pachia","description":"","publisher":{"@id":"https:\/\/pachia.eu\/da\/#organization"},"potentialAction":[{"@type":"SearchAction","target":{"@type":"EntryPoint","urlTemplate":"https:\/\/pachia.eu\/da\/?s={search_term_string}"},"query-input":{"@type":"PropertyValueSpecification","valueRequired":true,"valueName":"search_term_string"}}],"inLanguage":"da-DK"},{"@type":"Organization","@id":"https:\/\/pachia.eu\/da\/#organization","name":"Pachia ApS","url":"https:\/\/pachia.eu\/da\/","logo":{"@type":"ImageObject","inLanguage":"da-DK","@id":"https:\/\/pachia.eu\/da\/#\/schema\/logo\/image\/","url":"https:\/\/jocaonline.dk\/wp-content\/uploads\/2020\/10\/decoration-logo-small.png","contentUrl":"https:\/\/jocaonline.dk\/wp-content\/uploads\/2020\/10\/decoration-logo-small.png","width":301,"height":100,"caption":"Pachia ApS"},"image":{"@id":"https:\/\/pachia.eu\/da\/#\/schema\/logo\/image\/"},"sameAs":["https:\/\/www.facebook.com\/pachia.shop","https:\/\/www.instagram.com\/pachia.eu"]}]}},"_links":{"self":[{"href":"https:\/\/pachia.eu\/da\/wp-json\/wp\/v2\/product\/230103","targetHints":{"allow":["GET"]}}],"collection":[{"href":"https:\/\/pachia.eu\/da\/wp-json\/wp\/v2\/product"}],"about":[{"href":"https:\/\/pachia.eu\/da\/wp-json\/wp\/v2\/types\/product"}],"version-history":[{"count":0,"href":"https:\/\/pachia.eu\/da\/wp-json\/wp\/v2\/product\/230103\/revisions"}],"wp:featuredmedia":[{"embeddable":true,"href":"https:\/\/pachia.eu\/da\/wp-json\/wp\/v2\/media\/230104"}],"wp:attachment":[{"href":"https:\/\/pachia.eu\/da\/wp-json\/wp\/v2\/media?parent=230103"}],"wp:term":[{"taxonomy":"product_brand","embeddable":true,"href":"https:\/\/pachia.eu\/da\/wp-json\/wp\/v2\/product_brand?post=230103"},{"taxonomy":"product_cat","embeddable":true,"href":"https:\/\/pachia.eu\/da\/wp-json\/wp\/v2\/product_cat?post=230103"},{"taxonomy":"product_tag","embeddable":true,"href":"https:\/\/pachia.eu\/da\/wp-json\/wp\/v2\/product_tag?post=230103"},{"taxonomy":"mersalg-tag","embeddable":true,"href":"https:\/\/pachia.eu\/da\/wp-json\/wp\/v2\/mersalg-tag?post=230103"}],"curies":[{"name":"wp","href":"https:\/\/api.w.org\/{rel}","templated":true}]}}