{"id":2264,"date":"2021-06-18T14:30:40","date_gmt":"2021-06-18T12:30:40","guid":{"rendered":"https:\/\/pachia.eu\/?post_type=product&#038;p=2264"},"modified":"2026-01-03T11:19:22","modified_gmt":"2026-01-03T10:19:22","slug":"halloween-graeskar-rispapirlampe-30cm","status":"publish","type":"product","link":"https:\/\/pachia.eu\/da\/halloween-graeskar-rispapirlampe-30cm\/","title":{"rendered":"Halloween gr\u00e6skar rispapirlampe 30cm"},"content":{"rendered":"<p>Denne fine 30cm orange Halloween rispapirlampe er som skabt til den stemningsfulde Halloween fest eller arrangement. Den kan bruges som dekoration eller som belysning alt afh\u00e6ngig af behov. Den gr\u00e6skar lignende lampe associerer i den grad til Halloween og g\u00f8r festen en lille smule mere uhyggelig. Den kan med fordel kombineres sammen med vores 40cm Halloween lamper og sammen med vores fatninger eller batteridrevne LED-lyskilder.<\/p>\n<p>Hvis du er igang med at arrangere et st\u00f8rre Halloween arrangement, s\u00e5 slip fantasien l\u00f8s og sammens\u00e6t flere forskellige af vores orange og hvide Halloween produkter, der kan give dine g\u00e6ster en stemningsfuld fest.<\/p>\n","protected":false},"excerpt":{"rendered":"<p>Denne fine 30cm orange Halloween rispapirlampe er som skabt til den stemningsfulde Halloween fest eller arrangement. Den kan bruges som dekoration eller som belysning alt afh\u00e6ngig af behov. Den gr\u00e6skar lignende lampe associerer i den grad til Halloween og g\u00f8r festen en lille smule mere uhyggelig. Den kan med fordel kombineres sammen med vores 40cm [&hellip;]<\/p>\n","protected":false},"featured_media":2237,"template":"","meta":{"_lmt_disableupdate":"","_lmt_disable":""},"product_brand":[],"product_cat":[40,128,132,135],"product_tag":[],"mersalg-tag":[],"class_list":{"0":"post-2264","1":"product","2":"type-product","3":"status-publish","4":"has-post-thumbnail","6":"product_cat-produkter","7":"product_cat-lamper-motiv","8":"product_cat-festartikler","9":"product_cat-bornelamper","11":"first","12":"instock","13":"taxable","14":"shipping-taxable","15":"purchasable","16":"product-type-simple"},"yoast_head":"<!-- This site is optimized with the Yoast SEO plugin v27.3 - https:\/\/yoast.com\/product\/yoast-seo-wordpress\/ -->\n<title>Halloween gr\u00e6skar rispapirlampe 30cm | B\u00f8rnelamper | - Pachia<\/title>\n<meta name=\"robots\" content=\"index, follow, max-snippet:-1, max-image-preview:large, max-video-preview:-1\" \/>\n<link rel=\"canonical\" href=\"https:\/\/pachia.eu\/da\/halloween-graeskar-rispapirlampe-30cm\/\" \/>\n<meta property=\"og:locale\" content=\"da_DK\" \/>\n<meta property=\"og:type\" content=\"article\" \/>\n<meta property=\"og:title\" content=\"Halloween gr\u00e6skar rispapirlampe 30cm | B\u00f8rnelamper | - Pachia\" \/>\n<meta property=\"og:description\" content=\"Denne fine 30cm orange Halloween rispapirlampe er som skabt til den stemningsfulde Halloween fest eller arrangement. Den kan bruges som dekoration eller som belysning alt afh\u00e6ngig af behov. Den gr\u00e6skar lignende lampe associerer i den grad til Halloween og g\u00f8r festen en lille smule mere uhyggelig. Den kan med fordel kombineres sammen med vores 40cm [&hellip;]\" \/>\n<meta property=\"og:url\" content=\"https:\/\/pachia.eu\/da\/halloween-graeskar-rispapirlampe-30cm\/\" \/>\n<meta property=\"og:site_name\" content=\"Pachia\" \/>\n<meta property=\"article:publisher\" content=\"https:\/\/www.facebook.com\/pachia.shop\" \/>\n<meta property=\"article:modified_time\" content=\"2026-01-03T10:19:22+00:00\" \/>\n<meta property=\"og:image\" content=\"https:\/\/pachia.eu\/wp-content\/uploads\/2021\/06\/halloween-30cm-uhygge_1.png\" \/>\n\t<meta property=\"og:image:width\" content=\"2000\" \/>\n\t<meta property=\"og:image:height\" content=\"2000\" \/>\n\t<meta property=\"og:image:type\" content=\"image\/png\" \/>\n<meta name=\"twitter:card\" content=\"summary_large_image\" \/>\n<meta name=\"twitter:label1\" content=\"Estimeret l\u00e6setid\" \/>\n\t<meta name=\"twitter:data1\" content=\"1 minut\" \/>\n<script type=\"application\/ld+json\" class=\"yoast-schema-graph\">{\"@context\":\"https:\\\/\\\/schema.org\",\"@graph\":[{\"@type\":\"WebPage\",\"@id\":\"https:\\\/\\\/pachia.eu\\\/da\\\/halloween-graeskar-rispapirlampe-30cm\\\/\",\"url\":\"https:\\\/\\\/pachia.eu\\\/da\\\/halloween-graeskar-rispapirlampe-30cm\\\/\",\"name\":\"Halloween gr\u00e6skar rispapirlampe 30cm | B\u00f8rnelamper | - Pachia\",\"isPartOf\":{\"@id\":\"https:\\\/\\\/pachia.eu\\\/da\\\/#website\"},\"primaryImageOfPage\":{\"@id\":\"https:\\\/\\\/pachia.eu\\\/da\\\/halloween-graeskar-rispapirlampe-30cm\\\/#primaryimage\"},\"image\":{\"@id\":\"https:\\\/\\\/pachia.eu\\\/da\\\/halloween-graeskar-rispapirlampe-30cm\\\/#primaryimage\"},\"thumbnailUrl\":\"https:\\\/\\\/pachia.eu\\\/wp-content\\\/uploads\\\/2021\\\/06\\\/halloween-30cm-uhygge_1.png\",\"datePublished\":\"2021-06-18T12:30:40+00:00\",\"dateModified\":\"2026-01-03T10:19:22+00:00\",\"breadcrumb\":{\"@id\":\"https:\\\/\\\/pachia.eu\\\/da\\\/halloween-graeskar-rispapirlampe-30cm\\\/#breadcrumb\"},\"inLanguage\":\"da-DK\",\"potentialAction\":[{\"@type\":\"ReadAction\",\"target\":[\"https:\\\/\\\/pachia.eu\\\/da\\\/halloween-graeskar-rispapirlampe-30cm\\\/\"]}]},{\"@type\":\"ImageObject\",\"inLanguage\":\"da-DK\",\"@id\":\"https:\\\/\\\/pachia.eu\\\/da\\\/halloween-graeskar-rispapirlampe-30cm\\\/#primaryimage\",\"url\":\"https:\\\/\\\/pachia.eu\\\/wp-content\\\/uploads\\\/2021\\\/06\\\/halloween-30cm-uhygge_1.png\",\"contentUrl\":\"https:\\\/\\\/pachia.eu\\\/wp-content\\\/uploads\\\/2021\\\/06\\\/halloween-30cm-uhygge_1.png\",\"width\":2000,\"height\":2000},{\"@type\":\"BreadcrumbList\",\"@id\":\"https:\\\/\\\/pachia.eu\\\/da\\\/halloween-graeskar-rispapirlampe-30cm\\\/#breadcrumb\",\"itemListElement\":[{\"@type\":\"ListItem\",\"position\":1,\"name\":\"Forside\",\"item\":\"https:\\\/\\\/pachia.eu\\\/da\\\/\"},{\"@type\":\"ListItem\",\"position\":2,\"name\":\"Shop\",\"item\":\"https:\\\/\\\/pachia.eu\\\/da\\\/shop-2\\\/\"},{\"@type\":\"ListItem\",\"position\":3,\"name\":\"Halloween gr\u00e6skar rispapirlampe 30cm\"}]},{\"@type\":\"WebSite\",\"@id\":\"https:\\\/\\\/pachia.eu\\\/da\\\/#website\",\"url\":\"https:\\\/\\\/pachia.eu\\\/da\\\/\",\"name\":\"Pachia\",\"description\":\"\",\"publisher\":{\"@id\":\"https:\\\/\\\/pachia.eu\\\/da\\\/#organization\"},\"potentialAction\":[{\"@type\":\"SearchAction\",\"target\":{\"@type\":\"EntryPoint\",\"urlTemplate\":\"https:\\\/\\\/pachia.eu\\\/da\\\/?s={search_term_string}\"},\"query-input\":{\"@type\":\"PropertyValueSpecification\",\"valueRequired\":true,\"valueName\":\"search_term_string\"}}],\"inLanguage\":\"da-DK\"},{\"@type\":\"Organization\",\"@id\":\"https:\\\/\\\/pachia.eu\\\/da\\\/#organization\",\"name\":\"Pachia ApS\",\"url\":\"https:\\\/\\\/pachia.eu\\\/da\\\/\",\"logo\":{\"@type\":\"ImageObject\",\"inLanguage\":\"da-DK\",\"@id\":\"https:\\\/\\\/pachia.eu\\\/da\\\/#\\\/schema\\\/logo\\\/image\\\/\",\"url\":\"https:\\\/\\\/jocaonline.dk\\\/wp-content\\\/uploads\\\/2020\\\/10\\\/decoration-logo-small.png\",\"contentUrl\":\"https:\\\/\\\/jocaonline.dk\\\/wp-content\\\/uploads\\\/2020\\\/10\\\/decoration-logo-small.png\",\"width\":301,\"height\":100,\"caption\":\"Pachia ApS\"},\"image\":{\"@id\":\"https:\\\/\\\/pachia.eu\\\/da\\\/#\\\/schema\\\/logo\\\/image\\\/\"},\"sameAs\":[\"https:\\\/\\\/www.facebook.com\\\/pachia.shop\",\"https:\\\/\\\/www.instagram.com\\\/pachia.eu\"]}]}<\/script>\n<!-- \/ Yoast SEO plugin. -->","yoast_head_json":{"title":"Halloween gr\u00e6skar rispapirlampe 30cm | B\u00f8rnelamper | - Pachia","robots":{"index":"index","follow":"follow","max-snippet":"max-snippet:-1","max-image-preview":"max-image-preview:large","max-video-preview":"max-video-preview:-1"},"canonical":"https:\/\/pachia.eu\/da\/halloween-graeskar-rispapirlampe-30cm\/","og_locale":"da_DK","og_type":"article","og_title":"Halloween gr\u00e6skar rispapirlampe 30cm | B\u00f8rnelamper | - Pachia","og_description":"Denne fine 30cm orange Halloween rispapirlampe er som skabt til den stemningsfulde Halloween fest eller arrangement. Den kan bruges som dekoration eller som belysning alt afh\u00e6ngig af behov. Den gr\u00e6skar lignende lampe associerer i den grad til Halloween og g\u00f8r festen en lille smule mere uhyggelig. Den kan med fordel kombineres sammen med vores 40cm [&hellip;]","og_url":"https:\/\/pachia.eu\/da\/halloween-graeskar-rispapirlampe-30cm\/","og_site_name":"Pachia","article_publisher":"https:\/\/www.facebook.com\/pachia.shop","article_modified_time":"2026-01-03T10:19:22+00:00","og_image":[{"width":2000,"height":2000,"url":"https:\/\/pachia.eu\/wp-content\/uploads\/2021\/06\/halloween-30cm-uhygge_1.png","type":"image\/png"}],"twitter_card":"summary_large_image","twitter_misc":{"Estimeret l\u00e6setid":"1 minut"},"schema":{"@context":"https:\/\/schema.org","@graph":[{"@type":"WebPage","@id":"https:\/\/pachia.eu\/da\/halloween-graeskar-rispapirlampe-30cm\/","url":"https:\/\/pachia.eu\/da\/halloween-graeskar-rispapirlampe-30cm\/","name":"Halloween gr\u00e6skar rispapirlampe 30cm | B\u00f8rnelamper | - Pachia","isPartOf":{"@id":"https:\/\/pachia.eu\/da\/#website"},"primaryImageOfPage":{"@id":"https:\/\/pachia.eu\/da\/halloween-graeskar-rispapirlampe-30cm\/#primaryimage"},"image":{"@id":"https:\/\/pachia.eu\/da\/halloween-graeskar-rispapirlampe-30cm\/#primaryimage"},"thumbnailUrl":"https:\/\/pachia.eu\/wp-content\/uploads\/2021\/06\/halloween-30cm-uhygge_1.png","datePublished":"2021-06-18T12:30:40+00:00","dateModified":"2026-01-03T10:19:22+00:00","breadcrumb":{"@id":"https:\/\/pachia.eu\/da\/halloween-graeskar-rispapirlampe-30cm\/#breadcrumb"},"inLanguage":"da-DK","potentialAction":[{"@type":"ReadAction","target":["https:\/\/pachia.eu\/da\/halloween-graeskar-rispapirlampe-30cm\/"]}]},{"@type":"ImageObject","inLanguage":"da-DK","@id":"https:\/\/pachia.eu\/da\/halloween-graeskar-rispapirlampe-30cm\/#primaryimage","url":"https:\/\/pachia.eu\/wp-content\/uploads\/2021\/06\/halloween-30cm-uhygge_1.png","contentUrl":"https:\/\/pachia.eu\/wp-content\/uploads\/2021\/06\/halloween-30cm-uhygge_1.png","width":2000,"height":2000},{"@type":"BreadcrumbList","@id":"https:\/\/pachia.eu\/da\/halloween-graeskar-rispapirlampe-30cm\/#breadcrumb","itemListElement":[{"@type":"ListItem","position":1,"name":"Forside","item":"https:\/\/pachia.eu\/da\/"},{"@type":"ListItem","position":2,"name":"Shop","item":"https:\/\/pachia.eu\/da\/shop-2\/"},{"@type":"ListItem","position":3,"name":"Halloween gr\u00e6skar rispapirlampe 30cm"}]},{"@type":"WebSite","@id":"https:\/\/pachia.eu\/da\/#website","url":"https:\/\/pachia.eu\/da\/","name":"Pachia","description":"","publisher":{"@id":"https:\/\/pachia.eu\/da\/#organization"},"potentialAction":[{"@type":"SearchAction","target":{"@type":"EntryPoint","urlTemplate":"https:\/\/pachia.eu\/da\/?s={search_term_string}"},"query-input":{"@type":"PropertyValueSpecification","valueRequired":true,"valueName":"search_term_string"}}],"inLanguage":"da-DK"},{"@type":"Organization","@id":"https:\/\/pachia.eu\/da\/#organization","name":"Pachia ApS","url":"https:\/\/pachia.eu\/da\/","logo":{"@type":"ImageObject","inLanguage":"da-DK","@id":"https:\/\/pachia.eu\/da\/#\/schema\/logo\/image\/","url":"https:\/\/jocaonline.dk\/wp-content\/uploads\/2020\/10\/decoration-logo-small.png","contentUrl":"https:\/\/jocaonline.dk\/wp-content\/uploads\/2020\/10\/decoration-logo-small.png","width":301,"height":100,"caption":"Pachia ApS"},"image":{"@id":"https:\/\/pachia.eu\/da\/#\/schema\/logo\/image\/"},"sameAs":["https:\/\/www.facebook.com\/pachia.shop","https:\/\/www.instagram.com\/pachia.eu"]}]}},"_links":{"self":[{"href":"https:\/\/pachia.eu\/da\/wp-json\/wp\/v2\/product\/2264","targetHints":{"allow":["GET"]}}],"collection":[{"href":"https:\/\/pachia.eu\/da\/wp-json\/wp\/v2\/product"}],"about":[{"href":"https:\/\/pachia.eu\/da\/wp-json\/wp\/v2\/types\/product"}],"version-history":[{"count":0,"href":"https:\/\/pachia.eu\/da\/wp-json\/wp\/v2\/product\/2264\/revisions"}],"wp:featuredmedia":[{"embeddable":true,"href":"https:\/\/pachia.eu\/da\/wp-json\/wp\/v2\/media\/2237"}],"wp:attachment":[{"href":"https:\/\/pachia.eu\/da\/wp-json\/wp\/v2\/media?parent=2264"}],"wp:term":[{"taxonomy":"product_brand","embeddable":true,"href":"https:\/\/pachia.eu\/da\/wp-json\/wp\/v2\/product_brand?post=2264"},{"taxonomy":"product_cat","embeddable":true,"href":"https:\/\/pachia.eu\/da\/wp-json\/wp\/v2\/product_cat?post=2264"},{"taxonomy":"product_tag","embeddable":true,"href":"https:\/\/pachia.eu\/da\/wp-json\/wp\/v2\/product_tag?post=2264"},{"taxonomy":"mersalg-tag","embeddable":true,"href":"https:\/\/pachia.eu\/da\/wp-json\/wp\/v2\/mersalg-tag?post=2264"}],"curies":[{"name":"wp","href":"https:\/\/api.w.org\/{rel}","templated":true}]}}