{"id":2263,"date":"2021-06-18T14:29:09","date_gmt":"2021-06-18T12:29:09","guid":{"rendered":"https:\/\/pachia.eu\/?post_type=product&#038;p=2263"},"modified":"2021-06-18T14:29:38","modified_gmt":"2021-06-18T12:29:38","slug":"halloween-graeskar-rispapirlampe-40cm","status":"publish","type":"product","link":"https:\/\/pachia.eu\/da\/halloween-graeskar-rispapirlampe-40cm\/","title":{"rendered":"Halloween gr\u00e6skar rispapirlampe 40cm"},"content":{"rendered":"<p>Flot og dekorativ halloween rispapirlampe, der giver stemning til halloweenfesten, butiksvinduet eller lignende. Med denne 40cm lampe f\u00e5r du b\u00e5de en farverig og gr\u00e6skarlignende dekoration, der kan bruges med eller uden lys i. Lampen kan med fordel kombineres sammen med vores fatninger med tilh\u00f8rende ledning eller med vores batteridrevne LED-lyskilder.<\/p>\n<p>Halloween fejres som bekendt altid den sidste dag i oktober &#8211; d. 31, for at v\u00e6re pr\u00e6cis. Denne tradition er blevet mere og mere popul\u00e6r i Danmark og er kendt bl.a. for de mange aktiviteter, s\u00e5 som gr\u00e6skarudsk\u00e6ring og udkl\u00e6dning.<\/p>\n","protected":false},"excerpt":{"rendered":"<p>Flot og dekorativ halloween rispapirlampe, der giver stemning til halloweenfesten, butiksvinduet eller lignende. Med denne 40cm lampe f\u00e5r du b\u00e5de en farverig og gr\u00e6skarlignende dekoration, der kan bruges med eller uden lys i. Lampen kan med fordel kombineres sammen med vores fatninger med tilh\u00f8rende ledning eller med vores batteridrevne LED-lyskilder. Halloween fejres som bekendt altid [&hellip;]<\/p>\n","protected":false},"featured_media":2241,"template":"","meta":{"_lmt_disableupdate":"no","_lmt_disable":""},"product_brand":[],"product_cat":[40,128,132,135],"product_tag":[],"mersalg-tag":[],"class_list":{"0":"post-2263","1":"product","2":"type-product","3":"status-publish","4":"has-post-thumbnail","6":"product_cat-produkter","7":"product_cat-lamper-motiv","8":"product_cat-festartikler","9":"product_cat-bornelamper","11":"first","12":"instock","13":"taxable","14":"shipping-taxable","15":"purchasable","16":"product-type-simple"},"yoast_head":"<!-- This site is optimized with the Yoast SEO plugin v27.3 - https:\/\/yoast.com\/product\/yoast-seo-wordpress\/ -->\n<title>Halloween gr\u00e6skar rispapirlampe 40cm | B\u00f8rnelamper | - Pachia<\/title>\n<meta name=\"robots\" content=\"index, follow, max-snippet:-1, max-image-preview:large, max-video-preview:-1\" \/>\n<link rel=\"canonical\" href=\"https:\/\/pachia.eu\/da\/halloween-graeskar-rispapirlampe-40cm\/\" \/>\n<meta property=\"og:locale\" content=\"da_DK\" \/>\n<meta property=\"og:type\" content=\"article\" \/>\n<meta property=\"og:title\" content=\"Halloween gr\u00e6skar rispapirlampe 40cm | B\u00f8rnelamper | - Pachia\" \/>\n<meta property=\"og:description\" content=\"Flot og dekorativ halloween rispapirlampe, der giver stemning til halloweenfesten, butiksvinduet eller lignende. Med denne 40cm lampe f\u00e5r du b\u00e5de en farverig og gr\u00e6skarlignende dekoration, der kan bruges med eller uden lys i. Lampen kan med fordel kombineres sammen med vores fatninger med tilh\u00f8rende ledning eller med vores batteridrevne LED-lyskilder. Halloween fejres som bekendt altid [&hellip;]\" \/>\n<meta property=\"og:url\" content=\"https:\/\/pachia.eu\/da\/halloween-graeskar-rispapirlampe-40cm\/\" \/>\n<meta property=\"og:site_name\" content=\"Pachia\" \/>\n<meta property=\"article:publisher\" content=\"https:\/\/www.facebook.com\/pachia.shop\" \/>\n<meta property=\"article:modified_time\" content=\"2021-06-18T12:29:38+00:00\" \/>\n<meta property=\"og:image\" content=\"https:\/\/pachia.eu\/wp-content\/uploads\/2021\/06\/halloween-40cm-uhygge-1024x1024.png\" \/>\n\t<meta property=\"og:image:width\" content=\"1024\" \/>\n\t<meta property=\"og:image:height\" content=\"1024\" \/>\n\t<meta property=\"og:image:type\" content=\"image\/png\" \/>\n<meta name=\"twitter:card\" content=\"summary_large_image\" \/>\n<meta name=\"twitter:label1\" content=\"Estimeret l\u00e6setid\" \/>\n\t<meta name=\"twitter:data1\" content=\"1 minut\" \/>\n<script type=\"application\/ld+json\" class=\"yoast-schema-graph\">{\"@context\":\"https:\\\/\\\/schema.org\",\"@graph\":[{\"@type\":\"WebPage\",\"@id\":\"https:\\\/\\\/pachia.eu\\\/da\\\/halloween-graeskar-rispapirlampe-40cm\\\/\",\"url\":\"https:\\\/\\\/pachia.eu\\\/da\\\/halloween-graeskar-rispapirlampe-40cm\\\/\",\"name\":\"Halloween gr\u00e6skar rispapirlampe 40cm | B\u00f8rnelamper | - Pachia\",\"isPartOf\":{\"@id\":\"https:\\\/\\\/pachia.eu\\\/da\\\/#website\"},\"primaryImageOfPage\":{\"@id\":\"https:\\\/\\\/pachia.eu\\\/da\\\/halloween-graeskar-rispapirlampe-40cm\\\/#primaryimage\"},\"image\":{\"@id\":\"https:\\\/\\\/pachia.eu\\\/da\\\/halloween-graeskar-rispapirlampe-40cm\\\/#primaryimage\"},\"thumbnailUrl\":\"https:\\\/\\\/pachia.eu\\\/wp-content\\\/uploads\\\/2021\\\/06\\\/halloween-40cm-uhygge.png\",\"datePublished\":\"2021-06-18T12:29:09+00:00\",\"dateModified\":\"2021-06-18T12:29:38+00:00\",\"breadcrumb\":{\"@id\":\"https:\\\/\\\/pachia.eu\\\/da\\\/halloween-graeskar-rispapirlampe-40cm\\\/#breadcrumb\"},\"inLanguage\":\"da-DK\",\"potentialAction\":[{\"@type\":\"ReadAction\",\"target\":[\"https:\\\/\\\/pachia.eu\\\/da\\\/halloween-graeskar-rispapirlampe-40cm\\\/\"]}]},{\"@type\":\"ImageObject\",\"inLanguage\":\"da-DK\",\"@id\":\"https:\\\/\\\/pachia.eu\\\/da\\\/halloween-graeskar-rispapirlampe-40cm\\\/#primaryimage\",\"url\":\"https:\\\/\\\/pachia.eu\\\/wp-content\\\/uploads\\\/2021\\\/06\\\/halloween-40cm-uhygge.png\",\"contentUrl\":\"https:\\\/\\\/pachia.eu\\\/wp-content\\\/uploads\\\/2021\\\/06\\\/halloween-40cm-uhygge.png\",\"width\":2000,\"height\":2000},{\"@type\":\"BreadcrumbList\",\"@id\":\"https:\\\/\\\/pachia.eu\\\/da\\\/halloween-graeskar-rispapirlampe-40cm\\\/#breadcrumb\",\"itemListElement\":[{\"@type\":\"ListItem\",\"position\":1,\"name\":\"Forside\",\"item\":\"https:\\\/\\\/pachia.eu\\\/da\\\/\"},{\"@type\":\"ListItem\",\"position\":2,\"name\":\"Shop\",\"item\":\"https:\\\/\\\/pachia.eu\\\/da\\\/shop-2\\\/\"},{\"@type\":\"ListItem\",\"position\":3,\"name\":\"Halloween gr\u00e6skar rispapirlampe 40cm\"}]},{\"@type\":\"WebSite\",\"@id\":\"https:\\\/\\\/pachia.eu\\\/da\\\/#website\",\"url\":\"https:\\\/\\\/pachia.eu\\\/da\\\/\",\"name\":\"Pachia\",\"description\":\"\",\"publisher\":{\"@id\":\"https:\\\/\\\/pachia.eu\\\/da\\\/#organization\"},\"potentialAction\":[{\"@type\":\"SearchAction\",\"target\":{\"@type\":\"EntryPoint\",\"urlTemplate\":\"https:\\\/\\\/pachia.eu\\\/da\\\/?s={search_term_string}\"},\"query-input\":{\"@type\":\"PropertyValueSpecification\",\"valueRequired\":true,\"valueName\":\"search_term_string\"}}],\"inLanguage\":\"da-DK\"},{\"@type\":\"Organization\",\"@id\":\"https:\\\/\\\/pachia.eu\\\/da\\\/#organization\",\"name\":\"Pachia ApS\",\"url\":\"https:\\\/\\\/pachia.eu\\\/da\\\/\",\"logo\":{\"@type\":\"ImageObject\",\"inLanguage\":\"da-DK\",\"@id\":\"https:\\\/\\\/pachia.eu\\\/da\\\/#\\\/schema\\\/logo\\\/image\\\/\",\"url\":\"https:\\\/\\\/jocaonline.dk\\\/wp-content\\\/uploads\\\/2020\\\/10\\\/decoration-logo-small.png\",\"contentUrl\":\"https:\\\/\\\/jocaonline.dk\\\/wp-content\\\/uploads\\\/2020\\\/10\\\/decoration-logo-small.png\",\"width\":301,\"height\":100,\"caption\":\"Pachia ApS\"},\"image\":{\"@id\":\"https:\\\/\\\/pachia.eu\\\/da\\\/#\\\/schema\\\/logo\\\/image\\\/\"},\"sameAs\":[\"https:\\\/\\\/www.facebook.com\\\/pachia.shop\",\"https:\\\/\\\/www.instagram.com\\\/pachia.eu\"]}]}<\/script>\n<!-- \/ Yoast SEO plugin. -->","yoast_head_json":{"title":"Halloween gr\u00e6skar rispapirlampe 40cm | B\u00f8rnelamper | - Pachia","robots":{"index":"index","follow":"follow","max-snippet":"max-snippet:-1","max-image-preview":"max-image-preview:large","max-video-preview":"max-video-preview:-1"},"canonical":"https:\/\/pachia.eu\/da\/halloween-graeskar-rispapirlampe-40cm\/","og_locale":"da_DK","og_type":"article","og_title":"Halloween gr\u00e6skar rispapirlampe 40cm | B\u00f8rnelamper | - Pachia","og_description":"Flot og dekorativ halloween rispapirlampe, der giver stemning til halloweenfesten, butiksvinduet eller lignende. Med denne 40cm lampe f\u00e5r du b\u00e5de en farverig og gr\u00e6skarlignende dekoration, der kan bruges med eller uden lys i. Lampen kan med fordel kombineres sammen med vores fatninger med tilh\u00f8rende ledning eller med vores batteridrevne LED-lyskilder. Halloween fejres som bekendt altid [&hellip;]","og_url":"https:\/\/pachia.eu\/da\/halloween-graeskar-rispapirlampe-40cm\/","og_site_name":"Pachia","article_publisher":"https:\/\/www.facebook.com\/pachia.shop","article_modified_time":"2021-06-18T12:29:38+00:00","og_image":[{"width":1024,"height":1024,"url":"https:\/\/pachia.eu\/wp-content\/uploads\/2021\/06\/halloween-40cm-uhygge-1024x1024.png","type":"image\/png"}],"twitter_card":"summary_large_image","twitter_misc":{"Estimeret l\u00e6setid":"1 minut"},"schema":{"@context":"https:\/\/schema.org","@graph":[{"@type":"WebPage","@id":"https:\/\/pachia.eu\/da\/halloween-graeskar-rispapirlampe-40cm\/","url":"https:\/\/pachia.eu\/da\/halloween-graeskar-rispapirlampe-40cm\/","name":"Halloween gr\u00e6skar rispapirlampe 40cm | B\u00f8rnelamper | - Pachia","isPartOf":{"@id":"https:\/\/pachia.eu\/da\/#website"},"primaryImageOfPage":{"@id":"https:\/\/pachia.eu\/da\/halloween-graeskar-rispapirlampe-40cm\/#primaryimage"},"image":{"@id":"https:\/\/pachia.eu\/da\/halloween-graeskar-rispapirlampe-40cm\/#primaryimage"},"thumbnailUrl":"https:\/\/pachia.eu\/wp-content\/uploads\/2021\/06\/halloween-40cm-uhygge.png","datePublished":"2021-06-18T12:29:09+00:00","dateModified":"2021-06-18T12:29:38+00:00","breadcrumb":{"@id":"https:\/\/pachia.eu\/da\/halloween-graeskar-rispapirlampe-40cm\/#breadcrumb"},"inLanguage":"da-DK","potentialAction":[{"@type":"ReadAction","target":["https:\/\/pachia.eu\/da\/halloween-graeskar-rispapirlampe-40cm\/"]}]},{"@type":"ImageObject","inLanguage":"da-DK","@id":"https:\/\/pachia.eu\/da\/halloween-graeskar-rispapirlampe-40cm\/#primaryimage","url":"https:\/\/pachia.eu\/wp-content\/uploads\/2021\/06\/halloween-40cm-uhygge.png","contentUrl":"https:\/\/pachia.eu\/wp-content\/uploads\/2021\/06\/halloween-40cm-uhygge.png","width":2000,"height":2000},{"@type":"BreadcrumbList","@id":"https:\/\/pachia.eu\/da\/halloween-graeskar-rispapirlampe-40cm\/#breadcrumb","itemListElement":[{"@type":"ListItem","position":1,"name":"Forside","item":"https:\/\/pachia.eu\/da\/"},{"@type":"ListItem","position":2,"name":"Shop","item":"https:\/\/pachia.eu\/da\/shop-2\/"},{"@type":"ListItem","position":3,"name":"Halloween gr\u00e6skar rispapirlampe 40cm"}]},{"@type":"WebSite","@id":"https:\/\/pachia.eu\/da\/#website","url":"https:\/\/pachia.eu\/da\/","name":"Pachia","description":"","publisher":{"@id":"https:\/\/pachia.eu\/da\/#organization"},"potentialAction":[{"@type":"SearchAction","target":{"@type":"EntryPoint","urlTemplate":"https:\/\/pachia.eu\/da\/?s={search_term_string}"},"query-input":{"@type":"PropertyValueSpecification","valueRequired":true,"valueName":"search_term_string"}}],"inLanguage":"da-DK"},{"@type":"Organization","@id":"https:\/\/pachia.eu\/da\/#organization","name":"Pachia ApS","url":"https:\/\/pachia.eu\/da\/","logo":{"@type":"ImageObject","inLanguage":"da-DK","@id":"https:\/\/pachia.eu\/da\/#\/schema\/logo\/image\/","url":"https:\/\/jocaonline.dk\/wp-content\/uploads\/2020\/10\/decoration-logo-small.png","contentUrl":"https:\/\/jocaonline.dk\/wp-content\/uploads\/2020\/10\/decoration-logo-small.png","width":301,"height":100,"caption":"Pachia ApS"},"image":{"@id":"https:\/\/pachia.eu\/da\/#\/schema\/logo\/image\/"},"sameAs":["https:\/\/www.facebook.com\/pachia.shop","https:\/\/www.instagram.com\/pachia.eu"]}]}},"_links":{"self":[{"href":"https:\/\/pachia.eu\/da\/wp-json\/wp\/v2\/product\/2263","targetHints":{"allow":["GET"]}}],"collection":[{"href":"https:\/\/pachia.eu\/da\/wp-json\/wp\/v2\/product"}],"about":[{"href":"https:\/\/pachia.eu\/da\/wp-json\/wp\/v2\/types\/product"}],"version-history":[{"count":0,"href":"https:\/\/pachia.eu\/da\/wp-json\/wp\/v2\/product\/2263\/revisions"}],"wp:featuredmedia":[{"embeddable":true,"href":"https:\/\/pachia.eu\/da\/wp-json\/wp\/v2\/media\/2241"}],"wp:attachment":[{"href":"https:\/\/pachia.eu\/da\/wp-json\/wp\/v2\/media?parent=2263"}],"wp:term":[{"taxonomy":"product_brand","embeddable":true,"href":"https:\/\/pachia.eu\/da\/wp-json\/wp\/v2\/product_brand?post=2263"},{"taxonomy":"product_cat","embeddable":true,"href":"https:\/\/pachia.eu\/da\/wp-json\/wp\/v2\/product_cat?post=2263"},{"taxonomy":"product_tag","embeddable":true,"href":"https:\/\/pachia.eu\/da\/wp-json\/wp\/v2\/product_tag?post=2263"},{"taxonomy":"mersalg-tag","embeddable":true,"href":"https:\/\/pachia.eu\/da\/wp-json\/wp\/v2\/mersalg-tag?post=2263"}],"curies":[{"name":"wp","href":"https:\/\/api.w.org\/{rel}","templated":true}]}}