{"id":226135,"date":"2024-10-07T17:48:17","date_gmt":"2024-10-07T15:48:17","guid":{"rendered":"https:\/\/pachia.eu\/?post_type=product&#038;p=226135"},"modified":"2026-01-22T12:27:43","modified_gmt":"2026-01-22T11:27:43","slug":"take-oval-90-cm","status":"publish","type":"product","link":"https:\/\/pachia.eu\/da\/take-oval-90-cm\/","title":{"rendered":"Tak\u00e9 Oval 90 cm rispapirlampe"},"content":{"rendered":"<p>Udforsk vores eksklusive Tak\u00e9-kollektion, hvor h\u00e5ndlavede rispapirlamper kombineres med en bambustr\u00e5dskonstruktion. Lamperne forener dansk designs minimalistiske elegance med den tidl\u00f8se \u00e6stetik fra japansk h\u00e5ndv\u00e6rk.<\/p>\n<p>Vores ovale Tak\u00e9-lampe, med en imponerende diameter p\u00e5 90 cm, byder p\u00e5 en perfekt balance mellem stil og funktionalitet. Den t\u00e6tte bambustr\u00e5dskonstruktion tilf\u00f8jer ikke kun et raffineret designelement, men sikrer ogs\u00e5 en robust struktur, der holder i mange \u00e5r.<\/p>\n<p>Skab en eksklusiv og harmonisk atmosf\u00e6re med det blide lys, der filtreres gennem det fine rispapir. Uanset om lampen er t\u00e6ndt eller slukket, tilf\u00f8rer den et let og luftigt pr\u00e6g til ethvert rum.<\/p>\n<p>Lampen egner sig perfekt over spiseborde, lounge omr\u00e5der eller andre omr\u00e5der, hvor lampen ikke m\u00e5 fylde for meget i h\u00f8jden.<\/p>\n<p><strong>Specifikationer:<\/strong><\/p>\n<ul>\n<li>H\u00e5ndlavet rispapirlampe fremstillet af rispapir, bambus og metal<\/li>\n<li>M\u00e5l: 90 cm i diameter, cirka 45 cm i h\u00f8jde<\/li>\n<li>Farve: hvid (papiret reflekterer samme farve som den valgte p\u00e6re)<\/li>\n<li>Fatning og p\u00e6re medf\u00f8lger ikke<\/li>\n<\/ul>\n","protected":false},"excerpt":{"rendered":"<p>Udforsk vores eksklusive Tak\u00e9-kollektion, hvor h\u00e5ndlavede rispapirlamper kombineres med en bambustr\u00e5dskonstruktion. Lamperne forener dansk designs minimalistiske elegance med den tidl\u00f8se \u00e6stetik fra japansk h\u00e5ndv\u00e6rk. Vores ovale Tak\u00e9-lampe, med en imponerende diameter p\u00e5 90 cm, byder p\u00e5 en perfekt balance mellem stil og funktionalitet. Den t\u00e6tte bambustr\u00e5dskonstruktion tilf\u00f8jer ikke kun et raffineret designelement, men sikrer ogs\u00e5 [&hellip;]<\/p>\n","protected":false},"featured_media":226743,"template":"","meta":{"_lmt_disableupdate":"no","_lmt_disable":""},"product_brand":[337],"product_cat":[268,331,40,43,44,126],"product_tag":[269,282],"mersalg-tag":[281],"class_list":{"0":"post-226135","1":"product","2":"type-product","3":"status-publish","4":"has-post-thumbnail","6":"product_brand-take","7":"product_cat-messe","8":"product_cat-take","9":"product_cat-produkter","10":"product_cat-premium-collection","11":"product_cat-pendler","12":"product_cat-ovale-lamper","13":"product_tag-presale","14":"product_tag-take-90-oval","15":"mersalg-tag-take-90-oval","17":"first","18":"instock","19":"taxable","20":"shipping-taxable","21":"purchasable","22":"product-type-simple"},"yoast_head":"<!-- This site is optimized with the Yoast SEO plugin v27.3 - https:\/\/yoast.com\/product\/yoast-seo-wordpress\/ -->\n<title>Tak\u00e9 Oval 90 cm rispapirlampe | Pendler &amp; Loftlamper | - Pachia<\/title>\n<meta name=\"robots\" content=\"index, follow, max-snippet:-1, max-image-preview:large, max-video-preview:-1\" \/>\n<link rel=\"canonical\" href=\"https:\/\/pachia.eu\/da\/take-oval-90-cm\/\" \/>\n<meta property=\"og:locale\" content=\"da_DK\" \/>\n<meta property=\"og:type\" content=\"article\" \/>\n<meta property=\"og:title\" content=\"Tak\u00e9 Oval 90 cm rispapirlampe | Pendler &amp; Loftlamper | - Pachia\" \/>\n<meta property=\"og:description\" content=\"Udforsk vores eksklusive Tak\u00e9-kollektion, hvor h\u00e5ndlavede rispapirlamper kombineres med en bambustr\u00e5dskonstruktion. Lamperne forener dansk designs minimalistiske elegance med den tidl\u00f8se \u00e6stetik fra japansk h\u00e5ndv\u00e6rk. Vores ovale Tak\u00e9-lampe, med en imponerende diameter p\u00e5 90 cm, byder p\u00e5 en perfekt balance mellem stil og funktionalitet. Den t\u00e6tte bambustr\u00e5dskonstruktion tilf\u00f8jer ikke kun et raffineret designelement, men sikrer ogs\u00e5 [&hellip;]\" \/>\n<meta property=\"og:url\" content=\"https:\/\/pachia.eu\/da\/take-oval-90-cm\/\" \/>\n<meta property=\"og:site_name\" content=\"Pachia\" \/>\n<meta property=\"article:publisher\" content=\"https:\/\/www.facebook.com\/pachia.shop\" \/>\n<meta property=\"article:modified_time\" content=\"2026-01-22T11:27:43+00:00\" \/>\n<meta property=\"og:image\" content=\"https:\/\/pachia.eu\/wp-content\/uploads\/2024\/10\/take-90-insp7-1024x1024.png\" \/>\n\t<meta property=\"og:image:width\" content=\"1024\" \/>\n\t<meta property=\"og:image:height\" content=\"1024\" \/>\n\t<meta property=\"og:image:type\" content=\"image\/png\" \/>\n<meta name=\"twitter:card\" content=\"summary_large_image\" \/>\n<meta name=\"twitter:label1\" content=\"Estimeret l\u00e6setid\" \/>\n\t<meta name=\"twitter:data1\" content=\"2 minutter\" \/>\n<script type=\"application\/ld+json\" class=\"yoast-schema-graph\">{\"@context\":\"https:\\\/\\\/schema.org\",\"@graph\":[{\"@type\":\"WebPage\",\"@id\":\"https:\\\/\\\/pachia.eu\\\/da\\\/take-oval-90-cm\\\/\",\"url\":\"https:\\\/\\\/pachia.eu\\\/da\\\/take-oval-90-cm\\\/\",\"name\":\"Tak\u00e9 Oval 90 cm rispapirlampe | Pendler &amp; Loftlamper | - Pachia\",\"isPartOf\":{\"@id\":\"https:\\\/\\\/pachia.eu\\\/da\\\/#website\"},\"primaryImageOfPage\":{\"@id\":\"https:\\\/\\\/pachia.eu\\\/da\\\/take-oval-90-cm\\\/#primaryimage\"},\"image\":{\"@id\":\"https:\\\/\\\/pachia.eu\\\/da\\\/take-oval-90-cm\\\/#primaryimage\"},\"thumbnailUrl\":\"https:\\\/\\\/pachia.eu\\\/wp-content\\\/uploads\\\/2024\\\/10\\\/take-90-insp7.png\",\"datePublished\":\"2024-10-07T15:48:17+00:00\",\"dateModified\":\"2026-01-22T11:27:43+00:00\",\"breadcrumb\":{\"@id\":\"https:\\\/\\\/pachia.eu\\\/da\\\/take-oval-90-cm\\\/#breadcrumb\"},\"inLanguage\":\"da-DK\",\"potentialAction\":[{\"@type\":\"ReadAction\",\"target\":[\"https:\\\/\\\/pachia.eu\\\/da\\\/take-oval-90-cm\\\/\"]}]},{\"@type\":\"ImageObject\",\"inLanguage\":\"da-DK\",\"@id\":\"https:\\\/\\\/pachia.eu\\\/da\\\/take-oval-90-cm\\\/#primaryimage\",\"url\":\"https:\\\/\\\/pachia.eu\\\/wp-content\\\/uploads\\\/2024\\\/10\\\/take-90-insp7.png\",\"contentUrl\":\"https:\\\/\\\/pachia.eu\\\/wp-content\\\/uploads\\\/2024\\\/10\\\/take-90-insp7.png\",\"width\":1794,\"height\":1794,\"caption\":\"Take\"},{\"@type\":\"BreadcrumbList\",\"@id\":\"https:\\\/\\\/pachia.eu\\\/da\\\/take-oval-90-cm\\\/#breadcrumb\",\"itemListElement\":[{\"@type\":\"ListItem\",\"position\":1,\"name\":\"Forside\",\"item\":\"https:\\\/\\\/pachia.eu\\\/da\\\/\"},{\"@type\":\"ListItem\",\"position\":2,\"name\":\"Shop\",\"item\":\"https:\\\/\\\/pachia.eu\\\/da\\\/shop-2\\\/\"},{\"@type\":\"ListItem\",\"position\":3,\"name\":\"Tak\u00e9 Oval 90 cm rispapirlampe\"}]},{\"@type\":\"WebSite\",\"@id\":\"https:\\\/\\\/pachia.eu\\\/da\\\/#website\",\"url\":\"https:\\\/\\\/pachia.eu\\\/da\\\/\",\"name\":\"Pachia\",\"description\":\"\",\"publisher\":{\"@id\":\"https:\\\/\\\/pachia.eu\\\/da\\\/#organization\"},\"potentialAction\":[{\"@type\":\"SearchAction\",\"target\":{\"@type\":\"EntryPoint\",\"urlTemplate\":\"https:\\\/\\\/pachia.eu\\\/da\\\/?s={search_term_string}\"},\"query-input\":{\"@type\":\"PropertyValueSpecification\",\"valueRequired\":true,\"valueName\":\"search_term_string\"}}],\"inLanguage\":\"da-DK\"},{\"@type\":\"Organization\",\"@id\":\"https:\\\/\\\/pachia.eu\\\/da\\\/#organization\",\"name\":\"Pachia ApS\",\"url\":\"https:\\\/\\\/pachia.eu\\\/da\\\/\",\"logo\":{\"@type\":\"ImageObject\",\"inLanguage\":\"da-DK\",\"@id\":\"https:\\\/\\\/pachia.eu\\\/da\\\/#\\\/schema\\\/logo\\\/image\\\/\",\"url\":\"https:\\\/\\\/jocaonline.dk\\\/wp-content\\\/uploads\\\/2020\\\/10\\\/decoration-logo-small.png\",\"contentUrl\":\"https:\\\/\\\/jocaonline.dk\\\/wp-content\\\/uploads\\\/2020\\\/10\\\/decoration-logo-small.png\",\"width\":301,\"height\":100,\"caption\":\"Pachia ApS\"},\"image\":{\"@id\":\"https:\\\/\\\/pachia.eu\\\/da\\\/#\\\/schema\\\/logo\\\/image\\\/\"},\"sameAs\":[\"https:\\\/\\\/www.facebook.com\\\/pachia.shop\",\"https:\\\/\\\/www.instagram.com\\\/pachia.eu\"]}]}<\/script>\n<!-- \/ Yoast SEO plugin. -->","yoast_head_json":{"title":"Tak\u00e9 Oval 90 cm rispapirlampe | Pendler &amp; Loftlamper | - Pachia","robots":{"index":"index","follow":"follow","max-snippet":"max-snippet:-1","max-image-preview":"max-image-preview:large","max-video-preview":"max-video-preview:-1"},"canonical":"https:\/\/pachia.eu\/da\/take-oval-90-cm\/","og_locale":"da_DK","og_type":"article","og_title":"Tak\u00e9 Oval 90 cm rispapirlampe | Pendler &amp; Loftlamper | - Pachia","og_description":"Udforsk vores eksklusive Tak\u00e9-kollektion, hvor h\u00e5ndlavede rispapirlamper kombineres med en bambustr\u00e5dskonstruktion. Lamperne forener dansk designs minimalistiske elegance med den tidl\u00f8se \u00e6stetik fra japansk h\u00e5ndv\u00e6rk. Vores ovale Tak\u00e9-lampe, med en imponerende diameter p\u00e5 90 cm, byder p\u00e5 en perfekt balance mellem stil og funktionalitet. Den t\u00e6tte bambustr\u00e5dskonstruktion tilf\u00f8jer ikke kun et raffineret designelement, men sikrer ogs\u00e5 [&hellip;]","og_url":"https:\/\/pachia.eu\/da\/take-oval-90-cm\/","og_site_name":"Pachia","article_publisher":"https:\/\/www.facebook.com\/pachia.shop","article_modified_time":"2026-01-22T11:27:43+00:00","og_image":[{"width":1024,"height":1024,"url":"https:\/\/pachia.eu\/wp-content\/uploads\/2024\/10\/take-90-insp7-1024x1024.png","type":"image\/png"}],"twitter_card":"summary_large_image","twitter_misc":{"Estimeret l\u00e6setid":"2 minutter"},"schema":{"@context":"https:\/\/schema.org","@graph":[{"@type":"WebPage","@id":"https:\/\/pachia.eu\/da\/take-oval-90-cm\/","url":"https:\/\/pachia.eu\/da\/take-oval-90-cm\/","name":"Tak\u00e9 Oval 90 cm rispapirlampe | Pendler &amp; Loftlamper | - Pachia","isPartOf":{"@id":"https:\/\/pachia.eu\/da\/#website"},"primaryImageOfPage":{"@id":"https:\/\/pachia.eu\/da\/take-oval-90-cm\/#primaryimage"},"image":{"@id":"https:\/\/pachia.eu\/da\/take-oval-90-cm\/#primaryimage"},"thumbnailUrl":"https:\/\/pachia.eu\/wp-content\/uploads\/2024\/10\/take-90-insp7.png","datePublished":"2024-10-07T15:48:17+00:00","dateModified":"2026-01-22T11:27:43+00:00","breadcrumb":{"@id":"https:\/\/pachia.eu\/da\/take-oval-90-cm\/#breadcrumb"},"inLanguage":"da-DK","potentialAction":[{"@type":"ReadAction","target":["https:\/\/pachia.eu\/da\/take-oval-90-cm\/"]}]},{"@type":"ImageObject","inLanguage":"da-DK","@id":"https:\/\/pachia.eu\/da\/take-oval-90-cm\/#primaryimage","url":"https:\/\/pachia.eu\/wp-content\/uploads\/2024\/10\/take-90-insp7.png","contentUrl":"https:\/\/pachia.eu\/wp-content\/uploads\/2024\/10\/take-90-insp7.png","width":1794,"height":1794,"caption":"Take"},{"@type":"BreadcrumbList","@id":"https:\/\/pachia.eu\/da\/take-oval-90-cm\/#breadcrumb","itemListElement":[{"@type":"ListItem","position":1,"name":"Forside","item":"https:\/\/pachia.eu\/da\/"},{"@type":"ListItem","position":2,"name":"Shop","item":"https:\/\/pachia.eu\/da\/shop-2\/"},{"@type":"ListItem","position":3,"name":"Tak\u00e9 Oval 90 cm rispapirlampe"}]},{"@type":"WebSite","@id":"https:\/\/pachia.eu\/da\/#website","url":"https:\/\/pachia.eu\/da\/","name":"Pachia","description":"","publisher":{"@id":"https:\/\/pachia.eu\/da\/#organization"},"potentialAction":[{"@type":"SearchAction","target":{"@type":"EntryPoint","urlTemplate":"https:\/\/pachia.eu\/da\/?s={search_term_string}"},"query-input":{"@type":"PropertyValueSpecification","valueRequired":true,"valueName":"search_term_string"}}],"inLanguage":"da-DK"},{"@type":"Organization","@id":"https:\/\/pachia.eu\/da\/#organization","name":"Pachia ApS","url":"https:\/\/pachia.eu\/da\/","logo":{"@type":"ImageObject","inLanguage":"da-DK","@id":"https:\/\/pachia.eu\/da\/#\/schema\/logo\/image\/","url":"https:\/\/jocaonline.dk\/wp-content\/uploads\/2020\/10\/decoration-logo-small.png","contentUrl":"https:\/\/jocaonline.dk\/wp-content\/uploads\/2020\/10\/decoration-logo-small.png","width":301,"height":100,"caption":"Pachia ApS"},"image":{"@id":"https:\/\/pachia.eu\/da\/#\/schema\/logo\/image\/"},"sameAs":["https:\/\/www.facebook.com\/pachia.shop","https:\/\/www.instagram.com\/pachia.eu"]}]}},"_links":{"self":[{"href":"https:\/\/pachia.eu\/da\/wp-json\/wp\/v2\/product\/226135","targetHints":{"allow":["GET"]}}],"collection":[{"href":"https:\/\/pachia.eu\/da\/wp-json\/wp\/v2\/product"}],"about":[{"href":"https:\/\/pachia.eu\/da\/wp-json\/wp\/v2\/types\/product"}],"version-history":[{"count":0,"href":"https:\/\/pachia.eu\/da\/wp-json\/wp\/v2\/product\/226135\/revisions"}],"wp:featuredmedia":[{"embeddable":true,"href":"https:\/\/pachia.eu\/da\/wp-json\/wp\/v2\/media\/226743"}],"wp:attachment":[{"href":"https:\/\/pachia.eu\/da\/wp-json\/wp\/v2\/media?parent=226135"}],"wp:term":[{"taxonomy":"product_brand","embeddable":true,"href":"https:\/\/pachia.eu\/da\/wp-json\/wp\/v2\/product_brand?post=226135"},{"taxonomy":"product_cat","embeddable":true,"href":"https:\/\/pachia.eu\/da\/wp-json\/wp\/v2\/product_cat?post=226135"},{"taxonomy":"product_tag","embeddable":true,"href":"https:\/\/pachia.eu\/da\/wp-json\/wp\/v2\/product_tag?post=226135"},{"taxonomy":"mersalg-tag","embeddable":true,"href":"https:\/\/pachia.eu\/da\/wp-json\/wp\/v2\/mersalg-tag?post=226135"}],"curies":[{"name":"wp","href":"https:\/\/api.w.org\/{rel}","templated":true}]}}