{"id":218665,"date":"2022-08-09T15:36:22","date_gmt":"2022-08-09T13:36:22","guid":{"rendered":"https:\/\/pachia.eu\/?post_type=product&#038;p=218665"},"modified":"2025-03-17T20:16:42","modified_gmt":"2025-03-17T19:16:42","slug":"smaa-violette-rispapirlamper","status":"publish","type":"product","link":"https:\/\/pachia.eu\/da\/smaa-violette-rispapirlamper\/","title":{"rendered":"10 stk. Sm\u00e5 violette rispapirlamper"},"content":{"rendered":"<p>Skab dit personlige tema til festen eller hjemmet, med disse flotte sm\u00e5 violette rispapirlamper. S\u00e6t dem p\u00e5 en lysk\u00e6de eller placer dem p\u00e5 borde og flade arealer, og indret dit hjem eller dekorer festen, som du \u00f8nsker.<\/p>\n<p>Brug gerne flere forskellige farver og st\u00f8rrelser, hvis du skal pynte op til et st\u00f8rre arrangement. Den violette farve passer godt sammen med de hvide, bl\u00e5 og r\u00f8de nuancer.<\/p>\n","protected":false},"excerpt":{"rendered":"<p>Skab dit personlige tema til festen eller hjemmet, med disse flotte sm\u00e5 violette rispapirlamper. S\u00e6t dem p\u00e5 en lysk\u00e6de eller placer dem p\u00e5 borde og flade arealer, og indret dit hjem eller dekorer festen, som du \u00f8nsker. Brug gerne flere forskellige farver og st\u00f8rrelser, hvis du skal pynte op til et st\u00f8rre arrangement. Den violette [&hellip;]<\/p>\n","protected":false},"featured_media":218669,"template":"","meta":{"_lmt_disableupdate":"no","_lmt_disable":""},"product_brand":[],"product_cat":[40,136],"product_tag":[],"mersalg-tag":[],"class_list":{"0":"post-218665","1":"product","2":"type-product","3":"status-publish","4":"has-post-thumbnail","6":"product_cat-produkter","7":"product_cat-lyskaeder","9":"first","10":"instock","11":"taxable","12":"shipping-taxable","13":"purchasable","14":"product-type-simple"},"yoast_head":"<!-- This site is optimized with the Yoast SEO plugin v27.3 - https:\/\/yoast.com\/product\/yoast-seo-wordpress\/ -->\n<title>10 stk. Sm\u00e5 violette rispapirlamper | Lysk\u00e6der &amp; sm\u00e5 rispapirlamper | - Pachia<\/title>\n<meta name=\"robots\" content=\"index, follow, max-snippet:-1, max-image-preview:large, max-video-preview:-1\" \/>\n<link rel=\"canonical\" href=\"https:\/\/pachia.eu\/da\/smaa-violette-rispapirlamper\/\" \/>\n<meta property=\"og:locale\" content=\"da_DK\" \/>\n<meta property=\"og:type\" content=\"article\" \/>\n<meta property=\"og:title\" content=\"10 stk. Sm\u00e5 violette rispapirlamper | Lysk\u00e6der &amp; sm\u00e5 rispapirlamper | - Pachia\" \/>\n<meta property=\"og:description\" content=\"Skab dit personlige tema til festen eller hjemmet, med disse flotte sm\u00e5 violette rispapirlamper. S\u00e6t dem p\u00e5 en lysk\u00e6de eller placer dem p\u00e5 borde og flade arealer, og indret dit hjem eller dekorer festen, som du \u00f8nsker. Brug gerne flere forskellige farver og st\u00f8rrelser, hvis du skal pynte op til et st\u00f8rre arrangement. Den violette [&hellip;]\" \/>\n<meta property=\"og:url\" content=\"https:\/\/pachia.eu\/da\/smaa-violette-rispapirlamper\/\" \/>\n<meta property=\"og:site_name\" content=\"Pachia\" \/>\n<meta property=\"article:publisher\" content=\"https:\/\/www.facebook.com\/pachia.shop\" \/>\n<meta property=\"article:modified_time\" content=\"2025-03-17T19:16:42+00:00\" \/>\n<meta property=\"og:image\" content=\"https:\/\/pachia.eu\/wp-content\/uploads\/2022\/08\/smaa-violette.png\" \/>\n\t<meta property=\"og:image:width\" content=\"2000\" \/>\n\t<meta property=\"og:image:height\" content=\"2000\" \/>\n\t<meta property=\"og:image:type\" content=\"image\/png\" \/>\n<meta name=\"twitter:card\" content=\"summary_large_image\" \/>\n<meta name=\"twitter:label1\" content=\"Estimeret l\u00e6setid\" \/>\n\t<meta name=\"twitter:data1\" content=\"1 minut\" \/>\n<script type=\"application\/ld+json\" class=\"yoast-schema-graph\">{\"@context\":\"https:\\\/\\\/schema.org\",\"@graph\":[{\"@type\":\"WebPage\",\"@id\":\"https:\\\/\\\/pachia.eu\\\/da\\\/smaa-violette-rispapirlamper\\\/\",\"url\":\"https:\\\/\\\/pachia.eu\\\/da\\\/smaa-violette-rispapirlamper\\\/\",\"name\":\"10 stk. Sm\u00e5 violette rispapirlamper | Lysk\u00e6der &amp; sm\u00e5 rispapirlamper | - Pachia\",\"isPartOf\":{\"@id\":\"https:\\\/\\\/pachia.eu\\\/da\\\/#website\"},\"primaryImageOfPage\":{\"@id\":\"https:\\\/\\\/pachia.eu\\\/da\\\/smaa-violette-rispapirlamper\\\/#primaryimage\"},\"image\":{\"@id\":\"https:\\\/\\\/pachia.eu\\\/da\\\/smaa-violette-rispapirlamper\\\/#primaryimage\"},\"thumbnailUrl\":\"https:\\\/\\\/pachia.eu\\\/wp-content\\\/uploads\\\/2022\\\/08\\\/smaa-violette.png\",\"datePublished\":\"2022-08-09T13:36:22+00:00\",\"dateModified\":\"2025-03-17T19:16:42+00:00\",\"breadcrumb\":{\"@id\":\"https:\\\/\\\/pachia.eu\\\/da\\\/smaa-violette-rispapirlamper\\\/#breadcrumb\"},\"inLanguage\":\"da-DK\",\"potentialAction\":[{\"@type\":\"ReadAction\",\"target\":[\"https:\\\/\\\/pachia.eu\\\/da\\\/smaa-violette-rispapirlamper\\\/\"]}]},{\"@type\":\"ImageObject\",\"inLanguage\":\"da-DK\",\"@id\":\"https:\\\/\\\/pachia.eu\\\/da\\\/smaa-violette-rispapirlamper\\\/#primaryimage\",\"url\":\"https:\\\/\\\/pachia.eu\\\/wp-content\\\/uploads\\\/2022\\\/08\\\/smaa-violette.png\",\"contentUrl\":\"https:\\\/\\\/pachia.eu\\\/wp-content\\\/uploads\\\/2022\\\/08\\\/smaa-violette.png\",\"width\":2000,\"height\":2000},{\"@type\":\"BreadcrumbList\",\"@id\":\"https:\\\/\\\/pachia.eu\\\/da\\\/smaa-violette-rispapirlamper\\\/#breadcrumb\",\"itemListElement\":[{\"@type\":\"ListItem\",\"position\":1,\"name\":\"Forside\",\"item\":\"https:\\\/\\\/pachia.eu\\\/da\\\/\"},{\"@type\":\"ListItem\",\"position\":2,\"name\":\"Shop\",\"item\":\"https:\\\/\\\/pachia.eu\\\/da\\\/shop-2\\\/\"},{\"@type\":\"ListItem\",\"position\":3,\"name\":\"10 stk. Sm\u00e5 violette rispapirlamper\"}]},{\"@type\":\"WebSite\",\"@id\":\"https:\\\/\\\/pachia.eu\\\/da\\\/#website\",\"url\":\"https:\\\/\\\/pachia.eu\\\/da\\\/\",\"name\":\"Pachia\",\"description\":\"\",\"publisher\":{\"@id\":\"https:\\\/\\\/pachia.eu\\\/da\\\/#organization\"},\"potentialAction\":[{\"@type\":\"SearchAction\",\"target\":{\"@type\":\"EntryPoint\",\"urlTemplate\":\"https:\\\/\\\/pachia.eu\\\/da\\\/?s={search_term_string}\"},\"query-input\":{\"@type\":\"PropertyValueSpecification\",\"valueRequired\":true,\"valueName\":\"search_term_string\"}}],\"inLanguage\":\"da-DK\"},{\"@type\":\"Organization\",\"@id\":\"https:\\\/\\\/pachia.eu\\\/da\\\/#organization\",\"name\":\"Pachia ApS\",\"url\":\"https:\\\/\\\/pachia.eu\\\/da\\\/\",\"logo\":{\"@type\":\"ImageObject\",\"inLanguage\":\"da-DK\",\"@id\":\"https:\\\/\\\/pachia.eu\\\/da\\\/#\\\/schema\\\/logo\\\/image\\\/\",\"url\":\"https:\\\/\\\/jocaonline.dk\\\/wp-content\\\/uploads\\\/2020\\\/10\\\/decoration-logo-small.png\",\"contentUrl\":\"https:\\\/\\\/jocaonline.dk\\\/wp-content\\\/uploads\\\/2020\\\/10\\\/decoration-logo-small.png\",\"width\":301,\"height\":100,\"caption\":\"Pachia ApS\"},\"image\":{\"@id\":\"https:\\\/\\\/pachia.eu\\\/da\\\/#\\\/schema\\\/logo\\\/image\\\/\"},\"sameAs\":[\"https:\\\/\\\/www.facebook.com\\\/pachia.shop\",\"https:\\\/\\\/www.instagram.com\\\/pachia.eu\"]}]}<\/script>\n<!-- \/ Yoast SEO plugin. -->","yoast_head_json":{"title":"10 stk. Sm\u00e5 violette rispapirlamper | Lysk\u00e6der &amp; sm\u00e5 rispapirlamper | - Pachia","robots":{"index":"index","follow":"follow","max-snippet":"max-snippet:-1","max-image-preview":"max-image-preview:large","max-video-preview":"max-video-preview:-1"},"canonical":"https:\/\/pachia.eu\/da\/smaa-violette-rispapirlamper\/","og_locale":"da_DK","og_type":"article","og_title":"10 stk. Sm\u00e5 violette rispapirlamper | Lysk\u00e6der &amp; sm\u00e5 rispapirlamper | - Pachia","og_description":"Skab dit personlige tema til festen eller hjemmet, med disse flotte sm\u00e5 violette rispapirlamper. S\u00e6t dem p\u00e5 en lysk\u00e6de eller placer dem p\u00e5 borde og flade arealer, og indret dit hjem eller dekorer festen, som du \u00f8nsker. Brug gerne flere forskellige farver og st\u00f8rrelser, hvis du skal pynte op til et st\u00f8rre arrangement. Den violette [&hellip;]","og_url":"https:\/\/pachia.eu\/da\/smaa-violette-rispapirlamper\/","og_site_name":"Pachia","article_publisher":"https:\/\/www.facebook.com\/pachia.shop","article_modified_time":"2025-03-17T19:16:42+00:00","og_image":[{"width":2000,"height":2000,"url":"https:\/\/pachia.eu\/wp-content\/uploads\/2022\/08\/smaa-violette.png","type":"image\/png"}],"twitter_card":"summary_large_image","twitter_misc":{"Estimeret l\u00e6setid":"1 minut"},"schema":{"@context":"https:\/\/schema.org","@graph":[{"@type":"WebPage","@id":"https:\/\/pachia.eu\/da\/smaa-violette-rispapirlamper\/","url":"https:\/\/pachia.eu\/da\/smaa-violette-rispapirlamper\/","name":"10 stk. Sm\u00e5 violette rispapirlamper | Lysk\u00e6der &amp; sm\u00e5 rispapirlamper | - Pachia","isPartOf":{"@id":"https:\/\/pachia.eu\/da\/#website"},"primaryImageOfPage":{"@id":"https:\/\/pachia.eu\/da\/smaa-violette-rispapirlamper\/#primaryimage"},"image":{"@id":"https:\/\/pachia.eu\/da\/smaa-violette-rispapirlamper\/#primaryimage"},"thumbnailUrl":"https:\/\/pachia.eu\/wp-content\/uploads\/2022\/08\/smaa-violette.png","datePublished":"2022-08-09T13:36:22+00:00","dateModified":"2025-03-17T19:16:42+00:00","breadcrumb":{"@id":"https:\/\/pachia.eu\/da\/smaa-violette-rispapirlamper\/#breadcrumb"},"inLanguage":"da-DK","potentialAction":[{"@type":"ReadAction","target":["https:\/\/pachia.eu\/da\/smaa-violette-rispapirlamper\/"]}]},{"@type":"ImageObject","inLanguage":"da-DK","@id":"https:\/\/pachia.eu\/da\/smaa-violette-rispapirlamper\/#primaryimage","url":"https:\/\/pachia.eu\/wp-content\/uploads\/2022\/08\/smaa-violette.png","contentUrl":"https:\/\/pachia.eu\/wp-content\/uploads\/2022\/08\/smaa-violette.png","width":2000,"height":2000},{"@type":"BreadcrumbList","@id":"https:\/\/pachia.eu\/da\/smaa-violette-rispapirlamper\/#breadcrumb","itemListElement":[{"@type":"ListItem","position":1,"name":"Forside","item":"https:\/\/pachia.eu\/da\/"},{"@type":"ListItem","position":2,"name":"Shop","item":"https:\/\/pachia.eu\/da\/shop-2\/"},{"@type":"ListItem","position":3,"name":"10 stk. Sm\u00e5 violette rispapirlamper"}]},{"@type":"WebSite","@id":"https:\/\/pachia.eu\/da\/#website","url":"https:\/\/pachia.eu\/da\/","name":"Pachia","description":"","publisher":{"@id":"https:\/\/pachia.eu\/da\/#organization"},"potentialAction":[{"@type":"SearchAction","target":{"@type":"EntryPoint","urlTemplate":"https:\/\/pachia.eu\/da\/?s={search_term_string}"},"query-input":{"@type":"PropertyValueSpecification","valueRequired":true,"valueName":"search_term_string"}}],"inLanguage":"da-DK"},{"@type":"Organization","@id":"https:\/\/pachia.eu\/da\/#organization","name":"Pachia ApS","url":"https:\/\/pachia.eu\/da\/","logo":{"@type":"ImageObject","inLanguage":"da-DK","@id":"https:\/\/pachia.eu\/da\/#\/schema\/logo\/image\/","url":"https:\/\/jocaonline.dk\/wp-content\/uploads\/2020\/10\/decoration-logo-small.png","contentUrl":"https:\/\/jocaonline.dk\/wp-content\/uploads\/2020\/10\/decoration-logo-small.png","width":301,"height":100,"caption":"Pachia ApS"},"image":{"@id":"https:\/\/pachia.eu\/da\/#\/schema\/logo\/image\/"},"sameAs":["https:\/\/www.facebook.com\/pachia.shop","https:\/\/www.instagram.com\/pachia.eu"]}]}},"_links":{"self":[{"href":"https:\/\/pachia.eu\/da\/wp-json\/wp\/v2\/product\/218665","targetHints":{"allow":["GET"]}}],"collection":[{"href":"https:\/\/pachia.eu\/da\/wp-json\/wp\/v2\/product"}],"about":[{"href":"https:\/\/pachia.eu\/da\/wp-json\/wp\/v2\/types\/product"}],"version-history":[{"count":0,"href":"https:\/\/pachia.eu\/da\/wp-json\/wp\/v2\/product\/218665\/revisions"}],"wp:featuredmedia":[{"embeddable":true,"href":"https:\/\/pachia.eu\/da\/wp-json\/wp\/v2\/media\/218669"}],"wp:attachment":[{"href":"https:\/\/pachia.eu\/da\/wp-json\/wp\/v2\/media?parent=218665"}],"wp:term":[{"taxonomy":"product_brand","embeddable":true,"href":"https:\/\/pachia.eu\/da\/wp-json\/wp\/v2\/product_brand?post=218665"},{"taxonomy":"product_cat","embeddable":true,"href":"https:\/\/pachia.eu\/da\/wp-json\/wp\/v2\/product_cat?post=218665"},{"taxonomy":"product_tag","embeddable":true,"href":"https:\/\/pachia.eu\/da\/wp-json\/wp\/v2\/product_tag?post=218665"},{"taxonomy":"mersalg-tag","embeddable":true,"href":"https:\/\/pachia.eu\/da\/wp-json\/wp\/v2\/mersalg-tag?post=218665"}],"curies":[{"name":"wp","href":"https:\/\/api.w.org\/{rel}","templated":true}]}}