{"id":217386,"date":"2022-03-21T16:51:03","date_gmt":"2022-03-21T15:51:03","guid":{"rendered":"https:\/\/pachia.eu\/?post_type=product&#038;p=217386"},"modified":"2025-11-27T18:12:02","modified_gmt":"2025-11-27T17:12:02","slug":"smoke-led-paere-slim-30-cm","status":"publish","type":"product","link":"https:\/\/pachia.eu\/da\/smoke-led-paere-slim-30-cm\/","title":{"rendered":"Smoke LED p\u00e6re &#8211; Slim 30 cm"},"content":{"rendered":"<p>Smoke LED p\u00e6re i en aflang facon med en standard fatning E27. P\u00e6ren giver et sk\u00f8nt varmt lys, der fungerer perfekt som dekorativ hyggebelysning i hjemmet.<\/p>\n<p><strong>Specifikationer:<\/strong><\/p>\n<ul>\n<li>M\u00e5l: 30 x 3 cm<\/li>\n<li>Lys- temperatur: varmhvid (2200 K)<\/li>\n<li>D\u00e6mpbar: Ja<\/li>\n<li>Fatning: E27<\/li>\n<li>Glas farve: smoke<\/li>\n<li>Effekt: 4 Watt<\/li>\n<\/ul>\n","protected":false},"excerpt":{"rendered":"<p>Smoke LED p\u00e6re i en aflang facon med en standard fatning E27. P\u00e6ren giver et sk\u00f8nt varmt lys, der fungerer perfekt som dekorativ hyggebelysning i hjemmet. Specifikationer: M\u00e5l: 30 x 3 cm Lys- temperatur: varmhvid (2200 K) D\u00e6mpbar: Ja Fatning: E27 Glas farve: smoke Effekt: 4 Watt<\/p>\n","protected":false},"featured_media":217388,"template":"","meta":{"_lmt_disableupdate":"no","_lmt_disable":""},"product_brand":[],"product_cat":[346,40,129,130],"product_tag":[],"mersalg-tag":[],"class_list":{"0":"post-217386","1":"product","2":"type-product","3":"status-publish","4":"has-post-thumbnail","6":"product_cat-smoke-led","7":"product_cat-produkter","8":"product_cat-tilbehoer","9":"product_cat-led-paerer","11":"first","12":"instock","13":"taxable","14":"shipping-taxable","15":"purchasable","16":"product-type-simple"},"yoast_head":"<!-- This site is optimized with the Yoast SEO plugin v27.3 - https:\/\/yoast.com\/product\/yoast-seo-wordpress\/ -->\n<title>Smoke LED p\u00e6re - Slim 30 cm | LED p\u00e6rer &amp; lyskilder | - Pachia<\/title>\n<meta name=\"robots\" content=\"index, follow, max-snippet:-1, max-image-preview:large, max-video-preview:-1\" \/>\n<link rel=\"canonical\" href=\"https:\/\/pachia.eu\/da\/smoke-led-paere-slim-30-cm\/\" \/>\n<meta property=\"og:locale\" content=\"da_DK\" \/>\n<meta property=\"og:type\" content=\"article\" \/>\n<meta property=\"og:title\" content=\"Smoke LED p\u00e6re - Slim 30 cm | LED p\u00e6rer &amp; lyskilder | - Pachia\" \/>\n<meta property=\"og:description\" content=\"Smoke LED p\u00e6re i en aflang facon med en standard fatning E27. P\u00e6ren giver et sk\u00f8nt varmt lys, der fungerer perfekt som dekorativ hyggebelysning i hjemmet. Specifikationer: M\u00e5l: 30 x 3 cm Lys- temperatur: varmhvid (2200 K) D\u00e6mpbar: Ja Fatning: E27 Glas farve: smoke Effekt: 4 Watt\" \/>\n<meta property=\"og:url\" content=\"https:\/\/pachia.eu\/da\/smoke-led-paere-slim-30-cm\/\" \/>\n<meta property=\"og:site_name\" content=\"Pachia\" \/>\n<meta property=\"article:publisher\" content=\"https:\/\/www.facebook.com\/pachia.shop\" \/>\n<meta property=\"article:modified_time\" content=\"2025-11-27T17:12:02+00:00\" \/>\n<meta property=\"og:image\" content=\"https:\/\/pachia.eu\/wp-content\/uploads\/2022\/03\/slim-led-paere.png\" \/>\n\t<meta property=\"og:image:width\" content=\"2000\" \/>\n\t<meta property=\"og:image:height\" content=\"2000\" \/>\n\t<meta property=\"og:image:type\" content=\"image\/png\" \/>\n<meta name=\"twitter:card\" content=\"summary_large_image\" \/>\n<meta name=\"twitter:label1\" content=\"Estimeret l\u00e6setid\" \/>\n\t<meta name=\"twitter:data1\" content=\"1 minut\" \/>\n<script type=\"application\/ld+json\" class=\"yoast-schema-graph\">{\"@context\":\"https:\\\/\\\/schema.org\",\"@graph\":[{\"@type\":\"WebPage\",\"@id\":\"https:\\\/\\\/pachia.eu\\\/da\\\/smoke-led-paere-slim-30-cm\\\/\",\"url\":\"https:\\\/\\\/pachia.eu\\\/da\\\/smoke-led-paere-slim-30-cm\\\/\",\"name\":\"Smoke LED p\u00e6re - Slim 30 cm | LED p\u00e6rer &amp; lyskilder | - Pachia\",\"isPartOf\":{\"@id\":\"https:\\\/\\\/pachia.eu\\\/da\\\/#website\"},\"primaryImageOfPage\":{\"@id\":\"https:\\\/\\\/pachia.eu\\\/da\\\/smoke-led-paere-slim-30-cm\\\/#primaryimage\"},\"image\":{\"@id\":\"https:\\\/\\\/pachia.eu\\\/da\\\/smoke-led-paere-slim-30-cm\\\/#primaryimage\"},\"thumbnailUrl\":\"https:\\\/\\\/pachia.eu\\\/wp-content\\\/uploads\\\/2022\\\/03\\\/slim-led-paere.png\",\"datePublished\":\"2022-03-21T15:51:03+00:00\",\"dateModified\":\"2025-11-27T17:12:02+00:00\",\"breadcrumb\":{\"@id\":\"https:\\\/\\\/pachia.eu\\\/da\\\/smoke-led-paere-slim-30-cm\\\/#breadcrumb\"},\"inLanguage\":\"da-DK\",\"potentialAction\":[{\"@type\":\"ReadAction\",\"target\":[\"https:\\\/\\\/pachia.eu\\\/da\\\/smoke-led-paere-slim-30-cm\\\/\"]}]},{\"@type\":\"ImageObject\",\"inLanguage\":\"da-DK\",\"@id\":\"https:\\\/\\\/pachia.eu\\\/da\\\/smoke-led-paere-slim-30-cm\\\/#primaryimage\",\"url\":\"https:\\\/\\\/pachia.eu\\\/wp-content\\\/uploads\\\/2022\\\/03\\\/slim-led-paere.png\",\"contentUrl\":\"https:\\\/\\\/pachia.eu\\\/wp-content\\\/uploads\\\/2022\\\/03\\\/slim-led-paere.png\",\"width\":2000,\"height\":2000},{\"@type\":\"BreadcrumbList\",\"@id\":\"https:\\\/\\\/pachia.eu\\\/da\\\/smoke-led-paere-slim-30-cm\\\/#breadcrumb\",\"itemListElement\":[{\"@type\":\"ListItem\",\"position\":1,\"name\":\"Forside\",\"item\":\"https:\\\/\\\/pachia.eu\\\/da\\\/\"},{\"@type\":\"ListItem\",\"position\":2,\"name\":\"Shop\",\"item\":\"https:\\\/\\\/pachia.eu\\\/da\\\/shop-2\\\/\"},{\"@type\":\"ListItem\",\"position\":3,\"name\":\"Smoke LED p\u00e6re &#8211; Slim 30 cm\"}]},{\"@type\":\"WebSite\",\"@id\":\"https:\\\/\\\/pachia.eu\\\/da\\\/#website\",\"url\":\"https:\\\/\\\/pachia.eu\\\/da\\\/\",\"name\":\"Pachia\",\"description\":\"\",\"publisher\":{\"@id\":\"https:\\\/\\\/pachia.eu\\\/da\\\/#organization\"},\"potentialAction\":[{\"@type\":\"SearchAction\",\"target\":{\"@type\":\"EntryPoint\",\"urlTemplate\":\"https:\\\/\\\/pachia.eu\\\/da\\\/?s={search_term_string}\"},\"query-input\":{\"@type\":\"PropertyValueSpecification\",\"valueRequired\":true,\"valueName\":\"search_term_string\"}}],\"inLanguage\":\"da-DK\"},{\"@type\":\"Organization\",\"@id\":\"https:\\\/\\\/pachia.eu\\\/da\\\/#organization\",\"name\":\"Pachia ApS\",\"url\":\"https:\\\/\\\/pachia.eu\\\/da\\\/\",\"logo\":{\"@type\":\"ImageObject\",\"inLanguage\":\"da-DK\",\"@id\":\"https:\\\/\\\/pachia.eu\\\/da\\\/#\\\/schema\\\/logo\\\/image\\\/\",\"url\":\"https:\\\/\\\/jocaonline.dk\\\/wp-content\\\/uploads\\\/2020\\\/10\\\/decoration-logo-small.png\",\"contentUrl\":\"https:\\\/\\\/jocaonline.dk\\\/wp-content\\\/uploads\\\/2020\\\/10\\\/decoration-logo-small.png\",\"width\":301,\"height\":100,\"caption\":\"Pachia ApS\"},\"image\":{\"@id\":\"https:\\\/\\\/pachia.eu\\\/da\\\/#\\\/schema\\\/logo\\\/image\\\/\"},\"sameAs\":[\"https:\\\/\\\/www.facebook.com\\\/pachia.shop\",\"https:\\\/\\\/www.instagram.com\\\/pachia.eu\"]}]}<\/script>\n<!-- \/ Yoast SEO plugin. -->","yoast_head_json":{"title":"Smoke LED p\u00e6re - Slim 30 cm | LED p\u00e6rer &amp; lyskilder | - Pachia","robots":{"index":"index","follow":"follow","max-snippet":"max-snippet:-1","max-image-preview":"max-image-preview:large","max-video-preview":"max-video-preview:-1"},"canonical":"https:\/\/pachia.eu\/da\/smoke-led-paere-slim-30-cm\/","og_locale":"da_DK","og_type":"article","og_title":"Smoke LED p\u00e6re - Slim 30 cm | LED p\u00e6rer &amp; lyskilder | - Pachia","og_description":"Smoke LED p\u00e6re i en aflang facon med en standard fatning E27. P\u00e6ren giver et sk\u00f8nt varmt lys, der fungerer perfekt som dekorativ hyggebelysning i hjemmet. Specifikationer: M\u00e5l: 30 x 3 cm Lys- temperatur: varmhvid (2200 K) D\u00e6mpbar: Ja Fatning: E27 Glas farve: smoke Effekt: 4 Watt","og_url":"https:\/\/pachia.eu\/da\/smoke-led-paere-slim-30-cm\/","og_site_name":"Pachia","article_publisher":"https:\/\/www.facebook.com\/pachia.shop","article_modified_time":"2025-11-27T17:12:02+00:00","og_image":[{"width":2000,"height":2000,"url":"https:\/\/pachia.eu\/wp-content\/uploads\/2022\/03\/slim-led-paere.png","type":"image\/png"}],"twitter_card":"summary_large_image","twitter_misc":{"Estimeret l\u00e6setid":"1 minut"},"schema":{"@context":"https:\/\/schema.org","@graph":[{"@type":"WebPage","@id":"https:\/\/pachia.eu\/da\/smoke-led-paere-slim-30-cm\/","url":"https:\/\/pachia.eu\/da\/smoke-led-paere-slim-30-cm\/","name":"Smoke LED p\u00e6re - Slim 30 cm | LED p\u00e6rer &amp; lyskilder | - Pachia","isPartOf":{"@id":"https:\/\/pachia.eu\/da\/#website"},"primaryImageOfPage":{"@id":"https:\/\/pachia.eu\/da\/smoke-led-paere-slim-30-cm\/#primaryimage"},"image":{"@id":"https:\/\/pachia.eu\/da\/smoke-led-paere-slim-30-cm\/#primaryimage"},"thumbnailUrl":"https:\/\/pachia.eu\/wp-content\/uploads\/2022\/03\/slim-led-paere.png","datePublished":"2022-03-21T15:51:03+00:00","dateModified":"2025-11-27T17:12:02+00:00","breadcrumb":{"@id":"https:\/\/pachia.eu\/da\/smoke-led-paere-slim-30-cm\/#breadcrumb"},"inLanguage":"da-DK","potentialAction":[{"@type":"ReadAction","target":["https:\/\/pachia.eu\/da\/smoke-led-paere-slim-30-cm\/"]}]},{"@type":"ImageObject","inLanguage":"da-DK","@id":"https:\/\/pachia.eu\/da\/smoke-led-paere-slim-30-cm\/#primaryimage","url":"https:\/\/pachia.eu\/wp-content\/uploads\/2022\/03\/slim-led-paere.png","contentUrl":"https:\/\/pachia.eu\/wp-content\/uploads\/2022\/03\/slim-led-paere.png","width":2000,"height":2000},{"@type":"BreadcrumbList","@id":"https:\/\/pachia.eu\/da\/smoke-led-paere-slim-30-cm\/#breadcrumb","itemListElement":[{"@type":"ListItem","position":1,"name":"Forside","item":"https:\/\/pachia.eu\/da\/"},{"@type":"ListItem","position":2,"name":"Shop","item":"https:\/\/pachia.eu\/da\/shop-2\/"},{"@type":"ListItem","position":3,"name":"Smoke LED p\u00e6re &#8211; Slim 30 cm"}]},{"@type":"WebSite","@id":"https:\/\/pachia.eu\/da\/#website","url":"https:\/\/pachia.eu\/da\/","name":"Pachia","description":"","publisher":{"@id":"https:\/\/pachia.eu\/da\/#organization"},"potentialAction":[{"@type":"SearchAction","target":{"@type":"EntryPoint","urlTemplate":"https:\/\/pachia.eu\/da\/?s={search_term_string}"},"query-input":{"@type":"PropertyValueSpecification","valueRequired":true,"valueName":"search_term_string"}}],"inLanguage":"da-DK"},{"@type":"Organization","@id":"https:\/\/pachia.eu\/da\/#organization","name":"Pachia ApS","url":"https:\/\/pachia.eu\/da\/","logo":{"@type":"ImageObject","inLanguage":"da-DK","@id":"https:\/\/pachia.eu\/da\/#\/schema\/logo\/image\/","url":"https:\/\/jocaonline.dk\/wp-content\/uploads\/2020\/10\/decoration-logo-small.png","contentUrl":"https:\/\/jocaonline.dk\/wp-content\/uploads\/2020\/10\/decoration-logo-small.png","width":301,"height":100,"caption":"Pachia ApS"},"image":{"@id":"https:\/\/pachia.eu\/da\/#\/schema\/logo\/image\/"},"sameAs":["https:\/\/www.facebook.com\/pachia.shop","https:\/\/www.instagram.com\/pachia.eu"]}]}},"_links":{"self":[{"href":"https:\/\/pachia.eu\/da\/wp-json\/wp\/v2\/product\/217386","targetHints":{"allow":["GET"]}}],"collection":[{"href":"https:\/\/pachia.eu\/da\/wp-json\/wp\/v2\/product"}],"about":[{"href":"https:\/\/pachia.eu\/da\/wp-json\/wp\/v2\/types\/product"}],"version-history":[{"count":0,"href":"https:\/\/pachia.eu\/da\/wp-json\/wp\/v2\/product\/217386\/revisions"}],"wp:featuredmedia":[{"embeddable":true,"href":"https:\/\/pachia.eu\/da\/wp-json\/wp\/v2\/media\/217388"}],"wp:attachment":[{"href":"https:\/\/pachia.eu\/da\/wp-json\/wp\/v2\/media?parent=217386"}],"wp:term":[{"taxonomy":"product_brand","embeddable":true,"href":"https:\/\/pachia.eu\/da\/wp-json\/wp\/v2\/product_brand?post=217386"},{"taxonomy":"product_cat","embeddable":true,"href":"https:\/\/pachia.eu\/da\/wp-json\/wp\/v2\/product_cat?post=217386"},{"taxonomy":"product_tag","embeddable":true,"href":"https:\/\/pachia.eu\/da\/wp-json\/wp\/v2\/product_tag?post=217386"},{"taxonomy":"mersalg-tag","embeddable":true,"href":"https:\/\/pachia.eu\/da\/wp-json\/wp\/v2\/mersalg-tag?post=217386"}],"curies":[{"name":"wp","href":"https:\/\/api.w.org\/{rel}","templated":true}]}}