{"id":214848,"date":"2021-09-03T13:34:35","date_gmt":"2021-09-03T11:34:35","guid":{"rendered":"https:\/\/pachia.eu\/?post_type=product&#038;p=214848"},"modified":"2025-12-30T00:37:33","modified_gmt":"2025-12-29T23:37:33","slug":"sort-e14-fatningssaet","status":"publish","type":"product","link":"https:\/\/pachia.eu\/da\/sort-e14-fatningssaet\/","title":{"rendered":"Lille fatningss\u00e6t Sort E14"},"content":{"rendered":"<p>Vores sorte E14 fatningss\u00e6t passer til den mindre lampe, der kun kan rumme en lille E14 p\u00e6re. Den kan kombineres med vores rispapirlamper og anbefales til lamper med en diameter p\u00e5 20cm eller derover.<\/p>\n<p><strong>Specifikationer:<\/strong><\/p>\n<ul>\n<li>Fatningen kr\u00e6ver en E14 p\u00e6re og har en maks effekt p\u00e5 60W.<\/li>\n<li>Ledningen er 2 meter lang.<\/li>\n<li>Ledningen er bekl\u00e6dt med v\u00e6vet tekstil<\/li>\n<li>Fatningen er bekl\u00e6dt med en metal k\u00e5be i mat sort<\/li>\n<\/ul>\n","protected":false},"excerpt":{"rendered":"<p>Vores sorte E14 fatningss\u00e6t passer til den mindre lampe, der kun kan rumme en lille E14 p\u00e6re. Den kan kombineres med vores rispapirlamper og anbefales til lamper med en diameter p\u00e5 20cm eller derover. Specifikationer: Fatningen kr\u00e6ver en E14 p\u00e6re og har en maks effekt p\u00e5 60W. Ledningen er 2 meter lang. Ledningen er bekl\u00e6dt [&hellip;]<\/p>\n","protected":false},"featured_media":214849,"template":"","meta":{"_lmt_disableupdate":"no","_lmt_disable":""},"product_brand":[],"product_cat":[40,129,37],"product_tag":[],"mersalg-tag":[117],"class_list":{"0":"post-214848","1":"product","2":"type-product","3":"status-publish","4":"has-post-thumbnail","6":"product_cat-produkter","7":"product_cat-tilbehoer","8":"product_cat-fatninger-ledninger","9":"mersalg-tag-fatning","11":"first","12":"instock","13":"taxable","14":"shipping-taxable","15":"purchasable","16":"product-type-simple"},"yoast_head":"<!-- This site is optimized with the Yoast SEO plugin v27.3 - https:\/\/yoast.com\/product\/yoast-seo-wordpress\/ -->\n<title>Lille fatningss\u00e6t Sort E14 | Fatninger &amp; ledninger | - Pachia<\/title>\n<meta name=\"robots\" content=\"index, follow, max-snippet:-1, max-image-preview:large, max-video-preview:-1\" \/>\n<link rel=\"canonical\" href=\"https:\/\/pachia.eu\/da\/sort-e14-fatningssaet\/\" \/>\n<meta property=\"og:locale\" content=\"da_DK\" \/>\n<meta property=\"og:type\" content=\"article\" \/>\n<meta property=\"og:title\" content=\"Lille fatningss\u00e6t Sort E14 | Fatninger &amp; ledninger | - Pachia\" \/>\n<meta property=\"og:description\" content=\"Vores sorte E14 fatningss\u00e6t passer til den mindre lampe, der kun kan rumme en lille E14 p\u00e6re. Den kan kombineres med vores rispapirlamper og anbefales til lamper med en diameter p\u00e5 20cm eller derover. Specifikationer: Fatningen kr\u00e6ver en E14 p\u00e6re og har en maks effekt p\u00e5 60W. Ledningen er 2 meter lang. Ledningen er bekl\u00e6dt [&hellip;]\" \/>\n<meta property=\"og:url\" content=\"https:\/\/pachia.eu\/da\/sort-e14-fatningssaet\/\" \/>\n<meta property=\"og:site_name\" content=\"Pachia\" \/>\n<meta property=\"article:publisher\" content=\"https:\/\/www.facebook.com\/pachia.shop\" \/>\n<meta property=\"article:modified_time\" content=\"2025-12-29T23:37:33+00:00\" \/>\n<meta property=\"og:image\" content=\"https:\/\/pachia.eu\/wp-content\/uploads\/2021\/09\/e14-fatning.png\" \/>\n\t<meta property=\"og:image:width\" content=\"2000\" \/>\n\t<meta property=\"og:image:height\" content=\"2000\" \/>\n\t<meta property=\"og:image:type\" content=\"image\/png\" \/>\n<meta name=\"twitter:card\" content=\"summary_large_image\" \/>\n<meta name=\"twitter:label1\" content=\"Estimeret l\u00e6setid\" \/>\n\t<meta name=\"twitter:data1\" content=\"1 minut\" \/>\n<script type=\"application\/ld+json\" class=\"yoast-schema-graph\">{\"@context\":\"https:\\\/\\\/schema.org\",\"@graph\":[{\"@type\":\"WebPage\",\"@id\":\"https:\\\/\\\/pachia.eu\\\/da\\\/sort-e14-fatningssaet\\\/\",\"url\":\"https:\\\/\\\/pachia.eu\\\/da\\\/sort-e14-fatningssaet\\\/\",\"name\":\"Lille fatningss\u00e6t Sort E14 | Fatninger &amp; ledninger | - Pachia\",\"isPartOf\":{\"@id\":\"https:\\\/\\\/pachia.eu\\\/da\\\/#website\"},\"primaryImageOfPage\":{\"@id\":\"https:\\\/\\\/pachia.eu\\\/da\\\/sort-e14-fatningssaet\\\/#primaryimage\"},\"image\":{\"@id\":\"https:\\\/\\\/pachia.eu\\\/da\\\/sort-e14-fatningssaet\\\/#primaryimage\"},\"thumbnailUrl\":\"https:\\\/\\\/pachia.eu\\\/wp-content\\\/uploads\\\/2021\\\/09\\\/e14-fatning.png\",\"datePublished\":\"2021-09-03T11:34:35+00:00\",\"dateModified\":\"2025-12-29T23:37:33+00:00\",\"breadcrumb\":{\"@id\":\"https:\\\/\\\/pachia.eu\\\/da\\\/sort-e14-fatningssaet\\\/#breadcrumb\"},\"inLanguage\":\"da-DK\",\"potentialAction\":[{\"@type\":\"ReadAction\",\"target\":[\"https:\\\/\\\/pachia.eu\\\/da\\\/sort-e14-fatningssaet\\\/\"]}]},{\"@type\":\"ImageObject\",\"inLanguage\":\"da-DK\",\"@id\":\"https:\\\/\\\/pachia.eu\\\/da\\\/sort-e14-fatningssaet\\\/#primaryimage\",\"url\":\"https:\\\/\\\/pachia.eu\\\/wp-content\\\/uploads\\\/2021\\\/09\\\/e14-fatning.png\",\"contentUrl\":\"https:\\\/\\\/pachia.eu\\\/wp-content\\\/uploads\\\/2021\\\/09\\\/e14-fatning.png\",\"width\":2000,\"height\":2000},{\"@type\":\"BreadcrumbList\",\"@id\":\"https:\\\/\\\/pachia.eu\\\/da\\\/sort-e14-fatningssaet\\\/#breadcrumb\",\"itemListElement\":[{\"@type\":\"ListItem\",\"position\":1,\"name\":\"Forside\",\"item\":\"https:\\\/\\\/pachia.eu\\\/da\\\/\"},{\"@type\":\"ListItem\",\"position\":2,\"name\":\"Shop\",\"item\":\"https:\\\/\\\/pachia.eu\\\/da\\\/shop-2\\\/\"},{\"@type\":\"ListItem\",\"position\":3,\"name\":\"Lille fatningss\u00e6t Sort E14\"}]},{\"@type\":\"WebSite\",\"@id\":\"https:\\\/\\\/pachia.eu\\\/da\\\/#website\",\"url\":\"https:\\\/\\\/pachia.eu\\\/da\\\/\",\"name\":\"Pachia\",\"description\":\"\",\"publisher\":{\"@id\":\"https:\\\/\\\/pachia.eu\\\/da\\\/#organization\"},\"potentialAction\":[{\"@type\":\"SearchAction\",\"target\":{\"@type\":\"EntryPoint\",\"urlTemplate\":\"https:\\\/\\\/pachia.eu\\\/da\\\/?s={search_term_string}\"},\"query-input\":{\"@type\":\"PropertyValueSpecification\",\"valueRequired\":true,\"valueName\":\"search_term_string\"}}],\"inLanguage\":\"da-DK\"},{\"@type\":\"Organization\",\"@id\":\"https:\\\/\\\/pachia.eu\\\/da\\\/#organization\",\"name\":\"Pachia ApS\",\"url\":\"https:\\\/\\\/pachia.eu\\\/da\\\/\",\"logo\":{\"@type\":\"ImageObject\",\"inLanguage\":\"da-DK\",\"@id\":\"https:\\\/\\\/pachia.eu\\\/da\\\/#\\\/schema\\\/logo\\\/image\\\/\",\"url\":\"https:\\\/\\\/jocaonline.dk\\\/wp-content\\\/uploads\\\/2020\\\/10\\\/decoration-logo-small.png\",\"contentUrl\":\"https:\\\/\\\/jocaonline.dk\\\/wp-content\\\/uploads\\\/2020\\\/10\\\/decoration-logo-small.png\",\"width\":301,\"height\":100,\"caption\":\"Pachia ApS\"},\"image\":{\"@id\":\"https:\\\/\\\/pachia.eu\\\/da\\\/#\\\/schema\\\/logo\\\/image\\\/\"},\"sameAs\":[\"https:\\\/\\\/www.facebook.com\\\/pachia.shop\",\"https:\\\/\\\/www.instagram.com\\\/pachia.eu\"]}]}<\/script>\n<!-- \/ Yoast SEO plugin. -->","yoast_head_json":{"title":"Lille fatningss\u00e6t Sort E14 | Fatninger &amp; ledninger | - Pachia","robots":{"index":"index","follow":"follow","max-snippet":"max-snippet:-1","max-image-preview":"max-image-preview:large","max-video-preview":"max-video-preview:-1"},"canonical":"https:\/\/pachia.eu\/da\/sort-e14-fatningssaet\/","og_locale":"da_DK","og_type":"article","og_title":"Lille fatningss\u00e6t Sort E14 | Fatninger &amp; ledninger | - Pachia","og_description":"Vores sorte E14 fatningss\u00e6t passer til den mindre lampe, der kun kan rumme en lille E14 p\u00e6re. Den kan kombineres med vores rispapirlamper og anbefales til lamper med en diameter p\u00e5 20cm eller derover. Specifikationer: Fatningen kr\u00e6ver en E14 p\u00e6re og har en maks effekt p\u00e5 60W. Ledningen er 2 meter lang. Ledningen er bekl\u00e6dt [&hellip;]","og_url":"https:\/\/pachia.eu\/da\/sort-e14-fatningssaet\/","og_site_name":"Pachia","article_publisher":"https:\/\/www.facebook.com\/pachia.shop","article_modified_time":"2025-12-29T23:37:33+00:00","og_image":[{"width":2000,"height":2000,"url":"https:\/\/pachia.eu\/wp-content\/uploads\/2021\/09\/e14-fatning.png","type":"image\/png"}],"twitter_card":"summary_large_image","twitter_misc":{"Estimeret l\u00e6setid":"1 minut"},"schema":{"@context":"https:\/\/schema.org","@graph":[{"@type":"WebPage","@id":"https:\/\/pachia.eu\/da\/sort-e14-fatningssaet\/","url":"https:\/\/pachia.eu\/da\/sort-e14-fatningssaet\/","name":"Lille fatningss\u00e6t Sort E14 | Fatninger &amp; ledninger | - Pachia","isPartOf":{"@id":"https:\/\/pachia.eu\/da\/#website"},"primaryImageOfPage":{"@id":"https:\/\/pachia.eu\/da\/sort-e14-fatningssaet\/#primaryimage"},"image":{"@id":"https:\/\/pachia.eu\/da\/sort-e14-fatningssaet\/#primaryimage"},"thumbnailUrl":"https:\/\/pachia.eu\/wp-content\/uploads\/2021\/09\/e14-fatning.png","datePublished":"2021-09-03T11:34:35+00:00","dateModified":"2025-12-29T23:37:33+00:00","breadcrumb":{"@id":"https:\/\/pachia.eu\/da\/sort-e14-fatningssaet\/#breadcrumb"},"inLanguage":"da-DK","potentialAction":[{"@type":"ReadAction","target":["https:\/\/pachia.eu\/da\/sort-e14-fatningssaet\/"]}]},{"@type":"ImageObject","inLanguage":"da-DK","@id":"https:\/\/pachia.eu\/da\/sort-e14-fatningssaet\/#primaryimage","url":"https:\/\/pachia.eu\/wp-content\/uploads\/2021\/09\/e14-fatning.png","contentUrl":"https:\/\/pachia.eu\/wp-content\/uploads\/2021\/09\/e14-fatning.png","width":2000,"height":2000},{"@type":"BreadcrumbList","@id":"https:\/\/pachia.eu\/da\/sort-e14-fatningssaet\/#breadcrumb","itemListElement":[{"@type":"ListItem","position":1,"name":"Forside","item":"https:\/\/pachia.eu\/da\/"},{"@type":"ListItem","position":2,"name":"Shop","item":"https:\/\/pachia.eu\/da\/shop-2\/"},{"@type":"ListItem","position":3,"name":"Lille fatningss\u00e6t Sort E14"}]},{"@type":"WebSite","@id":"https:\/\/pachia.eu\/da\/#website","url":"https:\/\/pachia.eu\/da\/","name":"Pachia","description":"","publisher":{"@id":"https:\/\/pachia.eu\/da\/#organization"},"potentialAction":[{"@type":"SearchAction","target":{"@type":"EntryPoint","urlTemplate":"https:\/\/pachia.eu\/da\/?s={search_term_string}"},"query-input":{"@type":"PropertyValueSpecification","valueRequired":true,"valueName":"search_term_string"}}],"inLanguage":"da-DK"},{"@type":"Organization","@id":"https:\/\/pachia.eu\/da\/#organization","name":"Pachia ApS","url":"https:\/\/pachia.eu\/da\/","logo":{"@type":"ImageObject","inLanguage":"da-DK","@id":"https:\/\/pachia.eu\/da\/#\/schema\/logo\/image\/","url":"https:\/\/jocaonline.dk\/wp-content\/uploads\/2020\/10\/decoration-logo-small.png","contentUrl":"https:\/\/jocaonline.dk\/wp-content\/uploads\/2020\/10\/decoration-logo-small.png","width":301,"height":100,"caption":"Pachia ApS"},"image":{"@id":"https:\/\/pachia.eu\/da\/#\/schema\/logo\/image\/"},"sameAs":["https:\/\/www.facebook.com\/pachia.shop","https:\/\/www.instagram.com\/pachia.eu"]}]}},"_links":{"self":[{"href":"https:\/\/pachia.eu\/da\/wp-json\/wp\/v2\/product\/214848","targetHints":{"allow":["GET"]}}],"collection":[{"href":"https:\/\/pachia.eu\/da\/wp-json\/wp\/v2\/product"}],"about":[{"href":"https:\/\/pachia.eu\/da\/wp-json\/wp\/v2\/types\/product"}],"version-history":[{"count":0,"href":"https:\/\/pachia.eu\/da\/wp-json\/wp\/v2\/product\/214848\/revisions"}],"wp:featuredmedia":[{"embeddable":true,"href":"https:\/\/pachia.eu\/da\/wp-json\/wp\/v2\/media\/214849"}],"wp:attachment":[{"href":"https:\/\/pachia.eu\/da\/wp-json\/wp\/v2\/media?parent=214848"}],"wp:term":[{"taxonomy":"product_brand","embeddable":true,"href":"https:\/\/pachia.eu\/da\/wp-json\/wp\/v2\/product_brand?post=214848"},{"taxonomy":"product_cat","embeddable":true,"href":"https:\/\/pachia.eu\/da\/wp-json\/wp\/v2\/product_cat?post=214848"},{"taxonomy":"product_tag","embeddable":true,"href":"https:\/\/pachia.eu\/da\/wp-json\/wp\/v2\/product_tag?post=214848"},{"taxonomy":"mersalg-tag","embeddable":true,"href":"https:\/\/pachia.eu\/da\/wp-json\/wp\/v2\/mersalg-tag?post=214848"}],"curies":[{"name":"wp","href":"https:\/\/api.w.org\/{rel}","templated":true}]}}