{"id":214843,"date":"2021-09-03T13:07:39","date_gmt":"2021-09-03T11:07:39","guid":{"rendered":"https:\/\/pachia.eu\/?post_type=product&#038;p=214843"},"modified":"2025-04-14T12:39:10","modified_gmt":"2025-04-14T10:39:10","slug":"sort-klyngependel-3-silikone-fatninger","status":"publish","type":"product","link":"https:\/\/pachia.eu\/da\/sort-klyngependel-3-silikone-fatninger\/","title":{"rendered":"Sort Klyngependel &#8211; 3 silikone fatninger"},"content":{"rendered":"<p class=\"\" data-start=\"81\" data-end=\"347\">G\u00f8r din belysning til en del af indretningen med vores elegante sorte klyngependel med tre fleksible silikone fatninger. Perfekt til at skabe en personlig og levende lampe-klynge, der giver karakter til ethvert rum.<\/p>\n<p class=\"\" data-start=\"349\" data-end=\"688\">Ledningerne kan justeres og h\u00e6nges i forskellige niveauer, hvilket skaber et dynamisk og legende udtryk. Den sorte finish og bl\u00f8de silikone giver et minimalistisk look med masser af stil, og pendlen passer is\u00e6r godt sammen med vores rispapirlamper \u2013 en ideel kombination til at opn\u00e5 et let og luftigt udtryk med masser af visuel dybde.<\/p>\n<p class=\"\" data-start=\"690\" data-end=\"817\">H\u00e6ng dem over spisebordet, i hj\u00f8rnet af stuen eller som et smukt blikfang i sovev\u00e6relset.<br data-start=\"779\" data-end=\"782\" \/>Nem at montere \u2013 smuk at se p\u00e5.<\/p>\n<p><strong>Specifikationer:<\/strong><\/p>\n<ul>\n<li>Fatningen er af model E27 og har en maks effekt p\u00e5 60W pr. fatning.<\/li>\n<li>Ledningen p\u00e5 hver fatning er 2,5 meter lang.<\/li>\n<li>Ledningen er belagt med v\u00e6vet tekstil<\/li>\n<li>P\u00e6rer medf\u00f8lger ikke<\/li>\n<\/ul>\n","protected":false},"excerpt":{"rendered":"<p>G\u00f8r din belysning til en del af indretningen med vores elegante sorte klyngependel med tre fleksible silikone fatninger. Perfekt til at skabe en personlig og levende lampe-klynge, der giver karakter til ethvert rum. Ledningerne kan justeres og h\u00e6nges i forskellige niveauer, hvilket skaber et dynamisk og legende udtryk. Den sorte finish og bl\u00f8de silikone giver [&hellip;]<\/p>\n","protected":false},"featured_media":214844,"template":"","meta":{"_lmt_disableupdate":"no","_lmt_disable":""},"product_brand":[],"product_cat":[40,129,37],"product_tag":[],"mersalg-tag":[117],"class_list":{"0":"post-214843","1":"product","2":"type-product","3":"status-publish","4":"has-post-thumbnail","6":"product_cat-produkter","7":"product_cat-tilbehoer","8":"product_cat-fatninger-ledninger","9":"mersalg-tag-fatning","11":"first","12":"instock","13":"taxable","14":"shipping-taxable","15":"purchasable","16":"product-type-simple"},"yoast_head":"<!-- This site is optimized with the Yoast SEO plugin v27.3 - https:\/\/yoast.com\/product\/yoast-seo-wordpress\/ -->\n<title>Sort Klyngependel - 3 silikone fatninger | Fatninger &amp; ledninger | - Pachia<\/title>\n<meta name=\"robots\" content=\"index, follow, max-snippet:-1, max-image-preview:large, max-video-preview:-1\" \/>\n<link rel=\"canonical\" href=\"https:\/\/pachia.eu\/da\/sort-klyngependel-3-silikone-fatninger\/\" \/>\n<meta property=\"og:locale\" content=\"da_DK\" \/>\n<meta property=\"og:type\" content=\"article\" \/>\n<meta property=\"og:title\" content=\"Sort Klyngependel - 3 silikone fatninger | Fatninger &amp; ledninger | - Pachia\" \/>\n<meta property=\"og:description\" content=\"G\u00f8r din belysning til en del af indretningen med vores elegante sorte klyngependel med tre fleksible silikone fatninger. Perfekt til at skabe en personlig og levende lampe-klynge, der giver karakter til ethvert rum. Ledningerne kan justeres og h\u00e6nges i forskellige niveauer, hvilket skaber et dynamisk og legende udtryk. Den sorte finish og bl\u00f8de silikone giver [&hellip;]\" \/>\n<meta property=\"og:url\" content=\"https:\/\/pachia.eu\/da\/sort-klyngependel-3-silikone-fatninger\/\" \/>\n<meta property=\"og:site_name\" content=\"Pachia\" \/>\n<meta property=\"article:publisher\" content=\"https:\/\/www.facebook.com\/pachia.shop\" \/>\n<meta property=\"article:modified_time\" content=\"2025-04-14T10:39:10+00:00\" \/>\n<meta property=\"og:image\" content=\"https:\/\/pachia.eu\/wp-content\/uploads\/2021\/09\/klyngependel-fatningssaet.png\" \/>\n\t<meta property=\"og:image:width\" content=\"2000\" \/>\n\t<meta property=\"og:image:height\" content=\"2000\" \/>\n\t<meta property=\"og:image:type\" content=\"image\/png\" \/>\n<meta name=\"twitter:card\" content=\"summary_large_image\" \/>\n<meta name=\"twitter:label1\" content=\"Estimeret l\u00e6setid\" \/>\n\t<meta name=\"twitter:data1\" content=\"1 minut\" \/>\n<script type=\"application\/ld+json\" class=\"yoast-schema-graph\">{\"@context\":\"https:\\\/\\\/schema.org\",\"@graph\":[{\"@type\":\"WebPage\",\"@id\":\"https:\\\/\\\/pachia.eu\\\/da\\\/sort-klyngependel-3-silikone-fatninger\\\/\",\"url\":\"https:\\\/\\\/pachia.eu\\\/da\\\/sort-klyngependel-3-silikone-fatninger\\\/\",\"name\":\"Sort Klyngependel - 3 silikone fatninger | Fatninger &amp; ledninger | - Pachia\",\"isPartOf\":{\"@id\":\"https:\\\/\\\/pachia.eu\\\/da\\\/#website\"},\"primaryImageOfPage\":{\"@id\":\"https:\\\/\\\/pachia.eu\\\/da\\\/sort-klyngependel-3-silikone-fatninger\\\/#primaryimage\"},\"image\":{\"@id\":\"https:\\\/\\\/pachia.eu\\\/da\\\/sort-klyngependel-3-silikone-fatninger\\\/#primaryimage\"},\"thumbnailUrl\":\"https:\\\/\\\/pachia.eu\\\/wp-content\\\/uploads\\\/2021\\\/09\\\/klyngependel-fatningssaet.png\",\"datePublished\":\"2021-09-03T11:07:39+00:00\",\"dateModified\":\"2025-04-14T10:39:10+00:00\",\"breadcrumb\":{\"@id\":\"https:\\\/\\\/pachia.eu\\\/da\\\/sort-klyngependel-3-silikone-fatninger\\\/#breadcrumb\"},\"inLanguage\":\"da-DK\",\"potentialAction\":[{\"@type\":\"ReadAction\",\"target\":[\"https:\\\/\\\/pachia.eu\\\/da\\\/sort-klyngependel-3-silikone-fatninger\\\/\"]}]},{\"@type\":\"ImageObject\",\"inLanguage\":\"da-DK\",\"@id\":\"https:\\\/\\\/pachia.eu\\\/da\\\/sort-klyngependel-3-silikone-fatninger\\\/#primaryimage\",\"url\":\"https:\\\/\\\/pachia.eu\\\/wp-content\\\/uploads\\\/2021\\\/09\\\/klyngependel-fatningssaet.png\",\"contentUrl\":\"https:\\\/\\\/pachia.eu\\\/wp-content\\\/uploads\\\/2021\\\/09\\\/klyngependel-fatningssaet.png\",\"width\":2000,\"height\":2000},{\"@type\":\"BreadcrumbList\",\"@id\":\"https:\\\/\\\/pachia.eu\\\/da\\\/sort-klyngependel-3-silikone-fatninger\\\/#breadcrumb\",\"itemListElement\":[{\"@type\":\"ListItem\",\"position\":1,\"name\":\"Forside\",\"item\":\"https:\\\/\\\/pachia.eu\\\/da\\\/\"},{\"@type\":\"ListItem\",\"position\":2,\"name\":\"Shop\",\"item\":\"https:\\\/\\\/pachia.eu\\\/da\\\/shop-2\\\/\"},{\"@type\":\"ListItem\",\"position\":3,\"name\":\"Sort Klyngependel &#8211; 3 silikone fatninger\"}]},{\"@type\":\"WebSite\",\"@id\":\"https:\\\/\\\/pachia.eu\\\/da\\\/#website\",\"url\":\"https:\\\/\\\/pachia.eu\\\/da\\\/\",\"name\":\"Pachia\",\"description\":\"\",\"publisher\":{\"@id\":\"https:\\\/\\\/pachia.eu\\\/da\\\/#organization\"},\"potentialAction\":[{\"@type\":\"SearchAction\",\"target\":{\"@type\":\"EntryPoint\",\"urlTemplate\":\"https:\\\/\\\/pachia.eu\\\/da\\\/?s={search_term_string}\"},\"query-input\":{\"@type\":\"PropertyValueSpecification\",\"valueRequired\":true,\"valueName\":\"search_term_string\"}}],\"inLanguage\":\"da-DK\"},{\"@type\":\"Organization\",\"@id\":\"https:\\\/\\\/pachia.eu\\\/da\\\/#organization\",\"name\":\"Pachia ApS\",\"url\":\"https:\\\/\\\/pachia.eu\\\/da\\\/\",\"logo\":{\"@type\":\"ImageObject\",\"inLanguage\":\"da-DK\",\"@id\":\"https:\\\/\\\/pachia.eu\\\/da\\\/#\\\/schema\\\/logo\\\/image\\\/\",\"url\":\"https:\\\/\\\/jocaonline.dk\\\/wp-content\\\/uploads\\\/2020\\\/10\\\/decoration-logo-small.png\",\"contentUrl\":\"https:\\\/\\\/jocaonline.dk\\\/wp-content\\\/uploads\\\/2020\\\/10\\\/decoration-logo-small.png\",\"width\":301,\"height\":100,\"caption\":\"Pachia ApS\"},\"image\":{\"@id\":\"https:\\\/\\\/pachia.eu\\\/da\\\/#\\\/schema\\\/logo\\\/image\\\/\"},\"sameAs\":[\"https:\\\/\\\/www.facebook.com\\\/pachia.shop\",\"https:\\\/\\\/www.instagram.com\\\/pachia.eu\"]}]}<\/script>\n<!-- \/ Yoast SEO plugin. -->","yoast_head_json":{"title":"Sort Klyngependel - 3 silikone fatninger | Fatninger &amp; ledninger | - Pachia","robots":{"index":"index","follow":"follow","max-snippet":"max-snippet:-1","max-image-preview":"max-image-preview:large","max-video-preview":"max-video-preview:-1"},"canonical":"https:\/\/pachia.eu\/da\/sort-klyngependel-3-silikone-fatninger\/","og_locale":"da_DK","og_type":"article","og_title":"Sort Klyngependel - 3 silikone fatninger | Fatninger &amp; ledninger | - Pachia","og_description":"G\u00f8r din belysning til en del af indretningen med vores elegante sorte klyngependel med tre fleksible silikone fatninger. Perfekt til at skabe en personlig og levende lampe-klynge, der giver karakter til ethvert rum. Ledningerne kan justeres og h\u00e6nges i forskellige niveauer, hvilket skaber et dynamisk og legende udtryk. Den sorte finish og bl\u00f8de silikone giver [&hellip;]","og_url":"https:\/\/pachia.eu\/da\/sort-klyngependel-3-silikone-fatninger\/","og_site_name":"Pachia","article_publisher":"https:\/\/www.facebook.com\/pachia.shop","article_modified_time":"2025-04-14T10:39:10+00:00","og_image":[{"width":2000,"height":2000,"url":"https:\/\/pachia.eu\/wp-content\/uploads\/2021\/09\/klyngependel-fatningssaet.png","type":"image\/png"}],"twitter_card":"summary_large_image","twitter_misc":{"Estimeret l\u00e6setid":"1 minut"},"schema":{"@context":"https:\/\/schema.org","@graph":[{"@type":"WebPage","@id":"https:\/\/pachia.eu\/da\/sort-klyngependel-3-silikone-fatninger\/","url":"https:\/\/pachia.eu\/da\/sort-klyngependel-3-silikone-fatninger\/","name":"Sort Klyngependel - 3 silikone fatninger | Fatninger &amp; ledninger | - Pachia","isPartOf":{"@id":"https:\/\/pachia.eu\/da\/#website"},"primaryImageOfPage":{"@id":"https:\/\/pachia.eu\/da\/sort-klyngependel-3-silikone-fatninger\/#primaryimage"},"image":{"@id":"https:\/\/pachia.eu\/da\/sort-klyngependel-3-silikone-fatninger\/#primaryimage"},"thumbnailUrl":"https:\/\/pachia.eu\/wp-content\/uploads\/2021\/09\/klyngependel-fatningssaet.png","datePublished":"2021-09-03T11:07:39+00:00","dateModified":"2025-04-14T10:39:10+00:00","breadcrumb":{"@id":"https:\/\/pachia.eu\/da\/sort-klyngependel-3-silikone-fatninger\/#breadcrumb"},"inLanguage":"da-DK","potentialAction":[{"@type":"ReadAction","target":["https:\/\/pachia.eu\/da\/sort-klyngependel-3-silikone-fatninger\/"]}]},{"@type":"ImageObject","inLanguage":"da-DK","@id":"https:\/\/pachia.eu\/da\/sort-klyngependel-3-silikone-fatninger\/#primaryimage","url":"https:\/\/pachia.eu\/wp-content\/uploads\/2021\/09\/klyngependel-fatningssaet.png","contentUrl":"https:\/\/pachia.eu\/wp-content\/uploads\/2021\/09\/klyngependel-fatningssaet.png","width":2000,"height":2000},{"@type":"BreadcrumbList","@id":"https:\/\/pachia.eu\/da\/sort-klyngependel-3-silikone-fatninger\/#breadcrumb","itemListElement":[{"@type":"ListItem","position":1,"name":"Forside","item":"https:\/\/pachia.eu\/da\/"},{"@type":"ListItem","position":2,"name":"Shop","item":"https:\/\/pachia.eu\/da\/shop-2\/"},{"@type":"ListItem","position":3,"name":"Sort Klyngependel &#8211; 3 silikone fatninger"}]},{"@type":"WebSite","@id":"https:\/\/pachia.eu\/da\/#website","url":"https:\/\/pachia.eu\/da\/","name":"Pachia","description":"","publisher":{"@id":"https:\/\/pachia.eu\/da\/#organization"},"potentialAction":[{"@type":"SearchAction","target":{"@type":"EntryPoint","urlTemplate":"https:\/\/pachia.eu\/da\/?s={search_term_string}"},"query-input":{"@type":"PropertyValueSpecification","valueRequired":true,"valueName":"search_term_string"}}],"inLanguage":"da-DK"},{"@type":"Organization","@id":"https:\/\/pachia.eu\/da\/#organization","name":"Pachia ApS","url":"https:\/\/pachia.eu\/da\/","logo":{"@type":"ImageObject","inLanguage":"da-DK","@id":"https:\/\/pachia.eu\/da\/#\/schema\/logo\/image\/","url":"https:\/\/jocaonline.dk\/wp-content\/uploads\/2020\/10\/decoration-logo-small.png","contentUrl":"https:\/\/jocaonline.dk\/wp-content\/uploads\/2020\/10\/decoration-logo-small.png","width":301,"height":100,"caption":"Pachia ApS"},"image":{"@id":"https:\/\/pachia.eu\/da\/#\/schema\/logo\/image\/"},"sameAs":["https:\/\/www.facebook.com\/pachia.shop","https:\/\/www.instagram.com\/pachia.eu"]}]}},"_links":{"self":[{"href":"https:\/\/pachia.eu\/da\/wp-json\/wp\/v2\/product\/214843","targetHints":{"allow":["GET"]}}],"collection":[{"href":"https:\/\/pachia.eu\/da\/wp-json\/wp\/v2\/product"}],"about":[{"href":"https:\/\/pachia.eu\/da\/wp-json\/wp\/v2\/types\/product"}],"version-history":[{"count":0,"href":"https:\/\/pachia.eu\/da\/wp-json\/wp\/v2\/product\/214843\/revisions"}],"wp:featuredmedia":[{"embeddable":true,"href":"https:\/\/pachia.eu\/da\/wp-json\/wp\/v2\/media\/214844"}],"wp:attachment":[{"href":"https:\/\/pachia.eu\/da\/wp-json\/wp\/v2\/media?parent=214843"}],"wp:term":[{"taxonomy":"product_brand","embeddable":true,"href":"https:\/\/pachia.eu\/da\/wp-json\/wp\/v2\/product_brand?post=214843"},{"taxonomy":"product_cat","embeddable":true,"href":"https:\/\/pachia.eu\/da\/wp-json\/wp\/v2\/product_cat?post=214843"},{"taxonomy":"product_tag","embeddable":true,"href":"https:\/\/pachia.eu\/da\/wp-json\/wp\/v2\/product_tag?post=214843"},{"taxonomy":"mersalg-tag","embeddable":true,"href":"https:\/\/pachia.eu\/da\/wp-json\/wp\/v2\/mersalg-tag?post=214843"}],"curies":[{"name":"wp","href":"https:\/\/api.w.org\/{rel}","templated":true}]}}