{"id":214,"date":"2021-02-01T17:42:14","date_gmt":"2021-02-01T16:42:14","guid":{"rendered":"https:\/\/pachia.eu\/?post_type=product&#038;p=214"},"modified":"2026-03-30T14:12:49","modified_gmt":"2026-03-30T12:12:49","slug":"pachia-e27-led-paere","status":"publish","type":"product","link":"https:\/\/pachia.eu\/da\/pachia-e27-led-paere\/","title":{"rendered":"Pachia E27 LED p\u00e6re"},"content":{"rendered":"<p>LED p\u00e6re med enten en effekt p\u00e5 6W eller 8W, der svarer til hhv. en gammeldags 40 watt eller 60 watt gl\u00f8dep\u00e6re. P\u00e6ren giver et naturligt varmt lys, der med sit matte glas spreder lyset i alle retninger. Brug den i hjemmet til bordlampen, i sovev\u00e6relset eller i en af vores sk\u00f8nne rispapirlamper. Skift samtlige gl\u00f8dep\u00e6rer ud i hjemmet med disse energibesparende p\u00e6rer, for at spare p\u00e5 elregningen.<\/p>\n<p>LED p\u00e6rerne giver et lige s\u00e5 godt, varmt og kraftigt lys som de gammeldags gl\u00f8dep\u00e6rer, til forskel fra energisparep\u00e6rerne, som vi kender som alternativet til gl\u00f8dep\u00e6rer. Denne p\u00e6re er til forskel fra standard LED p\u00e6rer d\u00e6mpbar, hvilket betyder at den kan d\u00e6mpes, hvis du har en lysd\u00e6mper monteret.<\/p>\n<p><strong>Specifikationer:<\/strong><\/p>\n<ul>\n<li>E27 sokkel<\/li>\n<li>D\u00e6mpbar sammen med en lysd\u00e6mper<\/li>\n<li>Varm\/varmhvidt lys<\/li>\n<li>Farvetemperatur: 2700K<\/li>\n<li>Effekt: 6 &#8211; 12 watt<\/li>\n<li>Lumen: 450 lm, 600 lm, 800 lm, 1000 lm<\/li>\n<li>H\u00f8jde:10cm, Diameter: 5 cm<\/li>\n<\/ul>\n","protected":false},"excerpt":{"rendered":"<p>LED p\u00e6re med enten en effekt p\u00e5 6W eller 8W, der svarer til hhv. en gammeldags 40 watt eller 60 watt gl\u00f8dep\u00e6re. P\u00e6ren giver et naturligt varmt lys, der med sit matte glas spreder lyset i alle retninger. Brug den i hjemmet til bordlampen, i sovev\u00e6relset eller i en af vores sk\u00f8nne rispapirlamper. Skift samtlige [&hellip;]<\/p>\n","protected":false},"featured_media":215,"template":"","meta":{"_lmt_disableupdate":"no","_lmt_disable":""},"product_brand":[],"product_cat":[268,40,130],"product_tag":[93,95],"mersalg-tag":[118],"class_list":{"0":"post-214","1":"product","2":"type-product","3":"status-publish","4":"has-post-thumbnail","6":"product_cat-messe","7":"product_cat-produkter","8":"product_cat-led-paerer","9":"product_tag-e27-paere","10":"product_tag-paere","11":"mersalg-tag-paere","13":"first","14":"instock","15":"taxable","16":"shipping-taxable","17":"purchasable","18":"product-type-variable"},"yoast_head":"<!-- This site is optimized with the Yoast SEO plugin v27.3 - https:\/\/yoast.com\/product\/yoast-seo-wordpress\/ -->\n<title>Pachia E27 LED p\u00e6re | LED p\u00e6rer &amp; lyskilder | - Pachia<\/title>\n<meta name=\"robots\" content=\"index, follow, max-snippet:-1, max-image-preview:large, max-video-preview:-1\" \/>\n<link rel=\"canonical\" href=\"https:\/\/pachia.eu\/da\/pachia-e27-led-paere\/\" \/>\n<meta property=\"og:locale\" content=\"da_DK\" \/>\n<meta property=\"og:type\" content=\"article\" \/>\n<meta property=\"og:title\" content=\"Pachia E27 LED p\u00e6re | LED p\u00e6rer &amp; lyskilder | - Pachia\" \/>\n<meta property=\"og:description\" content=\"LED p\u00e6re med enten en effekt p\u00e5 6W eller 8W, der svarer til hhv. en gammeldags 40 watt eller 60 watt gl\u00f8dep\u00e6re. P\u00e6ren giver et naturligt varmt lys, der med sit matte glas spreder lyset i alle retninger. Brug den i hjemmet til bordlampen, i sovev\u00e6relset eller i en af vores sk\u00f8nne rispapirlamper. Skift samtlige [&hellip;]\" \/>\n<meta property=\"og:url\" content=\"https:\/\/pachia.eu\/da\/pachia-e27-led-paere\/\" \/>\n<meta property=\"og:site_name\" content=\"Pachia\" \/>\n<meta property=\"article:publisher\" content=\"https:\/\/www.facebook.com\/pachia.shop\" \/>\n<meta property=\"article:modified_time\" content=\"2026-03-30T12:12:49+00:00\" \/>\n<meta property=\"og:image\" content=\"https:\/\/pachia.eu\/wp-content\/uploads\/2021\/02\/e27-8w-paere.jpg\" \/>\n\t<meta property=\"og:image:width\" content=\"1500\" \/>\n\t<meta property=\"og:image:height\" content=\"1500\" \/>\n\t<meta property=\"og:image:type\" content=\"image\/jpeg\" \/>\n<meta name=\"twitter:card\" content=\"summary_large_image\" \/>\n<meta name=\"twitter:label1\" content=\"Estimeret l\u00e6setid\" \/>\n\t<meta name=\"twitter:data1\" content=\"1 minut\" \/>\n<script type=\"application\/ld+json\" class=\"yoast-schema-graph\">{\"@context\":\"https:\\\/\\\/schema.org\",\"@graph\":[{\"@type\":\"WebPage\",\"@id\":\"https:\\\/\\\/pachia.eu\\\/da\\\/pachia-e27-led-paere\\\/\",\"url\":\"https:\\\/\\\/pachia.eu\\\/da\\\/pachia-e27-led-paere\\\/\",\"name\":\"Pachia E27 LED p\u00e6re | LED p\u00e6rer &amp; lyskilder | - Pachia\",\"isPartOf\":{\"@id\":\"https:\\\/\\\/pachia.eu\\\/da\\\/#website\"},\"primaryImageOfPage\":{\"@id\":\"https:\\\/\\\/pachia.eu\\\/da\\\/pachia-e27-led-paere\\\/#primaryimage\"},\"image\":{\"@id\":\"https:\\\/\\\/pachia.eu\\\/da\\\/pachia-e27-led-paere\\\/#primaryimage\"},\"thumbnailUrl\":\"https:\\\/\\\/pachia.eu\\\/wp-content\\\/uploads\\\/2021\\\/02\\\/e27-8w-paere.jpg\",\"datePublished\":\"2021-02-01T16:42:14+00:00\",\"dateModified\":\"2026-03-30T12:12:49+00:00\",\"breadcrumb\":{\"@id\":\"https:\\\/\\\/pachia.eu\\\/da\\\/pachia-e27-led-paere\\\/#breadcrumb\"},\"inLanguage\":\"da-DK\",\"potentialAction\":[{\"@type\":\"ReadAction\",\"target\":[\"https:\\\/\\\/pachia.eu\\\/da\\\/pachia-e27-led-paere\\\/\"]}]},{\"@type\":\"ImageObject\",\"inLanguage\":\"da-DK\",\"@id\":\"https:\\\/\\\/pachia.eu\\\/da\\\/pachia-e27-led-paere\\\/#primaryimage\",\"url\":\"https:\\\/\\\/pachia.eu\\\/wp-content\\\/uploads\\\/2021\\\/02\\\/e27-8w-paere.jpg\",\"contentUrl\":\"https:\\\/\\\/pachia.eu\\\/wp-content\\\/uploads\\\/2021\\\/02\\\/e27-8w-paere.jpg\",\"width\":1500,\"height\":1500},{\"@type\":\"BreadcrumbList\",\"@id\":\"https:\\\/\\\/pachia.eu\\\/da\\\/pachia-e27-led-paere\\\/#breadcrumb\",\"itemListElement\":[{\"@type\":\"ListItem\",\"position\":1,\"name\":\"Forside\",\"item\":\"https:\\\/\\\/pachia.eu\\\/da\\\/\"},{\"@type\":\"ListItem\",\"position\":2,\"name\":\"Shop\",\"item\":\"https:\\\/\\\/pachia.eu\\\/da\\\/shop-2\\\/\"},{\"@type\":\"ListItem\",\"position\":3,\"name\":\"Pachia E27 LED p\u00e6re\"}]},{\"@type\":\"WebSite\",\"@id\":\"https:\\\/\\\/pachia.eu\\\/da\\\/#website\",\"url\":\"https:\\\/\\\/pachia.eu\\\/da\\\/\",\"name\":\"Pachia\",\"description\":\"\",\"publisher\":{\"@id\":\"https:\\\/\\\/pachia.eu\\\/da\\\/#organization\"},\"potentialAction\":[{\"@type\":\"SearchAction\",\"target\":{\"@type\":\"EntryPoint\",\"urlTemplate\":\"https:\\\/\\\/pachia.eu\\\/da\\\/?s={search_term_string}\"},\"query-input\":{\"@type\":\"PropertyValueSpecification\",\"valueRequired\":true,\"valueName\":\"search_term_string\"}}],\"inLanguage\":\"da-DK\"},{\"@type\":\"Organization\",\"@id\":\"https:\\\/\\\/pachia.eu\\\/da\\\/#organization\",\"name\":\"Pachia ApS\",\"url\":\"https:\\\/\\\/pachia.eu\\\/da\\\/\",\"logo\":{\"@type\":\"ImageObject\",\"inLanguage\":\"da-DK\",\"@id\":\"https:\\\/\\\/pachia.eu\\\/da\\\/#\\\/schema\\\/logo\\\/image\\\/\",\"url\":\"https:\\\/\\\/jocaonline.dk\\\/wp-content\\\/uploads\\\/2020\\\/10\\\/decoration-logo-small.png\",\"contentUrl\":\"https:\\\/\\\/jocaonline.dk\\\/wp-content\\\/uploads\\\/2020\\\/10\\\/decoration-logo-small.png\",\"width\":301,\"height\":100,\"caption\":\"Pachia ApS\"},\"image\":{\"@id\":\"https:\\\/\\\/pachia.eu\\\/da\\\/#\\\/schema\\\/logo\\\/image\\\/\"},\"sameAs\":[\"https:\\\/\\\/www.facebook.com\\\/pachia.shop\",\"https:\\\/\\\/www.instagram.com\\\/pachia.eu\"]}]}<\/script>\n<!-- \/ Yoast SEO plugin. -->","yoast_head_json":{"title":"Pachia E27 LED p\u00e6re | LED p\u00e6rer &amp; lyskilder | - Pachia","robots":{"index":"index","follow":"follow","max-snippet":"max-snippet:-1","max-image-preview":"max-image-preview:large","max-video-preview":"max-video-preview:-1"},"canonical":"https:\/\/pachia.eu\/da\/pachia-e27-led-paere\/","og_locale":"da_DK","og_type":"article","og_title":"Pachia E27 LED p\u00e6re | LED p\u00e6rer &amp; lyskilder | - Pachia","og_description":"LED p\u00e6re med enten en effekt p\u00e5 6W eller 8W, der svarer til hhv. en gammeldags 40 watt eller 60 watt gl\u00f8dep\u00e6re. P\u00e6ren giver et naturligt varmt lys, der med sit matte glas spreder lyset i alle retninger. Brug den i hjemmet til bordlampen, i sovev\u00e6relset eller i en af vores sk\u00f8nne rispapirlamper. Skift samtlige [&hellip;]","og_url":"https:\/\/pachia.eu\/da\/pachia-e27-led-paere\/","og_site_name":"Pachia","article_publisher":"https:\/\/www.facebook.com\/pachia.shop","article_modified_time":"2026-03-30T12:12:49+00:00","og_image":[{"width":1500,"height":1500,"url":"https:\/\/pachia.eu\/wp-content\/uploads\/2021\/02\/e27-8w-paere.jpg","type":"image\/jpeg"}],"twitter_card":"summary_large_image","twitter_misc":{"Estimeret l\u00e6setid":"1 minut"},"schema":{"@context":"https:\/\/schema.org","@graph":[{"@type":"WebPage","@id":"https:\/\/pachia.eu\/da\/pachia-e27-led-paere\/","url":"https:\/\/pachia.eu\/da\/pachia-e27-led-paere\/","name":"Pachia E27 LED p\u00e6re | LED p\u00e6rer &amp; lyskilder | - Pachia","isPartOf":{"@id":"https:\/\/pachia.eu\/da\/#website"},"primaryImageOfPage":{"@id":"https:\/\/pachia.eu\/da\/pachia-e27-led-paere\/#primaryimage"},"image":{"@id":"https:\/\/pachia.eu\/da\/pachia-e27-led-paere\/#primaryimage"},"thumbnailUrl":"https:\/\/pachia.eu\/wp-content\/uploads\/2021\/02\/e27-8w-paere.jpg","datePublished":"2021-02-01T16:42:14+00:00","dateModified":"2026-03-30T12:12:49+00:00","breadcrumb":{"@id":"https:\/\/pachia.eu\/da\/pachia-e27-led-paere\/#breadcrumb"},"inLanguage":"da-DK","potentialAction":[{"@type":"ReadAction","target":["https:\/\/pachia.eu\/da\/pachia-e27-led-paere\/"]}]},{"@type":"ImageObject","inLanguage":"da-DK","@id":"https:\/\/pachia.eu\/da\/pachia-e27-led-paere\/#primaryimage","url":"https:\/\/pachia.eu\/wp-content\/uploads\/2021\/02\/e27-8w-paere.jpg","contentUrl":"https:\/\/pachia.eu\/wp-content\/uploads\/2021\/02\/e27-8w-paere.jpg","width":1500,"height":1500},{"@type":"BreadcrumbList","@id":"https:\/\/pachia.eu\/da\/pachia-e27-led-paere\/#breadcrumb","itemListElement":[{"@type":"ListItem","position":1,"name":"Forside","item":"https:\/\/pachia.eu\/da\/"},{"@type":"ListItem","position":2,"name":"Shop","item":"https:\/\/pachia.eu\/da\/shop-2\/"},{"@type":"ListItem","position":3,"name":"Pachia E27 LED p\u00e6re"}]},{"@type":"WebSite","@id":"https:\/\/pachia.eu\/da\/#website","url":"https:\/\/pachia.eu\/da\/","name":"Pachia","description":"","publisher":{"@id":"https:\/\/pachia.eu\/da\/#organization"},"potentialAction":[{"@type":"SearchAction","target":{"@type":"EntryPoint","urlTemplate":"https:\/\/pachia.eu\/da\/?s={search_term_string}"},"query-input":{"@type":"PropertyValueSpecification","valueRequired":true,"valueName":"search_term_string"}}],"inLanguage":"da-DK"},{"@type":"Organization","@id":"https:\/\/pachia.eu\/da\/#organization","name":"Pachia ApS","url":"https:\/\/pachia.eu\/da\/","logo":{"@type":"ImageObject","inLanguage":"da-DK","@id":"https:\/\/pachia.eu\/da\/#\/schema\/logo\/image\/","url":"https:\/\/jocaonline.dk\/wp-content\/uploads\/2020\/10\/decoration-logo-small.png","contentUrl":"https:\/\/jocaonline.dk\/wp-content\/uploads\/2020\/10\/decoration-logo-small.png","width":301,"height":100,"caption":"Pachia ApS"},"image":{"@id":"https:\/\/pachia.eu\/da\/#\/schema\/logo\/image\/"},"sameAs":["https:\/\/www.facebook.com\/pachia.shop","https:\/\/www.instagram.com\/pachia.eu"]}]}},"_links":{"self":[{"href":"https:\/\/pachia.eu\/da\/wp-json\/wp\/v2\/product\/214","targetHints":{"allow":["GET"]}}],"collection":[{"href":"https:\/\/pachia.eu\/da\/wp-json\/wp\/v2\/product"}],"about":[{"href":"https:\/\/pachia.eu\/da\/wp-json\/wp\/v2\/types\/product"}],"version-history":[{"count":0,"href":"https:\/\/pachia.eu\/da\/wp-json\/wp\/v2\/product\/214\/revisions"}],"wp:featuredmedia":[{"embeddable":true,"href":"https:\/\/pachia.eu\/da\/wp-json\/wp\/v2\/media\/215"}],"wp:attachment":[{"href":"https:\/\/pachia.eu\/da\/wp-json\/wp\/v2\/media?parent=214"}],"wp:term":[{"taxonomy":"product_brand","embeddable":true,"href":"https:\/\/pachia.eu\/da\/wp-json\/wp\/v2\/product_brand?post=214"},{"taxonomy":"product_cat","embeddable":true,"href":"https:\/\/pachia.eu\/da\/wp-json\/wp\/v2\/product_cat?post=214"},{"taxonomy":"product_tag","embeddable":true,"href":"https:\/\/pachia.eu\/da\/wp-json\/wp\/v2\/product_tag?post=214"},{"taxonomy":"mersalg-tag","embeddable":true,"href":"https:\/\/pachia.eu\/da\/wp-json\/wp\/v2\/mersalg-tag?post=214"}],"curies":[{"name":"wp","href":"https:\/\/api.w.org\/{rel}","templated":true}]}}