{"id":1937,"date":"2021-06-18T11:49:46","date_gmt":"2021-06-18T09:49:46","guid":{"rendered":"https:\/\/pachia.eu\/?post_type=product&#038;p=1937"},"modified":"2025-02-17T15:17:52","modified_gmt":"2025-02-17T14:17:52","slug":"stor-hvid-ellipse","status":"publish","type":"product","link":"https:\/\/pachia.eu\/da\/stor-hvid-ellipse\/","title":{"rendered":"Stor hvid ellipse"},"content":{"rendered":"<p>Stor ellipse lampe i hvid. Lampen er den st\u00f8rste model vi har i ellipse-serien. Den giver en god h\u00f8jde og g\u00f8r sig derfor godt, hvis man har h\u00f8jt til loftet eller hvis man har et hj\u00f8rne eller lignende, der har brug for lys og fylde. Lampen kan med fordel kombineres med vores andre ellipse lamper og skabe en s\u00e5kaldt trio. Det giver et fantastisk resultat som giver b\u00e5de dybde og spil i indretningen. Det er en fin l\u00f8sning hvis man \u00f8nsker billige lamper, der giver et smukt look til hjemmet.<\/p>\n<p>Lampen kan kombineres med alle vores fatninger og LED-p\u00e6rer.<\/p>\n<p>St\u00f8rrelse: 30x70cm<\/p>\n","protected":false},"excerpt":{"rendered":"<p>Stor ellipse lampe i hvid. Lampen er den st\u00f8rste model vi har i ellipse-serien. Den giver en god h\u00f8jde og g\u00f8r sig derfor godt, hvis man har h\u00f8jt til loftet eller hvis man har et hj\u00f8rne eller lignende, der har brug for lys og fylde. Lampen kan med fordel kombineres med vores andre ellipse lamper [&hellip;]<\/p>\n","protected":false},"featured_media":1938,"template":"","meta":{"_lmt_disableupdate":"no","_lmt_disable":""},"product_brand":[],"product_cat":[40,127,137],"product_tag":[],"mersalg-tag":[],"class_list":{"0":"post-1937","1":"product","2":"type-product","3":"status-publish","4":"has-post-thumbnail","6":"product_cat-produkter","7":"product_cat-aflange-lamper","8":"product_cat-papirlamper","10":"first","11":"outofstock","12":"taxable","13":"shipping-taxable","14":"purchasable","15":"product-type-simple"},"yoast_head":"<!-- This site is optimized with the Yoast SEO plugin v26.2 - https:\/\/yoast.com\/wordpress\/plugins\/seo\/ -->\n<title>Stor hvid ellipse | Aflange lamper | - Pachia<\/title>\n<meta name=\"robots\" content=\"index, follow, max-snippet:-1, max-image-preview:large, max-video-preview:-1\" \/>\n<link rel=\"canonical\" href=\"https:\/\/pachia.eu\/da\/stor-hvid-ellipse\/\" \/>\n<meta property=\"og:locale\" content=\"da_DK\" \/>\n<meta property=\"og:type\" content=\"article\" \/>\n<meta property=\"og:title\" content=\"Stor hvid ellipse | Aflange lamper | - Pachia\" \/>\n<meta property=\"og:description\" content=\"Stor ellipse lampe i hvid. Lampen er den st\u00f8rste model vi har i ellipse-serien. Den giver en god h\u00f8jde og g\u00f8r sig derfor godt, hvis man har h\u00f8jt til loftet eller hvis man har et hj\u00f8rne eller lignende, der har brug for lys og fylde. Lampen kan med fordel kombineres med vores andre ellipse lamper [&hellip;]\" \/>\n<meta property=\"og:url\" content=\"https:\/\/pachia.eu\/da\/stor-hvid-ellipse\/\" \/>\n<meta property=\"og:site_name\" content=\"Pachia\" \/>\n<meta property=\"article:publisher\" content=\"https:\/\/www.facebook.com\/pachia.shop\" \/>\n<meta property=\"article:modified_time\" content=\"2025-02-17T14:17:52+00:00\" \/>\n<meta property=\"og:image\" content=\"https:\/\/pachia.eu\/wp-content\/uploads\/2021\/06\/large-elipse.png\" \/>\n\t<meta property=\"og:image:width\" content=\"2000\" \/>\n\t<meta property=\"og:image:height\" content=\"2000\" \/>\n\t<meta property=\"og:image:type\" content=\"image\/png\" \/>\n<meta name=\"twitter:card\" content=\"summary_large_image\" \/>\n<meta name=\"twitter:label1\" content=\"Estimeret l\u00e6setid\" \/>\n\t<meta name=\"twitter:data1\" content=\"1 minut\" \/>\n<script type=\"application\/ld+json\" class=\"yoast-schema-graph\">{\"@context\":\"https:\/\/schema.org\",\"@graph\":[{\"@type\":\"WebPage\",\"@id\":\"https:\/\/pachia.eu\/da\/stor-hvid-ellipse\/\",\"url\":\"https:\/\/pachia.eu\/da\/stor-hvid-ellipse\/\",\"name\":\"Stor hvid ellipse | Aflange lamper | - Pachia\",\"isPartOf\":{\"@id\":\"https:\/\/pachia.eu\/da\/#website\"},\"primaryImageOfPage\":{\"@id\":\"https:\/\/pachia.eu\/da\/stor-hvid-ellipse\/#primaryimage\"},\"image\":{\"@id\":\"https:\/\/pachia.eu\/da\/stor-hvid-ellipse\/#primaryimage\"},\"thumbnailUrl\":\"https:\/\/pachia.eu\/wp-content\/uploads\/2021\/06\/large-elipse.png\",\"datePublished\":\"2021-06-18T09:49:46+00:00\",\"dateModified\":\"2025-02-17T14:17:52+00:00\",\"breadcrumb\":{\"@id\":\"https:\/\/pachia.eu\/da\/stor-hvid-ellipse\/#breadcrumb\"},\"inLanguage\":\"da-DK\",\"potentialAction\":[{\"@type\":\"ReadAction\",\"target\":[\"https:\/\/pachia.eu\/da\/stor-hvid-ellipse\/\"]}]},{\"@type\":\"ImageObject\",\"inLanguage\":\"da-DK\",\"@id\":\"https:\/\/pachia.eu\/da\/stor-hvid-ellipse\/#primaryimage\",\"url\":\"https:\/\/pachia.eu\/wp-content\/uploads\/2021\/06\/large-elipse.png\",\"contentUrl\":\"https:\/\/pachia.eu\/wp-content\/uploads\/2021\/06\/large-elipse.png\",\"width\":2000,\"height\":2000},{\"@type\":\"BreadcrumbList\",\"@id\":\"https:\/\/pachia.eu\/da\/stor-hvid-ellipse\/#breadcrumb\",\"itemListElement\":[{\"@type\":\"ListItem\",\"position\":1,\"name\":\"Forside\",\"item\":\"https:\/\/pachia.eu\/da\/\"},{\"@type\":\"ListItem\",\"position\":2,\"name\":\"Shop\",\"item\":\"https:\/\/pachia.eu\/da\/shop-2\/\"},{\"@type\":\"ListItem\",\"position\":3,\"name\":\"Stor hvid ellipse\"}]},{\"@type\":\"WebSite\",\"@id\":\"https:\/\/pachia.eu\/da\/#website\",\"url\":\"https:\/\/pachia.eu\/da\/\",\"name\":\"Pachia\",\"description\":\"\",\"publisher\":{\"@id\":\"https:\/\/pachia.eu\/da\/#organization\"},\"potentialAction\":[{\"@type\":\"SearchAction\",\"target\":{\"@type\":\"EntryPoint\",\"urlTemplate\":\"https:\/\/pachia.eu\/da\/?s={search_term_string}\"},\"query-input\":{\"@type\":\"PropertyValueSpecification\",\"valueRequired\":true,\"valueName\":\"search_term_string\"}}],\"inLanguage\":\"da-DK\"},{\"@type\":\"Organization\",\"@id\":\"https:\/\/pachia.eu\/da\/#organization\",\"name\":\"Pachia ApS\",\"url\":\"https:\/\/pachia.eu\/da\/\",\"logo\":{\"@type\":\"ImageObject\",\"inLanguage\":\"da-DK\",\"@id\":\"https:\/\/pachia.eu\/da\/#\/schema\/logo\/image\/\",\"url\":\"https:\/\/jocaonline.dk\/wp-content\/uploads\/2020\/10\/decoration-logo-small.png\",\"contentUrl\":\"https:\/\/jocaonline.dk\/wp-content\/uploads\/2020\/10\/decoration-logo-small.png\",\"width\":301,\"height\":100,\"caption\":\"Pachia ApS\"},\"image\":{\"@id\":\"https:\/\/pachia.eu\/da\/#\/schema\/logo\/image\/\"},\"sameAs\":[\"https:\/\/www.facebook.com\/pachia.shop\",\"https:\/\/www.instagram.com\/pachia.eu\"]}]}<\/script>\n<!-- \/ Yoast SEO plugin. -->","yoast_head_json":{"title":"Stor hvid ellipse | Aflange lamper | - Pachia","robots":{"index":"index","follow":"follow","max-snippet":"max-snippet:-1","max-image-preview":"max-image-preview:large","max-video-preview":"max-video-preview:-1"},"canonical":"https:\/\/pachia.eu\/da\/stor-hvid-ellipse\/","og_locale":"da_DK","og_type":"article","og_title":"Stor hvid ellipse | Aflange lamper | - Pachia","og_description":"Stor ellipse lampe i hvid. Lampen er den st\u00f8rste model vi har i ellipse-serien. Den giver en god h\u00f8jde og g\u00f8r sig derfor godt, hvis man har h\u00f8jt til loftet eller hvis man har et hj\u00f8rne eller lignende, der har brug for lys og fylde. Lampen kan med fordel kombineres med vores andre ellipse lamper [&hellip;]","og_url":"https:\/\/pachia.eu\/da\/stor-hvid-ellipse\/","og_site_name":"Pachia","article_publisher":"https:\/\/www.facebook.com\/pachia.shop","article_modified_time":"2025-02-17T14:17:52+00:00","og_image":[{"width":2000,"height":2000,"url":"https:\/\/pachia.eu\/wp-content\/uploads\/2021\/06\/large-elipse.png","type":"image\/png"}],"twitter_card":"summary_large_image","twitter_misc":{"Estimeret l\u00e6setid":"1 minut"},"schema":{"@context":"https:\/\/schema.org","@graph":[{"@type":"WebPage","@id":"https:\/\/pachia.eu\/da\/stor-hvid-ellipse\/","url":"https:\/\/pachia.eu\/da\/stor-hvid-ellipse\/","name":"Stor hvid ellipse | Aflange lamper | - Pachia","isPartOf":{"@id":"https:\/\/pachia.eu\/da\/#website"},"primaryImageOfPage":{"@id":"https:\/\/pachia.eu\/da\/stor-hvid-ellipse\/#primaryimage"},"image":{"@id":"https:\/\/pachia.eu\/da\/stor-hvid-ellipse\/#primaryimage"},"thumbnailUrl":"https:\/\/pachia.eu\/wp-content\/uploads\/2021\/06\/large-elipse.png","datePublished":"2021-06-18T09:49:46+00:00","dateModified":"2025-02-17T14:17:52+00:00","breadcrumb":{"@id":"https:\/\/pachia.eu\/da\/stor-hvid-ellipse\/#breadcrumb"},"inLanguage":"da-DK","potentialAction":[{"@type":"ReadAction","target":["https:\/\/pachia.eu\/da\/stor-hvid-ellipse\/"]}]},{"@type":"ImageObject","inLanguage":"da-DK","@id":"https:\/\/pachia.eu\/da\/stor-hvid-ellipse\/#primaryimage","url":"https:\/\/pachia.eu\/wp-content\/uploads\/2021\/06\/large-elipse.png","contentUrl":"https:\/\/pachia.eu\/wp-content\/uploads\/2021\/06\/large-elipse.png","width":2000,"height":2000},{"@type":"BreadcrumbList","@id":"https:\/\/pachia.eu\/da\/stor-hvid-ellipse\/#breadcrumb","itemListElement":[{"@type":"ListItem","position":1,"name":"Forside","item":"https:\/\/pachia.eu\/da\/"},{"@type":"ListItem","position":2,"name":"Shop","item":"https:\/\/pachia.eu\/da\/shop-2\/"},{"@type":"ListItem","position":3,"name":"Stor hvid ellipse"}]},{"@type":"WebSite","@id":"https:\/\/pachia.eu\/da\/#website","url":"https:\/\/pachia.eu\/da\/","name":"Pachia","description":"","publisher":{"@id":"https:\/\/pachia.eu\/da\/#organization"},"potentialAction":[{"@type":"SearchAction","target":{"@type":"EntryPoint","urlTemplate":"https:\/\/pachia.eu\/da\/?s={search_term_string}"},"query-input":{"@type":"PropertyValueSpecification","valueRequired":true,"valueName":"search_term_string"}}],"inLanguage":"da-DK"},{"@type":"Organization","@id":"https:\/\/pachia.eu\/da\/#organization","name":"Pachia ApS","url":"https:\/\/pachia.eu\/da\/","logo":{"@type":"ImageObject","inLanguage":"da-DK","@id":"https:\/\/pachia.eu\/da\/#\/schema\/logo\/image\/","url":"https:\/\/jocaonline.dk\/wp-content\/uploads\/2020\/10\/decoration-logo-small.png","contentUrl":"https:\/\/jocaonline.dk\/wp-content\/uploads\/2020\/10\/decoration-logo-small.png","width":301,"height":100,"caption":"Pachia ApS"},"image":{"@id":"https:\/\/pachia.eu\/da\/#\/schema\/logo\/image\/"},"sameAs":["https:\/\/www.facebook.com\/pachia.shop","https:\/\/www.instagram.com\/pachia.eu"]}]}},"_links":{"self":[{"href":"https:\/\/pachia.eu\/da\/wp-json\/wp\/v2\/product\/1937","targetHints":{"allow":["GET"]}}],"collection":[{"href":"https:\/\/pachia.eu\/da\/wp-json\/wp\/v2\/product"}],"about":[{"href":"https:\/\/pachia.eu\/da\/wp-json\/wp\/v2\/types\/product"}],"version-history":[{"count":0,"href":"https:\/\/pachia.eu\/da\/wp-json\/wp\/v2\/product\/1937\/revisions"}],"wp:featuredmedia":[{"embeddable":true,"href":"https:\/\/pachia.eu\/da\/wp-json\/wp\/v2\/media\/1938"}],"wp:attachment":[{"href":"https:\/\/pachia.eu\/da\/wp-json\/wp\/v2\/media?parent=1937"}],"wp:term":[{"taxonomy":"product_brand","embeddable":true,"href":"https:\/\/pachia.eu\/da\/wp-json\/wp\/v2\/product_brand?post=1937"},{"taxonomy":"product_cat","embeddable":true,"href":"https:\/\/pachia.eu\/da\/wp-json\/wp\/v2\/product_cat?post=1937"},{"taxonomy":"product_tag","embeddable":true,"href":"https:\/\/pachia.eu\/da\/wp-json\/wp\/v2\/product_tag?post=1937"},{"taxonomy":"mersalg-tag","embeddable":true,"href":"https:\/\/pachia.eu\/da\/wp-json\/wp\/v2\/mersalg-tag?post=1937"}],"curies":[{"name":"wp","href":"https:\/\/api.w.org\/{rel}","templated":true}]}}