{"id":1932,"date":"2021-06-18T11:46:17","date_gmt":"2021-06-18T09:46:17","guid":{"rendered":"https:\/\/pachia.eu\/?post_type=product&#038;p=1932"},"modified":"2026-01-08T14:29:40","modified_gmt":"2026-01-08T13:29:40","slug":"stor-rispapirlampe-120cm","status":"publish","type":"product","link":"https:\/\/pachia.eu\/da\/stor-rispapirlampe-120cm\/","title":{"rendered":"TAK\u00c9 &#8211; Stor rispapirlampe 120 cm"},"content":{"rendered":"<p><strong>NYHED: Opdateret design med bambustr\u00e5d<\/strong><\/p>\n<p class=\"p1\">Opdag vores eksklusive Tak\u00e9-kollektion, der pr\u00e6senterer h\u00e5ndlavede rispapirlamper med en konstruktion af bambustr\u00e5d. Disse lamper forener det bedste fra to verdener &#8211; den elegante minimalisme fra dansk design og den tidl\u00f8se sk\u00f8nhed fra det japanske h\u00e5ndv\u00e6rkstradition.<\/p>\n<p class=\"p1\">Oplev en smuk symfoni af stil og funktionalitet med vores store Tak\u00e9 lampe, der imponerer med sine 120 cm i diameter. Dens t\u00e6tte bambustr\u00e5dskonstruktion tilf\u00f8jer ikke blot et raffineret designelement, men sikrer ogs\u00e5 en solid og stabil struktur, der holder i \u00e5revis.<\/p>\n<p class=\"p1\">Nyd en atmosf\u00e6re af eksklusivitet og harmoni, n\u00e5r du t\u00e6nder denne lampe, der udstr\u00e5ler en subtil gl\u00f8d, perfekt afbl\u00e6ndet af det delikate rispapir. Uanset om den er t\u00e6ndt eller slukket, tilf\u00f8jer Tak\u00e9-lampen et let og luftigt udtryk til ethvert rum.<\/p>\n<p class=\"p1\">Lad denne majest\u00e6tiske lampe skinne i rum med h\u00f8je lofter, hvor den sv\u00e6ver som en elegant sky, og skaber et imponerende fokus. Tag din indretning til nye h\u00f8jder med vores Tak\u00e9-rispapirlampe.<span class=\"Apple-converted-space\">\u00a0<\/span><\/p>\n<p>Bem\u00e6rk; da lampen er stor, sendes den som pallegods.<\/p>\n<p><strong>Specifikationer:<\/strong><\/p>\n<ul>\n<li>H\u00e5ndlavet rispapirlampe fremstillet af rispapir, bambus og metal<\/li>\n<li>Dette er den st\u00f8rste lampe i vores sortiment<\/li>\n<li>Fatning og p\u00e6re medf\u00f8lger ikke<\/li>\n<\/ul>\n","protected":false},"excerpt":{"rendered":"<p>Denne h\u00e5ndlavede store hvide rispapirlampe skiller sig ud fra m\u00e6ngden. Dens diameter p\u00e5 hele 120 cm emmer af eksklusivitet og ro og giver et let udtryk b\u00e5de i t\u00e6ndt og slukket tilstand.<\/p>\n","protected":false},"featured_media":221372,"template":"","meta":{"_lmt_disableupdate":"no","_lmt_disable":""},"product_brand":[337],"product_cat":[268,331,40,44,137,138],"product_tag":[269],"mersalg-tag":[],"class_list":{"0":"post-1932","1":"product","2":"type-product","3":"status-publish","4":"has-post-thumbnail","6":"product_brand-take","7":"product_cat-messe","8":"product_cat-take","9":"product_cat-produkter","10":"product_cat-pendler","11":"product_cat-papirlamper","12":"product_cat-lamper-sovevaerelse","13":"product_tag-presale","14":"product_shipping_class-oversize","16":"first","17":"instock","18":"taxable","19":"shipping-taxable","20":"purchasable","21":"product-type-simple"},"yoast_head":"<!-- This site is optimized with the Yoast SEO plugin v27.3 - https:\/\/yoast.com\/product\/yoast-seo-wordpress\/ -->\n<title>TAK\u00c9 - Stor rispapirlampe 120 cm | Papirlamper | - Pachia<\/title>\n<meta name=\"robots\" content=\"index, follow, max-snippet:-1, max-image-preview:large, max-video-preview:-1\" \/>\n<link rel=\"canonical\" href=\"https:\/\/pachia.eu\/da\/stor-rispapirlampe-120cm\/\" \/>\n<meta property=\"og:locale\" content=\"da_DK\" \/>\n<meta property=\"og:type\" content=\"article\" \/>\n<meta property=\"og:title\" content=\"TAK\u00c9 - Stor rispapirlampe 120 cm | Papirlamper | - Pachia\" \/>\n<meta property=\"og:description\" content=\"Denne h\u00e5ndlavede store hvide rispapirlampe skiller sig ud fra m\u00e6ngden. Dens diameter p\u00e5 hele 120 cm emmer af eksklusivitet og ro og giver et let udtryk b\u00e5de i t\u00e6ndt og slukket tilstand.\" \/>\n<meta property=\"og:url\" content=\"https:\/\/pachia.eu\/da\/stor-rispapirlampe-120cm\/\" \/>\n<meta property=\"og:site_name\" content=\"Pachia\" \/>\n<meta property=\"article:publisher\" content=\"https:\/\/www.facebook.com\/pachia.shop\" \/>\n<meta property=\"article:modified_time\" content=\"2026-01-08T13:29:40+00:00\" \/>\n<meta property=\"og:image\" content=\"https:\/\/pachia.eu\/wp-content\/uploads\/2021\/06\/stor-120-lampe-bambus-insta.jpg\" \/>\n\t<meta property=\"og:image:width\" content=\"2000\" \/>\n\t<meta property=\"og:image:height\" content=\"2000\" \/>\n\t<meta property=\"og:image:type\" content=\"image\/jpeg\" \/>\n<meta name=\"twitter:card\" content=\"summary_large_image\" \/>\n<meta name=\"twitter:label1\" content=\"Estimeret l\u00e6setid\" \/>\n\t<meta name=\"twitter:data1\" content=\"2 minutter\" \/>\n<script type=\"application\/ld+json\" class=\"yoast-schema-graph\">{\"@context\":\"https:\\\/\\\/schema.org\",\"@graph\":[{\"@type\":\"WebPage\",\"@id\":\"https:\\\/\\\/pachia.eu\\\/da\\\/stor-rispapirlampe-120cm\\\/\",\"url\":\"https:\\\/\\\/pachia.eu\\\/da\\\/stor-rispapirlampe-120cm\\\/\",\"name\":\"TAK\u00c9 - Stor rispapirlampe 120 cm | Papirlamper | - Pachia\",\"isPartOf\":{\"@id\":\"https:\\\/\\\/pachia.eu\\\/da\\\/#website\"},\"primaryImageOfPage\":{\"@id\":\"https:\\\/\\\/pachia.eu\\\/da\\\/stor-rispapirlampe-120cm\\\/#primaryimage\"},\"image\":{\"@id\":\"https:\\\/\\\/pachia.eu\\\/da\\\/stor-rispapirlampe-120cm\\\/#primaryimage\"},\"thumbnailUrl\":\"https:\\\/\\\/pachia.eu\\\/wp-content\\\/uploads\\\/2021\\\/06\\\/stor-120-lampe-bambus-insta.jpg\",\"datePublished\":\"2021-06-18T09:46:17+00:00\",\"dateModified\":\"2026-01-08T13:29:40+00:00\",\"breadcrumb\":{\"@id\":\"https:\\\/\\\/pachia.eu\\\/da\\\/stor-rispapirlampe-120cm\\\/#breadcrumb\"},\"inLanguage\":\"da-DK\",\"potentialAction\":[{\"@type\":\"ReadAction\",\"target\":[\"https:\\\/\\\/pachia.eu\\\/da\\\/stor-rispapirlampe-120cm\\\/\"]}]},{\"@type\":\"ImageObject\",\"inLanguage\":\"da-DK\",\"@id\":\"https:\\\/\\\/pachia.eu\\\/da\\\/stor-rispapirlampe-120cm\\\/#primaryimage\",\"url\":\"https:\\\/\\\/pachia.eu\\\/wp-content\\\/uploads\\\/2021\\\/06\\\/stor-120-lampe-bambus-insta.jpg\",\"contentUrl\":\"https:\\\/\\\/pachia.eu\\\/wp-content\\\/uploads\\\/2021\\\/06\\\/stor-120-lampe-bambus-insta.jpg\",\"width\":2000,\"height\":2000},{\"@type\":\"BreadcrumbList\",\"@id\":\"https:\\\/\\\/pachia.eu\\\/da\\\/stor-rispapirlampe-120cm\\\/#breadcrumb\",\"itemListElement\":[{\"@type\":\"ListItem\",\"position\":1,\"name\":\"Forside\",\"item\":\"https:\\\/\\\/pachia.eu\\\/da\\\/\"},{\"@type\":\"ListItem\",\"position\":2,\"name\":\"Shop\",\"item\":\"https:\\\/\\\/pachia.eu\\\/da\\\/shop-2\\\/\"},{\"@type\":\"ListItem\",\"position\":3,\"name\":\"TAK\u00c9 &#8211; Stor rispapirlampe 120 cm\"}]},{\"@type\":\"WebSite\",\"@id\":\"https:\\\/\\\/pachia.eu\\\/da\\\/#website\",\"url\":\"https:\\\/\\\/pachia.eu\\\/da\\\/\",\"name\":\"Pachia\",\"description\":\"\",\"publisher\":{\"@id\":\"https:\\\/\\\/pachia.eu\\\/da\\\/#organization\"},\"potentialAction\":[{\"@type\":\"SearchAction\",\"target\":{\"@type\":\"EntryPoint\",\"urlTemplate\":\"https:\\\/\\\/pachia.eu\\\/da\\\/?s={search_term_string}\"},\"query-input\":{\"@type\":\"PropertyValueSpecification\",\"valueRequired\":true,\"valueName\":\"search_term_string\"}}],\"inLanguage\":\"da-DK\"},{\"@type\":\"Organization\",\"@id\":\"https:\\\/\\\/pachia.eu\\\/da\\\/#organization\",\"name\":\"Pachia ApS\",\"url\":\"https:\\\/\\\/pachia.eu\\\/da\\\/\",\"logo\":{\"@type\":\"ImageObject\",\"inLanguage\":\"da-DK\",\"@id\":\"https:\\\/\\\/pachia.eu\\\/da\\\/#\\\/schema\\\/logo\\\/image\\\/\",\"url\":\"https:\\\/\\\/jocaonline.dk\\\/wp-content\\\/uploads\\\/2020\\\/10\\\/decoration-logo-small.png\",\"contentUrl\":\"https:\\\/\\\/jocaonline.dk\\\/wp-content\\\/uploads\\\/2020\\\/10\\\/decoration-logo-small.png\",\"width\":301,\"height\":100,\"caption\":\"Pachia ApS\"},\"image\":{\"@id\":\"https:\\\/\\\/pachia.eu\\\/da\\\/#\\\/schema\\\/logo\\\/image\\\/\"},\"sameAs\":[\"https:\\\/\\\/www.facebook.com\\\/pachia.shop\",\"https:\\\/\\\/www.instagram.com\\\/pachia.eu\"]}]}<\/script>\n<!-- \/ Yoast SEO plugin. -->","yoast_head_json":{"title":"TAK\u00c9 - Stor rispapirlampe 120 cm | Papirlamper | - Pachia","robots":{"index":"index","follow":"follow","max-snippet":"max-snippet:-1","max-image-preview":"max-image-preview:large","max-video-preview":"max-video-preview:-1"},"canonical":"https:\/\/pachia.eu\/da\/stor-rispapirlampe-120cm\/","og_locale":"da_DK","og_type":"article","og_title":"TAK\u00c9 - Stor rispapirlampe 120 cm | Papirlamper | - Pachia","og_description":"Denne h\u00e5ndlavede store hvide rispapirlampe skiller sig ud fra m\u00e6ngden. Dens diameter p\u00e5 hele 120 cm emmer af eksklusivitet og ro og giver et let udtryk b\u00e5de i t\u00e6ndt og slukket tilstand.","og_url":"https:\/\/pachia.eu\/da\/stor-rispapirlampe-120cm\/","og_site_name":"Pachia","article_publisher":"https:\/\/www.facebook.com\/pachia.shop","article_modified_time":"2026-01-08T13:29:40+00:00","og_image":[{"width":2000,"height":2000,"url":"https:\/\/pachia.eu\/wp-content\/uploads\/2021\/06\/stor-120-lampe-bambus-insta.jpg","type":"image\/jpeg"}],"twitter_card":"summary_large_image","twitter_misc":{"Estimeret l\u00e6setid":"2 minutter"},"schema":{"@context":"https:\/\/schema.org","@graph":[{"@type":"WebPage","@id":"https:\/\/pachia.eu\/da\/stor-rispapirlampe-120cm\/","url":"https:\/\/pachia.eu\/da\/stor-rispapirlampe-120cm\/","name":"TAK\u00c9 - Stor rispapirlampe 120 cm | Papirlamper | - Pachia","isPartOf":{"@id":"https:\/\/pachia.eu\/da\/#website"},"primaryImageOfPage":{"@id":"https:\/\/pachia.eu\/da\/stor-rispapirlampe-120cm\/#primaryimage"},"image":{"@id":"https:\/\/pachia.eu\/da\/stor-rispapirlampe-120cm\/#primaryimage"},"thumbnailUrl":"https:\/\/pachia.eu\/wp-content\/uploads\/2021\/06\/stor-120-lampe-bambus-insta.jpg","datePublished":"2021-06-18T09:46:17+00:00","dateModified":"2026-01-08T13:29:40+00:00","breadcrumb":{"@id":"https:\/\/pachia.eu\/da\/stor-rispapirlampe-120cm\/#breadcrumb"},"inLanguage":"da-DK","potentialAction":[{"@type":"ReadAction","target":["https:\/\/pachia.eu\/da\/stor-rispapirlampe-120cm\/"]}]},{"@type":"ImageObject","inLanguage":"da-DK","@id":"https:\/\/pachia.eu\/da\/stor-rispapirlampe-120cm\/#primaryimage","url":"https:\/\/pachia.eu\/wp-content\/uploads\/2021\/06\/stor-120-lampe-bambus-insta.jpg","contentUrl":"https:\/\/pachia.eu\/wp-content\/uploads\/2021\/06\/stor-120-lampe-bambus-insta.jpg","width":2000,"height":2000},{"@type":"BreadcrumbList","@id":"https:\/\/pachia.eu\/da\/stor-rispapirlampe-120cm\/#breadcrumb","itemListElement":[{"@type":"ListItem","position":1,"name":"Forside","item":"https:\/\/pachia.eu\/da\/"},{"@type":"ListItem","position":2,"name":"Shop","item":"https:\/\/pachia.eu\/da\/shop-2\/"},{"@type":"ListItem","position":3,"name":"TAK\u00c9 &#8211; Stor rispapirlampe 120 cm"}]},{"@type":"WebSite","@id":"https:\/\/pachia.eu\/da\/#website","url":"https:\/\/pachia.eu\/da\/","name":"Pachia","description":"","publisher":{"@id":"https:\/\/pachia.eu\/da\/#organization"},"potentialAction":[{"@type":"SearchAction","target":{"@type":"EntryPoint","urlTemplate":"https:\/\/pachia.eu\/da\/?s={search_term_string}"},"query-input":{"@type":"PropertyValueSpecification","valueRequired":true,"valueName":"search_term_string"}}],"inLanguage":"da-DK"},{"@type":"Organization","@id":"https:\/\/pachia.eu\/da\/#organization","name":"Pachia ApS","url":"https:\/\/pachia.eu\/da\/","logo":{"@type":"ImageObject","inLanguage":"da-DK","@id":"https:\/\/pachia.eu\/da\/#\/schema\/logo\/image\/","url":"https:\/\/jocaonline.dk\/wp-content\/uploads\/2020\/10\/decoration-logo-small.png","contentUrl":"https:\/\/jocaonline.dk\/wp-content\/uploads\/2020\/10\/decoration-logo-small.png","width":301,"height":100,"caption":"Pachia ApS"},"image":{"@id":"https:\/\/pachia.eu\/da\/#\/schema\/logo\/image\/"},"sameAs":["https:\/\/www.facebook.com\/pachia.shop","https:\/\/www.instagram.com\/pachia.eu"]}]}},"_links":{"self":[{"href":"https:\/\/pachia.eu\/da\/wp-json\/wp\/v2\/product\/1932","targetHints":{"allow":["GET"]}}],"collection":[{"href":"https:\/\/pachia.eu\/da\/wp-json\/wp\/v2\/product"}],"about":[{"href":"https:\/\/pachia.eu\/da\/wp-json\/wp\/v2\/types\/product"}],"version-history":[{"count":0,"href":"https:\/\/pachia.eu\/da\/wp-json\/wp\/v2\/product\/1932\/revisions"}],"wp:featuredmedia":[{"embeddable":true,"href":"https:\/\/pachia.eu\/da\/wp-json\/wp\/v2\/media\/221372"}],"wp:attachment":[{"href":"https:\/\/pachia.eu\/da\/wp-json\/wp\/v2\/media?parent=1932"}],"wp:term":[{"taxonomy":"product_brand","embeddable":true,"href":"https:\/\/pachia.eu\/da\/wp-json\/wp\/v2\/product_brand?post=1932"},{"taxonomy":"product_cat","embeddable":true,"href":"https:\/\/pachia.eu\/da\/wp-json\/wp\/v2\/product_cat?post=1932"},{"taxonomy":"product_tag","embeddable":true,"href":"https:\/\/pachia.eu\/da\/wp-json\/wp\/v2\/product_tag?post=1932"},{"taxonomy":"mersalg-tag","embeddable":true,"href":"https:\/\/pachia.eu\/da\/wp-json\/wp\/v2\/mersalg-tag?post=1932"}],"curies":[{"name":"wp","href":"https:\/\/api.w.org\/{rel}","templated":true}]}}