{"id":1822,"date":"2021-06-16T18:54:03","date_gmt":"2021-06-16T16:54:03","guid":{"rendered":"https:\/\/pachia.eu\/?post_type=product&#038;p=1822"},"modified":"2026-03-04T16:13:21","modified_gmt":"2026-03-04T15:13:21","slug":"premium-rund-bordlampe","status":"publish","type":"product","link":"https:\/\/pachia.eu\/da\/premium-rund-bordlampe\/","title":{"rendered":"Premium Rund bordlampe"},"content":{"rendered":"<p>Rund bordlampe fremstillet i hvidt rispapir med t\u00e6tstiplet tr\u00e5d. Lampen her er en fin lille bordlampe, der g\u00f8r sig godt i mange forskellige rum. Dens runde facon og tynde papir g\u00f8r at den kan lyse et helt rum op, da lyset bliver afbl\u00e6ndet og spredt i alle retninger.<\/p>\n<p><strong>Specifikationer:<\/strong><\/p>\n<ul>\n<li>Dimensioner: 30cm i h\u00f8jden, 25cm i bredden<\/li>\n<li>E14 fatning &#8211; p\u00e6re medf\u00f8lger ikke<\/li>\n<\/ul>\n","protected":false},"excerpt":{"rendered":"<p>Rund bordlampe fremstillet i hvidt rispapir med t\u00e6tstiplet tr\u00e5d. Lampen her er en fin lille bordlampe, der g\u00f8r sig godt i mange forskellige rum. Dens runde facon og tynde papir g\u00f8r at den kan lyse et helt rum op, da lyset bliver afbl\u00e6ndet og spredt i alle retninger. Specifikationer: Dimensioner: 30cm i h\u00f8jden, 25cm i [&hellip;]<\/p>\n","protected":false},"featured_media":1823,"template":"","meta":{"_lmt_disableupdate":"no","_lmt_disable":""},"product_brand":[336],"product_cat":[268,40,43,45,137,135],"product_tag":[],"mersalg-tag":[],"class_list":{"0":"post-1822","1":"product","2":"type-product","3":"status-publish","4":"has-post-thumbnail","6":"product_brand-premium-collection","7":"product_cat-messe","8":"product_cat-produkter","9":"product_cat-premium-collection","10":"product_cat-bordlamper","11":"product_cat-papirlamper","12":"product_cat-bornelamper","14":"first","15":"instock","16":"taxable","17":"shipping-taxable","18":"purchasable","19":"product-type-simple"},"yoast_head":"<!-- This site is optimized with the Yoast SEO plugin v27.3 - https:\/\/yoast.com\/product\/yoast-seo-wordpress\/ -->\n<title>Premium Rund bordlampe | Gulv &amp; bordlamper | - Pachia<\/title>\n<meta name=\"robots\" content=\"index, follow, max-snippet:-1, max-image-preview:large, max-video-preview:-1\" \/>\n<link rel=\"canonical\" href=\"https:\/\/pachia.eu\/da\/premium-rund-bordlampe\/\" \/>\n<meta property=\"og:locale\" content=\"da_DK\" \/>\n<meta property=\"og:type\" content=\"article\" \/>\n<meta property=\"og:title\" content=\"Premium Rund bordlampe | Gulv &amp; bordlamper | - Pachia\" \/>\n<meta property=\"og:description\" content=\"Rund bordlampe fremstillet i hvidt rispapir med t\u00e6tstiplet tr\u00e5d. Lampen her er en fin lille bordlampe, der g\u00f8r sig godt i mange forskellige rum. Dens runde facon og tynde papir g\u00f8r at den kan lyse et helt rum op, da lyset bliver afbl\u00e6ndet og spredt i alle retninger. Specifikationer: Dimensioner: 30cm i h\u00f8jden, 25cm i [&hellip;]\" \/>\n<meta property=\"og:url\" content=\"https:\/\/pachia.eu\/da\/premium-rund-bordlampe\/\" \/>\n<meta property=\"og:site_name\" content=\"Pachia\" \/>\n<meta property=\"article:publisher\" content=\"https:\/\/www.facebook.com\/pachia.shop\" \/>\n<meta property=\"article:modified_time\" content=\"2026-03-04T15:13:21+00:00\" \/>\n<meta property=\"og:image\" content=\"https:\/\/pachia.eu\/wp-content\/uploads\/2021\/06\/rund-bordlampe.jpeg\" \/>\n\t<meta property=\"og:image:width\" content=\"2000\" \/>\n\t<meta property=\"og:image:height\" content=\"2000\" \/>\n\t<meta property=\"og:image:type\" content=\"image\/jpeg\" \/>\n<meta name=\"twitter:card\" content=\"summary_large_image\" \/>\n<meta name=\"twitter:label1\" content=\"Estimeret l\u00e6setid\" \/>\n\t<meta name=\"twitter:data1\" content=\"1 minut\" \/>\n<script type=\"application\/ld+json\" class=\"yoast-schema-graph\">{\"@context\":\"https:\\\/\\\/schema.org\",\"@graph\":[{\"@type\":\"WebPage\",\"@id\":\"https:\\\/\\\/pachia.eu\\\/da\\\/premium-rund-bordlampe\\\/\",\"url\":\"https:\\\/\\\/pachia.eu\\\/da\\\/premium-rund-bordlampe\\\/\",\"name\":\"Premium Rund bordlampe | Gulv &amp; bordlamper | - Pachia\",\"isPartOf\":{\"@id\":\"https:\\\/\\\/pachia.eu\\\/da\\\/#website\"},\"primaryImageOfPage\":{\"@id\":\"https:\\\/\\\/pachia.eu\\\/da\\\/premium-rund-bordlampe\\\/#primaryimage\"},\"image\":{\"@id\":\"https:\\\/\\\/pachia.eu\\\/da\\\/premium-rund-bordlampe\\\/#primaryimage\"},\"thumbnailUrl\":\"https:\\\/\\\/pachia.eu\\\/wp-content\\\/uploads\\\/2021\\\/06\\\/rund-bordlampe.jpeg\",\"datePublished\":\"2021-06-16T16:54:03+00:00\",\"dateModified\":\"2026-03-04T15:13:21+00:00\",\"breadcrumb\":{\"@id\":\"https:\\\/\\\/pachia.eu\\\/da\\\/premium-rund-bordlampe\\\/#breadcrumb\"},\"inLanguage\":\"da-DK\",\"potentialAction\":[{\"@type\":\"ReadAction\",\"target\":[\"https:\\\/\\\/pachia.eu\\\/da\\\/premium-rund-bordlampe\\\/\"]}]},{\"@type\":\"ImageObject\",\"inLanguage\":\"da-DK\",\"@id\":\"https:\\\/\\\/pachia.eu\\\/da\\\/premium-rund-bordlampe\\\/#primaryimage\",\"url\":\"https:\\\/\\\/pachia.eu\\\/wp-content\\\/uploads\\\/2021\\\/06\\\/rund-bordlampe.jpeg\",\"contentUrl\":\"https:\\\/\\\/pachia.eu\\\/wp-content\\\/uploads\\\/2021\\\/06\\\/rund-bordlampe.jpeg\",\"width\":2000,\"height\":2000},{\"@type\":\"BreadcrumbList\",\"@id\":\"https:\\\/\\\/pachia.eu\\\/da\\\/premium-rund-bordlampe\\\/#breadcrumb\",\"itemListElement\":[{\"@type\":\"ListItem\",\"position\":1,\"name\":\"Forside\",\"item\":\"https:\\\/\\\/pachia.eu\\\/da\\\/\"},{\"@type\":\"ListItem\",\"position\":2,\"name\":\"Shop\",\"item\":\"https:\\\/\\\/pachia.eu\\\/da\\\/shop-2\\\/\"},{\"@type\":\"ListItem\",\"position\":3,\"name\":\"Premium Rund bordlampe\"}]},{\"@type\":\"WebSite\",\"@id\":\"https:\\\/\\\/pachia.eu\\\/da\\\/#website\",\"url\":\"https:\\\/\\\/pachia.eu\\\/da\\\/\",\"name\":\"Pachia\",\"description\":\"\",\"publisher\":{\"@id\":\"https:\\\/\\\/pachia.eu\\\/da\\\/#organization\"},\"potentialAction\":[{\"@type\":\"SearchAction\",\"target\":{\"@type\":\"EntryPoint\",\"urlTemplate\":\"https:\\\/\\\/pachia.eu\\\/da\\\/?s={search_term_string}\"},\"query-input\":{\"@type\":\"PropertyValueSpecification\",\"valueRequired\":true,\"valueName\":\"search_term_string\"}}],\"inLanguage\":\"da-DK\"},{\"@type\":\"Organization\",\"@id\":\"https:\\\/\\\/pachia.eu\\\/da\\\/#organization\",\"name\":\"Pachia ApS\",\"url\":\"https:\\\/\\\/pachia.eu\\\/da\\\/\",\"logo\":{\"@type\":\"ImageObject\",\"inLanguage\":\"da-DK\",\"@id\":\"https:\\\/\\\/pachia.eu\\\/da\\\/#\\\/schema\\\/logo\\\/image\\\/\",\"url\":\"https:\\\/\\\/jocaonline.dk\\\/wp-content\\\/uploads\\\/2020\\\/10\\\/decoration-logo-small.png\",\"contentUrl\":\"https:\\\/\\\/jocaonline.dk\\\/wp-content\\\/uploads\\\/2020\\\/10\\\/decoration-logo-small.png\",\"width\":301,\"height\":100,\"caption\":\"Pachia ApS\"},\"image\":{\"@id\":\"https:\\\/\\\/pachia.eu\\\/da\\\/#\\\/schema\\\/logo\\\/image\\\/\"},\"sameAs\":[\"https:\\\/\\\/www.facebook.com\\\/pachia.shop\",\"https:\\\/\\\/www.instagram.com\\\/pachia.eu\"]}]}<\/script>\n<!-- \/ Yoast SEO plugin. -->","yoast_head_json":{"title":"Premium Rund bordlampe | Gulv &amp; bordlamper | - Pachia","robots":{"index":"index","follow":"follow","max-snippet":"max-snippet:-1","max-image-preview":"max-image-preview:large","max-video-preview":"max-video-preview:-1"},"canonical":"https:\/\/pachia.eu\/da\/premium-rund-bordlampe\/","og_locale":"da_DK","og_type":"article","og_title":"Premium Rund bordlampe | Gulv &amp; bordlamper | - Pachia","og_description":"Rund bordlampe fremstillet i hvidt rispapir med t\u00e6tstiplet tr\u00e5d. Lampen her er en fin lille bordlampe, der g\u00f8r sig godt i mange forskellige rum. Dens runde facon og tynde papir g\u00f8r at den kan lyse et helt rum op, da lyset bliver afbl\u00e6ndet og spredt i alle retninger. Specifikationer: Dimensioner: 30cm i h\u00f8jden, 25cm i [&hellip;]","og_url":"https:\/\/pachia.eu\/da\/premium-rund-bordlampe\/","og_site_name":"Pachia","article_publisher":"https:\/\/www.facebook.com\/pachia.shop","article_modified_time":"2026-03-04T15:13:21+00:00","og_image":[{"width":2000,"height":2000,"url":"https:\/\/pachia.eu\/wp-content\/uploads\/2021\/06\/rund-bordlampe.jpeg","type":"image\/jpeg"}],"twitter_card":"summary_large_image","twitter_misc":{"Estimeret l\u00e6setid":"1 minut"},"schema":{"@context":"https:\/\/schema.org","@graph":[{"@type":"WebPage","@id":"https:\/\/pachia.eu\/da\/premium-rund-bordlampe\/","url":"https:\/\/pachia.eu\/da\/premium-rund-bordlampe\/","name":"Premium Rund bordlampe | Gulv &amp; bordlamper | - Pachia","isPartOf":{"@id":"https:\/\/pachia.eu\/da\/#website"},"primaryImageOfPage":{"@id":"https:\/\/pachia.eu\/da\/premium-rund-bordlampe\/#primaryimage"},"image":{"@id":"https:\/\/pachia.eu\/da\/premium-rund-bordlampe\/#primaryimage"},"thumbnailUrl":"https:\/\/pachia.eu\/wp-content\/uploads\/2021\/06\/rund-bordlampe.jpeg","datePublished":"2021-06-16T16:54:03+00:00","dateModified":"2026-03-04T15:13:21+00:00","breadcrumb":{"@id":"https:\/\/pachia.eu\/da\/premium-rund-bordlampe\/#breadcrumb"},"inLanguage":"da-DK","potentialAction":[{"@type":"ReadAction","target":["https:\/\/pachia.eu\/da\/premium-rund-bordlampe\/"]}]},{"@type":"ImageObject","inLanguage":"da-DK","@id":"https:\/\/pachia.eu\/da\/premium-rund-bordlampe\/#primaryimage","url":"https:\/\/pachia.eu\/wp-content\/uploads\/2021\/06\/rund-bordlampe.jpeg","contentUrl":"https:\/\/pachia.eu\/wp-content\/uploads\/2021\/06\/rund-bordlampe.jpeg","width":2000,"height":2000},{"@type":"BreadcrumbList","@id":"https:\/\/pachia.eu\/da\/premium-rund-bordlampe\/#breadcrumb","itemListElement":[{"@type":"ListItem","position":1,"name":"Forside","item":"https:\/\/pachia.eu\/da\/"},{"@type":"ListItem","position":2,"name":"Shop","item":"https:\/\/pachia.eu\/da\/shop-2\/"},{"@type":"ListItem","position":3,"name":"Premium Rund bordlampe"}]},{"@type":"WebSite","@id":"https:\/\/pachia.eu\/da\/#website","url":"https:\/\/pachia.eu\/da\/","name":"Pachia","description":"","publisher":{"@id":"https:\/\/pachia.eu\/da\/#organization"},"potentialAction":[{"@type":"SearchAction","target":{"@type":"EntryPoint","urlTemplate":"https:\/\/pachia.eu\/da\/?s={search_term_string}"},"query-input":{"@type":"PropertyValueSpecification","valueRequired":true,"valueName":"search_term_string"}}],"inLanguage":"da-DK"},{"@type":"Organization","@id":"https:\/\/pachia.eu\/da\/#organization","name":"Pachia ApS","url":"https:\/\/pachia.eu\/da\/","logo":{"@type":"ImageObject","inLanguage":"da-DK","@id":"https:\/\/pachia.eu\/da\/#\/schema\/logo\/image\/","url":"https:\/\/jocaonline.dk\/wp-content\/uploads\/2020\/10\/decoration-logo-small.png","contentUrl":"https:\/\/jocaonline.dk\/wp-content\/uploads\/2020\/10\/decoration-logo-small.png","width":301,"height":100,"caption":"Pachia ApS"},"image":{"@id":"https:\/\/pachia.eu\/da\/#\/schema\/logo\/image\/"},"sameAs":["https:\/\/www.facebook.com\/pachia.shop","https:\/\/www.instagram.com\/pachia.eu"]}]}},"_links":{"self":[{"href":"https:\/\/pachia.eu\/da\/wp-json\/wp\/v2\/product\/1822","targetHints":{"allow":["GET"]}}],"collection":[{"href":"https:\/\/pachia.eu\/da\/wp-json\/wp\/v2\/product"}],"about":[{"href":"https:\/\/pachia.eu\/da\/wp-json\/wp\/v2\/types\/product"}],"version-history":[{"count":0,"href":"https:\/\/pachia.eu\/da\/wp-json\/wp\/v2\/product\/1822\/revisions"}],"wp:featuredmedia":[{"embeddable":true,"href":"https:\/\/pachia.eu\/da\/wp-json\/wp\/v2\/media\/1823"}],"wp:attachment":[{"href":"https:\/\/pachia.eu\/da\/wp-json\/wp\/v2\/media?parent=1822"}],"wp:term":[{"taxonomy":"product_brand","embeddable":true,"href":"https:\/\/pachia.eu\/da\/wp-json\/wp\/v2\/product_brand?post=1822"},{"taxonomy":"product_cat","embeddable":true,"href":"https:\/\/pachia.eu\/da\/wp-json\/wp\/v2\/product_cat?post=1822"},{"taxonomy":"product_tag","embeddable":true,"href":"https:\/\/pachia.eu\/da\/wp-json\/wp\/v2\/product_tag?post=1822"},{"taxonomy":"mersalg-tag","embeddable":true,"href":"https:\/\/pachia.eu\/da\/wp-json\/wp\/v2\/mersalg-tag?post=1822"}],"curies":[{"name":"wp","href":"https:\/\/api.w.org\/{rel}","templated":true}]}}