{"id":1811,"date":"2021-06-16T18:48:20","date_gmt":"2021-06-16T16:48:20","guid":{"rendered":"https:\/\/pachia.eu\/?post_type=product&#038;p=1811"},"modified":"2021-07-30T13:50:18","modified_gmt":"2021-07-30T11:50:18","slug":"smaa-brune-rispapirlamper","status":"publish","type":"product","link":"https:\/\/pachia.eu\/da\/smaa-brune-rispapirlamper\/","title":{"rendered":"Sm\u00e5 brune rispapirlamper"},"content":{"rendered":"<p>Denne jordfarvede lampe passer godt ind i en enkel og harmonisk indretning. S\u00e6t den eventuelt sammen med lamperne latte og elfenben for at opn\u00e5 et eksklusivt og l\u00e6kkert look eller brug den sammen med lamperne salvie og oliven som en smuk accessory til havefesten.<\/p>\n<p>St\u00f8rrelse: 9,5cm i diameter<br \/>\nKan kombineres med vores lysk\u00e6der<\/p>\n","protected":false},"excerpt":{"rendered":"<p>Denne jordfarvede lampe passer godt ind i en enkel og harmonisk indretning. S\u00e6t den eventuelt sammen med lamperne latte og elfenben for at opn\u00e5 et eksklusivt og l\u00e6kkert look eller brug den sammen med lamperne salvie og oliven som en smuk accessory til havefesten. St\u00f8rrelse: 9,5cm i diameter Kan kombineres med vores lysk\u00e6der<\/p>\n","protected":false},"featured_media":4481,"template":"","meta":{"_lmt_disableupdate":"no","_lmt_disable":""},"product_brand":[],"product_cat":[40,132,136],"product_tag":[],"mersalg-tag":[],"class_list":{"0":"post-1811","1":"product","2":"type-product","3":"status-publish","4":"has-post-thumbnail","6":"product_cat-produkter","7":"product_cat-festartikler","8":"product_cat-lyskaeder","10":"first","11":"instock","12":"taxable","13":"shipping-taxable","14":"purchasable","15":"product-type-simple"},"yoast_head":"<!-- This site is optimized with the Yoast SEO plugin v27.3 - https:\/\/yoast.com\/product\/yoast-seo-wordpress\/ -->\n<title>Sm\u00e5 brune rispapirlamper | Lysk\u00e6der &amp; sm\u00e5 rispapirlamper | - Pachia<\/title>\n<meta name=\"robots\" content=\"index, follow, max-snippet:-1, max-image-preview:large, max-video-preview:-1\" \/>\n<link rel=\"canonical\" href=\"https:\/\/pachia.eu\/da\/smaa-brune-rispapirlamper\/\" \/>\n<meta property=\"og:locale\" content=\"da_DK\" \/>\n<meta property=\"og:type\" content=\"article\" \/>\n<meta property=\"og:title\" content=\"Sm\u00e5 brune rispapirlamper | Lysk\u00e6der &amp; sm\u00e5 rispapirlamper | - Pachia\" \/>\n<meta property=\"og:description\" content=\"Denne jordfarvede lampe passer godt ind i en enkel og harmonisk indretning. S\u00e6t den eventuelt sammen med lamperne latte og elfenben for at opn\u00e5 et eksklusivt og l\u00e6kkert look eller brug den sammen med lamperne salvie og oliven som en smuk accessory til havefesten. St\u00f8rrelse: 9,5cm i diameter Kan kombineres med vores lysk\u00e6der\" \/>\n<meta property=\"og:url\" content=\"https:\/\/pachia.eu\/da\/smaa-brune-rispapirlamper\/\" \/>\n<meta property=\"og:site_name\" content=\"Pachia\" \/>\n<meta property=\"article:publisher\" content=\"https:\/\/www.facebook.com\/pachia.shop\" \/>\n<meta property=\"article:modified_time\" content=\"2021-07-30T11:50:18+00:00\" \/>\n<meta property=\"og:image\" content=\"https:\/\/pachia.eu\/wp-content\/uploads\/2021\/06\/smaa-brun.png\" \/>\n\t<meta property=\"og:image:width\" content=\"2000\" \/>\n\t<meta property=\"og:image:height\" content=\"2000\" \/>\n\t<meta property=\"og:image:type\" content=\"image\/png\" \/>\n<meta name=\"twitter:card\" content=\"summary_large_image\" \/>\n<meta name=\"twitter:label1\" content=\"Estimeret l\u00e6setid\" \/>\n\t<meta name=\"twitter:data1\" content=\"1 minut\" \/>\n<script type=\"application\/ld+json\" class=\"yoast-schema-graph\">{\"@context\":\"https:\\\/\\\/schema.org\",\"@graph\":[{\"@type\":\"WebPage\",\"@id\":\"https:\\\/\\\/pachia.eu\\\/da\\\/smaa-brune-rispapirlamper\\\/\",\"url\":\"https:\\\/\\\/pachia.eu\\\/da\\\/smaa-brune-rispapirlamper\\\/\",\"name\":\"Sm\u00e5 brune rispapirlamper | Lysk\u00e6der &amp; sm\u00e5 rispapirlamper | - Pachia\",\"isPartOf\":{\"@id\":\"https:\\\/\\\/pachia.eu\\\/da\\\/#website\"},\"primaryImageOfPage\":{\"@id\":\"https:\\\/\\\/pachia.eu\\\/da\\\/smaa-brune-rispapirlamper\\\/#primaryimage\"},\"image\":{\"@id\":\"https:\\\/\\\/pachia.eu\\\/da\\\/smaa-brune-rispapirlamper\\\/#primaryimage\"},\"thumbnailUrl\":\"https:\\\/\\\/pachia.eu\\\/wp-content\\\/uploads\\\/2021\\\/06\\\/smaa-brun.png\",\"datePublished\":\"2021-06-16T16:48:20+00:00\",\"dateModified\":\"2021-07-30T11:50:18+00:00\",\"breadcrumb\":{\"@id\":\"https:\\\/\\\/pachia.eu\\\/da\\\/smaa-brune-rispapirlamper\\\/#breadcrumb\"},\"inLanguage\":\"da-DK\",\"potentialAction\":[{\"@type\":\"ReadAction\",\"target\":[\"https:\\\/\\\/pachia.eu\\\/da\\\/smaa-brune-rispapirlamper\\\/\"]}]},{\"@type\":\"ImageObject\",\"inLanguage\":\"da-DK\",\"@id\":\"https:\\\/\\\/pachia.eu\\\/da\\\/smaa-brune-rispapirlamper\\\/#primaryimage\",\"url\":\"https:\\\/\\\/pachia.eu\\\/wp-content\\\/uploads\\\/2021\\\/06\\\/smaa-brun.png\",\"contentUrl\":\"https:\\\/\\\/pachia.eu\\\/wp-content\\\/uploads\\\/2021\\\/06\\\/smaa-brun.png\",\"width\":2000,\"height\":2000},{\"@type\":\"BreadcrumbList\",\"@id\":\"https:\\\/\\\/pachia.eu\\\/da\\\/smaa-brune-rispapirlamper\\\/#breadcrumb\",\"itemListElement\":[{\"@type\":\"ListItem\",\"position\":1,\"name\":\"Forside\",\"item\":\"https:\\\/\\\/pachia.eu\\\/da\\\/\"},{\"@type\":\"ListItem\",\"position\":2,\"name\":\"Shop\",\"item\":\"https:\\\/\\\/pachia.eu\\\/da\\\/shop-2\\\/\"},{\"@type\":\"ListItem\",\"position\":3,\"name\":\"Sm\u00e5 brune rispapirlamper\"}]},{\"@type\":\"WebSite\",\"@id\":\"https:\\\/\\\/pachia.eu\\\/da\\\/#website\",\"url\":\"https:\\\/\\\/pachia.eu\\\/da\\\/\",\"name\":\"Pachia\",\"description\":\"\",\"publisher\":{\"@id\":\"https:\\\/\\\/pachia.eu\\\/da\\\/#organization\"},\"potentialAction\":[{\"@type\":\"SearchAction\",\"target\":{\"@type\":\"EntryPoint\",\"urlTemplate\":\"https:\\\/\\\/pachia.eu\\\/da\\\/?s={search_term_string}\"},\"query-input\":{\"@type\":\"PropertyValueSpecification\",\"valueRequired\":true,\"valueName\":\"search_term_string\"}}],\"inLanguage\":\"da-DK\"},{\"@type\":\"Organization\",\"@id\":\"https:\\\/\\\/pachia.eu\\\/da\\\/#organization\",\"name\":\"Pachia ApS\",\"url\":\"https:\\\/\\\/pachia.eu\\\/da\\\/\",\"logo\":{\"@type\":\"ImageObject\",\"inLanguage\":\"da-DK\",\"@id\":\"https:\\\/\\\/pachia.eu\\\/da\\\/#\\\/schema\\\/logo\\\/image\\\/\",\"url\":\"https:\\\/\\\/jocaonline.dk\\\/wp-content\\\/uploads\\\/2020\\\/10\\\/decoration-logo-small.png\",\"contentUrl\":\"https:\\\/\\\/jocaonline.dk\\\/wp-content\\\/uploads\\\/2020\\\/10\\\/decoration-logo-small.png\",\"width\":301,\"height\":100,\"caption\":\"Pachia ApS\"},\"image\":{\"@id\":\"https:\\\/\\\/pachia.eu\\\/da\\\/#\\\/schema\\\/logo\\\/image\\\/\"},\"sameAs\":[\"https:\\\/\\\/www.facebook.com\\\/pachia.shop\",\"https:\\\/\\\/www.instagram.com\\\/pachia.eu\"]}]}<\/script>\n<!-- \/ Yoast SEO plugin. -->","yoast_head_json":{"title":"Sm\u00e5 brune rispapirlamper | Lysk\u00e6der &amp; sm\u00e5 rispapirlamper | - Pachia","robots":{"index":"index","follow":"follow","max-snippet":"max-snippet:-1","max-image-preview":"max-image-preview:large","max-video-preview":"max-video-preview:-1"},"canonical":"https:\/\/pachia.eu\/da\/smaa-brune-rispapirlamper\/","og_locale":"da_DK","og_type":"article","og_title":"Sm\u00e5 brune rispapirlamper | Lysk\u00e6der &amp; sm\u00e5 rispapirlamper | - Pachia","og_description":"Denne jordfarvede lampe passer godt ind i en enkel og harmonisk indretning. S\u00e6t den eventuelt sammen med lamperne latte og elfenben for at opn\u00e5 et eksklusivt og l\u00e6kkert look eller brug den sammen med lamperne salvie og oliven som en smuk accessory til havefesten. St\u00f8rrelse: 9,5cm i diameter Kan kombineres med vores lysk\u00e6der","og_url":"https:\/\/pachia.eu\/da\/smaa-brune-rispapirlamper\/","og_site_name":"Pachia","article_publisher":"https:\/\/www.facebook.com\/pachia.shop","article_modified_time":"2021-07-30T11:50:18+00:00","og_image":[{"width":2000,"height":2000,"url":"https:\/\/pachia.eu\/wp-content\/uploads\/2021\/06\/smaa-brun.png","type":"image\/png"}],"twitter_card":"summary_large_image","twitter_misc":{"Estimeret l\u00e6setid":"1 minut"},"schema":{"@context":"https:\/\/schema.org","@graph":[{"@type":"WebPage","@id":"https:\/\/pachia.eu\/da\/smaa-brune-rispapirlamper\/","url":"https:\/\/pachia.eu\/da\/smaa-brune-rispapirlamper\/","name":"Sm\u00e5 brune rispapirlamper | Lysk\u00e6der &amp; sm\u00e5 rispapirlamper | - Pachia","isPartOf":{"@id":"https:\/\/pachia.eu\/da\/#website"},"primaryImageOfPage":{"@id":"https:\/\/pachia.eu\/da\/smaa-brune-rispapirlamper\/#primaryimage"},"image":{"@id":"https:\/\/pachia.eu\/da\/smaa-brune-rispapirlamper\/#primaryimage"},"thumbnailUrl":"https:\/\/pachia.eu\/wp-content\/uploads\/2021\/06\/smaa-brun.png","datePublished":"2021-06-16T16:48:20+00:00","dateModified":"2021-07-30T11:50:18+00:00","breadcrumb":{"@id":"https:\/\/pachia.eu\/da\/smaa-brune-rispapirlamper\/#breadcrumb"},"inLanguage":"da-DK","potentialAction":[{"@type":"ReadAction","target":["https:\/\/pachia.eu\/da\/smaa-brune-rispapirlamper\/"]}]},{"@type":"ImageObject","inLanguage":"da-DK","@id":"https:\/\/pachia.eu\/da\/smaa-brune-rispapirlamper\/#primaryimage","url":"https:\/\/pachia.eu\/wp-content\/uploads\/2021\/06\/smaa-brun.png","contentUrl":"https:\/\/pachia.eu\/wp-content\/uploads\/2021\/06\/smaa-brun.png","width":2000,"height":2000},{"@type":"BreadcrumbList","@id":"https:\/\/pachia.eu\/da\/smaa-brune-rispapirlamper\/#breadcrumb","itemListElement":[{"@type":"ListItem","position":1,"name":"Forside","item":"https:\/\/pachia.eu\/da\/"},{"@type":"ListItem","position":2,"name":"Shop","item":"https:\/\/pachia.eu\/da\/shop-2\/"},{"@type":"ListItem","position":3,"name":"Sm\u00e5 brune rispapirlamper"}]},{"@type":"WebSite","@id":"https:\/\/pachia.eu\/da\/#website","url":"https:\/\/pachia.eu\/da\/","name":"Pachia","description":"","publisher":{"@id":"https:\/\/pachia.eu\/da\/#organization"},"potentialAction":[{"@type":"SearchAction","target":{"@type":"EntryPoint","urlTemplate":"https:\/\/pachia.eu\/da\/?s={search_term_string}"},"query-input":{"@type":"PropertyValueSpecification","valueRequired":true,"valueName":"search_term_string"}}],"inLanguage":"da-DK"},{"@type":"Organization","@id":"https:\/\/pachia.eu\/da\/#organization","name":"Pachia ApS","url":"https:\/\/pachia.eu\/da\/","logo":{"@type":"ImageObject","inLanguage":"da-DK","@id":"https:\/\/pachia.eu\/da\/#\/schema\/logo\/image\/","url":"https:\/\/jocaonline.dk\/wp-content\/uploads\/2020\/10\/decoration-logo-small.png","contentUrl":"https:\/\/jocaonline.dk\/wp-content\/uploads\/2020\/10\/decoration-logo-small.png","width":301,"height":100,"caption":"Pachia ApS"},"image":{"@id":"https:\/\/pachia.eu\/da\/#\/schema\/logo\/image\/"},"sameAs":["https:\/\/www.facebook.com\/pachia.shop","https:\/\/www.instagram.com\/pachia.eu"]}]}},"_links":{"self":[{"href":"https:\/\/pachia.eu\/da\/wp-json\/wp\/v2\/product\/1811","targetHints":{"allow":["GET"]}}],"collection":[{"href":"https:\/\/pachia.eu\/da\/wp-json\/wp\/v2\/product"}],"about":[{"href":"https:\/\/pachia.eu\/da\/wp-json\/wp\/v2\/types\/product"}],"version-history":[{"count":0,"href":"https:\/\/pachia.eu\/da\/wp-json\/wp\/v2\/product\/1811\/revisions"}],"wp:featuredmedia":[{"embeddable":true,"href":"https:\/\/pachia.eu\/da\/wp-json\/wp\/v2\/media\/4481"}],"wp:attachment":[{"href":"https:\/\/pachia.eu\/da\/wp-json\/wp\/v2\/media?parent=1811"}],"wp:term":[{"taxonomy":"product_brand","embeddable":true,"href":"https:\/\/pachia.eu\/da\/wp-json\/wp\/v2\/product_brand?post=1811"},{"taxonomy":"product_cat","embeddable":true,"href":"https:\/\/pachia.eu\/da\/wp-json\/wp\/v2\/product_cat?post=1811"},{"taxonomy":"product_tag","embeddable":true,"href":"https:\/\/pachia.eu\/da\/wp-json\/wp\/v2\/product_tag?post=1811"},{"taxonomy":"mersalg-tag","embeddable":true,"href":"https:\/\/pachia.eu\/da\/wp-json\/wp\/v2\/mersalg-tag?post=1811"}],"curies":[{"name":"wp","href":"https:\/\/api.w.org\/{rel}","templated":true}]}}