{"id":1427,"date":"2021-06-15T17:23:53","date_gmt":"2021-06-15T15:23:53","guid":{"rendered":"https:\/\/pachia.eu\/?post_type=product&#038;p=1427"},"modified":"2021-07-30T13:33:13","modified_gmt":"2021-07-30T11:33:13","slug":"sma-pink-rispapirlamper","status":"publish","type":"product","link":"https:\/\/pachia.eu\/da\/sma-pink-rispapirlamper\/","title":{"rendered":"Sm\u00e5 pink rispapirlamper"},"content":{"rendered":"<p>Disse flotte sm\u00e5 rispapirlamper i pink er som skabt til brylluppet eller prinsesse-b\u00f8rnev\u00e6relset. De er fine b\u00e5de til indretning og til fest og kan kombineres sammen med vores lysk\u00e6de, hvis man \u00f8nsker at bruge dem med lys i.<\/p>\n<p>Lamperne kan h\u00e6nges op p\u00e5 en snor, placeres p\u00e5 borde, i vindueskarmen eller lignende. Hvis du holder en havefest, s\u00e5 h\u00e6ng dem op p\u00e5 grene i tr\u00e6er og buske. Det giver b\u00e5de et sjovt og festligt look.<\/p>\n<p>Lamperne er 9,5cm i diameter.<\/p>\n","protected":false},"excerpt":{"rendered":"<p>Disse flotte sm\u00e5 rispapirlamper i pink er som skabt til brylluppet eller prinsesse-b\u00f8rnev\u00e6relset. De er fine b\u00e5de til indretning og til fest og kan kombineres sammen med vores lysk\u00e6de, hvis man \u00f8nsker at bruge dem med lys i. Lamperne kan h\u00e6nges op p\u00e5 en snor, placeres p\u00e5 borde, i vindueskarmen eller lignende. Hvis du holder [&hellip;]<\/p>\n","protected":false},"featured_media":4325,"template":"","meta":{"_lmt_disableupdate":"no","_lmt_disable":""},"product_brand":[],"product_cat":[40,136],"product_tag":[],"mersalg-tag":[],"class_list":{"0":"post-1427","1":"product","2":"type-product","3":"status-publish","4":"has-post-thumbnail","6":"product_cat-produkter","7":"product_cat-lyskaeder","9":"first","10":"instock","11":"taxable","12":"shipping-taxable","13":"purchasable","14":"product-type-simple"},"yoast_head":"<!-- This site is optimized with the Yoast SEO plugin v27.3 - https:\/\/yoast.com\/product\/yoast-seo-wordpress\/ -->\n<title>Sm\u00e5 pink rispapirlamper | Lysk\u00e6der &amp; sm\u00e5 rispapirlamper | - Pachia<\/title>\n<meta name=\"robots\" content=\"index, follow, max-snippet:-1, max-image-preview:large, max-video-preview:-1\" \/>\n<link rel=\"canonical\" href=\"https:\/\/pachia.eu\/da\/sma-pink-rispapirlamper\/\" \/>\n<meta property=\"og:locale\" content=\"da_DK\" \/>\n<meta property=\"og:type\" content=\"article\" \/>\n<meta property=\"og:title\" content=\"Sm\u00e5 pink rispapirlamper | Lysk\u00e6der &amp; sm\u00e5 rispapirlamper | - Pachia\" \/>\n<meta property=\"og:description\" content=\"Disse flotte sm\u00e5 rispapirlamper i pink er som skabt til brylluppet eller prinsesse-b\u00f8rnev\u00e6relset. De er fine b\u00e5de til indretning og til fest og kan kombineres sammen med vores lysk\u00e6de, hvis man \u00f8nsker at bruge dem med lys i. Lamperne kan h\u00e6nges op p\u00e5 en snor, placeres p\u00e5 borde, i vindueskarmen eller lignende. Hvis du holder [&hellip;]\" \/>\n<meta property=\"og:url\" content=\"https:\/\/pachia.eu\/da\/sma-pink-rispapirlamper\/\" \/>\n<meta property=\"og:site_name\" content=\"Pachia\" \/>\n<meta property=\"article:publisher\" content=\"https:\/\/www.facebook.com\/pachia.shop\" \/>\n<meta property=\"article:modified_time\" content=\"2021-07-30T11:33:13+00:00\" \/>\n<meta property=\"og:image\" content=\"https:\/\/pachia.eu\/wp-content\/uploads\/2021\/06\/smaa-lyserode-rispapirlamper.png\" \/>\n\t<meta property=\"og:image:width\" content=\"2000\" \/>\n\t<meta property=\"og:image:height\" content=\"2000\" \/>\n\t<meta property=\"og:image:type\" content=\"image\/png\" \/>\n<meta name=\"twitter:card\" content=\"summary_large_image\" \/>\n<script type=\"application\/ld+json\" class=\"yoast-schema-graph\">{\"@context\":\"https:\\\/\\\/schema.org\",\"@graph\":[{\"@type\":\"WebPage\",\"@id\":\"https:\\\/\\\/pachia.eu\\\/da\\\/sma-pink-rispapirlamper\\\/\",\"url\":\"https:\\\/\\\/pachia.eu\\\/da\\\/sma-pink-rispapirlamper\\\/\",\"name\":\"Sm\u00e5 pink rispapirlamper | Lysk\u00e6der &amp; sm\u00e5 rispapirlamper | - Pachia\",\"isPartOf\":{\"@id\":\"https:\\\/\\\/pachia.eu\\\/da\\\/#website\"},\"primaryImageOfPage\":{\"@id\":\"https:\\\/\\\/pachia.eu\\\/da\\\/sma-pink-rispapirlamper\\\/#primaryimage\"},\"image\":{\"@id\":\"https:\\\/\\\/pachia.eu\\\/da\\\/sma-pink-rispapirlamper\\\/#primaryimage\"},\"thumbnailUrl\":\"https:\\\/\\\/pachia.eu\\\/wp-content\\\/uploads\\\/2021\\\/06\\\/smaa-lyserode-rispapirlamper.png\",\"datePublished\":\"2021-06-15T15:23:53+00:00\",\"dateModified\":\"2021-07-30T11:33:13+00:00\",\"breadcrumb\":{\"@id\":\"https:\\\/\\\/pachia.eu\\\/da\\\/sma-pink-rispapirlamper\\\/#breadcrumb\"},\"inLanguage\":\"da-DK\",\"potentialAction\":[{\"@type\":\"ReadAction\",\"target\":[\"https:\\\/\\\/pachia.eu\\\/da\\\/sma-pink-rispapirlamper\\\/\"]}]},{\"@type\":\"ImageObject\",\"inLanguage\":\"da-DK\",\"@id\":\"https:\\\/\\\/pachia.eu\\\/da\\\/sma-pink-rispapirlamper\\\/#primaryimage\",\"url\":\"https:\\\/\\\/pachia.eu\\\/wp-content\\\/uploads\\\/2021\\\/06\\\/smaa-lyserode-rispapirlamper.png\",\"contentUrl\":\"https:\\\/\\\/pachia.eu\\\/wp-content\\\/uploads\\\/2021\\\/06\\\/smaa-lyserode-rispapirlamper.png\",\"width\":2000,\"height\":2000},{\"@type\":\"BreadcrumbList\",\"@id\":\"https:\\\/\\\/pachia.eu\\\/da\\\/sma-pink-rispapirlamper\\\/#breadcrumb\",\"itemListElement\":[{\"@type\":\"ListItem\",\"position\":1,\"name\":\"Forside\",\"item\":\"https:\\\/\\\/pachia.eu\\\/da\\\/\"},{\"@type\":\"ListItem\",\"position\":2,\"name\":\"Shop\",\"item\":\"https:\\\/\\\/pachia.eu\\\/da\\\/shop-2\\\/\"},{\"@type\":\"ListItem\",\"position\":3,\"name\":\"Sm\u00e5 pink rispapirlamper\"}]},{\"@type\":\"WebSite\",\"@id\":\"https:\\\/\\\/pachia.eu\\\/da\\\/#website\",\"url\":\"https:\\\/\\\/pachia.eu\\\/da\\\/\",\"name\":\"Pachia\",\"description\":\"\",\"publisher\":{\"@id\":\"https:\\\/\\\/pachia.eu\\\/da\\\/#organization\"},\"potentialAction\":[{\"@type\":\"SearchAction\",\"target\":{\"@type\":\"EntryPoint\",\"urlTemplate\":\"https:\\\/\\\/pachia.eu\\\/da\\\/?s={search_term_string}\"},\"query-input\":{\"@type\":\"PropertyValueSpecification\",\"valueRequired\":true,\"valueName\":\"search_term_string\"}}],\"inLanguage\":\"da-DK\"},{\"@type\":\"Organization\",\"@id\":\"https:\\\/\\\/pachia.eu\\\/da\\\/#organization\",\"name\":\"Pachia ApS\",\"url\":\"https:\\\/\\\/pachia.eu\\\/da\\\/\",\"logo\":{\"@type\":\"ImageObject\",\"inLanguage\":\"da-DK\",\"@id\":\"https:\\\/\\\/pachia.eu\\\/da\\\/#\\\/schema\\\/logo\\\/image\\\/\",\"url\":\"https:\\\/\\\/jocaonline.dk\\\/wp-content\\\/uploads\\\/2020\\\/10\\\/decoration-logo-small.png\",\"contentUrl\":\"https:\\\/\\\/jocaonline.dk\\\/wp-content\\\/uploads\\\/2020\\\/10\\\/decoration-logo-small.png\",\"width\":301,\"height\":100,\"caption\":\"Pachia ApS\"},\"image\":{\"@id\":\"https:\\\/\\\/pachia.eu\\\/da\\\/#\\\/schema\\\/logo\\\/image\\\/\"},\"sameAs\":[\"https:\\\/\\\/www.facebook.com\\\/pachia.shop\",\"https:\\\/\\\/www.instagram.com\\\/pachia.eu\"]}]}<\/script>\n<!-- \/ Yoast SEO plugin. -->","yoast_head_json":{"title":"Sm\u00e5 pink rispapirlamper | Lysk\u00e6der &amp; sm\u00e5 rispapirlamper | - Pachia","robots":{"index":"index","follow":"follow","max-snippet":"max-snippet:-1","max-image-preview":"max-image-preview:large","max-video-preview":"max-video-preview:-1"},"canonical":"https:\/\/pachia.eu\/da\/sma-pink-rispapirlamper\/","og_locale":"da_DK","og_type":"article","og_title":"Sm\u00e5 pink rispapirlamper | Lysk\u00e6der &amp; sm\u00e5 rispapirlamper | - Pachia","og_description":"Disse flotte sm\u00e5 rispapirlamper i pink er som skabt til brylluppet eller prinsesse-b\u00f8rnev\u00e6relset. De er fine b\u00e5de til indretning og til fest og kan kombineres sammen med vores lysk\u00e6de, hvis man \u00f8nsker at bruge dem med lys i. Lamperne kan h\u00e6nges op p\u00e5 en snor, placeres p\u00e5 borde, i vindueskarmen eller lignende. Hvis du holder [&hellip;]","og_url":"https:\/\/pachia.eu\/da\/sma-pink-rispapirlamper\/","og_site_name":"Pachia","article_publisher":"https:\/\/www.facebook.com\/pachia.shop","article_modified_time":"2021-07-30T11:33:13+00:00","og_image":[{"width":2000,"height":2000,"url":"https:\/\/pachia.eu\/wp-content\/uploads\/2021\/06\/smaa-lyserode-rispapirlamper.png","type":"image\/png"}],"twitter_card":"summary_large_image","schema":{"@context":"https:\/\/schema.org","@graph":[{"@type":"WebPage","@id":"https:\/\/pachia.eu\/da\/sma-pink-rispapirlamper\/","url":"https:\/\/pachia.eu\/da\/sma-pink-rispapirlamper\/","name":"Sm\u00e5 pink rispapirlamper | Lysk\u00e6der &amp; sm\u00e5 rispapirlamper | - Pachia","isPartOf":{"@id":"https:\/\/pachia.eu\/da\/#website"},"primaryImageOfPage":{"@id":"https:\/\/pachia.eu\/da\/sma-pink-rispapirlamper\/#primaryimage"},"image":{"@id":"https:\/\/pachia.eu\/da\/sma-pink-rispapirlamper\/#primaryimage"},"thumbnailUrl":"https:\/\/pachia.eu\/wp-content\/uploads\/2021\/06\/smaa-lyserode-rispapirlamper.png","datePublished":"2021-06-15T15:23:53+00:00","dateModified":"2021-07-30T11:33:13+00:00","breadcrumb":{"@id":"https:\/\/pachia.eu\/da\/sma-pink-rispapirlamper\/#breadcrumb"},"inLanguage":"da-DK","potentialAction":[{"@type":"ReadAction","target":["https:\/\/pachia.eu\/da\/sma-pink-rispapirlamper\/"]}]},{"@type":"ImageObject","inLanguage":"da-DK","@id":"https:\/\/pachia.eu\/da\/sma-pink-rispapirlamper\/#primaryimage","url":"https:\/\/pachia.eu\/wp-content\/uploads\/2021\/06\/smaa-lyserode-rispapirlamper.png","contentUrl":"https:\/\/pachia.eu\/wp-content\/uploads\/2021\/06\/smaa-lyserode-rispapirlamper.png","width":2000,"height":2000},{"@type":"BreadcrumbList","@id":"https:\/\/pachia.eu\/da\/sma-pink-rispapirlamper\/#breadcrumb","itemListElement":[{"@type":"ListItem","position":1,"name":"Forside","item":"https:\/\/pachia.eu\/da\/"},{"@type":"ListItem","position":2,"name":"Shop","item":"https:\/\/pachia.eu\/da\/shop-2\/"},{"@type":"ListItem","position":3,"name":"Sm\u00e5 pink rispapirlamper"}]},{"@type":"WebSite","@id":"https:\/\/pachia.eu\/da\/#website","url":"https:\/\/pachia.eu\/da\/","name":"Pachia","description":"","publisher":{"@id":"https:\/\/pachia.eu\/da\/#organization"},"potentialAction":[{"@type":"SearchAction","target":{"@type":"EntryPoint","urlTemplate":"https:\/\/pachia.eu\/da\/?s={search_term_string}"},"query-input":{"@type":"PropertyValueSpecification","valueRequired":true,"valueName":"search_term_string"}}],"inLanguage":"da-DK"},{"@type":"Organization","@id":"https:\/\/pachia.eu\/da\/#organization","name":"Pachia ApS","url":"https:\/\/pachia.eu\/da\/","logo":{"@type":"ImageObject","inLanguage":"da-DK","@id":"https:\/\/pachia.eu\/da\/#\/schema\/logo\/image\/","url":"https:\/\/jocaonline.dk\/wp-content\/uploads\/2020\/10\/decoration-logo-small.png","contentUrl":"https:\/\/jocaonline.dk\/wp-content\/uploads\/2020\/10\/decoration-logo-small.png","width":301,"height":100,"caption":"Pachia ApS"},"image":{"@id":"https:\/\/pachia.eu\/da\/#\/schema\/logo\/image\/"},"sameAs":["https:\/\/www.facebook.com\/pachia.shop","https:\/\/www.instagram.com\/pachia.eu"]}]}},"_links":{"self":[{"href":"https:\/\/pachia.eu\/da\/wp-json\/wp\/v2\/product\/1427","targetHints":{"allow":["GET"]}}],"collection":[{"href":"https:\/\/pachia.eu\/da\/wp-json\/wp\/v2\/product"}],"about":[{"href":"https:\/\/pachia.eu\/da\/wp-json\/wp\/v2\/types\/product"}],"version-history":[{"count":0,"href":"https:\/\/pachia.eu\/da\/wp-json\/wp\/v2\/product\/1427\/revisions"}],"wp:featuredmedia":[{"embeddable":true,"href":"https:\/\/pachia.eu\/da\/wp-json\/wp\/v2\/media\/4325"}],"wp:attachment":[{"href":"https:\/\/pachia.eu\/da\/wp-json\/wp\/v2\/media?parent=1427"}],"wp:term":[{"taxonomy":"product_brand","embeddable":true,"href":"https:\/\/pachia.eu\/da\/wp-json\/wp\/v2\/product_brand?post=1427"},{"taxonomy":"product_cat","embeddable":true,"href":"https:\/\/pachia.eu\/da\/wp-json\/wp\/v2\/product_cat?post=1427"},{"taxonomy":"product_tag","embeddable":true,"href":"https:\/\/pachia.eu\/da\/wp-json\/wp\/v2\/product_tag?post=1427"},{"taxonomy":"mersalg-tag","embeddable":true,"href":"https:\/\/pachia.eu\/da\/wp-json\/wp\/v2\/mersalg-tag?post=1427"}],"curies":[{"name":"wp","href":"https:\/\/api.w.org\/{rel}","templated":true}]}}