{"id":1342,"date":"2021-06-15T16:07:58","date_gmt":"2021-06-15T14:07:58","guid":{"rendered":"https:\/\/pachia.eu\/?post_type=product&#038;p=1342"},"modified":"2023-01-30T16:01:24","modified_gmt":"2023-01-30T15:01:24","slug":"sort-rispapirlampe","status":"publish","type":"product","link":"https:\/\/pachia.eu\/da\/sort-rispapirlampe\/","title":{"rendered":"Sort rispapirlampe"},"content":{"rendered":"<p>Denne sorte rispapirlampe er et popul\u00e6rt valg, hvis man \u00f8nsker et minimalistisk pr\u00e6g til sit v\u00e6relse eller til sin stue. Rispapirlampen passer fantastisk til indretning, da den har en unik kraftfuld sort farve, som man sj\u00e6ldent ser. Selvom lampen er sort, s\u00e5 kan lyset godt tr\u00e6nge igennem, hvilket giver et stilfuldt lys til ethvert hjem.<\/p>\n<p>Fatning, ledning og p\u00e6re medf\u00f8lger ikke.<\/p>\n","protected":false},"excerpt":{"rendered":"<p>Denne sorte rispapirlampe er et popul\u00e6rt valg, hvis man \u00f8nsker et minimalistisk pr\u00e6g til sit v\u00e6relse eller til sin stue. Rispapirlampen passer fantastisk til indretning, da den har en unik kraftfuld sort farve, som man sj\u00e6ldent ser. Selvom lampen er sort, s\u00e5 kan lyset godt tr\u00e6nge igennem, hvilket giver et stilfuldt lys til ethvert hjem. [&hellip;]<\/p>\n","protected":false},"featured_media":1741,"template":"","meta":{"_lmt_disableupdate":"no","_lmt_disable":""},"product_brand":[],"product_cat":[40,33],"product_tag":[],"mersalg-tag":[],"class_list":{"0":"post-1342","1":"product","2":"type-product","3":"status-publish","4":"has-post-thumbnail","6":"product_cat-produkter","7":"product_cat-rispapirlamper","9":"first","10":"instock","11":"taxable","12":"shipping-taxable","13":"purchasable","14":"product-type-variable"},"yoast_head":"<!-- This site is optimized with the Yoast SEO plugin v26.2 - https:\/\/yoast.com\/wordpress\/plugins\/seo\/ -->\n<title>Sort rispapirlampe | Runde rispapirlamper | - Pachia<\/title>\n<meta name=\"robots\" content=\"index, follow, max-snippet:-1, max-image-preview:large, max-video-preview:-1\" \/>\n<link rel=\"canonical\" href=\"https:\/\/pachia.eu\/da\/sort-rispapirlampe\/\" \/>\n<meta property=\"og:locale\" content=\"da_DK\" \/>\n<meta property=\"og:type\" content=\"article\" \/>\n<meta property=\"og:title\" content=\"Sort rispapirlampe | Runde rispapirlamper | - Pachia\" \/>\n<meta property=\"og:description\" content=\"Denne sorte rispapirlampe er et popul\u00e6rt valg, hvis man \u00f8nsker et minimalistisk pr\u00e6g til sit v\u00e6relse eller til sin stue. Rispapirlampen passer fantastisk til indretning, da den har en unik kraftfuld sort farve, som man sj\u00e6ldent ser. Selvom lampen er sort, s\u00e5 kan lyset godt tr\u00e6nge igennem, hvilket giver et stilfuldt lys til ethvert hjem. [&hellip;]\" \/>\n<meta property=\"og:url\" content=\"https:\/\/pachia.eu\/da\/sort-rispapirlampe\/\" \/>\n<meta property=\"og:site_name\" content=\"Pachia\" \/>\n<meta property=\"article:publisher\" content=\"https:\/\/www.facebook.com\/pachia.shop\" \/>\n<meta property=\"article:modified_time\" content=\"2023-01-30T15:01:24+00:00\" \/>\n<meta property=\"og:image\" content=\"https:\/\/pachia.eu\/wp-content\/uploads\/2021\/06\/sort-rispapirlampe.jpg\" \/>\n\t<meta property=\"og:image:width\" content=\"2000\" \/>\n\t<meta property=\"og:image:height\" content=\"2000\" \/>\n\t<meta property=\"og:image:type\" content=\"image\/jpeg\" \/>\n<meta name=\"twitter:card\" content=\"summary_large_image\" \/>\n<script type=\"application\/ld+json\" class=\"yoast-schema-graph\">{\"@context\":\"https:\/\/schema.org\",\"@graph\":[{\"@type\":\"WebPage\",\"@id\":\"https:\/\/pachia.eu\/da\/sort-rispapirlampe\/\",\"url\":\"https:\/\/pachia.eu\/da\/sort-rispapirlampe\/\",\"name\":\"Sort rispapirlampe | Runde rispapirlamper | - Pachia\",\"isPartOf\":{\"@id\":\"https:\/\/pachia.eu\/da\/#website\"},\"primaryImageOfPage\":{\"@id\":\"https:\/\/pachia.eu\/da\/sort-rispapirlampe\/#primaryimage\"},\"image\":{\"@id\":\"https:\/\/pachia.eu\/da\/sort-rispapirlampe\/#primaryimage\"},\"thumbnailUrl\":\"https:\/\/pachia.eu\/wp-content\/uploads\/2021\/06\/sort-rispapirlampe.jpg\",\"datePublished\":\"2021-06-15T14:07:58+00:00\",\"dateModified\":\"2023-01-30T15:01:24+00:00\",\"breadcrumb\":{\"@id\":\"https:\/\/pachia.eu\/da\/sort-rispapirlampe\/#breadcrumb\"},\"inLanguage\":\"da-DK\",\"potentialAction\":[{\"@type\":\"ReadAction\",\"target\":[\"https:\/\/pachia.eu\/da\/sort-rispapirlampe\/\"]}]},{\"@type\":\"ImageObject\",\"inLanguage\":\"da-DK\",\"@id\":\"https:\/\/pachia.eu\/da\/sort-rispapirlampe\/#primaryimage\",\"url\":\"https:\/\/pachia.eu\/wp-content\/uploads\/2021\/06\/sort-rispapirlampe.jpg\",\"contentUrl\":\"https:\/\/pachia.eu\/wp-content\/uploads\/2021\/06\/sort-rispapirlampe.jpg\",\"width\":2000,\"height\":2000},{\"@type\":\"BreadcrumbList\",\"@id\":\"https:\/\/pachia.eu\/da\/sort-rispapirlampe\/#breadcrumb\",\"itemListElement\":[{\"@type\":\"ListItem\",\"position\":1,\"name\":\"Forside\",\"item\":\"https:\/\/pachia.eu\/da\/\"},{\"@type\":\"ListItem\",\"position\":2,\"name\":\"Shop\",\"item\":\"https:\/\/pachia.eu\/da\/shop-2\/\"},{\"@type\":\"ListItem\",\"position\":3,\"name\":\"Sort rispapirlampe\"}]},{\"@type\":\"WebSite\",\"@id\":\"https:\/\/pachia.eu\/da\/#website\",\"url\":\"https:\/\/pachia.eu\/da\/\",\"name\":\"Pachia\",\"description\":\"\",\"publisher\":{\"@id\":\"https:\/\/pachia.eu\/da\/#organization\"},\"potentialAction\":[{\"@type\":\"SearchAction\",\"target\":{\"@type\":\"EntryPoint\",\"urlTemplate\":\"https:\/\/pachia.eu\/da\/?s={search_term_string}\"},\"query-input\":{\"@type\":\"PropertyValueSpecification\",\"valueRequired\":true,\"valueName\":\"search_term_string\"}}],\"inLanguage\":\"da-DK\"},{\"@type\":\"Organization\",\"@id\":\"https:\/\/pachia.eu\/da\/#organization\",\"name\":\"Pachia ApS\",\"url\":\"https:\/\/pachia.eu\/da\/\",\"logo\":{\"@type\":\"ImageObject\",\"inLanguage\":\"da-DK\",\"@id\":\"https:\/\/pachia.eu\/da\/#\/schema\/logo\/image\/\",\"url\":\"https:\/\/jocaonline.dk\/wp-content\/uploads\/2020\/10\/decoration-logo-small.png\",\"contentUrl\":\"https:\/\/jocaonline.dk\/wp-content\/uploads\/2020\/10\/decoration-logo-small.png\",\"width\":301,\"height\":100,\"caption\":\"Pachia ApS\"},\"image\":{\"@id\":\"https:\/\/pachia.eu\/da\/#\/schema\/logo\/image\/\"},\"sameAs\":[\"https:\/\/www.facebook.com\/pachia.shop\",\"https:\/\/www.instagram.com\/pachia.eu\"]}]}<\/script>\n<!-- \/ Yoast SEO plugin. -->","yoast_head_json":{"title":"Sort rispapirlampe | Runde rispapirlamper | - Pachia","robots":{"index":"index","follow":"follow","max-snippet":"max-snippet:-1","max-image-preview":"max-image-preview:large","max-video-preview":"max-video-preview:-1"},"canonical":"https:\/\/pachia.eu\/da\/sort-rispapirlampe\/","og_locale":"da_DK","og_type":"article","og_title":"Sort rispapirlampe | Runde rispapirlamper | - Pachia","og_description":"Denne sorte rispapirlampe er et popul\u00e6rt valg, hvis man \u00f8nsker et minimalistisk pr\u00e6g til sit v\u00e6relse eller til sin stue. Rispapirlampen passer fantastisk til indretning, da den har en unik kraftfuld sort farve, som man sj\u00e6ldent ser. Selvom lampen er sort, s\u00e5 kan lyset godt tr\u00e6nge igennem, hvilket giver et stilfuldt lys til ethvert hjem. [&hellip;]","og_url":"https:\/\/pachia.eu\/da\/sort-rispapirlampe\/","og_site_name":"Pachia","article_publisher":"https:\/\/www.facebook.com\/pachia.shop","article_modified_time":"2023-01-30T15:01:24+00:00","og_image":[{"width":2000,"height":2000,"url":"https:\/\/pachia.eu\/wp-content\/uploads\/2021\/06\/sort-rispapirlampe.jpg","type":"image\/jpeg"}],"twitter_card":"summary_large_image","schema":{"@context":"https:\/\/schema.org","@graph":[{"@type":"WebPage","@id":"https:\/\/pachia.eu\/da\/sort-rispapirlampe\/","url":"https:\/\/pachia.eu\/da\/sort-rispapirlampe\/","name":"Sort rispapirlampe | Runde rispapirlamper | - Pachia","isPartOf":{"@id":"https:\/\/pachia.eu\/da\/#website"},"primaryImageOfPage":{"@id":"https:\/\/pachia.eu\/da\/sort-rispapirlampe\/#primaryimage"},"image":{"@id":"https:\/\/pachia.eu\/da\/sort-rispapirlampe\/#primaryimage"},"thumbnailUrl":"https:\/\/pachia.eu\/wp-content\/uploads\/2021\/06\/sort-rispapirlampe.jpg","datePublished":"2021-06-15T14:07:58+00:00","dateModified":"2023-01-30T15:01:24+00:00","breadcrumb":{"@id":"https:\/\/pachia.eu\/da\/sort-rispapirlampe\/#breadcrumb"},"inLanguage":"da-DK","potentialAction":[{"@type":"ReadAction","target":["https:\/\/pachia.eu\/da\/sort-rispapirlampe\/"]}]},{"@type":"ImageObject","inLanguage":"da-DK","@id":"https:\/\/pachia.eu\/da\/sort-rispapirlampe\/#primaryimage","url":"https:\/\/pachia.eu\/wp-content\/uploads\/2021\/06\/sort-rispapirlampe.jpg","contentUrl":"https:\/\/pachia.eu\/wp-content\/uploads\/2021\/06\/sort-rispapirlampe.jpg","width":2000,"height":2000},{"@type":"BreadcrumbList","@id":"https:\/\/pachia.eu\/da\/sort-rispapirlampe\/#breadcrumb","itemListElement":[{"@type":"ListItem","position":1,"name":"Forside","item":"https:\/\/pachia.eu\/da\/"},{"@type":"ListItem","position":2,"name":"Shop","item":"https:\/\/pachia.eu\/da\/shop-2\/"},{"@type":"ListItem","position":3,"name":"Sort rispapirlampe"}]},{"@type":"WebSite","@id":"https:\/\/pachia.eu\/da\/#website","url":"https:\/\/pachia.eu\/da\/","name":"Pachia","description":"","publisher":{"@id":"https:\/\/pachia.eu\/da\/#organization"},"potentialAction":[{"@type":"SearchAction","target":{"@type":"EntryPoint","urlTemplate":"https:\/\/pachia.eu\/da\/?s={search_term_string}"},"query-input":{"@type":"PropertyValueSpecification","valueRequired":true,"valueName":"search_term_string"}}],"inLanguage":"da-DK"},{"@type":"Organization","@id":"https:\/\/pachia.eu\/da\/#organization","name":"Pachia ApS","url":"https:\/\/pachia.eu\/da\/","logo":{"@type":"ImageObject","inLanguage":"da-DK","@id":"https:\/\/pachia.eu\/da\/#\/schema\/logo\/image\/","url":"https:\/\/jocaonline.dk\/wp-content\/uploads\/2020\/10\/decoration-logo-small.png","contentUrl":"https:\/\/jocaonline.dk\/wp-content\/uploads\/2020\/10\/decoration-logo-small.png","width":301,"height":100,"caption":"Pachia ApS"},"image":{"@id":"https:\/\/pachia.eu\/da\/#\/schema\/logo\/image\/"},"sameAs":["https:\/\/www.facebook.com\/pachia.shop","https:\/\/www.instagram.com\/pachia.eu"]}]}},"_links":{"self":[{"href":"https:\/\/pachia.eu\/da\/wp-json\/wp\/v2\/product\/1342","targetHints":{"allow":["GET"]}}],"collection":[{"href":"https:\/\/pachia.eu\/da\/wp-json\/wp\/v2\/product"}],"about":[{"href":"https:\/\/pachia.eu\/da\/wp-json\/wp\/v2\/types\/product"}],"version-history":[{"count":0,"href":"https:\/\/pachia.eu\/da\/wp-json\/wp\/v2\/product\/1342\/revisions"}],"wp:featuredmedia":[{"embeddable":true,"href":"https:\/\/pachia.eu\/da\/wp-json\/wp\/v2\/media\/1741"}],"wp:attachment":[{"href":"https:\/\/pachia.eu\/da\/wp-json\/wp\/v2\/media?parent=1342"}],"wp:term":[{"taxonomy":"product_brand","embeddable":true,"href":"https:\/\/pachia.eu\/da\/wp-json\/wp\/v2\/product_brand?post=1342"},{"taxonomy":"product_cat","embeddable":true,"href":"https:\/\/pachia.eu\/da\/wp-json\/wp\/v2\/product_cat?post=1342"},{"taxonomy":"product_tag","embeddable":true,"href":"https:\/\/pachia.eu\/da\/wp-json\/wp\/v2\/product_tag?post=1342"},{"taxonomy":"mersalg-tag","embeddable":true,"href":"https:\/\/pachia.eu\/da\/wp-json\/wp\/v2\/mersalg-tag?post=1342"}],"curies":[{"name":"wp","href":"https:\/\/api.w.org\/{rel}","templated":true}]}}