{"id":3603,"date":"2021-07-05T16:55:05","date_gmt":"2021-07-05T14:55:05","guid":{"rendered":"https:\/\/pachia.eu\/?page_id=3603"},"modified":"2021-07-05T17:06:59","modified_gmt":"2021-07-05T15:06:59","slug":"privatlivspolitik","status":"publish","type":"page","link":"https:\/\/pachia.eu\/da\/privatlivspolitik\/","title":{"rendered":"Privatlivspolitik"},"content":{"rendered":"\n<h1 class=\"wp-block-heading\">Privatlivspolitik &amp; Cookies<\/h1>\n\n\n\n<p>Vi bruger cookies, n\u00e5r du bes\u00f8ger vores hjemmeside, men du kan kontrollere disse gennem dine browserindstillinger. Nedenfor kan du se, hvordan du administrerer cookies p\u00e5 dine enheder.<\/p>\n\n\n\n<h2 class=\"wp-block-heading\"><strong>Hvad er cookies?<\/strong><\/h2>\n\n\n\n<p>Cookies er datafiler, der kan indeholde sm\u00e5 m\u00e6ngder oplysninger, og som bliver gemt p\u00e5 din enhed (computer, smartphone osv.), f\u00f8rste gang du bes\u00f8ger en hjemmeside.<\/p>\n\n\n\n<h2 class=\"wp-block-heading\"><strong>Hvordan bruger vi dem?<\/strong><\/h2>\n\n\n\n<p>Vi bruger cookies til:<\/p>\n\n\n\n<ul class=\"wp-block-list\"><li>driften, f.eks. navigation p\u00e5 hjemmesiden<\/li><li>at g\u00f8re det muligt for dig at tilf\u00f8je varer til din indk\u00f8bskurv eller dine gemte varer<\/li><li>at analysere antallet af bes\u00f8gende og deres adf\u00e6rd, f.eks. hvilke sider der bes\u00f8ges ofte<\/li><li>at vurdere succesen med vores reklamekampagner, tilbud og kommunikation<\/li><li>at m\u00e5lrette relevante reklamebeskeder<\/li><li>at forst\u00e5, hvilke samarbejdspartnere der har hjulpet os med at n\u00e5 ud til nye kunder eller har markedsf\u00f8rt vores produkter p\u00e5 deres websteder<\/li><li><\/li><\/ul>\n\n\n\n<h2 class=\"wp-block-heading\"><strong>Hvilke typer cookies bruger vi?<\/strong><\/h2>\n\n\n\n<p>Der er fire hovedtyper.<\/p>\n\n\n\n<p>(1) Cookies til websitefunktionalitet \u2013 disse cookies g\u00f8r det muligt for dig at navigere p\u00e5 siden og bruge vores funktioner, som f.eks. \u201cTilf\u00f8j til kurv\u201d og \u201cGem til senere\u201d.<\/p>\n\n\n\n<p>(2) Cookies til websiteanalyse \u2013 disse cookies g\u00f8r det muligt for os at m\u00e5le og analysere, hvordan vores kunder bruger hjemmesiden, s\u00e5 vi kan forbedre b\u00e5de dens funktionalitet og din shoppingoplevelse.<\/p>\n\n\n\n<p>(3) Cookies til kundepr\u00e6ferencer \u2013 n\u00e5r du surfer eller shopper hos Pachia.eu, husker disse cookies dine pr\u00e6ferencer (s\u00e5som dit sprog eller din placering), s\u00e5 vi kan g\u00f8re din shoppingoplevelse s\u00e5 problemfri som muligt og tilpasset personligt til dig.<\/p>\n\n\n\n<p>(4) M\u00e5lretnings \u2013 eller annonceringscookies \u2013 disse cookies bruges til at levere annoncer, der er relevante for dig. De begr\u00e6nser ogs\u00e5 det antal gange, du ser en annonce, og hj\u00e6lper os med at m\u00e5le effektiviteten af vores marketingkampagner.<\/p>\n\n\n\n<h2 class=\"wp-block-heading\"><strong>S\u00e5dan administrerer du cookies<\/strong><\/h2>\n\n\n\n<p>De fleste browsere giver dig mulighed for at administrere cookies, der er gemt p\u00e5 din enhed \u2013 du skal bare g\u00e5 til hj\u00e6lpesektionen i din browser. Husk dog, at du muligvis ikke vil kunne f\u00e5 adgang til dele af vores hjemmeside eller servicer, hvis du \u00e6ndrer dine indstillinger til at blokere alle cookies.<\/p>\n","protected":false},"excerpt":{"rendered":"<p>Privatlivspolitik &amp; Cookies Vi bruger cookies, n\u00e5r du bes\u00f8ger vores hjemmeside, men du kan kontrollere disse gennem dine browserindstillinger. Nedenfor kan du se, hvordan du administrerer cookies p\u00e5 dine enheder. Hvad er cookies? Cookies er datafiler, der kan indeholde sm\u00e5 m\u00e6ngder oplysninger, og som bliver gemt p\u00e5 din enhed (computer, smartphone osv.), f\u00f8rste gang du [&hellip;]<\/p>\n","protected":false},"author":1,"featured_media":0,"parent":0,"menu_order":0,"comment_status":"closed","ping_status":"closed","template":"","meta":{"_lmt_disableupdate":"no","_lmt_disable":"","footnotes":""},"class_list":["post-3603","page","type-page","status-publish","hentry"],"yoast_head":"<!-- This site is optimized with the Yoast SEO plugin v27.3 - https:\/\/yoast.com\/product\/yoast-seo-wordpress\/ -->\n<title>Privatlivspolitik - Pachia<\/title>\n<meta name=\"robots\" content=\"noindex, follow\" \/>\n<meta property=\"og:locale\" content=\"da_DK\" \/>\n<meta property=\"og:type\" content=\"article\" \/>\n<meta property=\"og:title\" content=\"Privatlivspolitik - Pachia\" \/>\n<meta property=\"og:description\" content=\"Privatlivspolitik &amp; Cookies Vi bruger cookies, n\u00e5r du bes\u00f8ger vores hjemmeside, men du kan kontrollere disse gennem dine browserindstillinger. Nedenfor kan du se, hvordan du administrerer cookies p\u00e5 dine enheder. Hvad er cookies? Cookies er datafiler, der kan indeholde sm\u00e5 m\u00e6ngder oplysninger, og som bliver gemt p\u00e5 din enhed (computer, smartphone osv.), f\u00f8rste gang du [&hellip;]\" \/>\n<meta property=\"og:url\" content=\"https:\/\/pachia.eu\/da\/privatlivspolitik\/\" \/>\n<meta property=\"og:site_name\" content=\"Pachia\" \/>\n<meta property=\"article:publisher\" content=\"https:\/\/www.facebook.com\/pachia.shop\" \/>\n<meta property=\"article:modified_time\" content=\"2021-07-05T15:06:59+00:00\" \/>\n<meta name=\"twitter:card\" content=\"summary_large_image\" \/>\n<meta name=\"twitter:label1\" content=\"Estimeret l\u00e6setid\" \/>\n\t<meta name=\"twitter:data1\" content=\"2 minutter\" \/>\n<script type=\"application\/ld+json\" class=\"yoast-schema-graph\">{\"@context\":\"https:\\\/\\\/schema.org\",\"@graph\":[{\"@type\":\"WebPage\",\"@id\":\"https:\\\/\\\/pachia.eu\\\/da\\\/privatlivspolitik\\\/\",\"url\":\"https:\\\/\\\/pachia.eu\\\/da\\\/privatlivspolitik\\\/\",\"name\":\"Privatlivspolitik - Pachia\",\"isPartOf\":{\"@id\":\"https:\\\/\\\/pachia.eu\\\/da\\\/#website\"},\"datePublished\":\"2021-07-05T14:55:05+00:00\",\"dateModified\":\"2021-07-05T15:06:59+00:00\",\"breadcrumb\":{\"@id\":\"https:\\\/\\\/pachia.eu\\\/da\\\/privatlivspolitik\\\/#breadcrumb\"},\"inLanguage\":\"da-DK\",\"potentialAction\":[{\"@type\":\"ReadAction\",\"target\":[\"https:\\\/\\\/pachia.eu\\\/da\\\/privatlivspolitik\\\/\"]}]},{\"@type\":\"BreadcrumbList\",\"@id\":\"https:\\\/\\\/pachia.eu\\\/da\\\/privatlivspolitik\\\/#breadcrumb\",\"itemListElement\":[{\"@type\":\"ListItem\",\"position\":1,\"name\":\"Forside\",\"item\":\"https:\\\/\\\/pachia.eu\\\/da\\\/\"},{\"@type\":\"ListItem\",\"position\":2,\"name\":\"Privatlivspolitik\"}]},{\"@type\":\"WebSite\",\"@id\":\"https:\\\/\\\/pachia.eu\\\/da\\\/#website\",\"url\":\"https:\\\/\\\/pachia.eu\\\/da\\\/\",\"name\":\"Pachia\",\"description\":\"\",\"publisher\":{\"@id\":\"https:\\\/\\\/pachia.eu\\\/da\\\/#organization\"},\"potentialAction\":[{\"@type\":\"SearchAction\",\"target\":{\"@type\":\"EntryPoint\",\"urlTemplate\":\"https:\\\/\\\/pachia.eu\\\/da\\\/?s={search_term_string}\"},\"query-input\":{\"@type\":\"PropertyValueSpecification\",\"valueRequired\":true,\"valueName\":\"search_term_string\"}}],\"inLanguage\":\"da-DK\"},{\"@type\":\"Organization\",\"@id\":\"https:\\\/\\\/pachia.eu\\\/da\\\/#organization\",\"name\":\"Pachia ApS\",\"url\":\"https:\\\/\\\/pachia.eu\\\/da\\\/\",\"logo\":{\"@type\":\"ImageObject\",\"inLanguage\":\"da-DK\",\"@id\":\"https:\\\/\\\/pachia.eu\\\/da\\\/#\\\/schema\\\/logo\\\/image\\\/\",\"url\":\"https:\\\/\\\/jocaonline.dk\\\/wp-content\\\/uploads\\\/2020\\\/10\\\/decoration-logo-small.png\",\"contentUrl\":\"https:\\\/\\\/jocaonline.dk\\\/wp-content\\\/uploads\\\/2020\\\/10\\\/decoration-logo-small.png\",\"width\":301,\"height\":100,\"caption\":\"Pachia ApS\"},\"image\":{\"@id\":\"https:\\\/\\\/pachia.eu\\\/da\\\/#\\\/schema\\\/logo\\\/image\\\/\"},\"sameAs\":[\"https:\\\/\\\/www.facebook.com\\\/pachia.shop\",\"https:\\\/\\\/www.instagram.com\\\/pachia.eu\"]}]}<\/script>\n<!-- \/ Yoast SEO plugin. -->","yoast_head_json":{"title":"Privatlivspolitik - Pachia","robots":{"index":"noindex","follow":"follow"},"og_locale":"da_DK","og_type":"article","og_title":"Privatlivspolitik - Pachia","og_description":"Privatlivspolitik &amp; Cookies Vi bruger cookies, n\u00e5r du bes\u00f8ger vores hjemmeside, men du kan kontrollere disse gennem dine browserindstillinger. Nedenfor kan du se, hvordan du administrerer cookies p\u00e5 dine enheder. Hvad er cookies? Cookies er datafiler, der kan indeholde sm\u00e5 m\u00e6ngder oplysninger, og som bliver gemt p\u00e5 din enhed (computer, smartphone osv.), f\u00f8rste gang du [&hellip;]","og_url":"https:\/\/pachia.eu\/da\/privatlivspolitik\/","og_site_name":"Pachia","article_publisher":"https:\/\/www.facebook.com\/pachia.shop","article_modified_time":"2021-07-05T15:06:59+00:00","twitter_card":"summary_large_image","twitter_misc":{"Estimeret l\u00e6setid":"2 minutter"},"schema":{"@context":"https:\/\/schema.org","@graph":[{"@type":"WebPage","@id":"https:\/\/pachia.eu\/da\/privatlivspolitik\/","url":"https:\/\/pachia.eu\/da\/privatlivspolitik\/","name":"Privatlivspolitik - Pachia","isPartOf":{"@id":"https:\/\/pachia.eu\/da\/#website"},"datePublished":"2021-07-05T14:55:05+00:00","dateModified":"2021-07-05T15:06:59+00:00","breadcrumb":{"@id":"https:\/\/pachia.eu\/da\/privatlivspolitik\/#breadcrumb"},"inLanguage":"da-DK","potentialAction":[{"@type":"ReadAction","target":["https:\/\/pachia.eu\/da\/privatlivspolitik\/"]}]},{"@type":"BreadcrumbList","@id":"https:\/\/pachia.eu\/da\/privatlivspolitik\/#breadcrumb","itemListElement":[{"@type":"ListItem","position":1,"name":"Forside","item":"https:\/\/pachia.eu\/da\/"},{"@type":"ListItem","position":2,"name":"Privatlivspolitik"}]},{"@type":"WebSite","@id":"https:\/\/pachia.eu\/da\/#website","url":"https:\/\/pachia.eu\/da\/","name":"Pachia","description":"","publisher":{"@id":"https:\/\/pachia.eu\/da\/#organization"},"potentialAction":[{"@type":"SearchAction","target":{"@type":"EntryPoint","urlTemplate":"https:\/\/pachia.eu\/da\/?s={search_term_string}"},"query-input":{"@type":"PropertyValueSpecification","valueRequired":true,"valueName":"search_term_string"}}],"inLanguage":"da-DK"},{"@type":"Organization","@id":"https:\/\/pachia.eu\/da\/#organization","name":"Pachia ApS","url":"https:\/\/pachia.eu\/da\/","logo":{"@type":"ImageObject","inLanguage":"da-DK","@id":"https:\/\/pachia.eu\/da\/#\/schema\/logo\/image\/","url":"https:\/\/jocaonline.dk\/wp-content\/uploads\/2020\/10\/decoration-logo-small.png","contentUrl":"https:\/\/jocaonline.dk\/wp-content\/uploads\/2020\/10\/decoration-logo-small.png","width":301,"height":100,"caption":"Pachia ApS"},"image":{"@id":"https:\/\/pachia.eu\/da\/#\/schema\/logo\/image\/"},"sameAs":["https:\/\/www.facebook.com\/pachia.shop","https:\/\/www.instagram.com\/pachia.eu"]}]}},"_links":{"self":[{"href":"https:\/\/pachia.eu\/da\/wp-json\/wp\/v2\/pages\/3603","targetHints":{"allow":["GET"]}}],"collection":[{"href":"https:\/\/pachia.eu\/da\/wp-json\/wp\/v2\/pages"}],"about":[{"href":"https:\/\/pachia.eu\/da\/wp-json\/wp\/v2\/types\/page"}],"author":[{"embeddable":true,"href":"https:\/\/pachia.eu\/da\/wp-json\/wp\/v2\/users\/1"}],"replies":[{"embeddable":true,"href":"https:\/\/pachia.eu\/da\/wp-json\/wp\/v2\/comments?post=3603"}],"version-history":[{"count":0,"href":"https:\/\/pachia.eu\/da\/wp-json\/wp\/v2\/pages\/3603\/revisions"}],"wp:attachment":[{"href":"https:\/\/pachia.eu\/da\/wp-json\/wp\/v2\/media?parent=3603"}],"curies":[{"name":"wp","href":"https:\/\/api.w.org\/{rel}","templated":true}]}}