{"id":226345,"date":"2024-10-09T16:04:20","date_gmt":"2024-10-09T14:04:20","guid":{"rendered":"https:\/\/pachia.eu\/?page_id=226345"},"modified":"2024-10-09T16:38:38","modified_gmt":"2024-10-09T14:38:38","slug":"forum","status":"publish","type":"page","link":"https:\/\/pachia.eu\/da\/forum\/","title":{"rendered":"Tilf\u00f8j kontaktoplysninger"},"content":{"rendered":"\t\t<div data-elementor-type=\"wp-page\" data-elementor-id=\"226345\" class=\"elementor elementor-226345\" data-elementor-post-type=\"page\">\n\t\t\t\t<div class=\"elementor-element elementor-element-f96477e e-flex e-con-boxed e-con e-parent\" data-id=\"f96477e\" data-element_type=\"container\" data-settings=\"{&quot;background_background&quot;:&quot;classic&quot;}\">\n\t\t\t\t\t<div class=\"e-con-inner\">\n\t\t\t\t<div class=\"elementor-element elementor-element-b47f7fc elementor-widget elementor-widget-heading\" data-id=\"b47f7fc\" data-element_type=\"widget\" data-widget_type=\"heading.default\">\n\t\t\t\t<div class=\"elementor-widget-container\">\n\t\t\t\t\t<div class=\"elementor-heading-title elementor-size-default\">Tilf\u00f8j kontaktoplysninger til din ordre<\/div>\t\t\t\t<\/div>\n\t\t\t\t<\/div>\n\t\t\t\t<div class=\"elementor-element elementor-element-9daba8c elementor-widget elementor-widget-everest-forms\" data-id=\"9daba8c\" data-element_type=\"widget\" data-widget_type=\"everest-forms.default\">\n\t\t\t\t<div class=\"elementor-widget-container\">\n\t\t\t\t\t\t\t\t<div class=\"everest-forms\"><div class=\"evf-container default\" id=\"evf-225953\"><form id=\"evf-form-225953\" class=\"everest-form\" data-formid=\"225953\" data-ajax_submission=\"0\" data-keyboard_friendly_form=\"0\" data-form_state_type=\"\" method=\"post\" enctype=\"multipart\/form-data\" action=\"\/da\/wp-json\/wp\/v2\/pages\/226345\"><div class=\"evf-field-container\"><input type=\"hidden\" id=\"_wpnonce225953\" name=\"_wpnonce225953\" value=\"9100aa9488\" \/><input type=\"hidden\" name=\"_wp_http_referer\" value=\"\/da\/wp-json\/wp\/v2\/pages\/226345\" \/><div class=\"evf-frontend-row\" data-row=\"row_1\" conditional_rules=\"[]\"><div class=\"evf-frontend-grid evf-grid-2\" data-grid=\"grid_1\"><div id=\"evf-225953-field_ocNqVXRD8L-10-container\" class=\"evf-field evf-field-number form-row validate-required\" data-required-field-message=\"Please enter a valid number.\" data-field-id=\"ocNqVXRD8L-10\"><label class=\"evf-field-label\" for=\"evf-225953-field_ocNqVXRD8L-10\"><span class=\"evf-label\">Ordrenummer<\/span> <abbr class=\"required\" title=\"Required\">*<\/abbr><\/label><input type=\"number\" id=\"evf-225953-field_ocNqVXRD8L-10\" class=\"input-text\" name=\"everest_forms[form_fields][ocNqVXRD8L-10]\" required\/><\/div><div id=\"evf-225953-field_P6Ch2Vxtdy-1-container\" class=\"evf-field evf-field-first-name form-row validate-required\" data-required-field-message=\"This field is required.\" data-field-id=\"P6Ch2Vxtdy-1\"><label class=\"evf-field-label\" for=\"evf-225953-field_P6Ch2Vxtdy-1\"><span class=\"evf-label\">Navn<\/span> <abbr class=\"required\" title=\"Required\">*<\/abbr><\/label><input type=\"text\" id=\"evf-225953-field_P6Ch2Vxtdy-1\" class=\"input-text\" name=\"everest_forms[form_fields][P6Ch2Vxtdy-1]\" required><\/div><div id=\"evf-225953-field_jsc9B8yYH9-4-container\" class=\"evf-field evf-field-phone form-row validate-required validate-phone\" data-required-field-message=\"\" data-field-id=\"jsc9B8yYH9-4\"><label class=\"evf-field-label\" for=\"evf-225953-field_jsc9B8yYH9-4\"><span class=\"evf-label\">Telefon nr.<\/span> <abbr class=\"required\" title=\"Required\">*<\/abbr><\/label><input type=\"tel\" id=\"evf-225953-field_jsc9B8yYH9-4\" class=\"input-text evf-smart-phone-field\" data-rule-smart-phone-field=\"true\" name=\"everest_forms[form_fields][jsc9B8yYH9-4]\" required><\/div><div id=\"evf-225953-field_7tNuXuUWyv-3-container\" class=\"evf-field evf-field-email form-row validate-required validate-email\" data-required-field-message=\"Please enter a valid email address.\" data-field-id=\"7tNuXuUWyv-3\"><label class=\"evf-field-label\" for=\"evf-225953-field_7tNuXuUWyv-3\"><span class=\"evf-label\">Email<\/span> <abbr class=\"required\" title=\"Required\">*<\/abbr><\/label><input type=\"email\" id=\"evf-225953-field_7tNuXuUWyv-3\" class=\"input-text\" name=\"everest_forms[form_fields][7tNuXuUWyv-3]\" required ><\/div><div id=\"evf-225953-field_c2YCsLnqEq-6-container\" class=\"evf-field evf-field-text form-row validate-required\" data-required-field-message=\"This field is required.\" data-field-id=\"c2YCsLnqEq-6\"><label class=\"evf-field-label\" for=\"evf-225953-field_c2YCsLnqEq-6\"><span class=\"evf-label\">Vejnavn og nummer<\/span> <abbr class=\"required\" title=\"Required\">*<\/abbr><\/label><input type=\"text\" id=\"evf-225953-field_c2YCsLnqEq-6\" class=\"input-text\" name=\"everest_forms[form_fields][c2YCsLnqEq-6]\" required><\/div><div id=\"evf-225953-field_bSlcuXWO3K-11-container\" class=\"evf-field evf-field-number form-row validate-required\" data-required-field-message=\"Please enter a valid number.\" data-field-id=\"bSlcuXWO3K-11\"><label class=\"evf-field-label\" for=\"evf-225953-field_bSlcuXWO3K-11\"><span class=\"evf-label\">Postnummer<\/span> <abbr class=\"required\" title=\"Required\">*<\/abbr><\/label><input type=\"number\" id=\"evf-225953-field_bSlcuXWO3K-11\" class=\"input-text\" name=\"everest_forms[form_fields][bSlcuXWO3K-11]\" required\/><\/div><\/div><div class=\"evf-frontend-grid evf-grid-2\" data-grid=\"grid_2\"><\/div><\/div><\/div><div class=\"evf-submit-container \" ><input type=\"hidden\" name=\"everest_forms[id]\" value=\"225953\"><input type=\"hidden\" name=\"everest_forms[author]\" value=\"1\"><button type='submit' name='everest_forms[submit]' class='everest-forms-submit-button button evf-submit ' id='evf-submit-225953' value='evf-submit' data-process-text=\"Behandler...\" conditional_rules='&quot;&quot;' conditional_id='evf-submit-225953'  id=\"evf-submit-225953\" aria-live=\"assertive\">Tilf\u00f8j til din ordre<\/button><\/div><\/form><\/div><!-- .evf-container --><\/div>\t\t\t\t\t\t<\/div>\n\t\t\t\t<\/div>\n\t\t\t\t\t<\/div>\n\t\t\t\t<\/div>\n\t\t\t\t<\/div>\n\t\t","protected":false},"excerpt":{"rendered":"<p>Tilf\u00f8j kontaktoplysninger til din ordre Ordrenummer *Navn *Telefon nr. *Email *Vejnavn og nummer *Postnummer *PhoneTilf\u00f8j<\/p>\n","protected":false},"author":1,"featured_media":0,"parent":0,"menu_order":0,"comment_status":"closed","ping_status":"closed","template":"","meta":{"_lmt_disableupdate":"no","_lmt_disable":"","footnotes":""},"class_list":["post-226345","page","type-page","status-publish","hentry"],"yoast_head":"<!-- This site is optimized with the Yoast SEO plugin v27.3 - https:\/\/yoast.com\/product\/yoast-seo-wordpress\/ -->\n<title>Tilf\u00f8j kontaktoplysninger - Pachia<\/title>\n<meta name=\"robots\" content=\"index, follow, max-snippet:-1, max-image-preview:large, max-video-preview:-1\" \/>\n<link rel=\"canonical\" href=\"https:\/\/pachia.eu\/da\/forum\/\" \/>\n<meta property=\"og:locale\" content=\"da_DK\" \/>\n<meta property=\"og:type\" content=\"article\" \/>\n<meta property=\"og:title\" content=\"Tilf\u00f8j kontaktoplysninger - Pachia\" \/>\n<meta property=\"og:description\" content=\"Tilf\u00f8j kontaktoplysninger til din ordre Ordrenummer *Navn *Telefon nr. *Email *Vejnavn og nummer *Postnummer *PhoneTilf\u00f8j\" \/>\n<meta property=\"og:url\" content=\"https:\/\/pachia.eu\/da\/forum\/\" \/>\n<meta property=\"og:site_name\" content=\"Pachia\" \/>\n<meta property=\"article:publisher\" content=\"https:\/\/www.facebook.com\/pachia.shop\" \/>\n<meta property=\"article:modified_time\" content=\"2024-10-09T14:38:38+00:00\" \/>\n<meta name=\"twitter:card\" content=\"summary_large_image\" \/>\n<meta name=\"twitter:label1\" content=\"Estimeret l\u00e6setid\" \/>\n\t<meta name=\"twitter:data1\" content=\"1 minut\" \/>\n<script type=\"application\/ld+json\" class=\"yoast-schema-graph\">{\"@context\":\"https:\\\/\\\/schema.org\",\"@graph\":[{\"@type\":\"WebPage\",\"@id\":\"https:\\\/\\\/pachia.eu\\\/da\\\/forum\\\/\",\"url\":\"https:\\\/\\\/pachia.eu\\\/da\\\/forum\\\/\",\"name\":\"Tilf\u00f8j kontaktoplysninger - Pachia\",\"isPartOf\":{\"@id\":\"https:\\\/\\\/pachia.eu\\\/da\\\/#website\"},\"datePublished\":\"2024-10-09T14:04:20+00:00\",\"dateModified\":\"2024-10-09T14:38:38+00:00\",\"breadcrumb\":{\"@id\":\"https:\\\/\\\/pachia.eu\\\/da\\\/forum\\\/#breadcrumb\"},\"inLanguage\":\"da-DK\",\"potentialAction\":[{\"@type\":\"ReadAction\",\"target\":[\"https:\\\/\\\/pachia.eu\\\/da\\\/forum\\\/\"]}]},{\"@type\":\"BreadcrumbList\",\"@id\":\"https:\\\/\\\/pachia.eu\\\/da\\\/forum\\\/#breadcrumb\",\"itemListElement\":[{\"@type\":\"ListItem\",\"position\":1,\"name\":\"Forside\",\"item\":\"https:\\\/\\\/pachia.eu\\\/da\\\/\"},{\"@type\":\"ListItem\",\"position\":2,\"name\":\"Tilf\u00f8j kontaktoplysninger\"}]},{\"@type\":\"WebSite\",\"@id\":\"https:\\\/\\\/pachia.eu\\\/da\\\/#website\",\"url\":\"https:\\\/\\\/pachia.eu\\\/da\\\/\",\"name\":\"Pachia\",\"description\":\"\",\"publisher\":{\"@id\":\"https:\\\/\\\/pachia.eu\\\/da\\\/#organization\"},\"potentialAction\":[{\"@type\":\"SearchAction\",\"target\":{\"@type\":\"EntryPoint\",\"urlTemplate\":\"https:\\\/\\\/pachia.eu\\\/da\\\/?s={search_term_string}\"},\"query-input\":{\"@type\":\"PropertyValueSpecification\",\"valueRequired\":true,\"valueName\":\"search_term_string\"}}],\"inLanguage\":\"da-DK\"},{\"@type\":\"Organization\",\"@id\":\"https:\\\/\\\/pachia.eu\\\/da\\\/#organization\",\"name\":\"Pachia ApS\",\"url\":\"https:\\\/\\\/pachia.eu\\\/da\\\/\",\"logo\":{\"@type\":\"ImageObject\",\"inLanguage\":\"da-DK\",\"@id\":\"https:\\\/\\\/pachia.eu\\\/da\\\/#\\\/schema\\\/logo\\\/image\\\/\",\"url\":\"https:\\\/\\\/jocaonline.dk\\\/wp-content\\\/uploads\\\/2020\\\/10\\\/decoration-logo-small.png\",\"contentUrl\":\"https:\\\/\\\/jocaonline.dk\\\/wp-content\\\/uploads\\\/2020\\\/10\\\/decoration-logo-small.png\",\"width\":301,\"height\":100,\"caption\":\"Pachia ApS\"},\"image\":{\"@id\":\"https:\\\/\\\/pachia.eu\\\/da\\\/#\\\/schema\\\/logo\\\/image\\\/\"},\"sameAs\":[\"https:\\\/\\\/www.facebook.com\\\/pachia.shop\",\"https:\\\/\\\/www.instagram.com\\\/pachia.eu\"]}]}<\/script>\n<!-- \/ Yoast SEO plugin. -->","yoast_head_json":{"title":"Tilf\u00f8j kontaktoplysninger - Pachia","robots":{"index":"index","follow":"follow","max-snippet":"max-snippet:-1","max-image-preview":"max-image-preview:large","max-video-preview":"max-video-preview:-1"},"canonical":"https:\/\/pachia.eu\/da\/forum\/","og_locale":"da_DK","og_type":"article","og_title":"Tilf\u00f8j kontaktoplysninger - Pachia","og_description":"Tilf\u00f8j kontaktoplysninger til din ordre Ordrenummer *Navn *Telefon nr. *Email *Vejnavn og nummer *Postnummer *PhoneTilf\u00f8j","og_url":"https:\/\/pachia.eu\/da\/forum\/","og_site_name":"Pachia","article_publisher":"https:\/\/www.facebook.com\/pachia.shop","article_modified_time":"2024-10-09T14:38:38+00:00","twitter_card":"summary_large_image","twitter_misc":{"Estimeret l\u00e6setid":"1 minut"},"schema":{"@context":"https:\/\/schema.org","@graph":[{"@type":"WebPage","@id":"https:\/\/pachia.eu\/da\/forum\/","url":"https:\/\/pachia.eu\/da\/forum\/","name":"Tilf\u00f8j kontaktoplysninger - Pachia","isPartOf":{"@id":"https:\/\/pachia.eu\/da\/#website"},"datePublished":"2024-10-09T14:04:20+00:00","dateModified":"2024-10-09T14:38:38+00:00","breadcrumb":{"@id":"https:\/\/pachia.eu\/da\/forum\/#breadcrumb"},"inLanguage":"da-DK","potentialAction":[{"@type":"ReadAction","target":["https:\/\/pachia.eu\/da\/forum\/"]}]},{"@type":"BreadcrumbList","@id":"https:\/\/pachia.eu\/da\/forum\/#breadcrumb","itemListElement":[{"@type":"ListItem","position":1,"name":"Forside","item":"https:\/\/pachia.eu\/da\/"},{"@type":"ListItem","position":2,"name":"Tilf\u00f8j kontaktoplysninger"}]},{"@type":"WebSite","@id":"https:\/\/pachia.eu\/da\/#website","url":"https:\/\/pachia.eu\/da\/","name":"Pachia","description":"","publisher":{"@id":"https:\/\/pachia.eu\/da\/#organization"},"potentialAction":[{"@type":"SearchAction","target":{"@type":"EntryPoint","urlTemplate":"https:\/\/pachia.eu\/da\/?s={search_term_string}"},"query-input":{"@type":"PropertyValueSpecification","valueRequired":true,"valueName":"search_term_string"}}],"inLanguage":"da-DK"},{"@type":"Organization","@id":"https:\/\/pachia.eu\/da\/#organization","name":"Pachia ApS","url":"https:\/\/pachia.eu\/da\/","logo":{"@type":"ImageObject","inLanguage":"da-DK","@id":"https:\/\/pachia.eu\/da\/#\/schema\/logo\/image\/","url":"https:\/\/jocaonline.dk\/wp-content\/uploads\/2020\/10\/decoration-logo-small.png","contentUrl":"https:\/\/jocaonline.dk\/wp-content\/uploads\/2020\/10\/decoration-logo-small.png","width":301,"height":100,"caption":"Pachia ApS"},"image":{"@id":"https:\/\/pachia.eu\/da\/#\/schema\/logo\/image\/"},"sameAs":["https:\/\/www.facebook.com\/pachia.shop","https:\/\/www.instagram.com\/pachia.eu"]}]}},"_links":{"self":[{"href":"https:\/\/pachia.eu\/da\/wp-json\/wp\/v2\/pages\/226345","targetHints":{"allow":["GET"]}}],"collection":[{"href":"https:\/\/pachia.eu\/da\/wp-json\/wp\/v2\/pages"}],"about":[{"href":"https:\/\/pachia.eu\/da\/wp-json\/wp\/v2\/types\/page"}],"author":[{"embeddable":true,"href":"https:\/\/pachia.eu\/da\/wp-json\/wp\/v2\/users\/1"}],"replies":[{"embeddable":true,"href":"https:\/\/pachia.eu\/da\/wp-json\/wp\/v2\/comments?post=226345"}],"version-history":[{"count":0,"href":"https:\/\/pachia.eu\/da\/wp-json\/wp\/v2\/pages\/226345\/revisions"}],"wp:attachment":[{"href":"https:\/\/pachia.eu\/da\/wp-json\/wp\/v2\/media?parent=226345"}],"curies":[{"name":"wp","href":"https:\/\/api.w.org\/{rel}","templated":true}]}}